{"id":259340,"date":"2025-11-15T06:04:40","date_gmt":"2025-11-15T06:04:40","guid":{"rendered":"https:\/\/promis.ro\/product\/po-hooded-baby-towel\/"},"modified":"2025-11-15T06:55:06","modified_gmt":"2025-11-15T06:55:06","slug":"po-hooded-baby-towel","status":"publish","type":"product","link":"https:\/\/promis.ro\/ro\/produs\/po-hooded-baby-towel\/","title":{"rendered":"Po Hooded Baby Towel"},"content":{"rendered":"<p><strong>Greutate:<\/strong> 420 g\/m\u00b2<\/p>\n<p><strong>Material:<\/strong> 100% bumbac ring spun<\/p>\n<p><strong>Caracteristici:<\/strong><\/p>\n<ul>\n<li>Hota este acoperit\u0103 cu 100% bumbac, ring spun (jerseu)<\/li>\n<li>Gluga imprimabil\u0103<\/li>\n<li>Dimensiuni: 72 x 72 cm<\/li>\n<li>Se poate sp\u0103la p\u00e2n\u0103 la 60\u00b0C<\/li>\n<\/ul>","protected":false},"excerpt":{"rendered":"<p>Greutate: 420 g\/m\u00b2 Material: 100% bumbac ring spun Caracteristici: Hota este acoperit\u0103 cu 100% bumbac, ring spun (jerseu) Gluga imprimabil\u0103<\/p>","protected":false},"featured_media":259337,"comment_status":"open","ping_status":"closed","template":"","meta":[],"product_brand":[],"product_cat":[182],"product_tag":[],"class_list":{"0":"post-259340","1":"product","2":"type-product","3":"status-publish","4":"has-post-thumbnail","6":"product_cat-copii","8":"first","9":"instock","10":"shipping-taxable","11":"purchasable","12":"product-type-simple"},"yoast_head":"<!-- This site is optimized with the Yoast SEO plugin v27.4 - https:\/\/yoast.com\/product\/yoast-seo-wordpress\/ -->\n<title>Po Hooded Baby Towel - Promis.ro<\/title>\n<meta name=\"description\" content=\"Greutate: 420 g\/m\u00b2 Material: 100% bumbac ring spun Caracteristici: Hota este acoperit\u0103 cu 100% bumbac, ring spun (jerseu) Gluga imprimabil\u0103 Dimensiuni: 72\" \/>\n<meta name=\"robots\" content=\"index, follow, max-snippet:-1, max-image-preview:large, max-video-preview:-1\" \/>\n<link rel=\"canonical\" href=\"https:\/\/promis.ro\/ro\/produs\/po-hooded-baby-towel\/\" \/>\n<meta property=\"og:locale\" content=\"ro_RO\" \/>\n<meta property=\"og:type\" content=\"article\" \/>\n<meta property=\"og:title\" content=\"Po Hooded Baby Towel - Promis.ro\" \/>\n<meta property=\"og:description\" content=\"Greutate: 420 g\/m\u00b2 Material: 100% bumbac ring spun Caracteristici: Hota este acoperit\u0103 cu 100% bumbac, ring spun (jerseu) Gluga imprimabil\u0103 Dimensiuni: 72\" \/>\n<meta property=\"og:url\" content=\"https:\/\/promis.ro\/ro\/produs\/po-hooded-baby-towel\/\" \/>\n<meta property=\"og:site_name\" content=\"Promis.ro\" \/>\n<meta property=\"article:modified_time\" content=\"2025-11-15T06:55:06+00:00\" \/>\n<meta property=\"og:image\" content=\"https:\/\/promis.ro\/wp-content\/uploads\/2025\/11\/010_64_058-m-2022_01.jpg\" \/>\n\t<meta property=\"og:image:width\" content=\"1024\" \/>\n\t<meta property=\"og:image:height\" content=\"1304\" \/>\n\t<meta property=\"og:image:type\" content=\"image\/jpeg\" \/>\n<meta name=\"twitter:card\" content=\"summary_large_image\" \/>\n<script type=\"application\/ld+json\" class=\"yoast-schema-graph\">{\"@context\":\"https:\\\/\\\/schema.org\",\"@graph\":[{\"@type\":\"WebPage\",\"@id\":\"https:\\\/\\\/promis.ro\\\/product\\\/po-hooded-baby-towel\\\/\",\"url\":\"https:\\\/\\\/promis.ro\\\/product\\\/po-hooded-baby-towel\\\/\",\"name\":\"Po Hooded Baby Towel - Promis.ro\",\"isPartOf\":{\"@id\":\"https:\\\/\\\/promis.ro\\\/#website\"},\"primaryImageOfPage\":{\"@id\":\"https:\\\/\\\/promis.ro\\\/product\\\/po-hooded-baby-towel\\\/#primaryimage\"},\"image\":{\"@id\":\"https:\\\/\\\/promis.ro\\\/product\\\/po-hooded-baby-towel\\\/#primaryimage\"},\"thumbnailUrl\":\"https:\\\/\\\/promis.ro\\\/wp-content\\\/uploads\\\/2025\\\/11\\\/010_64_058-m-2022_01.jpg\",\"datePublished\":\"2025-11-15T06:04:40+00:00\",\"dateModified\":\"2025-11-15T06:55:06+00:00\",\"description\":\"Greutate: 420 g\\\/m\u00b2 Material: 100% bumbac ring spun Caracteristici: Hota este acoperit\u0103 cu 100% bumbac, ring spun (jerseu) Gluga imprimabil\u0103 Dimensiuni: 72\",\"breadcrumb\":{\"@id\":\"https:\\\/\\\/promis.ro\\\/product\\\/po-hooded-baby-towel\\\/#breadcrumb\"},\"inLanguage\":\"ro-RO\",\"potentialAction\":[{\"@type\":\"ReadAction\",\"target\":[\"https:\\\/\\\/promis.ro\\\/product\\\/po-hooded-baby-towel\\\/\"]}]},{\"@type\":\"ImageObject\",\"inLanguage\":\"ro-RO\",\"@id\":\"https:\\\/\\\/promis.ro\\\/product\\\/po-hooded-baby-towel\\\/#primaryimage\",\"url\":\"https:\\\/\\\/promis.ro\\\/wp-content\\\/uploads\\\/2025\\\/11\\\/010_64_058-m-2022_01.jpg\",\"contentUrl\":\"https:\\\/\\\/promis.ro\\\/wp-content\\\/uploads\\\/2025\\\/11\\\/010_64_058-m-2022_01.jpg\",\"width\":1024,\"height\":1304},{\"@type\":\"BreadcrumbList\",\"@id\":\"https:\\\/\\\/promis.ro\\\/product\\\/po-hooded-baby-towel\\\/#breadcrumb\",\"itemListElement\":[{\"@type\":\"ListItem\",\"position\":1,\"name\":\"Home\",\"item\":\"https:\\\/\\\/promis.ro\\\/\"},{\"@type\":\"ListItem\",\"position\":2,\"name\":\"Magazin\",\"item\":\"https:\\\/\\\/promis.ro\\\/magazin\\\/\"},{\"@type\":\"ListItem\",\"position\":3,\"name\":\"Po Hooded Baby Towel\"}]},{\"@type\":\"WebSite\",\"@id\":\"https:\\\/\\\/promis.ro\\\/#website\",\"url\":\"https:\\\/\\\/promis.ro\\\/\",\"name\":\"Promis.ro\",\"description\":\"\",\"potentialAction\":[{\"@type\":\"SearchAction\",\"target\":{\"@type\":\"EntryPoint\",\"urlTemplate\":\"https:\\\/\\\/promis.ro\\\/?s={search_term_string}\"},\"query-input\":{\"@type\":\"PropertyValueSpecification\",\"valueRequired\":true,\"valueName\":\"search_term_string\"}}],\"inLanguage\":\"ro-RO\"}]}<\/script>\n<!-- \/ Yoast SEO plugin. -->","yoast_head_json":{"title":"Po Hooded Baby Towel - Promis.ro","description":"Greutate: 420 g\/m\u00b2 Material: 100% bumbac ring spun Caracteristici: Hota este acoperit\u0103 cu 100% bumbac, ring spun (jerseu) Gluga imprimabil\u0103 Dimensiuni: 72","robots":{"index":"index","follow":"follow","max-snippet":"max-snippet:-1","max-image-preview":"max-image-preview:large","max-video-preview":"max-video-preview:-1"},"canonical":"https:\/\/promis.ro\/ro\/produs\/po-hooded-baby-towel\/","og_locale":"ro_RO","og_type":"article","og_title":"Po Hooded Baby Towel - Promis.ro","og_description":"Greutate: 420 g\/m\u00b2 Material: 100% bumbac ring spun Caracteristici: Hota este acoperit\u0103 cu 100% bumbac, ring spun (jerseu) Gluga imprimabil\u0103 Dimensiuni: 72","og_url":"https:\/\/promis.ro\/ro\/produs\/po-hooded-baby-towel\/","og_site_name":"Promis.ro","article_modified_time":"2025-11-15T06:55:06+00:00","og_image":[{"width":1024,"height":1304,"url":"https:\/\/promis.ro\/wp-content\/uploads\/2025\/11\/010_64_058-m-2022_01.jpg","type":"image\/jpeg"}],"twitter_card":"summary_large_image","schema":{"@context":"https:\/\/schema.org","@graph":[{"@type":"WebPage","@id":"https:\/\/promis.ro\/product\/po-hooded-baby-towel\/","url":"https:\/\/promis.ro\/product\/po-hooded-baby-towel\/","name":"Po Hooded Baby Towel - Promis.ro","isPartOf":{"@id":"https:\/\/promis.ro\/#website"},"primaryImageOfPage":{"@id":"https:\/\/promis.ro\/product\/po-hooded-baby-towel\/#primaryimage"},"image":{"@id":"https:\/\/promis.ro\/product\/po-hooded-baby-towel\/#primaryimage"},"thumbnailUrl":"https:\/\/promis.ro\/wp-content\/uploads\/2025\/11\/010_64_058-m-2022_01.jpg","datePublished":"2025-11-15T06:04:40+00:00","dateModified":"2025-11-15T06:55:06+00:00","description":"Greutate: 420 g\/m\u00b2 Material: 100% bumbac ring spun Caracteristici: Hota este acoperit\u0103 cu 100% bumbac, ring spun (jerseu) Gluga imprimabil\u0103 Dimensiuni: 72","breadcrumb":{"@id":"https:\/\/promis.ro\/product\/po-hooded-baby-towel\/#breadcrumb"},"inLanguage":"ro-RO","potentialAction":[{"@type":"ReadAction","target":["https:\/\/promis.ro\/product\/po-hooded-baby-towel\/"]}]},{"@type":"ImageObject","inLanguage":"ro-RO","@id":"https:\/\/promis.ro\/product\/po-hooded-baby-towel\/#primaryimage","url":"https:\/\/promis.ro\/wp-content\/uploads\/2025\/11\/010_64_058-m-2022_01.jpg","contentUrl":"https:\/\/promis.ro\/wp-content\/uploads\/2025\/11\/010_64_058-m-2022_01.jpg","width":1024,"height":1304},{"@type":"BreadcrumbList","@id":"https:\/\/promis.ro\/product\/po-hooded-baby-towel\/#breadcrumb","itemListElement":[{"@type":"ListItem","position":1,"name":"Home","item":"https:\/\/promis.ro\/"},{"@type":"ListItem","position":2,"name":"Magazin","item":"https:\/\/promis.ro\/magazin\/"},{"@type":"ListItem","position":3,"name":"Po Hooded Baby Towel"}]},{"@type":"WebSite","@id":"https:\/\/promis.ro\/#website","url":"https:\/\/promis.ro\/","name":"Promis.ro","description":"","potentialAction":[{"@type":"SearchAction","target":{"@type":"EntryPoint","urlTemplate":"https:\/\/promis.ro\/?s={search_term_string}"},"query-input":{"@type":"PropertyValueSpecification","valueRequired":true,"valueName":"search_term_string"}}],"inLanguage":"ro-RO"}]}},"_links":{"self":[{"href":"https:\/\/promis.ro\/ro\/wp-json\/wp\/v2\/product\/259340","targetHints":{"allow":["GET"]}}],"collection":[{"href":"https:\/\/promis.ro\/ro\/wp-json\/wp\/v2\/product"}],"about":[{"href":"https:\/\/promis.ro\/ro\/wp-json\/wp\/v2\/types\/product"}],"replies":[{"embeddable":true,"href":"https:\/\/promis.ro\/ro\/wp-json\/wp\/v2\/comments?post=259340"}],"version-history":[{"count":1,"href":"https:\/\/promis.ro\/ro\/wp-json\/wp\/v2\/product\/259340\/revisions"}],"predecessor-version":[{"id":264484,"href":"https:\/\/promis.ro\/ro\/wp-json\/wp\/v2\/product\/259340\/revisions\/264484"}],"wp:featuredmedia":[{"embeddable":true,"href":"https:\/\/promis.ro\/ro\/wp-json\/wp\/v2\/media\/259337"}],"wp:attachment":[{"href":"https:\/\/promis.ro\/ro\/wp-json\/wp\/v2\/media?parent=259340"}],"wp:term":[{"taxonomy":"product_brand","embeddable":true,"href":"https:\/\/promis.ro\/ro\/wp-json\/wp\/v2\/product_brand?post=259340"},{"taxonomy":"product_cat","embeddable":true,"href":"https:\/\/promis.ro\/ro\/wp-json\/wp\/v2\/product_cat?post=259340"},{"taxonomy":"product_tag","embeddable":true,"href":"https:\/\/promis.ro\/ro\/wp-json\/wp\/v2\/product_tag?post=259340"}],"curies":[{"name":"wp","href":"https:\/\/api.w.org\/{rel}","templated":true}]}}