{"id":259400,"date":"2025-11-15T06:06:11","date_gmt":"2025-11-15T06:06:11","guid":{"rendered":"https:\/\/promis.ro\/product\/pitch-black-72-hour-weekender\/"},"modified":"2025-11-28T12:08:13","modified_gmt":"2025-11-28T12:08:13","slug":"pitch-black-72-hour-weekender","status":"publish","type":"product","link":"https:\/\/promis.ro\/ro\/produs\/pitch-black-72-hour-weekender\/","title":{"rendered":"Pitch Black 72 Hour Weekender"},"content":{"rendered":"<p><strong>100% poliester<\/strong> (1000D, Twist Weave)<\/p>\n<ul>\n<li>Curea de centur\u0103 de \u00eenalt\u0103 densitate<\/li>\n<li>\u021aes\u0103tur\u0103 impermeabil\u0103, rezistent\u0103 la abraziune<\/li>\n<li>Sistemul inovator de curele se transform\u0103 rapid din rucsac \u00een geant\u0103<\/li>\n<li>Panou din spate captusit din plas\u0103<\/li>\n<li>Compartiment principal spa\u021bios cu fermoar<\/li>\n<li>Compartiment pentru laptop portabil, compatibil p\u00e2n\u0103 la 15,6&#8243;<\/li>\n<li>Suport elastic pentru sticl\u0103<\/li>\n<li>Buzunar lateral cu fermoar pentru sticl\u0103 \/ umbrel\u0103<\/li>\n<li>Eticheta TearAway pentru o u\u0219urin\u021b\u0103 de rebranding<\/li>\n<li>Capacitate: 28 litri<\/li>\n<li>Dimensiuni: 31 x 55 x 25 cm<\/li>\n<li>Max. broderie: 18 cerc tubular<\/li>\n<li>Max. suprafa\u021b\u0103 de imprimare: 20 x 20 cm<\/li>\n<\/ul>","protected":false},"excerpt":{"rendered":"<p>100% poliester (1000D, Twist Weave) Curea de centur\u0103 de \u00eenalt\u0103 densitate \u021aes\u0103tur\u0103 impermeabil\u0103, rezistent\u0103 la abraziune Sistemul inovator de curele<\/p>","protected":false},"featured_media":259395,"comment_status":"open","ping_status":"closed","template":"","meta":[],"product_brand":[],"product_cat":[169],"product_tag":[],"class_list":{"0":"post-259400","1":"product","2":"type-product","3":"status-publish","4":"has-post-thumbnail","6":"product_cat-ghiozdane","8":"first","9":"instock","10":"shipping-taxable","11":"purchasable","12":"product-type-simple"},"yoast_head":"<!-- This site is optimized with the Yoast SEO plugin v27.4 - https:\/\/yoast.com\/product\/yoast-seo-wordpress\/ -->\n<title>Pitch Black 72 Hour Weekender - Promis.ro<\/title>\n<meta name=\"description\" content=\"100% poliester (1000D, Twist Weave) Curea de centur\u0103 de \u00eenalt\u0103 densitate \u021aes\u0103tur\u0103 impermeabil\u0103, rezistent\u0103 la abraziune Sistemul inovator de curele se\" \/>\n<meta name=\"robots\" content=\"index, follow, max-snippet:-1, max-image-preview:large, max-video-preview:-1\" \/>\n<link rel=\"canonical\" href=\"https:\/\/promis.ro\/ro\/produs\/pitch-black-72-hour-weekender\/\" \/>\n<meta property=\"og:locale\" content=\"ro_RO\" \/>\n<meta property=\"og:type\" content=\"article\" \/>\n<meta property=\"og:title\" content=\"Pitch Black 72 Hour Weekender - Promis.ro\" \/>\n<meta property=\"og:description\" content=\"100% poliester (1000D, Twist Weave) Curea de centur\u0103 de \u00eenalt\u0103 densitate \u021aes\u0103tur\u0103 impermeabil\u0103, rezistent\u0103 la abraziune Sistemul inovator de curele se\" \/>\n<meta property=\"og:url\" content=\"https:\/\/promis.ro\/ro\/produs\/pitch-black-72-hour-weekender\/\" \/>\n<meta property=\"og:site_name\" content=\"Promis.ro\" \/>\n<meta property=\"article:modified_time\" content=\"2025-11-28T12:08:13+00:00\" \/>\n<meta property=\"og:image\" content=\"https:\/\/promis.ro\/wp-content\/uploads\/2025\/11\/008_30_101_m-2025_01.jpg\" \/>\n\t<meta property=\"og:image:width\" content=\"1024\" \/>\n\t<meta property=\"og:image:height\" content=\"1304\" \/>\n\t<meta property=\"og:image:type\" content=\"image\/jpeg\" \/>\n<meta name=\"twitter:card\" content=\"summary_large_image\" \/>\n<script type=\"application\/ld+json\" class=\"yoast-schema-graph\">{\"@context\":\"https:\\\/\\\/schema.org\",\"@graph\":[{\"@type\":\"WebPage\",\"@id\":\"https:\\\/\\\/promis.ro\\\/product\\\/pitch-black-72-hour-weekender\\\/\",\"url\":\"https:\\\/\\\/promis.ro\\\/product\\\/pitch-black-72-hour-weekender\\\/\",\"name\":\"Pitch Black 72 Hour Weekender - Promis.ro\",\"isPartOf\":{\"@id\":\"https:\\\/\\\/promis.ro\\\/#website\"},\"primaryImageOfPage\":{\"@id\":\"https:\\\/\\\/promis.ro\\\/product\\\/pitch-black-72-hour-weekender\\\/#primaryimage\"},\"image\":{\"@id\":\"https:\\\/\\\/promis.ro\\\/product\\\/pitch-black-72-hour-weekender\\\/#primaryimage\"},\"thumbnailUrl\":\"https:\\\/\\\/promis.ro\\\/wp-content\\\/uploads\\\/2025\\\/11\\\/008_30_101_m-2025_01.jpg\",\"datePublished\":\"2025-11-15T06:06:11+00:00\",\"dateModified\":\"2025-11-28T12:08:13+00:00\",\"description\":\"100% poliester (1000D, Twist Weave) Curea de centur\u0103 de \u00eenalt\u0103 densitate \u021aes\u0103tur\u0103 impermeabil\u0103, rezistent\u0103 la abraziune Sistemul inovator de curele se\",\"breadcrumb\":{\"@id\":\"https:\\\/\\\/promis.ro\\\/product\\\/pitch-black-72-hour-weekender\\\/#breadcrumb\"},\"inLanguage\":\"ro-RO\",\"potentialAction\":[{\"@type\":\"ReadAction\",\"target\":[\"https:\\\/\\\/promis.ro\\\/product\\\/pitch-black-72-hour-weekender\\\/\"]}]},{\"@type\":\"ImageObject\",\"inLanguage\":\"ro-RO\",\"@id\":\"https:\\\/\\\/promis.ro\\\/product\\\/pitch-black-72-hour-weekender\\\/#primaryimage\",\"url\":\"https:\\\/\\\/promis.ro\\\/wp-content\\\/uploads\\\/2025\\\/11\\\/008_30_101_m-2025_01.jpg\",\"contentUrl\":\"https:\\\/\\\/promis.ro\\\/wp-content\\\/uploads\\\/2025\\\/11\\\/008_30_101_m-2025_01.jpg\",\"width\":1024,\"height\":1304},{\"@type\":\"BreadcrumbList\",\"@id\":\"https:\\\/\\\/promis.ro\\\/product\\\/pitch-black-72-hour-weekender\\\/#breadcrumb\",\"itemListElement\":[{\"@type\":\"ListItem\",\"position\":1,\"name\":\"Home\",\"item\":\"https:\\\/\\\/promis.ro\\\/\"},{\"@type\":\"ListItem\",\"position\":2,\"name\":\"Magazin\",\"item\":\"https:\\\/\\\/promis.ro\\\/magazin\\\/\"},{\"@type\":\"ListItem\",\"position\":3,\"name\":\"Pitch Black 72 Hour Weekender\"}]},{\"@type\":\"WebSite\",\"@id\":\"https:\\\/\\\/promis.ro\\\/#website\",\"url\":\"https:\\\/\\\/promis.ro\\\/\",\"name\":\"Promis.ro\",\"description\":\"\",\"potentialAction\":[{\"@type\":\"SearchAction\",\"target\":{\"@type\":\"EntryPoint\",\"urlTemplate\":\"https:\\\/\\\/promis.ro\\\/?s={search_term_string}\"},\"query-input\":{\"@type\":\"PropertyValueSpecification\",\"valueRequired\":true,\"valueName\":\"search_term_string\"}}],\"inLanguage\":\"ro-RO\"}]}<\/script>\n<!-- \/ Yoast SEO plugin. -->","yoast_head_json":{"title":"Pitch Black 72 Hour Weekender - Promis.ro","description":"100% poliester (1000D, Twist Weave) Curea de centur\u0103 de \u00eenalt\u0103 densitate \u021aes\u0103tur\u0103 impermeabil\u0103, rezistent\u0103 la abraziune Sistemul inovator de curele se","robots":{"index":"index","follow":"follow","max-snippet":"max-snippet:-1","max-image-preview":"max-image-preview:large","max-video-preview":"max-video-preview:-1"},"canonical":"https:\/\/promis.ro\/ro\/produs\/pitch-black-72-hour-weekender\/","og_locale":"ro_RO","og_type":"article","og_title":"Pitch Black 72 Hour Weekender - Promis.ro","og_description":"100% poliester (1000D, Twist Weave) Curea de centur\u0103 de \u00eenalt\u0103 densitate \u021aes\u0103tur\u0103 impermeabil\u0103, rezistent\u0103 la abraziune Sistemul inovator de curele se","og_url":"https:\/\/promis.ro\/ro\/produs\/pitch-black-72-hour-weekender\/","og_site_name":"Promis.ro","article_modified_time":"2025-11-28T12:08:13+00:00","og_image":[{"width":1024,"height":1304,"url":"https:\/\/promis.ro\/wp-content\/uploads\/2025\/11\/008_30_101_m-2025_01.jpg","type":"image\/jpeg"}],"twitter_card":"summary_large_image","schema":{"@context":"https:\/\/schema.org","@graph":[{"@type":"WebPage","@id":"https:\/\/promis.ro\/product\/pitch-black-72-hour-weekender\/","url":"https:\/\/promis.ro\/product\/pitch-black-72-hour-weekender\/","name":"Pitch Black 72 Hour Weekender - Promis.ro","isPartOf":{"@id":"https:\/\/promis.ro\/#website"},"primaryImageOfPage":{"@id":"https:\/\/promis.ro\/product\/pitch-black-72-hour-weekender\/#primaryimage"},"image":{"@id":"https:\/\/promis.ro\/product\/pitch-black-72-hour-weekender\/#primaryimage"},"thumbnailUrl":"https:\/\/promis.ro\/wp-content\/uploads\/2025\/11\/008_30_101_m-2025_01.jpg","datePublished":"2025-11-15T06:06:11+00:00","dateModified":"2025-11-28T12:08:13+00:00","description":"100% poliester (1000D, Twist Weave) Curea de centur\u0103 de \u00eenalt\u0103 densitate \u021aes\u0103tur\u0103 impermeabil\u0103, rezistent\u0103 la abraziune Sistemul inovator de curele se","breadcrumb":{"@id":"https:\/\/promis.ro\/product\/pitch-black-72-hour-weekender\/#breadcrumb"},"inLanguage":"ro-RO","potentialAction":[{"@type":"ReadAction","target":["https:\/\/promis.ro\/product\/pitch-black-72-hour-weekender\/"]}]},{"@type":"ImageObject","inLanguage":"ro-RO","@id":"https:\/\/promis.ro\/product\/pitch-black-72-hour-weekender\/#primaryimage","url":"https:\/\/promis.ro\/wp-content\/uploads\/2025\/11\/008_30_101_m-2025_01.jpg","contentUrl":"https:\/\/promis.ro\/wp-content\/uploads\/2025\/11\/008_30_101_m-2025_01.jpg","width":1024,"height":1304},{"@type":"BreadcrumbList","@id":"https:\/\/promis.ro\/product\/pitch-black-72-hour-weekender\/#breadcrumb","itemListElement":[{"@type":"ListItem","position":1,"name":"Home","item":"https:\/\/promis.ro\/"},{"@type":"ListItem","position":2,"name":"Magazin","item":"https:\/\/promis.ro\/magazin\/"},{"@type":"ListItem","position":3,"name":"Pitch Black 72 Hour Weekender"}]},{"@type":"WebSite","@id":"https:\/\/promis.ro\/#website","url":"https:\/\/promis.ro\/","name":"Promis.ro","description":"","potentialAction":[{"@type":"SearchAction","target":{"@type":"EntryPoint","urlTemplate":"https:\/\/promis.ro\/?s={search_term_string}"},"query-input":{"@type":"PropertyValueSpecification","valueRequired":true,"valueName":"search_term_string"}}],"inLanguage":"ro-RO"}]}},"_links":{"self":[{"href":"https:\/\/promis.ro\/ro\/wp-json\/wp\/v2\/product\/259400","targetHints":{"allow":["GET"]}}],"collection":[{"href":"https:\/\/promis.ro\/ro\/wp-json\/wp\/v2\/product"}],"about":[{"href":"https:\/\/promis.ro\/ro\/wp-json\/wp\/v2\/types\/product"}],"replies":[{"embeddable":true,"href":"https:\/\/promis.ro\/ro\/wp-json\/wp\/v2\/comments?post=259400"}],"version-history":[{"count":4,"href":"https:\/\/promis.ro\/ro\/wp-json\/wp\/v2\/product\/259400\/revisions"}],"predecessor-version":[{"id":264532,"href":"https:\/\/promis.ro\/ro\/wp-json\/wp\/v2\/product\/259400\/revisions\/264532"}],"wp:featuredmedia":[{"embeddable":true,"href":"https:\/\/promis.ro\/ro\/wp-json\/wp\/v2\/media\/259395"}],"wp:attachment":[{"href":"https:\/\/promis.ro\/ro\/wp-json\/wp\/v2\/media?parent=259400"}],"wp:term":[{"taxonomy":"product_brand","embeddable":true,"href":"https:\/\/promis.ro\/ro\/wp-json\/wp\/v2\/product_brand?post=259400"},{"taxonomy":"product_cat","embeddable":true,"href":"https:\/\/promis.ro\/ro\/wp-json\/wp\/v2\/product_cat?post=259400"},{"taxonomy":"product_tag","embeddable":true,"href":"https:\/\/promis.ro\/ro\/wp-json\/wp\/v2\/product_tag?post=259400"}],"curies":[{"name":"wp","href":"https:\/\/api.w.org\/{rel}","templated":true}]}}