{"id":259411,"date":"2025-11-15T06:06:27","date_gmt":"2025-11-15T06:06:27","guid":{"rendered":"https:\/\/promis.ro\/product\/pitch-black-24-hour-backpack\/"},"modified":"2025-11-15T06:55:30","modified_gmt":"2025-11-15T06:55:30","slug":"pitch-black-24-hour-backpack","status":"publish","type":"product","link":"https:\/\/promis.ro\/ro\/produs\/pitch-black-24-hour-backpack\/","title":{"rendered":"Pitch Black 24 Hour Backpack"},"content":{"rendered":"<p><strong>100% poliester<\/strong> (1000D, Twist Weave)<\/p>\n<ul>\n<li>Curea de centur\u0103 de \u00eenalt\u0103 densitate<\/li>\n<li>\u021aes\u0103tur\u0103 impermeabil\u0103, rezistent\u0103 la abraziune<\/li>\n<li>Panou din spate captusit din plas\u0103<\/li>\n<li>Compartiment laptop portabil securizat cu acces extern, compatibil p\u00e2n\u0103 la 15,6&#8243;<\/li>\n<li>Suport elastic pentru sticl\u0103<\/li>\n<li>Sec\u021biunea organizatorului de buzunar cu fermoar<\/li>\n<li>Eticheta TearAway pentru o u\u0219urin\u021b\u0103 de rebranding<\/li>\n<li>Capacitate: 20 Litri, extensibil la 25 Litri<\/li>\n<li>Dimensiune: 33 x 50 x 21 (25) cm<\/li>\n<li>Max. broderie: 18 cerc tubular<\/li>\n<li>Max. suprafa\u021b\u0103 de imprimare: 20 x 15 cm<\/li>\n<\/ul>","protected":false},"excerpt":{"rendered":"<p>100% poliester (1000D, Twist Weave) Curea de centur\u0103 de \u00eenalt\u0103 densitate \u021aes\u0103tur\u0103 impermeabil\u0103, rezistent\u0103 la abraziune Panou din spate captusit<\/p>","protected":false},"featured_media":259406,"comment_status":"open","ping_status":"closed","template":"","meta":[],"product_brand":[],"product_cat":[169],"product_tag":[],"class_list":{"0":"post-259411","1":"product","2":"type-product","3":"status-publish","4":"has-post-thumbnail","6":"product_cat-ghiozdane","8":"first","9":"instock","10":"shipping-taxable","11":"purchasable","12":"product-type-simple"},"yoast_head":"<!-- This site is optimized with the Yoast SEO plugin v27.4 - https:\/\/yoast.com\/product\/yoast-seo-wordpress\/ -->\n<title>Pitch Black 24 Hour Backpack - Promis.ro<\/title>\n<meta name=\"description\" content=\"100% poliester (1000D, Twist Weave) Curea de centur\u0103 de \u00eenalt\u0103 densitate \u021aes\u0103tur\u0103 impermeabil\u0103, rezistent\u0103 la abraziune Panou din spate captusit din plas\u0103\" \/>\n<meta name=\"robots\" content=\"index, follow, max-snippet:-1, max-image-preview:large, max-video-preview:-1\" \/>\n<link rel=\"canonical\" href=\"https:\/\/promis.ro\/ro\/produs\/pitch-black-24-hour-backpack\/\" \/>\n<meta property=\"og:locale\" content=\"ro_RO\" \/>\n<meta property=\"og:type\" content=\"article\" \/>\n<meta property=\"og:title\" content=\"Pitch Black 24 Hour Backpack - Promis.ro\" \/>\n<meta property=\"og:description\" content=\"100% poliester (1000D, Twist Weave) Curea de centur\u0103 de \u00eenalt\u0103 densitate \u021aes\u0103tur\u0103 impermeabil\u0103, rezistent\u0103 la abraziune Panou din spate captusit din plas\u0103\" \/>\n<meta property=\"og:url\" content=\"https:\/\/promis.ro\/ro\/produs\/pitch-black-24-hour-backpack\/\" \/>\n<meta property=\"og:site_name\" content=\"Promis.ro\" \/>\n<meta property=\"article:modified_time\" content=\"2025-11-15T06:55:30+00:00\" \/>\n<meta property=\"og:image\" content=\"https:\/\/promis.ro\/wp-content\/uploads\/2025\/11\/007_30_101_m-2025_01.jpg\" \/>\n\t<meta property=\"og:image:width\" content=\"1024\" \/>\n\t<meta property=\"og:image:height\" content=\"1304\" \/>\n\t<meta property=\"og:image:type\" content=\"image\/jpeg\" \/>\n<meta name=\"twitter:card\" content=\"summary_large_image\" \/>\n<script type=\"application\/ld+json\" class=\"yoast-schema-graph\">{\"@context\":\"https:\\\/\\\/schema.org\",\"@graph\":[{\"@type\":\"WebPage\",\"@id\":\"https:\\\/\\\/promis.ro\\\/product\\\/pitch-black-24-hour-backpack\\\/\",\"url\":\"https:\\\/\\\/promis.ro\\\/product\\\/pitch-black-24-hour-backpack\\\/\",\"name\":\"Pitch Black 24 Hour Backpack - Promis.ro\",\"isPartOf\":{\"@id\":\"https:\\\/\\\/promis.ro\\\/#website\"},\"primaryImageOfPage\":{\"@id\":\"https:\\\/\\\/promis.ro\\\/product\\\/pitch-black-24-hour-backpack\\\/#primaryimage\"},\"image\":{\"@id\":\"https:\\\/\\\/promis.ro\\\/product\\\/pitch-black-24-hour-backpack\\\/#primaryimage\"},\"thumbnailUrl\":\"https:\\\/\\\/promis.ro\\\/wp-content\\\/uploads\\\/2025\\\/11\\\/007_30_101_m-2025_01.jpg\",\"datePublished\":\"2025-11-15T06:06:27+00:00\",\"dateModified\":\"2025-11-15T06:55:30+00:00\",\"description\":\"100% poliester (1000D, Twist Weave) Curea de centur\u0103 de \u00eenalt\u0103 densitate \u021aes\u0103tur\u0103 impermeabil\u0103, rezistent\u0103 la abraziune Panou din spate captusit din plas\u0103\",\"breadcrumb\":{\"@id\":\"https:\\\/\\\/promis.ro\\\/product\\\/pitch-black-24-hour-backpack\\\/#breadcrumb\"},\"inLanguage\":\"ro-RO\",\"potentialAction\":[{\"@type\":\"ReadAction\",\"target\":[\"https:\\\/\\\/promis.ro\\\/product\\\/pitch-black-24-hour-backpack\\\/\"]}]},{\"@type\":\"ImageObject\",\"inLanguage\":\"ro-RO\",\"@id\":\"https:\\\/\\\/promis.ro\\\/product\\\/pitch-black-24-hour-backpack\\\/#primaryimage\",\"url\":\"https:\\\/\\\/promis.ro\\\/wp-content\\\/uploads\\\/2025\\\/11\\\/007_30_101_m-2025_01.jpg\",\"contentUrl\":\"https:\\\/\\\/promis.ro\\\/wp-content\\\/uploads\\\/2025\\\/11\\\/007_30_101_m-2025_01.jpg\",\"width\":1024,\"height\":1304},{\"@type\":\"BreadcrumbList\",\"@id\":\"https:\\\/\\\/promis.ro\\\/product\\\/pitch-black-24-hour-backpack\\\/#breadcrumb\",\"itemListElement\":[{\"@type\":\"ListItem\",\"position\":1,\"name\":\"Home\",\"item\":\"https:\\\/\\\/promis.ro\\\/\"},{\"@type\":\"ListItem\",\"position\":2,\"name\":\"Magazin\",\"item\":\"https:\\\/\\\/promis.ro\\\/magazin\\\/\"},{\"@type\":\"ListItem\",\"position\":3,\"name\":\"Pitch Black 24 Hour Backpack\"}]},{\"@type\":\"WebSite\",\"@id\":\"https:\\\/\\\/promis.ro\\\/#website\",\"url\":\"https:\\\/\\\/promis.ro\\\/\",\"name\":\"Promis.ro\",\"description\":\"\",\"potentialAction\":[{\"@type\":\"SearchAction\",\"target\":{\"@type\":\"EntryPoint\",\"urlTemplate\":\"https:\\\/\\\/promis.ro\\\/?s={search_term_string}\"},\"query-input\":{\"@type\":\"PropertyValueSpecification\",\"valueRequired\":true,\"valueName\":\"search_term_string\"}}],\"inLanguage\":\"ro-RO\"}]}<\/script>\n<!-- \/ Yoast SEO plugin. -->","yoast_head_json":{"title":"Pitch Black 24 Hour Backpack - Promis.ro","description":"100% poliester (1000D, Twist Weave) Curea de centur\u0103 de \u00eenalt\u0103 densitate \u021aes\u0103tur\u0103 impermeabil\u0103, rezistent\u0103 la abraziune Panou din spate captusit din plas\u0103","robots":{"index":"index","follow":"follow","max-snippet":"max-snippet:-1","max-image-preview":"max-image-preview:large","max-video-preview":"max-video-preview:-1"},"canonical":"https:\/\/promis.ro\/ro\/produs\/pitch-black-24-hour-backpack\/","og_locale":"ro_RO","og_type":"article","og_title":"Pitch Black 24 Hour Backpack - Promis.ro","og_description":"100% poliester (1000D, Twist Weave) Curea de centur\u0103 de \u00eenalt\u0103 densitate \u021aes\u0103tur\u0103 impermeabil\u0103, rezistent\u0103 la abraziune Panou din spate captusit din plas\u0103","og_url":"https:\/\/promis.ro\/ro\/produs\/pitch-black-24-hour-backpack\/","og_site_name":"Promis.ro","article_modified_time":"2025-11-15T06:55:30+00:00","og_image":[{"width":1024,"height":1304,"url":"https:\/\/promis.ro\/wp-content\/uploads\/2025\/11\/007_30_101_m-2025_01.jpg","type":"image\/jpeg"}],"twitter_card":"summary_large_image","schema":{"@context":"https:\/\/schema.org","@graph":[{"@type":"WebPage","@id":"https:\/\/promis.ro\/product\/pitch-black-24-hour-backpack\/","url":"https:\/\/promis.ro\/product\/pitch-black-24-hour-backpack\/","name":"Pitch Black 24 Hour Backpack - Promis.ro","isPartOf":{"@id":"https:\/\/promis.ro\/#website"},"primaryImageOfPage":{"@id":"https:\/\/promis.ro\/product\/pitch-black-24-hour-backpack\/#primaryimage"},"image":{"@id":"https:\/\/promis.ro\/product\/pitch-black-24-hour-backpack\/#primaryimage"},"thumbnailUrl":"https:\/\/promis.ro\/wp-content\/uploads\/2025\/11\/007_30_101_m-2025_01.jpg","datePublished":"2025-11-15T06:06:27+00:00","dateModified":"2025-11-15T06:55:30+00:00","description":"100% poliester (1000D, Twist Weave) Curea de centur\u0103 de \u00eenalt\u0103 densitate \u021aes\u0103tur\u0103 impermeabil\u0103, rezistent\u0103 la abraziune Panou din spate captusit din plas\u0103","breadcrumb":{"@id":"https:\/\/promis.ro\/product\/pitch-black-24-hour-backpack\/#breadcrumb"},"inLanguage":"ro-RO","potentialAction":[{"@type":"ReadAction","target":["https:\/\/promis.ro\/product\/pitch-black-24-hour-backpack\/"]}]},{"@type":"ImageObject","inLanguage":"ro-RO","@id":"https:\/\/promis.ro\/product\/pitch-black-24-hour-backpack\/#primaryimage","url":"https:\/\/promis.ro\/wp-content\/uploads\/2025\/11\/007_30_101_m-2025_01.jpg","contentUrl":"https:\/\/promis.ro\/wp-content\/uploads\/2025\/11\/007_30_101_m-2025_01.jpg","width":1024,"height":1304},{"@type":"BreadcrumbList","@id":"https:\/\/promis.ro\/product\/pitch-black-24-hour-backpack\/#breadcrumb","itemListElement":[{"@type":"ListItem","position":1,"name":"Home","item":"https:\/\/promis.ro\/"},{"@type":"ListItem","position":2,"name":"Magazin","item":"https:\/\/promis.ro\/magazin\/"},{"@type":"ListItem","position":3,"name":"Pitch Black 24 Hour Backpack"}]},{"@type":"WebSite","@id":"https:\/\/promis.ro\/#website","url":"https:\/\/promis.ro\/","name":"Promis.ro","description":"","potentialAction":[{"@type":"SearchAction","target":{"@type":"EntryPoint","urlTemplate":"https:\/\/promis.ro\/?s={search_term_string}"},"query-input":{"@type":"PropertyValueSpecification","valueRequired":true,"valueName":"search_term_string"}}],"inLanguage":"ro-RO"}]}},"_links":{"self":[{"href":"https:\/\/promis.ro\/ro\/wp-json\/wp\/v2\/product\/259411","targetHints":{"allow":["GET"]}}],"collection":[{"href":"https:\/\/promis.ro\/ro\/wp-json\/wp\/v2\/product"}],"about":[{"href":"https:\/\/promis.ro\/ro\/wp-json\/wp\/v2\/types\/product"}],"replies":[{"embeddable":true,"href":"https:\/\/promis.ro\/ro\/wp-json\/wp\/v2\/comments?post=259411"}],"version-history":[{"count":1,"href":"https:\/\/promis.ro\/ro\/wp-json\/wp\/v2\/product\/259411\/revisions"}],"predecessor-version":[{"id":264514,"href":"https:\/\/promis.ro\/ro\/wp-json\/wp\/v2\/product\/259411\/revisions\/264514"}],"wp:featuredmedia":[{"embeddable":true,"href":"https:\/\/promis.ro\/ro\/wp-json\/wp\/v2\/media\/259406"}],"wp:attachment":[{"href":"https:\/\/promis.ro\/ro\/wp-json\/wp\/v2\/media?parent=259411"}],"wp:term":[{"taxonomy":"product_brand","embeddable":true,"href":"https:\/\/promis.ro\/ro\/wp-json\/wp\/v2\/product_brand?post=259411"},{"taxonomy":"product_cat","embeddable":true,"href":"https:\/\/promis.ro\/ro\/wp-json\/wp\/v2\/product_cat?post=259411"},{"taxonomy":"product_tag","embeddable":true,"href":"https:\/\/promis.ro\/ro\/wp-json\/wp\/v2\/product_tag?post=259411"}],"curies":[{"name":"wp","href":"https:\/\/api.w.org\/{rel}","templated":true}]}}