{"id":259441,"date":"2025-11-15T06:07:16","date_gmt":"2025-11-15T06:07:16","guid":{"rendered":"https:\/\/promis.ro\/product\/seine-bath-towel-luxe\/"},"modified":"2025-11-15T06:55:23","modified_gmt":"2025-11-15T06:55:23","slug":"seine-bath-towel-luxe","status":"publish","type":"product","link":"https:\/\/promis.ro\/ro\/produs\/seine-bath-towel-luxe\/","title":{"rendered":"Seine Bath Towel LUXE"},"content":{"rendered":"<p><strong>Greutate:<\/strong> 550 g\/m\u00b2<\/p>\n<p><strong>Material:<\/strong> 100% bumbac<\/p>\n<p><strong>Tip:<\/strong> prosop<\/p>\n<p><strong>Dimensiuni:<\/strong> 70&#215;140 cm<\/p>\n<p><strong>Decorativ:<\/strong> 4,5 cm<\/p>\n<p><strong>\u00cengrijire:<\/strong> se poate sp\u0103la p\u00e2n\u0103 la 60\u00b0C.<\/p>","protected":false},"excerpt":{"rendered":"<p>Greutate: 550 g\/m\u00b2 Material: 100% bumbac Tip: prosop Dimensiuni: 70&#215;140 cm Decorativ: 4,5 cm \u00cengrijire: se poate sp\u0103la p\u00e2n\u0103 la<\/p>","protected":false},"featured_media":259436,"comment_status":"open","ping_status":"closed","template":"","meta":[],"product_brand":[],"product_cat":[181],"product_tag":[],"class_list":{"0":"post-259441","1":"product","2":"type-product","3":"status-publish","4":"has-post-thumbnail","6":"product_cat-ingrijire-personala-si-farmaceutica","8":"first","9":"instock","10":"shipping-taxable","11":"purchasable","12":"product-type-variable"},"yoast_head":"<!-- This site is optimized with the Yoast SEO plugin v27.4 - https:\/\/yoast.com\/product\/yoast-seo-wordpress\/ -->\n<title>Seine Bath Towel LUXE - Promis.ro<\/title>\n<meta name=\"description\" content=\"Greutate: 550 g\/m\u00b2 Material: 100% bumbac Tip: prosop Dimensiuni: 70x140 cm Decorativ: 4,5 cm \u00cengrijire: se poate sp\u0103la p\u00e2n\u0103 la 60\u00b0C.\" \/>\n<meta name=\"robots\" content=\"index, follow, max-snippet:-1, max-image-preview:large, max-video-preview:-1\" \/>\n<link rel=\"canonical\" href=\"https:\/\/promis.ro\/ro\/produs\/seine-bath-towel-luxe\/\" \/>\n<meta property=\"og:locale\" content=\"ro_RO\" \/>\n<meta property=\"og:type\" content=\"article\" \/>\n<meta property=\"og:title\" content=\"Seine Bath Towel LUXE - Promis.ro\" \/>\n<meta property=\"og:description\" content=\"Greutate: 550 g\/m\u00b2 Material: 100% bumbac Tip: prosop Dimensiuni: 70x140 cm Decorativ: 4,5 cm \u00cengrijire: se poate sp\u0103la p\u00e2n\u0103 la 60\u00b0C.\" \/>\n<meta property=\"og:url\" content=\"https:\/\/promis.ro\/ro\/produs\/seine-bath-towel-luxe\/\" \/>\n<meta property=\"og:site_name\" content=\"Promis.ro\" \/>\n<meta property=\"article:modified_time\" content=\"2025-11-15T06:55:23+00:00\" \/>\n<meta property=\"og:image\" content=\"https:\/\/promis.ro\/wp-content\/uploads\/2025\/11\/004_64_101_m-2025_02.jpg\" \/>\n\t<meta property=\"og:image:width\" content=\"1024\" \/>\n\t<meta property=\"og:image:height\" content=\"1304\" \/>\n\t<meta property=\"og:image:type\" content=\"image\/jpeg\" \/>\n<meta name=\"twitter:card\" content=\"summary_large_image\" \/>\n<script type=\"application\/ld+json\" class=\"yoast-schema-graph\">{\"@context\":\"https:\\\/\\\/schema.org\",\"@graph\":[{\"@type\":\"WebPage\",\"@id\":\"https:\\\/\\\/promis.ro\\\/product\\\/seine-bath-towel-luxe\\\/\",\"url\":\"https:\\\/\\\/promis.ro\\\/product\\\/seine-bath-towel-luxe\\\/\",\"name\":\"Seine Bath Towel LUXE - Promis.ro\",\"isPartOf\":{\"@id\":\"https:\\\/\\\/promis.ro\\\/#website\"},\"primaryImageOfPage\":{\"@id\":\"https:\\\/\\\/promis.ro\\\/product\\\/seine-bath-towel-luxe\\\/#primaryimage\"},\"image\":{\"@id\":\"https:\\\/\\\/promis.ro\\\/product\\\/seine-bath-towel-luxe\\\/#primaryimage\"},\"thumbnailUrl\":\"https:\\\/\\\/promis.ro\\\/wp-content\\\/uploads\\\/2025\\\/11\\\/004_64_101_m-2025_02.jpg\",\"datePublished\":\"2025-11-15T06:07:16+00:00\",\"dateModified\":\"2025-11-15T06:55:23+00:00\",\"description\":\"Greutate: 550 g\\\/m\u00b2 Material: 100% bumbac Tip: prosop Dimensiuni: 70x140 cm Decorativ: 4,5 cm \u00cengrijire: se poate sp\u0103la p\u00e2n\u0103 la 60\u00b0C.\",\"breadcrumb\":{\"@id\":\"https:\\\/\\\/promis.ro\\\/product\\\/seine-bath-towel-luxe\\\/#breadcrumb\"},\"inLanguage\":\"ro-RO\",\"potentialAction\":[{\"@type\":\"ReadAction\",\"target\":[\"https:\\\/\\\/promis.ro\\\/product\\\/seine-bath-towel-luxe\\\/\"]}]},{\"@type\":\"ImageObject\",\"inLanguage\":\"ro-RO\",\"@id\":\"https:\\\/\\\/promis.ro\\\/product\\\/seine-bath-towel-luxe\\\/#primaryimage\",\"url\":\"https:\\\/\\\/promis.ro\\\/wp-content\\\/uploads\\\/2025\\\/11\\\/004_64_101_m-2025_02.jpg\",\"contentUrl\":\"https:\\\/\\\/promis.ro\\\/wp-content\\\/uploads\\\/2025\\\/11\\\/004_64_101_m-2025_02.jpg\",\"width\":1024,\"height\":1304},{\"@type\":\"BreadcrumbList\",\"@id\":\"https:\\\/\\\/promis.ro\\\/product\\\/seine-bath-towel-luxe\\\/#breadcrumb\",\"itemListElement\":[{\"@type\":\"ListItem\",\"position\":1,\"name\":\"Home\",\"item\":\"https:\\\/\\\/promis.ro\\\/\"},{\"@type\":\"ListItem\",\"position\":2,\"name\":\"Magazin\",\"item\":\"https:\\\/\\\/promis.ro\\\/magazin\\\/\"},{\"@type\":\"ListItem\",\"position\":3,\"name\":\"Seine Bath Towel LUXE\"}]},{\"@type\":\"WebSite\",\"@id\":\"https:\\\/\\\/promis.ro\\\/#website\",\"url\":\"https:\\\/\\\/promis.ro\\\/\",\"name\":\"Promis.ro\",\"description\":\"\",\"potentialAction\":[{\"@type\":\"SearchAction\",\"target\":{\"@type\":\"EntryPoint\",\"urlTemplate\":\"https:\\\/\\\/promis.ro\\\/?s={search_term_string}\"},\"query-input\":{\"@type\":\"PropertyValueSpecification\",\"valueRequired\":true,\"valueName\":\"search_term_string\"}}],\"inLanguage\":\"ro-RO\"}]}<\/script>\n<!-- \/ Yoast SEO plugin. -->","yoast_head_json":{"title":"Seine Bath Towel LUXE - Promis.ro","description":"Greutate: 550 g\/m\u00b2 Material: 100% bumbac Tip: prosop Dimensiuni: 70x140 cm Decorativ: 4,5 cm \u00cengrijire: se poate sp\u0103la p\u00e2n\u0103 la 60\u00b0C.","robots":{"index":"index","follow":"follow","max-snippet":"max-snippet:-1","max-image-preview":"max-image-preview:large","max-video-preview":"max-video-preview:-1"},"canonical":"https:\/\/promis.ro\/ro\/produs\/seine-bath-towel-luxe\/","og_locale":"ro_RO","og_type":"article","og_title":"Seine Bath Towel LUXE - Promis.ro","og_description":"Greutate: 550 g\/m\u00b2 Material: 100% bumbac Tip: prosop Dimensiuni: 70x140 cm Decorativ: 4,5 cm \u00cengrijire: se poate sp\u0103la p\u00e2n\u0103 la 60\u00b0C.","og_url":"https:\/\/promis.ro\/ro\/produs\/seine-bath-towel-luxe\/","og_site_name":"Promis.ro","article_modified_time":"2025-11-15T06:55:23+00:00","og_image":[{"width":1024,"height":1304,"url":"https:\/\/promis.ro\/wp-content\/uploads\/2025\/11\/004_64_101_m-2025_02.jpg","type":"image\/jpeg"}],"twitter_card":"summary_large_image","schema":{"@context":"https:\/\/schema.org","@graph":[{"@type":"WebPage","@id":"https:\/\/promis.ro\/product\/seine-bath-towel-luxe\/","url":"https:\/\/promis.ro\/product\/seine-bath-towel-luxe\/","name":"Seine Bath Towel LUXE - Promis.ro","isPartOf":{"@id":"https:\/\/promis.ro\/#website"},"primaryImageOfPage":{"@id":"https:\/\/promis.ro\/product\/seine-bath-towel-luxe\/#primaryimage"},"image":{"@id":"https:\/\/promis.ro\/product\/seine-bath-towel-luxe\/#primaryimage"},"thumbnailUrl":"https:\/\/promis.ro\/wp-content\/uploads\/2025\/11\/004_64_101_m-2025_02.jpg","datePublished":"2025-11-15T06:07:16+00:00","dateModified":"2025-11-15T06:55:23+00:00","description":"Greutate: 550 g\/m\u00b2 Material: 100% bumbac Tip: prosop Dimensiuni: 70x140 cm Decorativ: 4,5 cm \u00cengrijire: se poate sp\u0103la p\u00e2n\u0103 la 60\u00b0C.","breadcrumb":{"@id":"https:\/\/promis.ro\/product\/seine-bath-towel-luxe\/#breadcrumb"},"inLanguage":"ro-RO","potentialAction":[{"@type":"ReadAction","target":["https:\/\/promis.ro\/product\/seine-bath-towel-luxe\/"]}]},{"@type":"ImageObject","inLanguage":"ro-RO","@id":"https:\/\/promis.ro\/product\/seine-bath-towel-luxe\/#primaryimage","url":"https:\/\/promis.ro\/wp-content\/uploads\/2025\/11\/004_64_101_m-2025_02.jpg","contentUrl":"https:\/\/promis.ro\/wp-content\/uploads\/2025\/11\/004_64_101_m-2025_02.jpg","width":1024,"height":1304},{"@type":"BreadcrumbList","@id":"https:\/\/promis.ro\/product\/seine-bath-towel-luxe\/#breadcrumb","itemListElement":[{"@type":"ListItem","position":1,"name":"Home","item":"https:\/\/promis.ro\/"},{"@type":"ListItem","position":2,"name":"Magazin","item":"https:\/\/promis.ro\/magazin\/"},{"@type":"ListItem","position":3,"name":"Seine Bath Towel LUXE"}]},{"@type":"WebSite","@id":"https:\/\/promis.ro\/#website","url":"https:\/\/promis.ro\/","name":"Promis.ro","description":"","potentialAction":[{"@type":"SearchAction","target":{"@type":"EntryPoint","urlTemplate":"https:\/\/promis.ro\/?s={search_term_string}"},"query-input":{"@type":"PropertyValueSpecification","valueRequired":true,"valueName":"search_term_string"}}],"inLanguage":"ro-RO"}]}},"_links":{"self":[{"href":"https:\/\/promis.ro\/ro\/wp-json\/wp\/v2\/product\/259441","targetHints":{"allow":["GET"]}}],"collection":[{"href":"https:\/\/promis.ro\/ro\/wp-json\/wp\/v2\/product"}],"about":[{"href":"https:\/\/promis.ro\/ro\/wp-json\/wp\/v2\/types\/product"}],"replies":[{"embeddable":true,"href":"https:\/\/promis.ro\/ro\/wp-json\/wp\/v2\/comments?post=259441"}],"version-history":[{"count":1,"href":"https:\/\/promis.ro\/ro\/wp-json\/wp\/v2\/product\/259441\/revisions"}],"predecessor-version":[{"id":264505,"href":"https:\/\/promis.ro\/ro\/wp-json\/wp\/v2\/product\/259441\/revisions\/264505"}],"wp:featuredmedia":[{"embeddable":true,"href":"https:\/\/promis.ro\/ro\/wp-json\/wp\/v2\/media\/259436"}],"wp:attachment":[{"href":"https:\/\/promis.ro\/ro\/wp-json\/wp\/v2\/media?parent=259441"}],"wp:term":[{"taxonomy":"product_brand","embeddable":true,"href":"https:\/\/promis.ro\/ro\/wp-json\/wp\/v2\/product_brand?post=259441"},{"taxonomy":"product_cat","embeddable":true,"href":"https:\/\/promis.ro\/ro\/wp-json\/wp\/v2\/product_cat?post=259441"},{"taxonomy":"product_tag","embeddable":true,"href":"https:\/\/promis.ro\/ro\/wp-json\/wp\/v2\/product_tag?post=259441"}],"curies":[{"name":"wp","href":"https:\/\/api.w.org\/{rel}","templated":true}]}}