{"id":268159,"date":"2026-01-29T10:40:01","date_gmt":"2026-01-29T10:40:01","guid":{"rendered":"https:\/\/promis.ro\/product\/mystery-potions-kit-i-joc-educational-pentru-copii\/"},"modified":"2026-01-29T12:32:23","modified_gmt":"2026-01-29T12:32:23","slug":"mystery-potions-kit-i-joc-educational-pentru-copii","status":"publish","type":"product","link":"https:\/\/promis.ro\/ro\/produs\/mystery-potions-kit-i-joc-educational-pentru-copii\/","title":{"rendered":"Mystery Potions Kit I. Joc educa\u021bional pentru copii"},"content":{"rendered":"<p>Trus\u0103 didactic\u0103 pentru copii, care combin\u0103 experimentele magice, \u0219tiin\u021ba, educa\u021bia \u0219i distrac\u021bia! Aceast\u0103 juc\u0103rie include 36 de con\u021binuturi \u0219i 15 experimente magice. Po\u021bi face po\u021biuni care str\u0103lucesc \u00een \u00eentuneric, baloane de s\u0103pun uria\u0219e \u0219i po\u021bi crea un colier cu o po\u021biune magic\u0103. Include o baghet\u0103 magic\u0103 \u0219i un cazan pentru po\u021biuni. V\u00e2rsta recomandat\u0103: 8 + ani 380 x 290 x 80 mm<\/p>","protected":false},"excerpt":{"rendered":"<p>Trus\u0103 didactic\u0103 pentru copii, care combin\u0103 experimentele magice, \u0219tiin\u021ba, educa\u021bia \u0219i distrac\u021bia! Aceast\u0103 juc\u0103rie include 36 de con\u021binuturi \u0219i 15<\/p>","protected":false},"featured_media":268154,"comment_status":"open","ping_status":"closed","template":"","meta":[],"product_brand":[],"product_cat":[182],"product_tag":[],"class_list":{"0":"post-268159","1":"product","2":"type-product","3":"status-publish","4":"has-post-thumbnail","6":"product_cat-copii","8":"first","9":"instock","10":"shipping-taxable","11":"purchasable","12":"product-type-simple"},"yoast_head":"<!-- This site is optimized with the Yoast SEO plugin v27.4 - https:\/\/yoast.com\/product\/yoast-seo-wordpress\/ -->\n<title>Mystery Potions Kit I. Joc educa\u021bional pentru copii - Promis.ro<\/title>\n<meta name=\"description\" content=\"Trus\u0103 didactic\u0103 pentru copii, care combin\u0103 experimentele magice, \u0219tiin\u021ba, educa\u021bia \u0219i distrac\u021bia! Aceast\u0103 juc\u0103rie include 36 de con\u021binuturi \u0219i 15\" \/>\n<meta name=\"robots\" content=\"index, follow, max-snippet:-1, max-image-preview:large, max-video-preview:-1\" \/>\n<link rel=\"canonical\" href=\"https:\/\/promis.ro\/ro\/produs\/mystery-potions-kit-i-joc-educational-pentru-copii\/\" \/>\n<meta property=\"og:locale\" content=\"ro_RO\" \/>\n<meta property=\"og:type\" content=\"article\" \/>\n<meta property=\"og:title\" content=\"Mystery Potions Kit I. Joc educa\u021bional pentru copii - Promis.ro\" \/>\n<meta property=\"og:description\" content=\"Trus\u0103 didactic\u0103 pentru copii, care combin\u0103 experimentele magice, \u0219tiin\u021ba, educa\u021bia \u0219i distrac\u021bia! Aceast\u0103 juc\u0103rie include 36 de con\u021binuturi \u0219i 15\" \/>\n<meta property=\"og:url\" content=\"https:\/\/promis.ro\/ro\/produs\/mystery-potions-kit-i-joc-educational-pentru-copii\/\" \/>\n<meta property=\"og:site_name\" content=\"Promis.ro\" \/>\n<meta property=\"article:modified_time\" content=\"2026-01-29T12:32:23+00:00\" \/>\n<meta property=\"og:image\" content=\"https:\/\/promis.ro\/wp-content\/uploads\/2026\/01\/35831_set.jpg\" \/>\n\t<meta property=\"og:image:width\" content=\"1000\" \/>\n\t<meta property=\"og:image:height\" content=\"1000\" \/>\n\t<meta property=\"og:image:type\" content=\"image\/jpeg\" \/>\n<meta name=\"twitter:card\" content=\"summary_large_image\" \/>\n<script type=\"application\/ld+json\" class=\"yoast-schema-graph\">{\"@context\":\"https:\\\/\\\/schema.org\",\"@graph\":[{\"@type\":\"WebPage\",\"@id\":\"https:\\\/\\\/promis.ro\\\/product\\\/mystery-potions-kit-i-joc-educational-pentru-copii\\\/\",\"url\":\"https:\\\/\\\/promis.ro\\\/product\\\/mystery-potions-kit-i-joc-educational-pentru-copii\\\/\",\"name\":\"Mystery Potions Kit I. Joc educa\u021bional pentru copii - Promis.ro\",\"isPartOf\":{\"@id\":\"https:\\\/\\\/promis.ro\\\/#website\"},\"primaryImageOfPage\":{\"@id\":\"https:\\\/\\\/promis.ro\\\/product\\\/mystery-potions-kit-i-joc-educational-pentru-copii\\\/#primaryimage\"},\"image\":{\"@id\":\"https:\\\/\\\/promis.ro\\\/product\\\/mystery-potions-kit-i-joc-educational-pentru-copii\\\/#primaryimage\"},\"thumbnailUrl\":\"https:\\\/\\\/promis.ro\\\/wp-content\\\/uploads\\\/2026\\\/01\\\/35831_set.jpg\",\"datePublished\":\"2026-01-29T10:40:01+00:00\",\"dateModified\":\"2026-01-29T12:32:23+00:00\",\"description\":\"Trus\u0103 didactic\u0103 pentru copii, care combin\u0103 experimentele magice, \u0219tiin\u021ba, educa\u021bia \u0219i distrac\u021bia! Aceast\u0103 juc\u0103rie include 36 de con\u021binuturi \u0219i 15\",\"breadcrumb\":{\"@id\":\"https:\\\/\\\/promis.ro\\\/product\\\/mystery-potions-kit-i-joc-educational-pentru-copii\\\/#breadcrumb\"},\"inLanguage\":\"ro-RO\",\"potentialAction\":[{\"@type\":\"ReadAction\",\"target\":[\"https:\\\/\\\/promis.ro\\\/product\\\/mystery-potions-kit-i-joc-educational-pentru-copii\\\/\"]}]},{\"@type\":\"ImageObject\",\"inLanguage\":\"ro-RO\",\"@id\":\"https:\\\/\\\/promis.ro\\\/product\\\/mystery-potions-kit-i-joc-educational-pentru-copii\\\/#primaryimage\",\"url\":\"https:\\\/\\\/promis.ro\\\/wp-content\\\/uploads\\\/2026\\\/01\\\/35831_set.jpg\",\"contentUrl\":\"https:\\\/\\\/promis.ro\\\/wp-content\\\/uploads\\\/2026\\\/01\\\/35831_set.jpg\",\"width\":1000,\"height\":1000},{\"@type\":\"BreadcrumbList\",\"@id\":\"https:\\\/\\\/promis.ro\\\/product\\\/mystery-potions-kit-i-joc-educational-pentru-copii\\\/#breadcrumb\",\"itemListElement\":[{\"@type\":\"ListItem\",\"position\":1,\"name\":\"Home\",\"item\":\"https:\\\/\\\/promis.ro\\\/\"},{\"@type\":\"ListItem\",\"position\":2,\"name\":\"Magazin\",\"item\":\"https:\\\/\\\/promis.ro\\\/magazin\\\/\"},{\"@type\":\"ListItem\",\"position\":3,\"name\":\"Mystery Potions Kit I. Joc educa\u021bional pentru copii\"}]},{\"@type\":\"WebSite\",\"@id\":\"https:\\\/\\\/promis.ro\\\/#website\",\"url\":\"https:\\\/\\\/promis.ro\\\/\",\"name\":\"Promis.ro\",\"description\":\"\",\"potentialAction\":[{\"@type\":\"SearchAction\",\"target\":{\"@type\":\"EntryPoint\",\"urlTemplate\":\"https:\\\/\\\/promis.ro\\\/?s={search_term_string}\"},\"query-input\":{\"@type\":\"PropertyValueSpecification\",\"valueRequired\":true,\"valueName\":\"search_term_string\"}}],\"inLanguage\":\"ro-RO\"}]}<\/script>\n<!-- \/ Yoast SEO plugin. -->","yoast_head_json":{"title":"Mystery Potions Kit I. Joc educa\u021bional pentru copii - Promis.ro","description":"Trus\u0103 didactic\u0103 pentru copii, care combin\u0103 experimentele magice, \u0219tiin\u021ba, educa\u021bia \u0219i distrac\u021bia! Aceast\u0103 juc\u0103rie include 36 de con\u021binuturi \u0219i 15","robots":{"index":"index","follow":"follow","max-snippet":"max-snippet:-1","max-image-preview":"max-image-preview:large","max-video-preview":"max-video-preview:-1"},"canonical":"https:\/\/promis.ro\/ro\/produs\/mystery-potions-kit-i-joc-educational-pentru-copii\/","og_locale":"ro_RO","og_type":"article","og_title":"Mystery Potions Kit I. Joc educa\u021bional pentru copii - Promis.ro","og_description":"Trus\u0103 didactic\u0103 pentru copii, care combin\u0103 experimentele magice, \u0219tiin\u021ba, educa\u021bia \u0219i distrac\u021bia! Aceast\u0103 juc\u0103rie include 36 de con\u021binuturi \u0219i 15","og_url":"https:\/\/promis.ro\/ro\/produs\/mystery-potions-kit-i-joc-educational-pentru-copii\/","og_site_name":"Promis.ro","article_modified_time":"2026-01-29T12:32:23+00:00","og_image":[{"width":1000,"height":1000,"url":"https:\/\/promis.ro\/wp-content\/uploads\/2026\/01\/35831_set.jpg","type":"image\/jpeg"}],"twitter_card":"summary_large_image","schema":{"@context":"https:\/\/schema.org","@graph":[{"@type":"WebPage","@id":"https:\/\/promis.ro\/product\/mystery-potions-kit-i-joc-educational-pentru-copii\/","url":"https:\/\/promis.ro\/product\/mystery-potions-kit-i-joc-educational-pentru-copii\/","name":"Mystery Potions Kit I. Joc educa\u021bional pentru copii - Promis.ro","isPartOf":{"@id":"https:\/\/promis.ro\/#website"},"primaryImageOfPage":{"@id":"https:\/\/promis.ro\/product\/mystery-potions-kit-i-joc-educational-pentru-copii\/#primaryimage"},"image":{"@id":"https:\/\/promis.ro\/product\/mystery-potions-kit-i-joc-educational-pentru-copii\/#primaryimage"},"thumbnailUrl":"https:\/\/promis.ro\/wp-content\/uploads\/2026\/01\/35831_set.jpg","datePublished":"2026-01-29T10:40:01+00:00","dateModified":"2026-01-29T12:32:23+00:00","description":"Trus\u0103 didactic\u0103 pentru copii, care combin\u0103 experimentele magice, \u0219tiin\u021ba, educa\u021bia \u0219i distrac\u021bia! Aceast\u0103 juc\u0103rie include 36 de con\u021binuturi \u0219i 15","breadcrumb":{"@id":"https:\/\/promis.ro\/product\/mystery-potions-kit-i-joc-educational-pentru-copii\/#breadcrumb"},"inLanguage":"ro-RO","potentialAction":[{"@type":"ReadAction","target":["https:\/\/promis.ro\/product\/mystery-potions-kit-i-joc-educational-pentru-copii\/"]}]},{"@type":"ImageObject","inLanguage":"ro-RO","@id":"https:\/\/promis.ro\/product\/mystery-potions-kit-i-joc-educational-pentru-copii\/#primaryimage","url":"https:\/\/promis.ro\/wp-content\/uploads\/2026\/01\/35831_set.jpg","contentUrl":"https:\/\/promis.ro\/wp-content\/uploads\/2026\/01\/35831_set.jpg","width":1000,"height":1000},{"@type":"BreadcrumbList","@id":"https:\/\/promis.ro\/product\/mystery-potions-kit-i-joc-educational-pentru-copii\/#breadcrumb","itemListElement":[{"@type":"ListItem","position":1,"name":"Home","item":"https:\/\/promis.ro\/"},{"@type":"ListItem","position":2,"name":"Magazin","item":"https:\/\/promis.ro\/magazin\/"},{"@type":"ListItem","position":3,"name":"Mystery Potions Kit I. Joc educa\u021bional pentru copii"}]},{"@type":"WebSite","@id":"https:\/\/promis.ro\/#website","url":"https:\/\/promis.ro\/","name":"Promis.ro","description":"","potentialAction":[{"@type":"SearchAction","target":{"@type":"EntryPoint","urlTemplate":"https:\/\/promis.ro\/?s={search_term_string}"},"query-input":{"@type":"PropertyValueSpecification","valueRequired":true,"valueName":"search_term_string"}}],"inLanguage":"ro-RO"}]}},"_links":{"self":[{"href":"https:\/\/promis.ro\/ro\/wp-json\/wp\/v2\/product\/268159","targetHints":{"allow":["GET"]}}],"collection":[{"href":"https:\/\/promis.ro\/ro\/wp-json\/wp\/v2\/product"}],"about":[{"href":"https:\/\/promis.ro\/ro\/wp-json\/wp\/v2\/types\/product"}],"replies":[{"embeddable":true,"href":"https:\/\/promis.ro\/ro\/wp-json\/wp\/v2\/comments?post=268159"}],"version-history":[{"count":0,"href":"https:\/\/promis.ro\/ro\/wp-json\/wp\/v2\/product\/268159\/revisions"}],"wp:featuredmedia":[{"embeddable":true,"href":"https:\/\/promis.ro\/ro\/wp-json\/wp\/v2\/media\/268154"}],"wp:attachment":[{"href":"https:\/\/promis.ro\/ro\/wp-json\/wp\/v2\/media?parent=268159"}],"wp:term":[{"taxonomy":"product_brand","embeddable":true,"href":"https:\/\/promis.ro\/ro\/wp-json\/wp\/v2\/product_brand?post=268159"},{"taxonomy":"product_cat","embeddable":true,"href":"https:\/\/promis.ro\/ro\/wp-json\/wp\/v2\/product_cat?post=268159"},{"taxonomy":"product_tag","embeddable":true,"href":"https:\/\/promis.ro\/ro\/wp-json\/wp\/v2\/product_tag?post=268159"}],"curies":[{"name":"wp","href":"https:\/\/api.w.org\/{rel}","templated":true}]}}