{"id":269692,"date":"2026-01-29T10:46:12","date_gmt":"2026-01-29T10:46:12","guid":{"rendered":"https:\/\/promis.ro\/product\/kylie-pix-cu-bila-din-aluminiu-94-reciclat-cu-clip-inovator\/"},"modified":"2026-01-29T12:33:16","modified_gmt":"2026-01-29T12:33:16","slug":"kylie-pix-cu-bila-din-aluminiu-94-reciclat-cu-clip-inovator","status":"publish","type":"product","link":"https:\/\/promis.ro\/ro\/produs\/kylie-pix-cu-bila-din-aluminiu-94-reciclat-cu-clip-inovator\/","title":{"rendered":"KYLIE. Pix cu bil\u0103 din aluminiu (94% reciclat) cu clip inovator"},"content":{"rendered":"<p>Pix cu bil\u0103 din aluminiu (94% reciclat), cu o form\u0103 inovatoare de clip care se remarc\u0103 prin unicitate \u0219i elegan\u021b\u0103. Cerneal\u0103 albastr\u0103. \u00f810 x 140 mm<\/p>","protected":false},"excerpt":{"rendered":"<p>Pix cu bil\u0103 din aluminiu (94% reciclat), cu o form\u0103 inovatoare de clip care se remarc\u0103 prin unicitate \u0219i elegan\u021b\u0103.<\/p>","protected":false},"featured_media":269691,"comment_status":"open","ping_status":"closed","template":"","meta":[],"product_brand":[],"product_cat":[175],"product_tag":[],"class_list":{"0":"post-269692","1":"product","2":"type-product","3":"status-publish","4":"has-post-thumbnail","6":"product_cat-scris","8":"first","9":"instock","10":"shipping-taxable","11":"purchasable","12":"product-type-variable"},"yoast_head":"<!-- This site is optimized with the Yoast SEO plugin v27.4 - https:\/\/yoast.com\/product\/yoast-seo-wordpress\/ -->\n<title>KYLIE. Pix cu bil\u0103 din aluminiu (94% reciclat) cu clip inovator - Promis.ro<\/title>\n<meta name=\"description\" content=\"Pix cu bil\u0103 din aluminiu (94% reciclat), cu o form\u0103 inovatoare de clip care se remarc\u0103 prin unicitate \u0219i elegan\u021b\u0103. Cerneal\u0103 albastr\u0103. \u00f810 x 140 mm\" \/>\n<meta name=\"robots\" content=\"index, follow, max-snippet:-1, max-image-preview:large, max-video-preview:-1\" \/>\n<link rel=\"canonical\" href=\"https:\/\/promis.ro\/ro\/produs\/kylie-pix-cu-bila-din-aluminiu-94-reciclat-cu-clip-inovator\/\" \/>\n<meta property=\"og:locale\" content=\"ro_RO\" \/>\n<meta property=\"og:type\" content=\"article\" \/>\n<meta property=\"og:title\" content=\"KYLIE. Pix cu bil\u0103 din aluminiu (94% reciclat) cu clip inovator - Promis.ro\" \/>\n<meta property=\"og:description\" content=\"Pix cu bil\u0103 din aluminiu (94% reciclat), cu o form\u0103 inovatoare de clip care se remarc\u0103 prin unicitate \u0219i elegan\u021b\u0103. Cerneal\u0103 albastr\u0103. \u00f810 x 140 mm\" \/>\n<meta property=\"og:url\" content=\"https:\/\/promis.ro\/ro\/produs\/kylie-pix-cu-bila-din-aluminiu-94-reciclat-cu-clip-inovator\/\" \/>\n<meta property=\"og:site_name\" content=\"Promis.ro\" \/>\n<meta property=\"article:modified_time\" content=\"2026-01-29T12:33:16+00:00\" \/>\n<meta property=\"og:image\" content=\"https:\/\/promis.ro\/wp-content\/uploads\/2026\/01\/91949_set.jpg\" \/>\n\t<meta property=\"og:image:width\" content=\"1000\" \/>\n\t<meta property=\"og:image:height\" content=\"1000\" \/>\n\t<meta property=\"og:image:type\" content=\"image\/jpeg\" \/>\n<meta name=\"twitter:card\" content=\"summary_large_image\" \/>\n<script type=\"application\/ld+json\" class=\"yoast-schema-graph\">{\"@context\":\"https:\\\/\\\/schema.org\",\"@graph\":[{\"@type\":\"WebPage\",\"@id\":\"https:\\\/\\\/promis.ro\\\/product\\\/kylie-pix-cu-bila-din-aluminiu-94-reciclat-cu-clip-inovator\\\/\",\"url\":\"https:\\\/\\\/promis.ro\\\/product\\\/kylie-pix-cu-bila-din-aluminiu-94-reciclat-cu-clip-inovator\\\/\",\"name\":\"KYLIE. Pix cu bil\u0103 din aluminiu (94% reciclat) cu clip inovator - Promis.ro\",\"isPartOf\":{\"@id\":\"https:\\\/\\\/promis.ro\\\/#website\"},\"primaryImageOfPage\":{\"@id\":\"https:\\\/\\\/promis.ro\\\/product\\\/kylie-pix-cu-bila-din-aluminiu-94-reciclat-cu-clip-inovator\\\/#primaryimage\"},\"image\":{\"@id\":\"https:\\\/\\\/promis.ro\\\/product\\\/kylie-pix-cu-bila-din-aluminiu-94-reciclat-cu-clip-inovator\\\/#primaryimage\"},\"thumbnailUrl\":\"https:\\\/\\\/promis.ro\\\/wp-content\\\/uploads\\\/2026\\\/01\\\/91949_set.jpg\",\"datePublished\":\"2026-01-29T10:46:12+00:00\",\"dateModified\":\"2026-01-29T12:33:16+00:00\",\"description\":\"Pix cu bil\u0103 din aluminiu (94% reciclat), cu o form\u0103 inovatoare de clip care se remarc\u0103 prin unicitate \u0219i elegan\u021b\u0103. Cerneal\u0103 albastr\u0103. \u00f810 x 140 mm\",\"breadcrumb\":{\"@id\":\"https:\\\/\\\/promis.ro\\\/product\\\/kylie-pix-cu-bila-din-aluminiu-94-reciclat-cu-clip-inovator\\\/#breadcrumb\"},\"inLanguage\":\"ro-RO\",\"potentialAction\":[{\"@type\":\"ReadAction\",\"target\":[\"https:\\\/\\\/promis.ro\\\/product\\\/kylie-pix-cu-bila-din-aluminiu-94-reciclat-cu-clip-inovator\\\/\"]}]},{\"@type\":\"ImageObject\",\"inLanguage\":\"ro-RO\",\"@id\":\"https:\\\/\\\/promis.ro\\\/product\\\/kylie-pix-cu-bila-din-aluminiu-94-reciclat-cu-clip-inovator\\\/#primaryimage\",\"url\":\"https:\\\/\\\/promis.ro\\\/wp-content\\\/uploads\\\/2026\\\/01\\\/91949_set.jpg\",\"contentUrl\":\"https:\\\/\\\/promis.ro\\\/wp-content\\\/uploads\\\/2026\\\/01\\\/91949_set.jpg\",\"width\":1000,\"height\":1000},{\"@type\":\"BreadcrumbList\",\"@id\":\"https:\\\/\\\/promis.ro\\\/product\\\/kylie-pix-cu-bila-din-aluminiu-94-reciclat-cu-clip-inovator\\\/#breadcrumb\",\"itemListElement\":[{\"@type\":\"ListItem\",\"position\":1,\"name\":\"Home\",\"item\":\"https:\\\/\\\/promis.ro\\\/\"},{\"@type\":\"ListItem\",\"position\":2,\"name\":\"Magazin\",\"item\":\"https:\\\/\\\/promis.ro\\\/magazin\\\/\"},{\"@type\":\"ListItem\",\"position\":3,\"name\":\"KYLIE. Pix cu bil\u0103 din aluminiu (94% reciclat) cu clip inovator\"}]},{\"@type\":\"WebSite\",\"@id\":\"https:\\\/\\\/promis.ro\\\/#website\",\"url\":\"https:\\\/\\\/promis.ro\\\/\",\"name\":\"Promis.ro\",\"description\":\"\",\"potentialAction\":[{\"@type\":\"SearchAction\",\"target\":{\"@type\":\"EntryPoint\",\"urlTemplate\":\"https:\\\/\\\/promis.ro\\\/?s={search_term_string}\"},\"query-input\":{\"@type\":\"PropertyValueSpecification\",\"valueRequired\":true,\"valueName\":\"search_term_string\"}}],\"inLanguage\":\"ro-RO\"}]}<\/script>\n<!-- \/ Yoast SEO plugin. -->","yoast_head_json":{"title":"KYLIE. Pix cu bil\u0103 din aluminiu (94% reciclat) cu clip inovator - Promis.ro","description":"Pix cu bil\u0103 din aluminiu (94% reciclat), cu o form\u0103 inovatoare de clip care se remarc\u0103 prin unicitate \u0219i elegan\u021b\u0103. Cerneal\u0103 albastr\u0103. \u00f810 x 140 mm","robots":{"index":"index","follow":"follow","max-snippet":"max-snippet:-1","max-image-preview":"max-image-preview:large","max-video-preview":"max-video-preview:-1"},"canonical":"https:\/\/promis.ro\/ro\/produs\/kylie-pix-cu-bila-din-aluminiu-94-reciclat-cu-clip-inovator\/","og_locale":"ro_RO","og_type":"article","og_title":"KYLIE. Pix cu bil\u0103 din aluminiu (94% reciclat) cu clip inovator - Promis.ro","og_description":"Pix cu bil\u0103 din aluminiu (94% reciclat), cu o form\u0103 inovatoare de clip care se remarc\u0103 prin unicitate \u0219i elegan\u021b\u0103. Cerneal\u0103 albastr\u0103. \u00f810 x 140 mm","og_url":"https:\/\/promis.ro\/ro\/produs\/kylie-pix-cu-bila-din-aluminiu-94-reciclat-cu-clip-inovator\/","og_site_name":"Promis.ro","article_modified_time":"2026-01-29T12:33:16+00:00","og_image":[{"width":1000,"height":1000,"url":"https:\/\/promis.ro\/wp-content\/uploads\/2026\/01\/91949_set.jpg","type":"image\/jpeg"}],"twitter_card":"summary_large_image","schema":{"@context":"https:\/\/schema.org","@graph":[{"@type":"WebPage","@id":"https:\/\/promis.ro\/product\/kylie-pix-cu-bila-din-aluminiu-94-reciclat-cu-clip-inovator\/","url":"https:\/\/promis.ro\/product\/kylie-pix-cu-bila-din-aluminiu-94-reciclat-cu-clip-inovator\/","name":"KYLIE. Pix cu bil\u0103 din aluminiu (94% reciclat) cu clip inovator - Promis.ro","isPartOf":{"@id":"https:\/\/promis.ro\/#website"},"primaryImageOfPage":{"@id":"https:\/\/promis.ro\/product\/kylie-pix-cu-bila-din-aluminiu-94-reciclat-cu-clip-inovator\/#primaryimage"},"image":{"@id":"https:\/\/promis.ro\/product\/kylie-pix-cu-bila-din-aluminiu-94-reciclat-cu-clip-inovator\/#primaryimage"},"thumbnailUrl":"https:\/\/promis.ro\/wp-content\/uploads\/2026\/01\/91949_set.jpg","datePublished":"2026-01-29T10:46:12+00:00","dateModified":"2026-01-29T12:33:16+00:00","description":"Pix cu bil\u0103 din aluminiu (94% reciclat), cu o form\u0103 inovatoare de clip care se remarc\u0103 prin unicitate \u0219i elegan\u021b\u0103. Cerneal\u0103 albastr\u0103. \u00f810 x 140 mm","breadcrumb":{"@id":"https:\/\/promis.ro\/product\/kylie-pix-cu-bila-din-aluminiu-94-reciclat-cu-clip-inovator\/#breadcrumb"},"inLanguage":"ro-RO","potentialAction":[{"@type":"ReadAction","target":["https:\/\/promis.ro\/product\/kylie-pix-cu-bila-din-aluminiu-94-reciclat-cu-clip-inovator\/"]}]},{"@type":"ImageObject","inLanguage":"ro-RO","@id":"https:\/\/promis.ro\/product\/kylie-pix-cu-bila-din-aluminiu-94-reciclat-cu-clip-inovator\/#primaryimage","url":"https:\/\/promis.ro\/wp-content\/uploads\/2026\/01\/91949_set.jpg","contentUrl":"https:\/\/promis.ro\/wp-content\/uploads\/2026\/01\/91949_set.jpg","width":1000,"height":1000},{"@type":"BreadcrumbList","@id":"https:\/\/promis.ro\/product\/kylie-pix-cu-bila-din-aluminiu-94-reciclat-cu-clip-inovator\/#breadcrumb","itemListElement":[{"@type":"ListItem","position":1,"name":"Home","item":"https:\/\/promis.ro\/"},{"@type":"ListItem","position":2,"name":"Magazin","item":"https:\/\/promis.ro\/magazin\/"},{"@type":"ListItem","position":3,"name":"KYLIE. Pix cu bil\u0103 din aluminiu (94% reciclat) cu clip inovator"}]},{"@type":"WebSite","@id":"https:\/\/promis.ro\/#website","url":"https:\/\/promis.ro\/","name":"Promis.ro","description":"","potentialAction":[{"@type":"SearchAction","target":{"@type":"EntryPoint","urlTemplate":"https:\/\/promis.ro\/?s={search_term_string}"},"query-input":{"@type":"PropertyValueSpecification","valueRequired":true,"valueName":"search_term_string"}}],"inLanguage":"ro-RO"}]}},"_links":{"self":[{"href":"https:\/\/promis.ro\/ro\/wp-json\/wp\/v2\/product\/269692","targetHints":{"allow":["GET"]}}],"collection":[{"href":"https:\/\/promis.ro\/ro\/wp-json\/wp\/v2\/product"}],"about":[{"href":"https:\/\/promis.ro\/ro\/wp-json\/wp\/v2\/types\/product"}],"replies":[{"embeddable":true,"href":"https:\/\/promis.ro\/ro\/wp-json\/wp\/v2\/comments?post=269692"}],"version-history":[{"count":0,"href":"https:\/\/promis.ro\/ro\/wp-json\/wp\/v2\/product\/269692\/revisions"}],"wp:featuredmedia":[{"embeddable":true,"href":"https:\/\/promis.ro\/ro\/wp-json\/wp\/v2\/media\/269691"}],"wp:attachment":[{"href":"https:\/\/promis.ro\/ro\/wp-json\/wp\/v2\/media?parent=269692"}],"wp:term":[{"taxonomy":"product_brand","embeddable":true,"href":"https:\/\/promis.ro\/ro\/wp-json\/wp\/v2\/product_brand?post=269692"},{"taxonomy":"product_cat","embeddable":true,"href":"https:\/\/promis.ro\/ro\/wp-json\/wp\/v2\/product_cat?post=269692"},{"taxonomy":"product_tag","embeddable":true,"href":"https:\/\/promis.ro\/ro\/wp-json\/wp\/v2\/product_tag?post=269692"}],"curies":[{"name":"wp","href":"https:\/\/api.w.org\/{rel}","templated":true}]}}