{"id":270299,"date":"2026-01-29T10:47:43","date_gmt":"2026-01-29T10:47:43","guid":{"rendered":"https:\/\/promis.ro\/product\/kylie-set-set-format-dintr-un-pix-si-un-stilou-fara-cerneala-ambele-din-aluminiu-94-reciclat\/"},"modified":"2026-01-29T12:33:17","modified_gmt":"2026-01-29T12:33:17","slug":"kylie-set-set-format-dintr-un-pix-si-un-stilou-fara-cerneala-ambele-din-aluminiu-94-reciclat","status":"publish","type":"product","link":"https:\/\/promis.ro\/ro\/produs\/kylie-set-set-format-dintr-un-pix-si-un-stilou-fara-cerneala-ambele-din-aluminiu-94-reciclat\/","title":{"rendered":"KYLIE SET. Set format dintr-un pix \u0219i un stilou f\u0103r\u0103 cerneal\u0103, ambele din aluminiu (94% reciclat)"},"content":{"rendered":"<p>Set format dintr-un pix \u0219i un stilou f\u0103r\u0103 cerneal\u0103, ambele fabricate din aluminiu (94% reciclat). Pixul cu bil\u0103 are cerneal\u0103 albastr\u0103, iar stiloul f\u0103r\u0103 cerneal\u0103 permite utilizarea \u00eendelungat\u0103 f\u0103r\u0103 a fi nevoie de ascu\u021bire. Un set care ofer\u0103 o senza\u021bie de scriere lin\u0103, fluid\u0103. Livrat \u00eentr-o cutie cadou din h\u00e2rtie kraft, realizat\u0103 dintr-un material certificat FSC\u2122 \u0219i alte materiale controlate. Pix: \u00f810 x 138 mm | Pix f\u0103r\u0103 cerneal\u0103: \u00f810 x 138 mm | Carcas\u0103: 172 x 53 x 22 mm<\/p>","protected":false},"excerpt":{"rendered":"<p>Set format dintr-un pix \u0219i un stilou f\u0103r\u0103 cerneal\u0103, ambele fabricate din aluminiu (94% reciclat). Pixul cu bil\u0103 are cerneal\u0103<\/p>","protected":false},"featured_media":270298,"comment_status":"open","ping_status":"closed","template":"","meta":[],"product_brand":[],"product_cat":[175],"product_tag":[],"class_list":{"0":"post-270299","1":"product","2":"type-product","3":"status-publish","4":"has-post-thumbnail","6":"product_cat-scris","8":"first","9":"instock","10":"shipping-taxable","11":"purchasable","12":"product-type-variable"},"yoast_head":"<!-- This site is optimized with the Yoast SEO plugin v27.4 - https:\/\/yoast.com\/product\/yoast-seo-wordpress\/ -->\n<title>KYLIE SET. Set format dintr-un pix \u0219i un stilou f\u0103r\u0103 cerneal\u0103, ambele din aluminiu (94% reciclat) - Promis.ro<\/title>\n<meta name=\"description\" content=\"Set format dintr-un pix \u0219i un stilou f\u0103r\u0103 cerneal\u0103, ambele fabricate din aluminiu (94% reciclat). Pixul cu bil\u0103 are cerneal\u0103 albastr\u0103, iar stiloul f\u0103r\u0103\" \/>\n<meta name=\"robots\" content=\"index, follow, max-snippet:-1, max-image-preview:large, max-video-preview:-1\" \/>\n<link rel=\"canonical\" href=\"https:\/\/promis.ro\/ro\/produs\/kylie-set-set-format-dintr-un-pix-si-un-stilou-fara-cerneala-ambele-din-aluminiu-94-reciclat\/\" \/>\n<meta property=\"og:locale\" content=\"ro_RO\" \/>\n<meta property=\"og:type\" content=\"article\" \/>\n<meta property=\"og:title\" content=\"KYLIE SET. Set format dintr-un pix \u0219i un stilou f\u0103r\u0103 cerneal\u0103, ambele din aluminiu (94% reciclat) - Promis.ro\" \/>\n<meta property=\"og:description\" content=\"Set format dintr-un pix \u0219i un stilou f\u0103r\u0103 cerneal\u0103, ambele fabricate din aluminiu (94% reciclat). Pixul cu bil\u0103 are cerneal\u0103 albastr\u0103, iar stiloul f\u0103r\u0103\" \/>\n<meta property=\"og:url\" content=\"https:\/\/promis.ro\/ro\/produs\/kylie-set-set-format-dintr-un-pix-si-un-stilou-fara-cerneala-ambele-din-aluminiu-94-reciclat\/\" \/>\n<meta property=\"og:site_name\" content=\"Promis.ro\" \/>\n<meta property=\"article:modified_time\" content=\"2026-01-29T12:33:17+00:00\" \/>\n<meta property=\"og:image\" content=\"https:\/\/promis.ro\/wp-content\/uploads\/2026\/01\/91980_set.jpg\" \/>\n\t<meta property=\"og:image:width\" content=\"1000\" \/>\n\t<meta property=\"og:image:height\" content=\"1000\" \/>\n\t<meta property=\"og:image:type\" content=\"image\/jpeg\" \/>\n<meta name=\"twitter:card\" content=\"summary_large_image\" \/>\n<script type=\"application\/ld+json\" class=\"yoast-schema-graph\">{\"@context\":\"https:\\\/\\\/schema.org\",\"@graph\":[{\"@type\":\"WebPage\",\"@id\":\"https:\\\/\\\/promis.ro\\\/product\\\/kylie-set-set-format-dintr-un-pix-si-un-stilou-fara-cerneala-ambele-din-aluminiu-94-reciclat\\\/\",\"url\":\"https:\\\/\\\/promis.ro\\\/product\\\/kylie-set-set-format-dintr-un-pix-si-un-stilou-fara-cerneala-ambele-din-aluminiu-94-reciclat\\\/\",\"name\":\"KYLIE SET. Set format dintr-un pix \u0219i un stilou f\u0103r\u0103 cerneal\u0103, ambele din aluminiu (94% reciclat) - Promis.ro\",\"isPartOf\":{\"@id\":\"https:\\\/\\\/promis.ro\\\/#website\"},\"primaryImageOfPage\":{\"@id\":\"https:\\\/\\\/promis.ro\\\/product\\\/kylie-set-set-format-dintr-un-pix-si-un-stilou-fara-cerneala-ambele-din-aluminiu-94-reciclat\\\/#primaryimage\"},\"image\":{\"@id\":\"https:\\\/\\\/promis.ro\\\/product\\\/kylie-set-set-format-dintr-un-pix-si-un-stilou-fara-cerneala-ambele-din-aluminiu-94-reciclat\\\/#primaryimage\"},\"thumbnailUrl\":\"https:\\\/\\\/promis.ro\\\/wp-content\\\/uploads\\\/2026\\\/01\\\/91980_set.jpg\",\"datePublished\":\"2026-01-29T10:47:43+00:00\",\"dateModified\":\"2026-01-29T12:33:17+00:00\",\"description\":\"Set format dintr-un pix \u0219i un stilou f\u0103r\u0103 cerneal\u0103, ambele fabricate din aluminiu (94% reciclat). Pixul cu bil\u0103 are cerneal\u0103 albastr\u0103, iar stiloul f\u0103r\u0103\",\"breadcrumb\":{\"@id\":\"https:\\\/\\\/promis.ro\\\/product\\\/kylie-set-set-format-dintr-un-pix-si-un-stilou-fara-cerneala-ambele-din-aluminiu-94-reciclat\\\/#breadcrumb\"},\"inLanguage\":\"ro-RO\",\"potentialAction\":[{\"@type\":\"ReadAction\",\"target\":[\"https:\\\/\\\/promis.ro\\\/product\\\/kylie-set-set-format-dintr-un-pix-si-un-stilou-fara-cerneala-ambele-din-aluminiu-94-reciclat\\\/\"]}]},{\"@type\":\"ImageObject\",\"inLanguage\":\"ro-RO\",\"@id\":\"https:\\\/\\\/promis.ro\\\/product\\\/kylie-set-set-format-dintr-un-pix-si-un-stilou-fara-cerneala-ambele-din-aluminiu-94-reciclat\\\/#primaryimage\",\"url\":\"https:\\\/\\\/promis.ro\\\/wp-content\\\/uploads\\\/2026\\\/01\\\/91980_set.jpg\",\"contentUrl\":\"https:\\\/\\\/promis.ro\\\/wp-content\\\/uploads\\\/2026\\\/01\\\/91980_set.jpg\",\"width\":1000,\"height\":1000},{\"@type\":\"BreadcrumbList\",\"@id\":\"https:\\\/\\\/promis.ro\\\/product\\\/kylie-set-set-format-dintr-un-pix-si-un-stilou-fara-cerneala-ambele-din-aluminiu-94-reciclat\\\/#breadcrumb\",\"itemListElement\":[{\"@type\":\"ListItem\",\"position\":1,\"name\":\"Home\",\"item\":\"https:\\\/\\\/promis.ro\\\/\"},{\"@type\":\"ListItem\",\"position\":2,\"name\":\"Magazin\",\"item\":\"https:\\\/\\\/promis.ro\\\/magazin\\\/\"},{\"@type\":\"ListItem\",\"position\":3,\"name\":\"KYLIE SET. Set format dintr-un pix \u0219i un stilou f\u0103r\u0103 cerneal\u0103, ambele din aluminiu (94% reciclat)\"}]},{\"@type\":\"WebSite\",\"@id\":\"https:\\\/\\\/promis.ro\\\/#website\",\"url\":\"https:\\\/\\\/promis.ro\\\/\",\"name\":\"Promis.ro\",\"description\":\"\",\"potentialAction\":[{\"@type\":\"SearchAction\",\"target\":{\"@type\":\"EntryPoint\",\"urlTemplate\":\"https:\\\/\\\/promis.ro\\\/?s={search_term_string}\"},\"query-input\":{\"@type\":\"PropertyValueSpecification\",\"valueRequired\":true,\"valueName\":\"search_term_string\"}}],\"inLanguage\":\"ro-RO\"}]}<\/script>\n<!-- \/ Yoast SEO plugin. -->","yoast_head_json":{"title":"KYLIE SET. Set format dintr-un pix \u0219i un stilou f\u0103r\u0103 cerneal\u0103, ambele din aluminiu (94% reciclat) - Promis.ro","description":"Set format dintr-un pix \u0219i un stilou f\u0103r\u0103 cerneal\u0103, ambele fabricate din aluminiu (94% reciclat). Pixul cu bil\u0103 are cerneal\u0103 albastr\u0103, iar stiloul f\u0103r\u0103","robots":{"index":"index","follow":"follow","max-snippet":"max-snippet:-1","max-image-preview":"max-image-preview:large","max-video-preview":"max-video-preview:-1"},"canonical":"https:\/\/promis.ro\/ro\/produs\/kylie-set-set-format-dintr-un-pix-si-un-stilou-fara-cerneala-ambele-din-aluminiu-94-reciclat\/","og_locale":"ro_RO","og_type":"article","og_title":"KYLIE SET. Set format dintr-un pix \u0219i un stilou f\u0103r\u0103 cerneal\u0103, ambele din aluminiu (94% reciclat) - Promis.ro","og_description":"Set format dintr-un pix \u0219i un stilou f\u0103r\u0103 cerneal\u0103, ambele fabricate din aluminiu (94% reciclat). Pixul cu bil\u0103 are cerneal\u0103 albastr\u0103, iar stiloul f\u0103r\u0103","og_url":"https:\/\/promis.ro\/ro\/produs\/kylie-set-set-format-dintr-un-pix-si-un-stilou-fara-cerneala-ambele-din-aluminiu-94-reciclat\/","og_site_name":"Promis.ro","article_modified_time":"2026-01-29T12:33:17+00:00","og_image":[{"width":1000,"height":1000,"url":"https:\/\/promis.ro\/wp-content\/uploads\/2026\/01\/91980_set.jpg","type":"image\/jpeg"}],"twitter_card":"summary_large_image","schema":{"@context":"https:\/\/schema.org","@graph":[{"@type":"WebPage","@id":"https:\/\/promis.ro\/product\/kylie-set-set-format-dintr-un-pix-si-un-stilou-fara-cerneala-ambele-din-aluminiu-94-reciclat\/","url":"https:\/\/promis.ro\/product\/kylie-set-set-format-dintr-un-pix-si-un-stilou-fara-cerneala-ambele-din-aluminiu-94-reciclat\/","name":"KYLIE SET. Set format dintr-un pix \u0219i un stilou f\u0103r\u0103 cerneal\u0103, ambele din aluminiu (94% reciclat) - Promis.ro","isPartOf":{"@id":"https:\/\/promis.ro\/#website"},"primaryImageOfPage":{"@id":"https:\/\/promis.ro\/product\/kylie-set-set-format-dintr-un-pix-si-un-stilou-fara-cerneala-ambele-din-aluminiu-94-reciclat\/#primaryimage"},"image":{"@id":"https:\/\/promis.ro\/product\/kylie-set-set-format-dintr-un-pix-si-un-stilou-fara-cerneala-ambele-din-aluminiu-94-reciclat\/#primaryimage"},"thumbnailUrl":"https:\/\/promis.ro\/wp-content\/uploads\/2026\/01\/91980_set.jpg","datePublished":"2026-01-29T10:47:43+00:00","dateModified":"2026-01-29T12:33:17+00:00","description":"Set format dintr-un pix \u0219i un stilou f\u0103r\u0103 cerneal\u0103, ambele fabricate din aluminiu (94% reciclat). Pixul cu bil\u0103 are cerneal\u0103 albastr\u0103, iar stiloul f\u0103r\u0103","breadcrumb":{"@id":"https:\/\/promis.ro\/product\/kylie-set-set-format-dintr-un-pix-si-un-stilou-fara-cerneala-ambele-din-aluminiu-94-reciclat\/#breadcrumb"},"inLanguage":"ro-RO","potentialAction":[{"@type":"ReadAction","target":["https:\/\/promis.ro\/product\/kylie-set-set-format-dintr-un-pix-si-un-stilou-fara-cerneala-ambele-din-aluminiu-94-reciclat\/"]}]},{"@type":"ImageObject","inLanguage":"ro-RO","@id":"https:\/\/promis.ro\/product\/kylie-set-set-format-dintr-un-pix-si-un-stilou-fara-cerneala-ambele-din-aluminiu-94-reciclat\/#primaryimage","url":"https:\/\/promis.ro\/wp-content\/uploads\/2026\/01\/91980_set.jpg","contentUrl":"https:\/\/promis.ro\/wp-content\/uploads\/2026\/01\/91980_set.jpg","width":1000,"height":1000},{"@type":"BreadcrumbList","@id":"https:\/\/promis.ro\/product\/kylie-set-set-format-dintr-un-pix-si-un-stilou-fara-cerneala-ambele-din-aluminiu-94-reciclat\/#breadcrumb","itemListElement":[{"@type":"ListItem","position":1,"name":"Home","item":"https:\/\/promis.ro\/"},{"@type":"ListItem","position":2,"name":"Magazin","item":"https:\/\/promis.ro\/magazin\/"},{"@type":"ListItem","position":3,"name":"KYLIE SET. Set format dintr-un pix \u0219i un stilou f\u0103r\u0103 cerneal\u0103, ambele din aluminiu (94% reciclat)"}]},{"@type":"WebSite","@id":"https:\/\/promis.ro\/#website","url":"https:\/\/promis.ro\/","name":"Promis.ro","description":"","potentialAction":[{"@type":"SearchAction","target":{"@type":"EntryPoint","urlTemplate":"https:\/\/promis.ro\/?s={search_term_string}"},"query-input":{"@type":"PropertyValueSpecification","valueRequired":true,"valueName":"search_term_string"}}],"inLanguage":"ro-RO"}]}},"_links":{"self":[{"href":"https:\/\/promis.ro\/ro\/wp-json\/wp\/v2\/product\/270299","targetHints":{"allow":["GET"]}}],"collection":[{"href":"https:\/\/promis.ro\/ro\/wp-json\/wp\/v2\/product"}],"about":[{"href":"https:\/\/promis.ro\/ro\/wp-json\/wp\/v2\/types\/product"}],"replies":[{"embeddable":true,"href":"https:\/\/promis.ro\/ro\/wp-json\/wp\/v2\/comments?post=270299"}],"version-history":[{"count":0,"href":"https:\/\/promis.ro\/ro\/wp-json\/wp\/v2\/product\/270299\/revisions"}],"wp:featuredmedia":[{"embeddable":true,"href":"https:\/\/promis.ro\/ro\/wp-json\/wp\/v2\/media\/270298"}],"wp:attachment":[{"href":"https:\/\/promis.ro\/ro\/wp-json\/wp\/v2\/media?parent=270299"}],"wp:term":[{"taxonomy":"product_brand","embeddable":true,"href":"https:\/\/promis.ro\/ro\/wp-json\/wp\/v2\/product_brand?post=270299"},{"taxonomy":"product_cat","embeddable":true,"href":"https:\/\/promis.ro\/ro\/wp-json\/wp\/v2\/product_cat?post=270299"},{"taxonomy":"product_tag","embeddable":true,"href":"https:\/\/promis.ro\/ro\/wp-json\/wp\/v2\/product_tag?post=270299"}],"curies":[{"name":"wp","href":"https:\/\/api.w.org\/{rel}","templated":true}]}}