{"id":270322,"date":"2026-01-29T10:47:50","date_gmt":"2026-01-29T10:47:50","guid":{"rendered":"https:\/\/promis.ro\/product\/neil-bamboo-pix-din-bambus-cu-detalii-din-aluminiu-cromat\/"},"modified":"2026-01-29T12:33:19","modified_gmt":"2026-01-29T12:33:19","slug":"neil-bamboo-pix-din-bambus-cu-detalii-din-aluminiu-cromat","status":"publish","type":"product","link":"https:\/\/promis.ro\/ro\/produs\/neil-bamboo-pix-din-bambus-cu-detalii-din-aluminiu-cromat\/","title":{"rendered":"NEIL BAMBOO. Pix din bambus cu detalii din aluminiu cromat"},"content":{"rendered":"<p>Pix din bambus cu detalii din aluminiu cromat. Are un clip, un v\u00e2rf tactil \u00een partea superioar\u0103 \u0219i pasta albastr\u0103. Deoarece produsul este fabricat din materiale naturale, culoarea \u0219i precum \u0219i rezultatul printului pot varia de la un produs la altul. \u00f811 x 150 mm<\/p>","protected":false},"excerpt":{"rendered":"<p>Pix din bambus cu detalii din aluminiu cromat. Are un clip, un v\u00e2rf tactil \u00een partea superioar\u0103 \u0219i pasta albastr\u0103.<\/p>","protected":false},"featured_media":270318,"comment_status":"open","ping_status":"closed","template":"","meta":[],"product_brand":[],"product_cat":[175],"product_tag":[],"class_list":{"0":"post-270322","1":"product","2":"type-product","3":"status-publish","4":"has-post-thumbnail","6":"product_cat-scris","8":"first","9":"outofstock","10":"shipping-taxable","11":"purchasable","12":"product-type-simple"},"yoast_head":"<!-- This site is optimized with the Yoast SEO plugin v27.4 - https:\/\/yoast.com\/product\/yoast-seo-wordpress\/ -->\n<title>NEIL BAMBOO. Pix din bambus cu detalii din aluminiu cromat - Promis.ro<\/title>\n<meta name=\"description\" content=\"Pix din bambus cu detalii din aluminiu cromat. Are un clip, un v\u00e2rf tactil \u00een partea superioar\u0103 \u0219i pasta albastr\u0103. Deoarece produsul este fabricat din\" \/>\n<meta name=\"robots\" content=\"index, follow, max-snippet:-1, max-image-preview:large, max-video-preview:-1\" \/>\n<link rel=\"canonical\" href=\"https:\/\/promis.ro\/ro\/produs\/neil-bamboo-pix-din-bambus-cu-detalii-din-aluminiu-cromat\/\" \/>\n<meta property=\"og:locale\" content=\"ro_RO\" \/>\n<meta property=\"og:type\" content=\"article\" \/>\n<meta property=\"og:title\" content=\"NEIL BAMBOO. Pix din bambus cu detalii din aluminiu cromat - Promis.ro\" \/>\n<meta property=\"og:description\" content=\"Pix din bambus cu detalii din aluminiu cromat. Are un clip, un v\u00e2rf tactil \u00een partea superioar\u0103 \u0219i pasta albastr\u0103. Deoarece produsul este fabricat din\" \/>\n<meta property=\"og:url\" content=\"https:\/\/promis.ro\/ro\/produs\/neil-bamboo-pix-din-bambus-cu-detalii-din-aluminiu-cromat\/\" \/>\n<meta property=\"og:site_name\" content=\"Promis.ro\" \/>\n<meta property=\"article:modified_time\" content=\"2026-01-29T12:33:19+00:00\" \/>\n<meta property=\"og:image\" content=\"https:\/\/promis.ro\/wp-content\/uploads\/2026\/01\/91986_set.jpg\" \/>\n\t<meta property=\"og:image:width\" content=\"1000\" \/>\n\t<meta property=\"og:image:height\" content=\"1000\" \/>\n\t<meta property=\"og:image:type\" content=\"image\/jpeg\" \/>\n<meta name=\"twitter:card\" content=\"summary_large_image\" \/>\n<script type=\"application\/ld+json\" class=\"yoast-schema-graph\">{\"@context\":\"https:\\\/\\\/schema.org\",\"@graph\":[{\"@type\":\"WebPage\",\"@id\":\"https:\\\/\\\/promis.ro\\\/product\\\/neil-bamboo-pix-din-bambus-cu-detalii-din-aluminiu-cromat\\\/\",\"url\":\"https:\\\/\\\/promis.ro\\\/product\\\/neil-bamboo-pix-din-bambus-cu-detalii-din-aluminiu-cromat\\\/\",\"name\":\"NEIL BAMBOO. Pix din bambus cu detalii din aluminiu cromat - Promis.ro\",\"isPartOf\":{\"@id\":\"https:\\\/\\\/promis.ro\\\/#website\"},\"primaryImageOfPage\":{\"@id\":\"https:\\\/\\\/promis.ro\\\/product\\\/neil-bamboo-pix-din-bambus-cu-detalii-din-aluminiu-cromat\\\/#primaryimage\"},\"image\":{\"@id\":\"https:\\\/\\\/promis.ro\\\/product\\\/neil-bamboo-pix-din-bambus-cu-detalii-din-aluminiu-cromat\\\/#primaryimage\"},\"thumbnailUrl\":\"https:\\\/\\\/promis.ro\\\/wp-content\\\/uploads\\\/2026\\\/01\\\/91986_set.jpg\",\"datePublished\":\"2026-01-29T10:47:50+00:00\",\"dateModified\":\"2026-01-29T12:33:19+00:00\",\"description\":\"Pix din bambus cu detalii din aluminiu cromat. Are un clip, un v\u00e2rf tactil \u00een partea superioar\u0103 \u0219i pasta albastr\u0103. Deoarece produsul este fabricat din\",\"breadcrumb\":{\"@id\":\"https:\\\/\\\/promis.ro\\\/product\\\/neil-bamboo-pix-din-bambus-cu-detalii-din-aluminiu-cromat\\\/#breadcrumb\"},\"inLanguage\":\"ro-RO\",\"potentialAction\":[{\"@type\":\"ReadAction\",\"target\":[\"https:\\\/\\\/promis.ro\\\/product\\\/neil-bamboo-pix-din-bambus-cu-detalii-din-aluminiu-cromat\\\/\"]}]},{\"@type\":\"ImageObject\",\"inLanguage\":\"ro-RO\",\"@id\":\"https:\\\/\\\/promis.ro\\\/product\\\/neil-bamboo-pix-din-bambus-cu-detalii-din-aluminiu-cromat\\\/#primaryimage\",\"url\":\"https:\\\/\\\/promis.ro\\\/wp-content\\\/uploads\\\/2026\\\/01\\\/91986_set.jpg\",\"contentUrl\":\"https:\\\/\\\/promis.ro\\\/wp-content\\\/uploads\\\/2026\\\/01\\\/91986_set.jpg\",\"width\":1000,\"height\":1000},{\"@type\":\"BreadcrumbList\",\"@id\":\"https:\\\/\\\/promis.ro\\\/product\\\/neil-bamboo-pix-din-bambus-cu-detalii-din-aluminiu-cromat\\\/#breadcrumb\",\"itemListElement\":[{\"@type\":\"ListItem\",\"position\":1,\"name\":\"Home\",\"item\":\"https:\\\/\\\/promis.ro\\\/\"},{\"@type\":\"ListItem\",\"position\":2,\"name\":\"Magazin\",\"item\":\"https:\\\/\\\/promis.ro\\\/magazin\\\/\"},{\"@type\":\"ListItem\",\"position\":3,\"name\":\"NEIL BAMBOO. Pix din bambus cu detalii din aluminiu cromat\"}]},{\"@type\":\"WebSite\",\"@id\":\"https:\\\/\\\/promis.ro\\\/#website\",\"url\":\"https:\\\/\\\/promis.ro\\\/\",\"name\":\"Promis.ro\",\"description\":\"\",\"potentialAction\":[{\"@type\":\"SearchAction\",\"target\":{\"@type\":\"EntryPoint\",\"urlTemplate\":\"https:\\\/\\\/promis.ro\\\/?s={search_term_string}\"},\"query-input\":{\"@type\":\"PropertyValueSpecification\",\"valueRequired\":true,\"valueName\":\"search_term_string\"}}],\"inLanguage\":\"ro-RO\"}]}<\/script>\n<!-- \/ Yoast SEO plugin. -->","yoast_head_json":{"title":"NEIL BAMBOO. Pix din bambus cu detalii din aluminiu cromat - Promis.ro","description":"Pix din bambus cu detalii din aluminiu cromat. Are un clip, un v\u00e2rf tactil \u00een partea superioar\u0103 \u0219i pasta albastr\u0103. Deoarece produsul este fabricat din","robots":{"index":"index","follow":"follow","max-snippet":"max-snippet:-1","max-image-preview":"max-image-preview:large","max-video-preview":"max-video-preview:-1"},"canonical":"https:\/\/promis.ro\/ro\/produs\/neil-bamboo-pix-din-bambus-cu-detalii-din-aluminiu-cromat\/","og_locale":"ro_RO","og_type":"article","og_title":"NEIL BAMBOO. Pix din bambus cu detalii din aluminiu cromat - Promis.ro","og_description":"Pix din bambus cu detalii din aluminiu cromat. Are un clip, un v\u00e2rf tactil \u00een partea superioar\u0103 \u0219i pasta albastr\u0103. Deoarece produsul este fabricat din","og_url":"https:\/\/promis.ro\/ro\/produs\/neil-bamboo-pix-din-bambus-cu-detalii-din-aluminiu-cromat\/","og_site_name":"Promis.ro","article_modified_time":"2026-01-29T12:33:19+00:00","og_image":[{"width":1000,"height":1000,"url":"https:\/\/promis.ro\/wp-content\/uploads\/2026\/01\/91986_set.jpg","type":"image\/jpeg"}],"twitter_card":"summary_large_image","schema":{"@context":"https:\/\/schema.org","@graph":[{"@type":"WebPage","@id":"https:\/\/promis.ro\/product\/neil-bamboo-pix-din-bambus-cu-detalii-din-aluminiu-cromat\/","url":"https:\/\/promis.ro\/product\/neil-bamboo-pix-din-bambus-cu-detalii-din-aluminiu-cromat\/","name":"NEIL BAMBOO. Pix din bambus cu detalii din aluminiu cromat - Promis.ro","isPartOf":{"@id":"https:\/\/promis.ro\/#website"},"primaryImageOfPage":{"@id":"https:\/\/promis.ro\/product\/neil-bamboo-pix-din-bambus-cu-detalii-din-aluminiu-cromat\/#primaryimage"},"image":{"@id":"https:\/\/promis.ro\/product\/neil-bamboo-pix-din-bambus-cu-detalii-din-aluminiu-cromat\/#primaryimage"},"thumbnailUrl":"https:\/\/promis.ro\/wp-content\/uploads\/2026\/01\/91986_set.jpg","datePublished":"2026-01-29T10:47:50+00:00","dateModified":"2026-01-29T12:33:19+00:00","description":"Pix din bambus cu detalii din aluminiu cromat. Are un clip, un v\u00e2rf tactil \u00een partea superioar\u0103 \u0219i pasta albastr\u0103. Deoarece produsul este fabricat din","breadcrumb":{"@id":"https:\/\/promis.ro\/product\/neil-bamboo-pix-din-bambus-cu-detalii-din-aluminiu-cromat\/#breadcrumb"},"inLanguage":"ro-RO","potentialAction":[{"@type":"ReadAction","target":["https:\/\/promis.ro\/product\/neil-bamboo-pix-din-bambus-cu-detalii-din-aluminiu-cromat\/"]}]},{"@type":"ImageObject","inLanguage":"ro-RO","@id":"https:\/\/promis.ro\/product\/neil-bamboo-pix-din-bambus-cu-detalii-din-aluminiu-cromat\/#primaryimage","url":"https:\/\/promis.ro\/wp-content\/uploads\/2026\/01\/91986_set.jpg","contentUrl":"https:\/\/promis.ro\/wp-content\/uploads\/2026\/01\/91986_set.jpg","width":1000,"height":1000},{"@type":"BreadcrumbList","@id":"https:\/\/promis.ro\/product\/neil-bamboo-pix-din-bambus-cu-detalii-din-aluminiu-cromat\/#breadcrumb","itemListElement":[{"@type":"ListItem","position":1,"name":"Home","item":"https:\/\/promis.ro\/"},{"@type":"ListItem","position":2,"name":"Magazin","item":"https:\/\/promis.ro\/magazin\/"},{"@type":"ListItem","position":3,"name":"NEIL BAMBOO. Pix din bambus cu detalii din aluminiu cromat"}]},{"@type":"WebSite","@id":"https:\/\/promis.ro\/#website","url":"https:\/\/promis.ro\/","name":"Promis.ro","description":"","potentialAction":[{"@type":"SearchAction","target":{"@type":"EntryPoint","urlTemplate":"https:\/\/promis.ro\/?s={search_term_string}"},"query-input":{"@type":"PropertyValueSpecification","valueRequired":true,"valueName":"search_term_string"}}],"inLanguage":"ro-RO"}]}},"_links":{"self":[{"href":"https:\/\/promis.ro\/ro\/wp-json\/wp\/v2\/product\/270322","targetHints":{"allow":["GET"]}}],"collection":[{"href":"https:\/\/promis.ro\/ro\/wp-json\/wp\/v2\/product"}],"about":[{"href":"https:\/\/promis.ro\/ro\/wp-json\/wp\/v2\/types\/product"}],"replies":[{"embeddable":true,"href":"https:\/\/promis.ro\/ro\/wp-json\/wp\/v2\/comments?post=270322"}],"version-history":[{"count":0,"href":"https:\/\/promis.ro\/ro\/wp-json\/wp\/v2\/product\/270322\/revisions"}],"wp:featuredmedia":[{"embeddable":true,"href":"https:\/\/promis.ro\/ro\/wp-json\/wp\/v2\/media\/270318"}],"wp:attachment":[{"href":"https:\/\/promis.ro\/ro\/wp-json\/wp\/v2\/media?parent=270322"}],"wp:term":[{"taxonomy":"product_brand","embeddable":true,"href":"https:\/\/promis.ro\/ro\/wp-json\/wp\/v2\/product_brand?post=270322"},{"taxonomy":"product_cat","embeddable":true,"href":"https:\/\/promis.ro\/ro\/wp-json\/wp\/v2\/product_cat?post=270322"},{"taxonomy":"product_tag","embeddable":true,"href":"https:\/\/promis.ro\/ro\/wp-json\/wp\/v2\/product_tag?post=270322"}],"curies":[{"name":"wp","href":"https:\/\/api.w.org\/{rel}","templated":true}]}}