{"id":270350,"date":"2026-01-29T10:48:03","date_gmt":"2026-01-29T10:48:03","guid":{"rendered":"https:\/\/promis.ro\/product\/serpa-folder-a4-in-pluta\/"},"modified":"2026-01-29T12:33:20","modified_gmt":"2026-01-29T12:33:20","slug":"serpa-folder-a4-in-pluta","status":"publish","type":"product","link":"https:\/\/promis.ro\/ro\/produs\/serpa-folder-a4-in-pluta\/","title":{"rendered":"SERPA. Folder A4 \u00een plut\u0103"},"content":{"rendered":"<p>Mapa A4 \u00een plut\u0103, cu un bloc de 40 de pagini de filde\u0219 (70 g\/m\u00b2) realizat\u0103 din materiale certificate FSC\u2122 \u0219i alte materiale controlate, suport pentru pix (pix nu inclus) \u0219i elastic. Se livreaz\u0103 \u00eentr-o husa non-woven. Deoarece produsul este fabricat din materiale naturale, culoarea \u0219i precum \u0219i rezultatul printului pot varia de la un produs la altul. 239 x 307 x 17 mm | Husa: 285 x 350 mm<\/p>","protected":false},"excerpt":{"rendered":"<p>Mapa A4 \u00een plut\u0103, cu un bloc de 40 de pagini de filde\u0219 (70 g\/m\u00b2) realizat\u0103 din materiale certificate FSC\u2122<\/p>","protected":false},"featured_media":270345,"comment_status":"open","ping_status":"closed","template":"","meta":[],"product_brand":[],"product_cat":[171],"product_tag":[],"class_list":{"0":"post-270350","1":"product","2":"type-product","3":"status-publish","4":"has-post-thumbnail","6":"product_cat-birou-si-business","8":"first","9":"instock","10":"shipping-taxable","11":"purchasable","12":"product-type-simple"},"yoast_head":"<!-- This site is optimized with the Yoast SEO plugin v27.4 - https:\/\/yoast.com\/product\/yoast-seo-wordpress\/ -->\n<title>SERPA. Folder A4 \u00een plut\u0103 - Promis.ro<\/title>\n<meta name=\"description\" content=\"Mapa A4 \u00een plut\u0103, cu un bloc de 40 de pagini de filde\u0219 (70 g\/m\u00b2) realizat\u0103 din materiale certificate FSC\u2122 \u0219i alte materiale controlate, suport pentru pix\" \/>\n<meta name=\"robots\" content=\"index, follow, max-snippet:-1, max-image-preview:large, max-video-preview:-1\" \/>\n<link rel=\"canonical\" href=\"https:\/\/promis.ro\/ro\/produs\/serpa-folder-a4-in-pluta\/\" \/>\n<meta property=\"og:locale\" content=\"ro_RO\" \/>\n<meta property=\"og:type\" content=\"article\" \/>\n<meta property=\"og:title\" content=\"SERPA. Folder A4 \u00een plut\u0103 - Promis.ro\" \/>\n<meta property=\"og:description\" content=\"Mapa A4 \u00een plut\u0103, cu un bloc de 40 de pagini de filde\u0219 (70 g\/m\u00b2) realizat\u0103 din materiale certificate FSC\u2122 \u0219i alte materiale controlate, suport pentru pix\" \/>\n<meta property=\"og:url\" content=\"https:\/\/promis.ro\/ro\/produs\/serpa-folder-a4-in-pluta\/\" \/>\n<meta property=\"og:site_name\" content=\"Promis.ro\" \/>\n<meta property=\"article:modified_time\" content=\"2026-01-29T12:33:20+00:00\" \/>\n<meta property=\"og:image\" content=\"https:\/\/promis.ro\/wp-content\/uploads\/2026\/01\/92069_set.jpg\" \/>\n\t<meta property=\"og:image:width\" content=\"1000\" \/>\n\t<meta property=\"og:image:height\" content=\"1000\" \/>\n\t<meta property=\"og:image:type\" content=\"image\/jpeg\" \/>\n<meta name=\"twitter:card\" content=\"summary_large_image\" \/>\n<script type=\"application\/ld+json\" class=\"yoast-schema-graph\">{\"@context\":\"https:\\\/\\\/schema.org\",\"@graph\":[{\"@type\":\"WebPage\",\"@id\":\"https:\\\/\\\/promis.ro\\\/product\\\/serpa-folder-a4-in-pluta\\\/\",\"url\":\"https:\\\/\\\/promis.ro\\\/product\\\/serpa-folder-a4-in-pluta\\\/\",\"name\":\"SERPA. Folder A4 \u00een plut\u0103 - Promis.ro\",\"isPartOf\":{\"@id\":\"https:\\\/\\\/promis.ro\\\/#website\"},\"primaryImageOfPage\":{\"@id\":\"https:\\\/\\\/promis.ro\\\/product\\\/serpa-folder-a4-in-pluta\\\/#primaryimage\"},\"image\":{\"@id\":\"https:\\\/\\\/promis.ro\\\/product\\\/serpa-folder-a4-in-pluta\\\/#primaryimage\"},\"thumbnailUrl\":\"https:\\\/\\\/promis.ro\\\/wp-content\\\/uploads\\\/2026\\\/01\\\/92069_set.jpg\",\"datePublished\":\"2026-01-29T10:48:03+00:00\",\"dateModified\":\"2026-01-29T12:33:20+00:00\",\"description\":\"Mapa A4 \u00een plut\u0103, cu un bloc de 40 de pagini de filde\u0219 (70 g\\\/m\u00b2) realizat\u0103 din materiale certificate FSC\u2122 \u0219i alte materiale controlate, suport pentru pix\",\"breadcrumb\":{\"@id\":\"https:\\\/\\\/promis.ro\\\/product\\\/serpa-folder-a4-in-pluta\\\/#breadcrumb\"},\"inLanguage\":\"ro-RO\",\"potentialAction\":[{\"@type\":\"ReadAction\",\"target\":[\"https:\\\/\\\/promis.ro\\\/product\\\/serpa-folder-a4-in-pluta\\\/\"]}]},{\"@type\":\"ImageObject\",\"inLanguage\":\"ro-RO\",\"@id\":\"https:\\\/\\\/promis.ro\\\/product\\\/serpa-folder-a4-in-pluta\\\/#primaryimage\",\"url\":\"https:\\\/\\\/promis.ro\\\/wp-content\\\/uploads\\\/2026\\\/01\\\/92069_set.jpg\",\"contentUrl\":\"https:\\\/\\\/promis.ro\\\/wp-content\\\/uploads\\\/2026\\\/01\\\/92069_set.jpg\",\"width\":1000,\"height\":1000},{\"@type\":\"BreadcrumbList\",\"@id\":\"https:\\\/\\\/promis.ro\\\/product\\\/serpa-folder-a4-in-pluta\\\/#breadcrumb\",\"itemListElement\":[{\"@type\":\"ListItem\",\"position\":1,\"name\":\"Home\",\"item\":\"https:\\\/\\\/promis.ro\\\/\"},{\"@type\":\"ListItem\",\"position\":2,\"name\":\"Magazin\",\"item\":\"https:\\\/\\\/promis.ro\\\/magazin\\\/\"},{\"@type\":\"ListItem\",\"position\":3,\"name\":\"SERPA. Folder A4 \u00een plut\u0103\"}]},{\"@type\":\"WebSite\",\"@id\":\"https:\\\/\\\/promis.ro\\\/#website\",\"url\":\"https:\\\/\\\/promis.ro\\\/\",\"name\":\"Promis.ro\",\"description\":\"\",\"potentialAction\":[{\"@type\":\"SearchAction\",\"target\":{\"@type\":\"EntryPoint\",\"urlTemplate\":\"https:\\\/\\\/promis.ro\\\/?s={search_term_string}\"},\"query-input\":{\"@type\":\"PropertyValueSpecification\",\"valueRequired\":true,\"valueName\":\"search_term_string\"}}],\"inLanguage\":\"ro-RO\"}]}<\/script>\n<!-- \/ Yoast SEO plugin. -->","yoast_head_json":{"title":"SERPA. Folder A4 \u00een plut\u0103 - Promis.ro","description":"Mapa A4 \u00een plut\u0103, cu un bloc de 40 de pagini de filde\u0219 (70 g\/m\u00b2) realizat\u0103 din materiale certificate FSC\u2122 \u0219i alte materiale controlate, suport pentru pix","robots":{"index":"index","follow":"follow","max-snippet":"max-snippet:-1","max-image-preview":"max-image-preview:large","max-video-preview":"max-video-preview:-1"},"canonical":"https:\/\/promis.ro\/ro\/produs\/serpa-folder-a4-in-pluta\/","og_locale":"ro_RO","og_type":"article","og_title":"SERPA. Folder A4 \u00een plut\u0103 - Promis.ro","og_description":"Mapa A4 \u00een plut\u0103, cu un bloc de 40 de pagini de filde\u0219 (70 g\/m\u00b2) realizat\u0103 din materiale certificate FSC\u2122 \u0219i alte materiale controlate, suport pentru pix","og_url":"https:\/\/promis.ro\/ro\/produs\/serpa-folder-a4-in-pluta\/","og_site_name":"Promis.ro","article_modified_time":"2026-01-29T12:33:20+00:00","og_image":[{"width":1000,"height":1000,"url":"https:\/\/promis.ro\/wp-content\/uploads\/2026\/01\/92069_set.jpg","type":"image\/jpeg"}],"twitter_card":"summary_large_image","schema":{"@context":"https:\/\/schema.org","@graph":[{"@type":"WebPage","@id":"https:\/\/promis.ro\/product\/serpa-folder-a4-in-pluta\/","url":"https:\/\/promis.ro\/product\/serpa-folder-a4-in-pluta\/","name":"SERPA. Folder A4 \u00een plut\u0103 - Promis.ro","isPartOf":{"@id":"https:\/\/promis.ro\/#website"},"primaryImageOfPage":{"@id":"https:\/\/promis.ro\/product\/serpa-folder-a4-in-pluta\/#primaryimage"},"image":{"@id":"https:\/\/promis.ro\/product\/serpa-folder-a4-in-pluta\/#primaryimage"},"thumbnailUrl":"https:\/\/promis.ro\/wp-content\/uploads\/2026\/01\/92069_set.jpg","datePublished":"2026-01-29T10:48:03+00:00","dateModified":"2026-01-29T12:33:20+00:00","description":"Mapa A4 \u00een plut\u0103, cu un bloc de 40 de pagini de filde\u0219 (70 g\/m\u00b2) realizat\u0103 din materiale certificate FSC\u2122 \u0219i alte materiale controlate, suport pentru pix","breadcrumb":{"@id":"https:\/\/promis.ro\/product\/serpa-folder-a4-in-pluta\/#breadcrumb"},"inLanguage":"ro-RO","potentialAction":[{"@type":"ReadAction","target":["https:\/\/promis.ro\/product\/serpa-folder-a4-in-pluta\/"]}]},{"@type":"ImageObject","inLanguage":"ro-RO","@id":"https:\/\/promis.ro\/product\/serpa-folder-a4-in-pluta\/#primaryimage","url":"https:\/\/promis.ro\/wp-content\/uploads\/2026\/01\/92069_set.jpg","contentUrl":"https:\/\/promis.ro\/wp-content\/uploads\/2026\/01\/92069_set.jpg","width":1000,"height":1000},{"@type":"BreadcrumbList","@id":"https:\/\/promis.ro\/product\/serpa-folder-a4-in-pluta\/#breadcrumb","itemListElement":[{"@type":"ListItem","position":1,"name":"Home","item":"https:\/\/promis.ro\/"},{"@type":"ListItem","position":2,"name":"Magazin","item":"https:\/\/promis.ro\/magazin\/"},{"@type":"ListItem","position":3,"name":"SERPA. Folder A4 \u00een plut\u0103"}]},{"@type":"WebSite","@id":"https:\/\/promis.ro\/#website","url":"https:\/\/promis.ro\/","name":"Promis.ro","description":"","potentialAction":[{"@type":"SearchAction","target":{"@type":"EntryPoint","urlTemplate":"https:\/\/promis.ro\/?s={search_term_string}"},"query-input":{"@type":"PropertyValueSpecification","valueRequired":true,"valueName":"search_term_string"}}],"inLanguage":"ro-RO"}]}},"_links":{"self":[{"href":"https:\/\/promis.ro\/ro\/wp-json\/wp\/v2\/product\/270350","targetHints":{"allow":["GET"]}}],"collection":[{"href":"https:\/\/promis.ro\/ro\/wp-json\/wp\/v2\/product"}],"about":[{"href":"https:\/\/promis.ro\/ro\/wp-json\/wp\/v2\/types\/product"}],"replies":[{"embeddable":true,"href":"https:\/\/promis.ro\/ro\/wp-json\/wp\/v2\/comments?post=270350"}],"version-history":[{"count":0,"href":"https:\/\/promis.ro\/ro\/wp-json\/wp\/v2\/product\/270350\/revisions"}],"wp:featuredmedia":[{"embeddable":true,"href":"https:\/\/promis.ro\/ro\/wp-json\/wp\/v2\/media\/270345"}],"wp:attachment":[{"href":"https:\/\/promis.ro\/ro\/wp-json\/wp\/v2\/media?parent=270350"}],"wp:term":[{"taxonomy":"product_brand","embeddable":true,"href":"https:\/\/promis.ro\/ro\/wp-json\/wp\/v2\/product_brand?post=270350"},{"taxonomy":"product_cat","embeddable":true,"href":"https:\/\/promis.ro\/ro\/wp-json\/wp\/v2\/product_cat?post=270350"},{"taxonomy":"product_tag","embeddable":true,"href":"https:\/\/promis.ro\/ro\/wp-json\/wp\/v2\/product_tag?post=270350"}],"curies":[{"name":"wp","href":"https:\/\/api.w.org\/{rel}","templated":true}]}}