{"id":270362,"date":"2026-01-29T10:48:07","date_gmt":"2026-01-29T10:48:07","guid":{"rendered":"https:\/\/promis.ro\/product\/gibraltar-punga-cadou-din-bumbac-reciclat-70-poliester-30-rpet-140-g-m%c2%b2\/"},"modified":"2026-01-29T12:33:22","modified_gmt":"2026-01-29T12:33:22","slug":"gibraltar-punga-cadou-din-bumbac-reciclat-70-poliester-30-rpet-140-g-m%c2%b2","status":"publish","type":"product","link":"https:\/\/promis.ro\/ro\/produs\/gibraltar-punga-cadou-din-bumbac-reciclat-70-poliester-30-rpet-140-g-m%c2%b2\/","title":{"rendered":"GIBRALTAR. Punga cadou din bumbac reciclat (70%), poliester (30% rPET) (140 g\/m\u00b2)"},"content":{"rendered":"<p>Punga cadou din bumbac reciclat (70%), poliester (30% rPET) (140 g\/m\u00b2) \u0219i m\u00e2nere din bumbac. Bumbacul reciclat nu este vopsit. Materia prim\u0103 este utilizat\u0103 \u00een forma \u0219i culoarea sa original\u0103, f\u0103r\u0103 utilizarea de substan\u021be chimice de vopsire sau albire, contribuind la un impact mai redus. Promo\u021bie cu reducere de p\u00e2n\u0103 la 15% valabil\u0103 \u00een perioada 03\/11\/2025 &#8211; 06\/01\/2026 \u0219i limitat\u0103 la stocul existent. Pentru mai multe informa\u021bii despre condi\u021biile acestei promo\u021bii, v\u0103 rug\u0103m s\u0103 contacta\u021bi managerul de cont. 140 x 200 mm<\/p>","protected":false},"excerpt":{"rendered":"<p>Punga cadou din bumbac reciclat (70%), poliester (30% rPET) (140 g\/m\u00b2) \u0219i m\u00e2nere din bumbac. Bumbacul reciclat nu este vopsit.<\/p>","protected":false},"featured_media":270357,"comment_status":"open","ping_status":"closed","template":"","meta":[],"product_brand":[],"product_cat":[174],"product_tag":[],"class_list":{"0":"post-270362","1":"product","2":"type-product","3":"status-publish","4":"has-post-thumbnail","6":"product_cat-pungi","8":"first","9":"instock","10":"shipping-taxable","11":"purchasable","12":"product-type-simple"},"yoast_head":"<!-- This site is optimized with the Yoast SEO plugin v27.4 - https:\/\/yoast.com\/product\/yoast-seo-wordpress\/ -->\n<title>GIBRALTAR. Punga cadou din bumbac reciclat (70%), poliester (30% rPET) (140 g\/m\u00b2) - Promis.ro<\/title>\n<meta name=\"description\" content=\"Punga cadou din bumbac reciclat (70%), poliester (30% rPET) (140 g\/m\u00b2) \u0219i m\u00e2nere din bumbac. Bumbacul reciclat nu este vopsit. Materia prim\u0103 este\" \/>\n<meta name=\"robots\" content=\"index, follow, max-snippet:-1, max-image-preview:large, max-video-preview:-1\" \/>\n<link rel=\"canonical\" href=\"https:\/\/promis.ro\/ro\/produs\/gibraltar-punga-cadou-din-bumbac-reciclat-70-poliester-30-rpet-140-g-m\u00b2\/\" \/>\n<meta property=\"og:locale\" content=\"ro_RO\" \/>\n<meta property=\"og:type\" content=\"article\" \/>\n<meta property=\"og:title\" content=\"GIBRALTAR. Punga cadou din bumbac reciclat (70%), poliester (30% rPET) (140 g\/m\u00b2) - Promis.ro\" \/>\n<meta property=\"og:description\" content=\"Punga cadou din bumbac reciclat (70%), poliester (30% rPET) (140 g\/m\u00b2) \u0219i m\u00e2nere din bumbac. Bumbacul reciclat nu este vopsit. Materia prim\u0103 este\" \/>\n<meta property=\"og:url\" content=\"https:\/\/promis.ro\/ro\/produs\/gibraltar-punga-cadou-din-bumbac-reciclat-70-poliester-30-rpet-140-g-m\u00b2\/\" \/>\n<meta property=\"og:site_name\" content=\"Promis.ro\" \/>\n<meta property=\"article:modified_time\" content=\"2026-01-29T12:33:22+00:00\" \/>\n<meta property=\"og:image\" content=\"https:\/\/promis.ro\/wp-content\/uploads\/2026\/01\/92076_set.jpg\" \/>\n\t<meta property=\"og:image:width\" content=\"1000\" \/>\n\t<meta property=\"og:image:height\" content=\"1000\" \/>\n\t<meta property=\"og:image:type\" content=\"image\/jpeg\" \/>\n<meta name=\"twitter:card\" content=\"summary_large_image\" \/>\n<script type=\"application\/ld+json\" class=\"yoast-schema-graph\">{\"@context\":\"https:\\\/\\\/schema.org\",\"@graph\":[{\"@type\":\"WebPage\",\"@id\":\"https:\\\/\\\/promis.ro\\\/product\\\/gibraltar-punga-cadou-din-bumbac-reciclat-70-poliester-30-rpet-140-g-m%c2%b2\\\/\",\"url\":\"https:\\\/\\\/promis.ro\\\/product\\\/gibraltar-punga-cadou-din-bumbac-reciclat-70-poliester-30-rpet-140-g-m%c2%b2\\\/\",\"name\":\"GIBRALTAR. Punga cadou din bumbac reciclat (70%), poliester (30% rPET) (140 g\\\/m\u00b2) - Promis.ro\",\"isPartOf\":{\"@id\":\"https:\\\/\\\/promis.ro\\\/#website\"},\"primaryImageOfPage\":{\"@id\":\"https:\\\/\\\/promis.ro\\\/product\\\/gibraltar-punga-cadou-din-bumbac-reciclat-70-poliester-30-rpet-140-g-m%c2%b2\\\/#primaryimage\"},\"image\":{\"@id\":\"https:\\\/\\\/promis.ro\\\/product\\\/gibraltar-punga-cadou-din-bumbac-reciclat-70-poliester-30-rpet-140-g-m%c2%b2\\\/#primaryimage\"},\"thumbnailUrl\":\"https:\\\/\\\/promis.ro\\\/wp-content\\\/uploads\\\/2026\\\/01\\\/92076_set.jpg\",\"datePublished\":\"2026-01-29T10:48:07+00:00\",\"dateModified\":\"2026-01-29T12:33:22+00:00\",\"description\":\"Punga cadou din bumbac reciclat (70%), poliester (30% rPET) (140 g\\\/m\u00b2) \u0219i m\u00e2nere din bumbac. Bumbacul reciclat nu este vopsit. Materia prim\u0103 este\",\"breadcrumb\":{\"@id\":\"https:\\\/\\\/promis.ro\\\/product\\\/gibraltar-punga-cadou-din-bumbac-reciclat-70-poliester-30-rpet-140-g-m%c2%b2\\\/#breadcrumb\"},\"inLanguage\":\"ro-RO\",\"potentialAction\":[{\"@type\":\"ReadAction\",\"target\":[\"https:\\\/\\\/promis.ro\\\/product\\\/gibraltar-punga-cadou-din-bumbac-reciclat-70-poliester-30-rpet-140-g-m%c2%b2\\\/\"]}]},{\"@type\":\"ImageObject\",\"inLanguage\":\"ro-RO\",\"@id\":\"https:\\\/\\\/promis.ro\\\/product\\\/gibraltar-punga-cadou-din-bumbac-reciclat-70-poliester-30-rpet-140-g-m%c2%b2\\\/#primaryimage\",\"url\":\"https:\\\/\\\/promis.ro\\\/wp-content\\\/uploads\\\/2026\\\/01\\\/92076_set.jpg\",\"contentUrl\":\"https:\\\/\\\/promis.ro\\\/wp-content\\\/uploads\\\/2026\\\/01\\\/92076_set.jpg\",\"width\":1000,\"height\":1000},{\"@type\":\"BreadcrumbList\",\"@id\":\"https:\\\/\\\/promis.ro\\\/product\\\/gibraltar-punga-cadou-din-bumbac-reciclat-70-poliester-30-rpet-140-g-m%c2%b2\\\/#breadcrumb\",\"itemListElement\":[{\"@type\":\"ListItem\",\"position\":1,\"name\":\"Home\",\"item\":\"https:\\\/\\\/promis.ro\\\/\"},{\"@type\":\"ListItem\",\"position\":2,\"name\":\"Magazin\",\"item\":\"https:\\\/\\\/promis.ro\\\/magazin\\\/\"},{\"@type\":\"ListItem\",\"position\":3,\"name\":\"GIBRALTAR. Punga cadou din bumbac reciclat (70%), poliester (30% rPET) (140 g\\\/m\u00b2)\"}]},{\"@type\":\"WebSite\",\"@id\":\"https:\\\/\\\/promis.ro\\\/#website\",\"url\":\"https:\\\/\\\/promis.ro\\\/\",\"name\":\"Promis.ro\",\"description\":\"\",\"potentialAction\":[{\"@type\":\"SearchAction\",\"target\":{\"@type\":\"EntryPoint\",\"urlTemplate\":\"https:\\\/\\\/promis.ro\\\/?s={search_term_string}\"},\"query-input\":{\"@type\":\"PropertyValueSpecification\",\"valueRequired\":true,\"valueName\":\"search_term_string\"}}],\"inLanguage\":\"ro-RO\"}]}<\/script>\n<!-- \/ Yoast SEO plugin. -->","yoast_head_json":{"title":"GIBRALTAR. Punga cadou din bumbac reciclat (70%), poliester (30% rPET) (140 g\/m\u00b2) - Promis.ro","description":"Punga cadou din bumbac reciclat (70%), poliester (30% rPET) (140 g\/m\u00b2) \u0219i m\u00e2nere din bumbac. Bumbacul reciclat nu este vopsit. Materia prim\u0103 este","robots":{"index":"index","follow":"follow","max-snippet":"max-snippet:-1","max-image-preview":"max-image-preview:large","max-video-preview":"max-video-preview:-1"},"canonical":"https:\/\/promis.ro\/ro\/produs\/gibraltar-punga-cadou-din-bumbac-reciclat-70-poliester-30-rpet-140-g-m\u00b2\/","og_locale":"ro_RO","og_type":"article","og_title":"GIBRALTAR. Punga cadou din bumbac reciclat (70%), poliester (30% rPET) (140 g\/m\u00b2) - Promis.ro","og_description":"Punga cadou din bumbac reciclat (70%), poliester (30% rPET) (140 g\/m\u00b2) \u0219i m\u00e2nere din bumbac. Bumbacul reciclat nu este vopsit. Materia prim\u0103 este","og_url":"https:\/\/promis.ro\/ro\/produs\/gibraltar-punga-cadou-din-bumbac-reciclat-70-poliester-30-rpet-140-g-m\u00b2\/","og_site_name":"Promis.ro","article_modified_time":"2026-01-29T12:33:22+00:00","og_image":[{"width":1000,"height":1000,"url":"https:\/\/promis.ro\/wp-content\/uploads\/2026\/01\/92076_set.jpg","type":"image\/jpeg"}],"twitter_card":"summary_large_image","schema":{"@context":"https:\/\/schema.org","@graph":[{"@type":"WebPage","@id":"https:\/\/promis.ro\/product\/gibraltar-punga-cadou-din-bumbac-reciclat-70-poliester-30-rpet-140-g-m%c2%b2\/","url":"https:\/\/promis.ro\/product\/gibraltar-punga-cadou-din-bumbac-reciclat-70-poliester-30-rpet-140-g-m%c2%b2\/","name":"GIBRALTAR. Punga cadou din bumbac reciclat (70%), poliester (30% rPET) (140 g\/m\u00b2) - Promis.ro","isPartOf":{"@id":"https:\/\/promis.ro\/#website"},"primaryImageOfPage":{"@id":"https:\/\/promis.ro\/product\/gibraltar-punga-cadou-din-bumbac-reciclat-70-poliester-30-rpet-140-g-m%c2%b2\/#primaryimage"},"image":{"@id":"https:\/\/promis.ro\/product\/gibraltar-punga-cadou-din-bumbac-reciclat-70-poliester-30-rpet-140-g-m%c2%b2\/#primaryimage"},"thumbnailUrl":"https:\/\/promis.ro\/wp-content\/uploads\/2026\/01\/92076_set.jpg","datePublished":"2026-01-29T10:48:07+00:00","dateModified":"2026-01-29T12:33:22+00:00","description":"Punga cadou din bumbac reciclat (70%), poliester (30% rPET) (140 g\/m\u00b2) \u0219i m\u00e2nere din bumbac. Bumbacul reciclat nu este vopsit. Materia prim\u0103 este","breadcrumb":{"@id":"https:\/\/promis.ro\/product\/gibraltar-punga-cadou-din-bumbac-reciclat-70-poliester-30-rpet-140-g-m%c2%b2\/#breadcrumb"},"inLanguage":"ro-RO","potentialAction":[{"@type":"ReadAction","target":["https:\/\/promis.ro\/product\/gibraltar-punga-cadou-din-bumbac-reciclat-70-poliester-30-rpet-140-g-m%c2%b2\/"]}]},{"@type":"ImageObject","inLanguage":"ro-RO","@id":"https:\/\/promis.ro\/product\/gibraltar-punga-cadou-din-bumbac-reciclat-70-poliester-30-rpet-140-g-m%c2%b2\/#primaryimage","url":"https:\/\/promis.ro\/wp-content\/uploads\/2026\/01\/92076_set.jpg","contentUrl":"https:\/\/promis.ro\/wp-content\/uploads\/2026\/01\/92076_set.jpg","width":1000,"height":1000},{"@type":"BreadcrumbList","@id":"https:\/\/promis.ro\/product\/gibraltar-punga-cadou-din-bumbac-reciclat-70-poliester-30-rpet-140-g-m%c2%b2\/#breadcrumb","itemListElement":[{"@type":"ListItem","position":1,"name":"Home","item":"https:\/\/promis.ro\/"},{"@type":"ListItem","position":2,"name":"Magazin","item":"https:\/\/promis.ro\/magazin\/"},{"@type":"ListItem","position":3,"name":"GIBRALTAR. Punga cadou din bumbac reciclat (70%), poliester (30% rPET) (140 g\/m\u00b2)"}]},{"@type":"WebSite","@id":"https:\/\/promis.ro\/#website","url":"https:\/\/promis.ro\/","name":"Promis.ro","description":"","potentialAction":[{"@type":"SearchAction","target":{"@type":"EntryPoint","urlTemplate":"https:\/\/promis.ro\/?s={search_term_string}"},"query-input":{"@type":"PropertyValueSpecification","valueRequired":true,"valueName":"search_term_string"}}],"inLanguage":"ro-RO"}]}},"_links":{"self":[{"href":"https:\/\/promis.ro\/ro\/wp-json\/wp\/v2\/product\/270362","targetHints":{"allow":["GET"]}}],"collection":[{"href":"https:\/\/promis.ro\/ro\/wp-json\/wp\/v2\/product"}],"about":[{"href":"https:\/\/promis.ro\/ro\/wp-json\/wp\/v2\/types\/product"}],"replies":[{"embeddable":true,"href":"https:\/\/promis.ro\/ro\/wp-json\/wp\/v2\/comments?post=270362"}],"version-history":[{"count":0,"href":"https:\/\/promis.ro\/ro\/wp-json\/wp\/v2\/product\/270362\/revisions"}],"wp:featuredmedia":[{"embeddable":true,"href":"https:\/\/promis.ro\/ro\/wp-json\/wp\/v2\/media\/270357"}],"wp:attachment":[{"href":"https:\/\/promis.ro\/ro\/wp-json\/wp\/v2\/media?parent=270362"}],"wp:term":[{"taxonomy":"product_brand","embeddable":true,"href":"https:\/\/promis.ro\/ro\/wp-json\/wp\/v2\/product_brand?post=270362"},{"taxonomy":"product_cat","embeddable":true,"href":"https:\/\/promis.ro\/ro\/wp-json\/wp\/v2\/product_cat?post=270362"},{"taxonomy":"product_tag","embeddable":true,"href":"https:\/\/promis.ro\/ro\/wp-json\/wp\/v2\/product_tag?post=270362"}],"curies":[{"name":"wp","href":"https:\/\/api.w.org\/{rel}","templated":true}]}}