{"id":270380,"date":"2026-01-29T10:48:13","date_gmt":"2026-01-29T10:48:13","guid":{"rendered":"https:\/\/promis.ro\/product\/brooklyn-rucsac-pentru-laptop-15\/"},"modified":"2026-01-29T12:33:22","modified_gmt":"2026-01-29T12:33:22","slug":"brooklyn-rucsac-pentru-laptop-15","status":"publish","type":"product","link":"https:\/\/promis.ro\/ro\/produs\/brooklyn-rucsac-pentru-laptop-15\/","title":{"rendered":"BROOKLYN. Rucsac pentru laptop 15&#8243;"},"content":{"rendered":"<p>Rucsac pentru laptop cu finisaj impermeabil, ideal \u00een orice perioad\u0103 a anului. Unul dintre buzunarele frontale este blocat RFID, asigur\u00e2nd o mai mare siguran\u021b\u0103 \u0219i protec\u021bie.Material exterior: nailon impermeabil 2ToneBuzunar pentru computer\/tablet\u0103: 15\/10.5\u201e\u201dCapacitate (L): 14Compartimente: 2 compartimente principale, compartimentul c\u0103ptu\u0219it cu 2 separatoareBuzunare exterioare: 2 buzunare frontale cu fermoar, dintre care unul are blocare RFID \u0219i 2 buzunare laterale, dintre care unul este pentru umbrel\u0103Panou spate: c\u0103ptu\u0219it cu curea pentru troler \u0219i buzunar ascunsCaracteristici suplimentare: curele c\u0103ptu\u0219ite pentru umeri\u201d 320 x 450 x 140 mm<\/p>","protected":false},"excerpt":{"rendered":"<p>Rucsac pentru laptop cu finisaj impermeabil, ideal \u00een orice perioad\u0103 a anului. Unul dintre buzunarele frontale este blocat RFID, asigur\u00e2nd<\/p>","protected":false},"featured_media":270375,"comment_status":"open","ping_status":"closed","template":"","meta":[],"product_brand":[],"product_cat":[169],"product_tag":[],"class_list":{"0":"post-270380","1":"product","2":"type-product","3":"status-publish","4":"has-post-thumbnail","6":"product_cat-ghiozdane","8":"first","9":"instock","10":"shipping-taxable","11":"purchasable","12":"product-type-simple"},"yoast_head":"<!-- This site is optimized with the Yoast SEO plugin v27.4 - https:\/\/yoast.com\/product\/yoast-seo-wordpress\/ -->\n<title>BROOKLYN. Rucsac pentru laptop 15&quot; - Promis.ro<\/title>\n<meta name=\"description\" content=\"Rucsac pentru laptop cu finisaj impermeabil, ideal \u00een orice perioad\u0103 a anului. Unul dintre buzunarele frontale este blocat RFID, asigur\u00e2nd o mai mare\" \/>\n<meta name=\"robots\" content=\"index, follow, max-snippet:-1, max-image-preview:large, max-video-preview:-1\" \/>\n<link rel=\"canonical\" href=\"https:\/\/promis.ro\/ro\/produs\/brooklyn-rucsac-pentru-laptop-15\/\" \/>\n<meta property=\"og:locale\" content=\"ro_RO\" \/>\n<meta property=\"og:type\" content=\"article\" \/>\n<meta property=\"og:title\" content=\"BROOKLYN. Rucsac pentru laptop 15&quot; - Promis.ro\" \/>\n<meta property=\"og:description\" content=\"Rucsac pentru laptop cu finisaj impermeabil, ideal \u00een orice perioad\u0103 a anului. Unul dintre buzunarele frontale este blocat RFID, asigur\u00e2nd o mai mare\" \/>\n<meta property=\"og:url\" content=\"https:\/\/promis.ro\/ro\/produs\/brooklyn-rucsac-pentru-laptop-15\/\" \/>\n<meta property=\"og:site_name\" content=\"Promis.ro\" \/>\n<meta property=\"article:modified_time\" content=\"2026-01-29T12:33:22+00:00\" \/>\n<meta property=\"og:image\" content=\"https:\/\/promis.ro\/wp-content\/uploads\/2026\/01\/92081_set.jpg\" \/>\n\t<meta property=\"og:image:width\" content=\"1000\" \/>\n\t<meta property=\"og:image:height\" content=\"1000\" \/>\n\t<meta property=\"og:image:type\" content=\"image\/jpeg\" \/>\n<meta name=\"twitter:card\" content=\"summary_large_image\" \/>\n<script type=\"application\/ld+json\" class=\"yoast-schema-graph\">{\"@context\":\"https:\\\/\\\/schema.org\",\"@graph\":[{\"@type\":\"WebPage\",\"@id\":\"https:\\\/\\\/promis.ro\\\/product\\\/brooklyn-rucsac-pentru-laptop-15\\\/\",\"url\":\"https:\\\/\\\/promis.ro\\\/product\\\/brooklyn-rucsac-pentru-laptop-15\\\/\",\"name\":\"BROOKLYN. Rucsac pentru laptop 15\\\" - Promis.ro\",\"isPartOf\":{\"@id\":\"https:\\\/\\\/promis.ro\\\/#website\"},\"primaryImageOfPage\":{\"@id\":\"https:\\\/\\\/promis.ro\\\/product\\\/brooklyn-rucsac-pentru-laptop-15\\\/#primaryimage\"},\"image\":{\"@id\":\"https:\\\/\\\/promis.ro\\\/product\\\/brooklyn-rucsac-pentru-laptop-15\\\/#primaryimage\"},\"thumbnailUrl\":\"https:\\\/\\\/promis.ro\\\/wp-content\\\/uploads\\\/2026\\\/01\\\/92081_set.jpg\",\"datePublished\":\"2026-01-29T10:48:13+00:00\",\"dateModified\":\"2026-01-29T12:33:22+00:00\",\"description\":\"Rucsac pentru laptop cu finisaj impermeabil, ideal \u00een orice perioad\u0103 a anului. Unul dintre buzunarele frontale este blocat RFID, asigur\u00e2nd o mai mare\",\"breadcrumb\":{\"@id\":\"https:\\\/\\\/promis.ro\\\/product\\\/brooklyn-rucsac-pentru-laptop-15\\\/#breadcrumb\"},\"inLanguage\":\"ro-RO\",\"potentialAction\":[{\"@type\":\"ReadAction\",\"target\":[\"https:\\\/\\\/promis.ro\\\/product\\\/brooklyn-rucsac-pentru-laptop-15\\\/\"]}]},{\"@type\":\"ImageObject\",\"inLanguage\":\"ro-RO\",\"@id\":\"https:\\\/\\\/promis.ro\\\/product\\\/brooklyn-rucsac-pentru-laptop-15\\\/#primaryimage\",\"url\":\"https:\\\/\\\/promis.ro\\\/wp-content\\\/uploads\\\/2026\\\/01\\\/92081_set.jpg\",\"contentUrl\":\"https:\\\/\\\/promis.ro\\\/wp-content\\\/uploads\\\/2026\\\/01\\\/92081_set.jpg\",\"width\":1000,\"height\":1000},{\"@type\":\"BreadcrumbList\",\"@id\":\"https:\\\/\\\/promis.ro\\\/product\\\/brooklyn-rucsac-pentru-laptop-15\\\/#breadcrumb\",\"itemListElement\":[{\"@type\":\"ListItem\",\"position\":1,\"name\":\"Home\",\"item\":\"https:\\\/\\\/promis.ro\\\/\"},{\"@type\":\"ListItem\",\"position\":2,\"name\":\"Magazin\",\"item\":\"https:\\\/\\\/promis.ro\\\/magazin\\\/\"},{\"@type\":\"ListItem\",\"position\":3,\"name\":\"BROOKLYN. Rucsac pentru laptop 15&#8243;\"}]},{\"@type\":\"WebSite\",\"@id\":\"https:\\\/\\\/promis.ro\\\/#website\",\"url\":\"https:\\\/\\\/promis.ro\\\/\",\"name\":\"Promis.ro\",\"description\":\"\",\"potentialAction\":[{\"@type\":\"SearchAction\",\"target\":{\"@type\":\"EntryPoint\",\"urlTemplate\":\"https:\\\/\\\/promis.ro\\\/?s={search_term_string}\"},\"query-input\":{\"@type\":\"PropertyValueSpecification\",\"valueRequired\":true,\"valueName\":\"search_term_string\"}}],\"inLanguage\":\"ro-RO\"}]}<\/script>\n<!-- \/ Yoast SEO plugin. -->","yoast_head_json":{"title":"BROOKLYN. Rucsac pentru laptop 15\" - Promis.ro","description":"Rucsac pentru laptop cu finisaj impermeabil, ideal \u00een orice perioad\u0103 a anului. Unul dintre buzunarele frontale este blocat RFID, asigur\u00e2nd o mai mare","robots":{"index":"index","follow":"follow","max-snippet":"max-snippet:-1","max-image-preview":"max-image-preview:large","max-video-preview":"max-video-preview:-1"},"canonical":"https:\/\/promis.ro\/ro\/produs\/brooklyn-rucsac-pentru-laptop-15\/","og_locale":"ro_RO","og_type":"article","og_title":"BROOKLYN. Rucsac pentru laptop 15\" - Promis.ro","og_description":"Rucsac pentru laptop cu finisaj impermeabil, ideal \u00een orice perioad\u0103 a anului. Unul dintre buzunarele frontale este blocat RFID, asigur\u00e2nd o mai mare","og_url":"https:\/\/promis.ro\/ro\/produs\/brooklyn-rucsac-pentru-laptop-15\/","og_site_name":"Promis.ro","article_modified_time":"2026-01-29T12:33:22+00:00","og_image":[{"width":1000,"height":1000,"url":"https:\/\/promis.ro\/wp-content\/uploads\/2026\/01\/92081_set.jpg","type":"image\/jpeg"}],"twitter_card":"summary_large_image","schema":{"@context":"https:\/\/schema.org","@graph":[{"@type":"WebPage","@id":"https:\/\/promis.ro\/product\/brooklyn-rucsac-pentru-laptop-15\/","url":"https:\/\/promis.ro\/product\/brooklyn-rucsac-pentru-laptop-15\/","name":"BROOKLYN. Rucsac pentru laptop 15\" - Promis.ro","isPartOf":{"@id":"https:\/\/promis.ro\/#website"},"primaryImageOfPage":{"@id":"https:\/\/promis.ro\/product\/brooklyn-rucsac-pentru-laptop-15\/#primaryimage"},"image":{"@id":"https:\/\/promis.ro\/product\/brooklyn-rucsac-pentru-laptop-15\/#primaryimage"},"thumbnailUrl":"https:\/\/promis.ro\/wp-content\/uploads\/2026\/01\/92081_set.jpg","datePublished":"2026-01-29T10:48:13+00:00","dateModified":"2026-01-29T12:33:22+00:00","description":"Rucsac pentru laptop cu finisaj impermeabil, ideal \u00een orice perioad\u0103 a anului. Unul dintre buzunarele frontale este blocat RFID, asigur\u00e2nd o mai mare","breadcrumb":{"@id":"https:\/\/promis.ro\/product\/brooklyn-rucsac-pentru-laptop-15\/#breadcrumb"},"inLanguage":"ro-RO","potentialAction":[{"@type":"ReadAction","target":["https:\/\/promis.ro\/product\/brooklyn-rucsac-pentru-laptop-15\/"]}]},{"@type":"ImageObject","inLanguage":"ro-RO","@id":"https:\/\/promis.ro\/product\/brooklyn-rucsac-pentru-laptop-15\/#primaryimage","url":"https:\/\/promis.ro\/wp-content\/uploads\/2026\/01\/92081_set.jpg","contentUrl":"https:\/\/promis.ro\/wp-content\/uploads\/2026\/01\/92081_set.jpg","width":1000,"height":1000},{"@type":"BreadcrumbList","@id":"https:\/\/promis.ro\/product\/brooklyn-rucsac-pentru-laptop-15\/#breadcrumb","itemListElement":[{"@type":"ListItem","position":1,"name":"Home","item":"https:\/\/promis.ro\/"},{"@type":"ListItem","position":2,"name":"Magazin","item":"https:\/\/promis.ro\/magazin\/"},{"@type":"ListItem","position":3,"name":"BROOKLYN. Rucsac pentru laptop 15&#8243;"}]},{"@type":"WebSite","@id":"https:\/\/promis.ro\/#website","url":"https:\/\/promis.ro\/","name":"Promis.ro","description":"","potentialAction":[{"@type":"SearchAction","target":{"@type":"EntryPoint","urlTemplate":"https:\/\/promis.ro\/?s={search_term_string}"},"query-input":{"@type":"PropertyValueSpecification","valueRequired":true,"valueName":"search_term_string"}}],"inLanguage":"ro-RO"}]}},"_links":{"self":[{"href":"https:\/\/promis.ro\/ro\/wp-json\/wp\/v2\/product\/270380","targetHints":{"allow":["GET"]}}],"collection":[{"href":"https:\/\/promis.ro\/ro\/wp-json\/wp\/v2\/product"}],"about":[{"href":"https:\/\/promis.ro\/ro\/wp-json\/wp\/v2\/types\/product"}],"replies":[{"embeddable":true,"href":"https:\/\/promis.ro\/ro\/wp-json\/wp\/v2\/comments?post=270380"}],"version-history":[{"count":0,"href":"https:\/\/promis.ro\/ro\/wp-json\/wp\/v2\/product\/270380\/revisions"}],"wp:featuredmedia":[{"embeddable":true,"href":"https:\/\/promis.ro\/ro\/wp-json\/wp\/v2\/media\/270375"}],"wp:attachment":[{"href":"https:\/\/promis.ro\/ro\/wp-json\/wp\/v2\/media?parent=270380"}],"wp:term":[{"taxonomy":"product_brand","embeddable":true,"href":"https:\/\/promis.ro\/ro\/wp-json\/wp\/v2\/product_brand?post=270380"},{"taxonomy":"product_cat","embeddable":true,"href":"https:\/\/promis.ro\/ro\/wp-json\/wp\/v2\/product_cat?post=270380"},{"taxonomy":"product_tag","embeddable":true,"href":"https:\/\/promis.ro\/ro\/wp-json\/wp\/v2\/product_tag?post=270380"}],"curies":[{"name":"wp","href":"https:\/\/api.w.org\/{rel}","templated":true}]}}