{"id":270384,"date":"2026-01-29T10:48:15","date_gmt":"2026-01-29T10:48:15","guid":{"rendered":"https:\/\/promis.ro\/product\/istanbul-rucsac-fabricat-din-bumbac-reciclat-70-si-poliester-30-rpet\/"},"modified":"2026-01-29T12:33:22","modified_gmt":"2026-01-29T12:33:22","slug":"istanbul-rucsac-fabricat-din-bumbac-reciclat-70-si-poliester-30-rpet","status":"publish","type":"product","link":"https:\/\/promis.ro\/ro\/produs\/istanbul-rucsac-fabricat-din-bumbac-reciclat-70-si-poliester-30-rpet\/","title":{"rendered":"ISTANBUL. Rucsac fabricat din bumbac reciclat (70%) \u0219i poliester (30% rPET)"},"content":{"rendered":"<p>Rucsac fabricat din bumbac reciclat (70%) \u0219i poliester (30% rPET) (150 g\/m\u00b2), cu m\u00e2nere din bumbac. Bumbacul reciclat are o culoare solid\u0103 \u0219i nu este vopsit. Materia prim\u0103 este utilizat\u0103 \u00een forma \u0219i culoarea sa original\u0103, f\u0103r\u0103 utilizarea substan\u021belor chimice de vopsire sau albire, contribuind la un impact mai redus. Culoarea solid\u0103 este ob\u021binut\u0103 prin alegerea firelor reciclate cu aceea\u0219i nuan\u021b\u0103, iar impurit\u0103\u021bile \u0219i varia\u021biile de culoare pot ap\u0103rea. 370 x 410 mm<\/p>","protected":false},"excerpt":{"rendered":"<p>Rucsac fabricat din bumbac reciclat (70%) \u0219i poliester (30% rPET) (150 g\/m\u00b2), cu m\u00e2nere din bumbac. Bumbacul reciclat are o<\/p>","protected":false},"featured_media":270383,"comment_status":"open","ping_status":"closed","template":"","meta":[],"product_brand":[],"product_cat":[174],"product_tag":[],"class_list":{"0":"post-270384","1":"product","2":"type-product","3":"status-publish","4":"has-post-thumbnail","6":"product_cat-pungi","8":"first","9":"instock","10":"shipping-taxable","11":"purchasable","12":"product-type-variable"},"yoast_head":"<!-- This site is optimized with the Yoast SEO plugin v27.4 - https:\/\/yoast.com\/product\/yoast-seo-wordpress\/ -->\n<title>ISTANBUL. Rucsac fabricat din bumbac reciclat (70%) \u0219i poliester (30% rPET) - Promis.ro<\/title>\n<meta name=\"description\" content=\"Rucsac fabricat din bumbac reciclat (70%) \u0219i poliester (30% rPET) (150 g\/m\u00b2), cu m\u00e2nere din bumbac. Bumbacul reciclat are o culoare solid\u0103 \u0219i nu este\" \/>\n<meta name=\"robots\" content=\"index, follow, max-snippet:-1, max-image-preview:large, max-video-preview:-1\" \/>\n<link rel=\"canonical\" href=\"https:\/\/promis.ro\/ro\/produs\/istanbul-rucsac-fabricat-din-bumbac-reciclat-70-si-poliester-30-rpet\/\" \/>\n<meta property=\"og:locale\" content=\"ro_RO\" \/>\n<meta property=\"og:type\" content=\"article\" \/>\n<meta property=\"og:title\" content=\"ISTANBUL. Rucsac fabricat din bumbac reciclat (70%) \u0219i poliester (30% rPET) - Promis.ro\" \/>\n<meta property=\"og:description\" content=\"Rucsac fabricat din bumbac reciclat (70%) \u0219i poliester (30% rPET) (150 g\/m\u00b2), cu m\u00e2nere din bumbac. Bumbacul reciclat are o culoare solid\u0103 \u0219i nu este\" \/>\n<meta property=\"og:url\" content=\"https:\/\/promis.ro\/ro\/produs\/istanbul-rucsac-fabricat-din-bumbac-reciclat-70-si-poliester-30-rpet\/\" \/>\n<meta property=\"og:site_name\" content=\"Promis.ro\" \/>\n<meta property=\"article:modified_time\" content=\"2026-01-29T12:33:22+00:00\" \/>\n<meta property=\"og:image\" content=\"https:\/\/promis.ro\/wp-content\/uploads\/2026\/01\/92083_set.jpg\" \/>\n\t<meta property=\"og:image:width\" content=\"1000\" \/>\n\t<meta property=\"og:image:height\" content=\"1000\" \/>\n\t<meta property=\"og:image:type\" content=\"image\/jpeg\" \/>\n<meta name=\"twitter:card\" content=\"summary_large_image\" \/>\n<script type=\"application\/ld+json\" class=\"yoast-schema-graph\">{\"@context\":\"https:\\\/\\\/schema.org\",\"@graph\":[{\"@type\":\"WebPage\",\"@id\":\"https:\\\/\\\/promis.ro\\\/product\\\/istanbul-rucsac-fabricat-din-bumbac-reciclat-70-si-poliester-30-rpet\\\/\",\"url\":\"https:\\\/\\\/promis.ro\\\/product\\\/istanbul-rucsac-fabricat-din-bumbac-reciclat-70-si-poliester-30-rpet\\\/\",\"name\":\"ISTANBUL. Rucsac fabricat din bumbac reciclat (70%) \u0219i poliester (30% rPET) - Promis.ro\",\"isPartOf\":{\"@id\":\"https:\\\/\\\/promis.ro\\\/#website\"},\"primaryImageOfPage\":{\"@id\":\"https:\\\/\\\/promis.ro\\\/product\\\/istanbul-rucsac-fabricat-din-bumbac-reciclat-70-si-poliester-30-rpet\\\/#primaryimage\"},\"image\":{\"@id\":\"https:\\\/\\\/promis.ro\\\/product\\\/istanbul-rucsac-fabricat-din-bumbac-reciclat-70-si-poliester-30-rpet\\\/#primaryimage\"},\"thumbnailUrl\":\"https:\\\/\\\/promis.ro\\\/wp-content\\\/uploads\\\/2026\\\/01\\\/92083_set.jpg\",\"datePublished\":\"2026-01-29T10:48:15+00:00\",\"dateModified\":\"2026-01-29T12:33:22+00:00\",\"description\":\"Rucsac fabricat din bumbac reciclat (70%) \u0219i poliester (30% rPET) (150 g\\\/m\u00b2), cu m\u00e2nere din bumbac. Bumbacul reciclat are o culoare solid\u0103 \u0219i nu este\",\"breadcrumb\":{\"@id\":\"https:\\\/\\\/promis.ro\\\/product\\\/istanbul-rucsac-fabricat-din-bumbac-reciclat-70-si-poliester-30-rpet\\\/#breadcrumb\"},\"inLanguage\":\"ro-RO\",\"potentialAction\":[{\"@type\":\"ReadAction\",\"target\":[\"https:\\\/\\\/promis.ro\\\/product\\\/istanbul-rucsac-fabricat-din-bumbac-reciclat-70-si-poliester-30-rpet\\\/\"]}]},{\"@type\":\"ImageObject\",\"inLanguage\":\"ro-RO\",\"@id\":\"https:\\\/\\\/promis.ro\\\/product\\\/istanbul-rucsac-fabricat-din-bumbac-reciclat-70-si-poliester-30-rpet\\\/#primaryimage\",\"url\":\"https:\\\/\\\/promis.ro\\\/wp-content\\\/uploads\\\/2026\\\/01\\\/92083_set.jpg\",\"contentUrl\":\"https:\\\/\\\/promis.ro\\\/wp-content\\\/uploads\\\/2026\\\/01\\\/92083_set.jpg\",\"width\":1000,\"height\":1000},{\"@type\":\"BreadcrumbList\",\"@id\":\"https:\\\/\\\/promis.ro\\\/product\\\/istanbul-rucsac-fabricat-din-bumbac-reciclat-70-si-poliester-30-rpet\\\/#breadcrumb\",\"itemListElement\":[{\"@type\":\"ListItem\",\"position\":1,\"name\":\"Home\",\"item\":\"https:\\\/\\\/promis.ro\\\/\"},{\"@type\":\"ListItem\",\"position\":2,\"name\":\"Magazin\",\"item\":\"https:\\\/\\\/promis.ro\\\/magazin\\\/\"},{\"@type\":\"ListItem\",\"position\":3,\"name\":\"ISTANBUL. Rucsac fabricat din bumbac reciclat (70%) \u0219i poliester (30% rPET)\"}]},{\"@type\":\"WebSite\",\"@id\":\"https:\\\/\\\/promis.ro\\\/#website\",\"url\":\"https:\\\/\\\/promis.ro\\\/\",\"name\":\"Promis.ro\",\"description\":\"\",\"potentialAction\":[{\"@type\":\"SearchAction\",\"target\":{\"@type\":\"EntryPoint\",\"urlTemplate\":\"https:\\\/\\\/promis.ro\\\/?s={search_term_string}\"},\"query-input\":{\"@type\":\"PropertyValueSpecification\",\"valueRequired\":true,\"valueName\":\"search_term_string\"}}],\"inLanguage\":\"ro-RO\"}]}<\/script>\n<!-- \/ Yoast SEO plugin. -->","yoast_head_json":{"title":"ISTANBUL. Rucsac fabricat din bumbac reciclat (70%) \u0219i poliester (30% rPET) - Promis.ro","description":"Rucsac fabricat din bumbac reciclat (70%) \u0219i poliester (30% rPET) (150 g\/m\u00b2), cu m\u00e2nere din bumbac. Bumbacul reciclat are o culoare solid\u0103 \u0219i nu este","robots":{"index":"index","follow":"follow","max-snippet":"max-snippet:-1","max-image-preview":"max-image-preview:large","max-video-preview":"max-video-preview:-1"},"canonical":"https:\/\/promis.ro\/ro\/produs\/istanbul-rucsac-fabricat-din-bumbac-reciclat-70-si-poliester-30-rpet\/","og_locale":"ro_RO","og_type":"article","og_title":"ISTANBUL. Rucsac fabricat din bumbac reciclat (70%) \u0219i poliester (30% rPET) - Promis.ro","og_description":"Rucsac fabricat din bumbac reciclat (70%) \u0219i poliester (30% rPET) (150 g\/m\u00b2), cu m\u00e2nere din bumbac. Bumbacul reciclat are o culoare solid\u0103 \u0219i nu este","og_url":"https:\/\/promis.ro\/ro\/produs\/istanbul-rucsac-fabricat-din-bumbac-reciclat-70-si-poliester-30-rpet\/","og_site_name":"Promis.ro","article_modified_time":"2026-01-29T12:33:22+00:00","og_image":[{"width":1000,"height":1000,"url":"https:\/\/promis.ro\/wp-content\/uploads\/2026\/01\/92083_set.jpg","type":"image\/jpeg"}],"twitter_card":"summary_large_image","schema":{"@context":"https:\/\/schema.org","@graph":[{"@type":"WebPage","@id":"https:\/\/promis.ro\/product\/istanbul-rucsac-fabricat-din-bumbac-reciclat-70-si-poliester-30-rpet\/","url":"https:\/\/promis.ro\/product\/istanbul-rucsac-fabricat-din-bumbac-reciclat-70-si-poliester-30-rpet\/","name":"ISTANBUL. Rucsac fabricat din bumbac reciclat (70%) \u0219i poliester (30% rPET) - Promis.ro","isPartOf":{"@id":"https:\/\/promis.ro\/#website"},"primaryImageOfPage":{"@id":"https:\/\/promis.ro\/product\/istanbul-rucsac-fabricat-din-bumbac-reciclat-70-si-poliester-30-rpet\/#primaryimage"},"image":{"@id":"https:\/\/promis.ro\/product\/istanbul-rucsac-fabricat-din-bumbac-reciclat-70-si-poliester-30-rpet\/#primaryimage"},"thumbnailUrl":"https:\/\/promis.ro\/wp-content\/uploads\/2026\/01\/92083_set.jpg","datePublished":"2026-01-29T10:48:15+00:00","dateModified":"2026-01-29T12:33:22+00:00","description":"Rucsac fabricat din bumbac reciclat (70%) \u0219i poliester (30% rPET) (150 g\/m\u00b2), cu m\u00e2nere din bumbac. Bumbacul reciclat are o culoare solid\u0103 \u0219i nu este","breadcrumb":{"@id":"https:\/\/promis.ro\/product\/istanbul-rucsac-fabricat-din-bumbac-reciclat-70-si-poliester-30-rpet\/#breadcrumb"},"inLanguage":"ro-RO","potentialAction":[{"@type":"ReadAction","target":["https:\/\/promis.ro\/product\/istanbul-rucsac-fabricat-din-bumbac-reciclat-70-si-poliester-30-rpet\/"]}]},{"@type":"ImageObject","inLanguage":"ro-RO","@id":"https:\/\/promis.ro\/product\/istanbul-rucsac-fabricat-din-bumbac-reciclat-70-si-poliester-30-rpet\/#primaryimage","url":"https:\/\/promis.ro\/wp-content\/uploads\/2026\/01\/92083_set.jpg","contentUrl":"https:\/\/promis.ro\/wp-content\/uploads\/2026\/01\/92083_set.jpg","width":1000,"height":1000},{"@type":"BreadcrumbList","@id":"https:\/\/promis.ro\/product\/istanbul-rucsac-fabricat-din-bumbac-reciclat-70-si-poliester-30-rpet\/#breadcrumb","itemListElement":[{"@type":"ListItem","position":1,"name":"Home","item":"https:\/\/promis.ro\/"},{"@type":"ListItem","position":2,"name":"Magazin","item":"https:\/\/promis.ro\/magazin\/"},{"@type":"ListItem","position":3,"name":"ISTANBUL. Rucsac fabricat din bumbac reciclat (70%) \u0219i poliester (30% rPET)"}]},{"@type":"WebSite","@id":"https:\/\/promis.ro\/#website","url":"https:\/\/promis.ro\/","name":"Promis.ro","description":"","potentialAction":[{"@type":"SearchAction","target":{"@type":"EntryPoint","urlTemplate":"https:\/\/promis.ro\/?s={search_term_string}"},"query-input":{"@type":"PropertyValueSpecification","valueRequired":true,"valueName":"search_term_string"}}],"inLanguage":"ro-RO"}]}},"_links":{"self":[{"href":"https:\/\/promis.ro\/ro\/wp-json\/wp\/v2\/product\/270384","targetHints":{"allow":["GET"]}}],"collection":[{"href":"https:\/\/promis.ro\/ro\/wp-json\/wp\/v2\/product"}],"about":[{"href":"https:\/\/promis.ro\/ro\/wp-json\/wp\/v2\/types\/product"}],"replies":[{"embeddable":true,"href":"https:\/\/promis.ro\/ro\/wp-json\/wp\/v2\/comments?post=270384"}],"version-history":[{"count":0,"href":"https:\/\/promis.ro\/ro\/wp-json\/wp\/v2\/product\/270384\/revisions"}],"wp:featuredmedia":[{"embeddable":true,"href":"https:\/\/promis.ro\/ro\/wp-json\/wp\/v2\/media\/270383"}],"wp:attachment":[{"href":"https:\/\/promis.ro\/ro\/wp-json\/wp\/v2\/media?parent=270384"}],"wp:term":[{"taxonomy":"product_brand","embeddable":true,"href":"https:\/\/promis.ro\/ro\/wp-json\/wp\/v2\/product_brand?post=270384"},{"taxonomy":"product_cat","embeddable":true,"href":"https:\/\/promis.ro\/ro\/wp-json\/wp\/v2\/product_cat?post=270384"},{"taxonomy":"product_tag","embeddable":true,"href":"https:\/\/promis.ro\/ro\/wp-json\/wp\/v2\/product_tag?post=270384"}],"curies":[{"name":"wp","href":"https:\/\/api.w.org\/{rel}","templated":true}]}}