{"id":270386,"date":"2026-01-29T10:48:15","date_gmt":"2026-01-29T10:48:15","guid":{"rendered":"https:\/\/promis.ro\/product\/cairo-sacosa-180-g-m%c2%b2-din-bumbac-reciclat-70-si-poliester-30-rpealaj1595ak1595\/"},"modified":"2026-01-29T12:33:54","modified_gmt":"2026-01-29T12:33:54","slug":"cairo-sacosa-180-g-m%c2%b2-din-bumbac-reciclat-70-si-poliester-30-rpealaj1595ak1595","status":"publish","type":"product","link":"https:\/\/promis.ro\/ro\/produs\/cairo-sacosa-180-g-m%c2%b2-din-bumbac-reciclat-70-si-poliester-30-rpealaj1595ak1595\/","title":{"rendered":"CAIRO. Saco\u0219\u0103 (180 g\/m\u00b2) din bumbac reciclat (70%) \u0219i poliester (30% rPE+AL+AJ1595:AK1595"},"content":{"rendered":"<p>Saco\u0219\u0103 (180 g\/m\u00b2) din bumbac reciclat (70%) \u0219i poliester (30% rPET) cu m\u00e2nere de 65 cm. Bumbacul reciclat are o culoare solid\u0103 \u0219i nu este vopsit. Materia prim\u0103 este utilizat\u0103 \u00een forma \u0219i culoarea sa original\u0103, f\u0103r\u0103 utilizarea substan\u021belor chimice de vopsire sau albire, contribuind la un impact mai redus. Culoarea solid\u0103 este ob\u021binut\u0103 prin alegerea firelor reciclate cu aceea\u0219i nuan\u021b\u0103, iar impurit\u0103\u021bile \u0219i varia\u021biile de culoare pot ap\u0103rea. Promo\u021bie cu reducere de p\u00e2n\u0103 la 15% valabil\u0103 \u00een perioada 03\/11\/2025 &#8211; 06\/01\/2026 \u0219i limitat\u0103 la stocul existent. Pentru mai multe informa\u021bii despre condi\u021biile acestei promo\u021bii, v\u0103 rug\u0103m s\u0103 contacta\u021bi managerul de cont. 380 x 420 mm<\/p>","protected":false},"excerpt":{"rendered":"<p>Saco\u0219\u0103 (180 g\/m\u00b2) din bumbac reciclat (70%) \u0219i poliester (30% rPET) cu m\u00e2nere de 65 cm. Bumbacul reciclat are o<\/p>","protected":false},"featured_media":270385,"comment_status":"open","ping_status":"closed","template":"","meta":[],"product_brand":[],"product_cat":[174],"product_tag":[],"class_list":{"0":"post-270386","1":"product","2":"type-product","3":"status-publish","4":"has-post-thumbnail","6":"product_cat-pungi","8":"first","9":"instock","10":"shipping-taxable","11":"purchasable","12":"product-type-variable"},"yoast_head":"<!-- This site is optimized with the Yoast SEO plugin v27.4 - https:\/\/yoast.com\/product\/yoast-seo-wordpress\/ -->\n<title>CAIRO. Saco\u0219\u0103 (180 g\/m\u00b2) din bumbac reciclat (70%) \u0219i poliester (30% rPE+AL+AJ1595:AK1595 - Promis.ro<\/title>\n<meta name=\"description\" content=\"Saco\u0219\u0103 (180 g\/m\u00b2) din bumbac reciclat (70%) \u0219i poliester (30% rPET) cu m\u00e2nere de 65 cm. Bumbacul reciclat are o culoare solid\u0103 \u0219i nu este vopsit. Materia\" \/>\n<meta name=\"robots\" content=\"index, follow, max-snippet:-1, max-image-preview:large, max-video-preview:-1\" \/>\n<link rel=\"canonical\" href=\"https:\/\/promis.ro\/ro\/produs\/cairo-sacosa-180-g-m\u00b2-din-bumbac-reciclat-70-si-poliester-30-rpealaj1595ak1595\/\" \/>\n<meta property=\"og:locale\" content=\"ro_RO\" \/>\n<meta property=\"og:type\" content=\"article\" \/>\n<meta property=\"og:title\" content=\"CAIRO. Saco\u0219\u0103 (180 g\/m\u00b2) din bumbac reciclat (70%) \u0219i poliester (30% rPE+AL+AJ1595:AK1595 - Promis.ro\" \/>\n<meta property=\"og:description\" content=\"Saco\u0219\u0103 (180 g\/m\u00b2) din bumbac reciclat (70%) \u0219i poliester (30% rPET) cu m\u00e2nere de 65 cm. Bumbacul reciclat are o culoare solid\u0103 \u0219i nu este vopsit. Materia\" \/>\n<meta property=\"og:url\" content=\"https:\/\/promis.ro\/ro\/produs\/cairo-sacosa-180-g-m\u00b2-din-bumbac-reciclat-70-si-poliester-30-rpealaj1595ak1595\/\" \/>\n<meta property=\"og:site_name\" content=\"Promis.ro\" \/>\n<meta property=\"article:modified_time\" content=\"2026-01-29T12:33:54+00:00\" \/>\n<meta property=\"og:image\" content=\"https:\/\/promis.ro\/wp-content\/uploads\/2026\/01\/92084_set.jpg\" \/>\n\t<meta property=\"og:image:width\" content=\"1000\" \/>\n\t<meta property=\"og:image:height\" content=\"1000\" \/>\n\t<meta property=\"og:image:type\" content=\"image\/jpeg\" \/>\n<meta name=\"twitter:card\" content=\"summary_large_image\" \/>\n<meta name=\"twitter:label1\" content=\"Timp estimat pentru citire\" \/>\n\t<meta name=\"twitter:data1\" content=\"1 minut\" \/>\n<script type=\"application\/ld+json\" class=\"yoast-schema-graph\">{\"@context\":\"https:\\\/\\\/schema.org\",\"@graph\":[{\"@type\":\"WebPage\",\"@id\":\"https:\\\/\\\/promis.ro\\\/product\\\/cairo-sacosa-180-g-m%c2%b2-din-bumbac-reciclat-70-si-poliester-30-rpealaj1595ak1595\\\/\",\"url\":\"https:\\\/\\\/promis.ro\\\/product\\\/cairo-sacosa-180-g-m%c2%b2-din-bumbac-reciclat-70-si-poliester-30-rpealaj1595ak1595\\\/\",\"name\":\"CAIRO. Saco\u0219\u0103 (180 g\\\/m\u00b2) din bumbac reciclat (70%) \u0219i poliester (30% rPE+AL+AJ1595:AK1595 - Promis.ro\",\"isPartOf\":{\"@id\":\"https:\\\/\\\/promis.ro\\\/#website\"},\"primaryImageOfPage\":{\"@id\":\"https:\\\/\\\/promis.ro\\\/product\\\/cairo-sacosa-180-g-m%c2%b2-din-bumbac-reciclat-70-si-poliester-30-rpealaj1595ak1595\\\/#primaryimage\"},\"image\":{\"@id\":\"https:\\\/\\\/promis.ro\\\/product\\\/cairo-sacosa-180-g-m%c2%b2-din-bumbac-reciclat-70-si-poliester-30-rpealaj1595ak1595\\\/#primaryimage\"},\"thumbnailUrl\":\"https:\\\/\\\/promis.ro\\\/wp-content\\\/uploads\\\/2026\\\/01\\\/92084_set.jpg\",\"datePublished\":\"2026-01-29T10:48:15+00:00\",\"dateModified\":\"2026-01-29T12:33:54+00:00\",\"description\":\"Saco\u0219\u0103 (180 g\\\/m\u00b2) din bumbac reciclat (70%) \u0219i poliester (30% rPET) cu m\u00e2nere de 65 cm. Bumbacul reciclat are o culoare solid\u0103 \u0219i nu este vopsit. Materia\",\"breadcrumb\":{\"@id\":\"https:\\\/\\\/promis.ro\\\/product\\\/cairo-sacosa-180-g-m%c2%b2-din-bumbac-reciclat-70-si-poliester-30-rpealaj1595ak1595\\\/#breadcrumb\"},\"inLanguage\":\"ro-RO\",\"potentialAction\":[{\"@type\":\"ReadAction\",\"target\":[\"https:\\\/\\\/promis.ro\\\/product\\\/cairo-sacosa-180-g-m%c2%b2-din-bumbac-reciclat-70-si-poliester-30-rpealaj1595ak1595\\\/\"]}]},{\"@type\":\"ImageObject\",\"inLanguage\":\"ro-RO\",\"@id\":\"https:\\\/\\\/promis.ro\\\/product\\\/cairo-sacosa-180-g-m%c2%b2-din-bumbac-reciclat-70-si-poliester-30-rpealaj1595ak1595\\\/#primaryimage\",\"url\":\"https:\\\/\\\/promis.ro\\\/wp-content\\\/uploads\\\/2026\\\/01\\\/92084_set.jpg\",\"contentUrl\":\"https:\\\/\\\/promis.ro\\\/wp-content\\\/uploads\\\/2026\\\/01\\\/92084_set.jpg\",\"width\":1000,\"height\":1000},{\"@type\":\"BreadcrumbList\",\"@id\":\"https:\\\/\\\/promis.ro\\\/product\\\/cairo-sacosa-180-g-m%c2%b2-din-bumbac-reciclat-70-si-poliester-30-rpealaj1595ak1595\\\/#breadcrumb\",\"itemListElement\":[{\"@type\":\"ListItem\",\"position\":1,\"name\":\"Home\",\"item\":\"https:\\\/\\\/promis.ro\\\/\"},{\"@type\":\"ListItem\",\"position\":2,\"name\":\"Magazin\",\"item\":\"https:\\\/\\\/promis.ro\\\/magazin\\\/\"},{\"@type\":\"ListItem\",\"position\":3,\"name\":\"CAIRO. Saco\u0219\u0103 (180 g\\\/m\u00b2) din bumbac reciclat (70%) \u0219i poliester (30% rPE+AL+AJ1595:AK1595\"}]},{\"@type\":\"WebSite\",\"@id\":\"https:\\\/\\\/promis.ro\\\/#website\",\"url\":\"https:\\\/\\\/promis.ro\\\/\",\"name\":\"Promis.ro\",\"description\":\"\",\"potentialAction\":[{\"@type\":\"SearchAction\",\"target\":{\"@type\":\"EntryPoint\",\"urlTemplate\":\"https:\\\/\\\/promis.ro\\\/?s={search_term_string}\"},\"query-input\":{\"@type\":\"PropertyValueSpecification\",\"valueRequired\":true,\"valueName\":\"search_term_string\"}}],\"inLanguage\":\"ro-RO\"}]}<\/script>\n<!-- \/ Yoast SEO plugin. -->","yoast_head_json":{"title":"CAIRO. Saco\u0219\u0103 (180 g\/m\u00b2) din bumbac reciclat (70%) \u0219i poliester (30% rPE+AL+AJ1595:AK1595 - Promis.ro","description":"Saco\u0219\u0103 (180 g\/m\u00b2) din bumbac reciclat (70%) \u0219i poliester (30% rPET) cu m\u00e2nere de 65 cm. Bumbacul reciclat are o culoare solid\u0103 \u0219i nu este vopsit. Materia","robots":{"index":"index","follow":"follow","max-snippet":"max-snippet:-1","max-image-preview":"max-image-preview:large","max-video-preview":"max-video-preview:-1"},"canonical":"https:\/\/promis.ro\/ro\/produs\/cairo-sacosa-180-g-m\u00b2-din-bumbac-reciclat-70-si-poliester-30-rpealaj1595ak1595\/","og_locale":"ro_RO","og_type":"article","og_title":"CAIRO. Saco\u0219\u0103 (180 g\/m\u00b2) din bumbac reciclat (70%) \u0219i poliester (30% rPE+AL+AJ1595:AK1595 - Promis.ro","og_description":"Saco\u0219\u0103 (180 g\/m\u00b2) din bumbac reciclat (70%) \u0219i poliester (30% rPET) cu m\u00e2nere de 65 cm. Bumbacul reciclat are o culoare solid\u0103 \u0219i nu este vopsit. Materia","og_url":"https:\/\/promis.ro\/ro\/produs\/cairo-sacosa-180-g-m\u00b2-din-bumbac-reciclat-70-si-poliester-30-rpealaj1595ak1595\/","og_site_name":"Promis.ro","article_modified_time":"2026-01-29T12:33:54+00:00","og_image":[{"width":1000,"height":1000,"url":"https:\/\/promis.ro\/wp-content\/uploads\/2026\/01\/92084_set.jpg","type":"image\/jpeg"}],"twitter_card":"summary_large_image","twitter_misc":{"Timp estimat pentru citire":"1 minut"},"schema":{"@context":"https:\/\/schema.org","@graph":[{"@type":"WebPage","@id":"https:\/\/promis.ro\/product\/cairo-sacosa-180-g-m%c2%b2-din-bumbac-reciclat-70-si-poliester-30-rpealaj1595ak1595\/","url":"https:\/\/promis.ro\/product\/cairo-sacosa-180-g-m%c2%b2-din-bumbac-reciclat-70-si-poliester-30-rpealaj1595ak1595\/","name":"CAIRO. Saco\u0219\u0103 (180 g\/m\u00b2) din bumbac reciclat (70%) \u0219i poliester (30% rPE+AL+AJ1595:AK1595 - Promis.ro","isPartOf":{"@id":"https:\/\/promis.ro\/#website"},"primaryImageOfPage":{"@id":"https:\/\/promis.ro\/product\/cairo-sacosa-180-g-m%c2%b2-din-bumbac-reciclat-70-si-poliester-30-rpealaj1595ak1595\/#primaryimage"},"image":{"@id":"https:\/\/promis.ro\/product\/cairo-sacosa-180-g-m%c2%b2-din-bumbac-reciclat-70-si-poliester-30-rpealaj1595ak1595\/#primaryimage"},"thumbnailUrl":"https:\/\/promis.ro\/wp-content\/uploads\/2026\/01\/92084_set.jpg","datePublished":"2026-01-29T10:48:15+00:00","dateModified":"2026-01-29T12:33:54+00:00","description":"Saco\u0219\u0103 (180 g\/m\u00b2) din bumbac reciclat (70%) \u0219i poliester (30% rPET) cu m\u00e2nere de 65 cm. Bumbacul reciclat are o culoare solid\u0103 \u0219i nu este vopsit. Materia","breadcrumb":{"@id":"https:\/\/promis.ro\/product\/cairo-sacosa-180-g-m%c2%b2-din-bumbac-reciclat-70-si-poliester-30-rpealaj1595ak1595\/#breadcrumb"},"inLanguage":"ro-RO","potentialAction":[{"@type":"ReadAction","target":["https:\/\/promis.ro\/product\/cairo-sacosa-180-g-m%c2%b2-din-bumbac-reciclat-70-si-poliester-30-rpealaj1595ak1595\/"]}]},{"@type":"ImageObject","inLanguage":"ro-RO","@id":"https:\/\/promis.ro\/product\/cairo-sacosa-180-g-m%c2%b2-din-bumbac-reciclat-70-si-poliester-30-rpealaj1595ak1595\/#primaryimage","url":"https:\/\/promis.ro\/wp-content\/uploads\/2026\/01\/92084_set.jpg","contentUrl":"https:\/\/promis.ro\/wp-content\/uploads\/2026\/01\/92084_set.jpg","width":1000,"height":1000},{"@type":"BreadcrumbList","@id":"https:\/\/promis.ro\/product\/cairo-sacosa-180-g-m%c2%b2-din-bumbac-reciclat-70-si-poliester-30-rpealaj1595ak1595\/#breadcrumb","itemListElement":[{"@type":"ListItem","position":1,"name":"Home","item":"https:\/\/promis.ro\/"},{"@type":"ListItem","position":2,"name":"Magazin","item":"https:\/\/promis.ro\/magazin\/"},{"@type":"ListItem","position":3,"name":"CAIRO. Saco\u0219\u0103 (180 g\/m\u00b2) din bumbac reciclat (70%) \u0219i poliester (30% rPE+AL+AJ1595:AK1595"}]},{"@type":"WebSite","@id":"https:\/\/promis.ro\/#website","url":"https:\/\/promis.ro\/","name":"Promis.ro","description":"","potentialAction":[{"@type":"SearchAction","target":{"@type":"EntryPoint","urlTemplate":"https:\/\/promis.ro\/?s={search_term_string}"},"query-input":{"@type":"PropertyValueSpecification","valueRequired":true,"valueName":"search_term_string"}}],"inLanguage":"ro-RO"}]}},"_links":{"self":[{"href":"https:\/\/promis.ro\/ro\/wp-json\/wp\/v2\/product\/270386","targetHints":{"allow":["GET"]}}],"collection":[{"href":"https:\/\/promis.ro\/ro\/wp-json\/wp\/v2\/product"}],"about":[{"href":"https:\/\/promis.ro\/ro\/wp-json\/wp\/v2\/types\/product"}],"replies":[{"embeddable":true,"href":"https:\/\/promis.ro\/ro\/wp-json\/wp\/v2\/comments?post=270386"}],"version-history":[{"count":0,"href":"https:\/\/promis.ro\/ro\/wp-json\/wp\/v2\/product\/270386\/revisions"}],"wp:featuredmedia":[{"embeddable":true,"href":"https:\/\/promis.ro\/ro\/wp-json\/wp\/v2\/media\/270385"}],"wp:attachment":[{"href":"https:\/\/promis.ro\/ro\/wp-json\/wp\/v2\/media?parent=270386"}],"wp:term":[{"taxonomy":"product_brand","embeddable":true,"href":"https:\/\/promis.ro\/ro\/wp-json\/wp\/v2\/product_brand?post=270386"},{"taxonomy":"product_cat","embeddable":true,"href":"https:\/\/promis.ro\/ro\/wp-json\/wp\/v2\/product_cat?post=270386"},{"taxonomy":"product_tag","embeddable":true,"href":"https:\/\/promis.ro\/ro\/wp-json\/wp\/v2\/product_tag?post=270386"}],"curies":[{"name":"wp","href":"https:\/\/api.w.org\/{rel}","templated":true}]}}