{"id":270394,"date":"2026-01-29T10:48:21","date_gmt":"2026-01-29T10:48:21","guid":{"rendered":"https:\/\/promis.ro\/product\/delfos-pouch-geanta-de-talie-300d-cu-poliester-reciclat-si-600d-cupoliester-reciclat-cu-elemente-reflectorizante\/"},"modified":"2026-01-29T12:33:25","modified_gmt":"2026-01-29T12:33:25","slug":"delfos-pouch-geanta-de-talie-300d-cu-poliester-reciclat-si-600d-cupoliester-reciclat-cu-elemente-reflectorizante","status":"publish","type":"product","link":"https:\/\/promis.ro\/ro\/produs\/delfos-pouch-geanta-de-talie-300d-cu-poliester-reciclat-si-600d-cupoliester-reciclat-cu-elemente-reflectorizante\/","title":{"rendered":"DELFOS POUCH. Geant\u0103 de talie 300D cu poliester reciclat \u0219i 600D cupoliester reciclat cu elemente reflectorizante"},"content":{"rendered":"<p>Borset\u0103 cu elemente reflectorizante care sporesc vizibilitatea \u00een medii cu lumin\u0103 slab\u0103 \u0219i un buzunar care poate \u021bine o sticl\u0103. Ideal\u0103 pentru drume\u021bii sau plimb\u0103ri.Material exterior: poliester reciclat 300D \u0219i poliester reciclat 600DMaterial interior: poliester reciclat 210DCompartimente: 1 compartiment principal cu fermoar dubluBuzunare exterioare: 1 buzunar frontalCaracteristici suplimentare: elemente reflectorizante \u0219i curea reglabil\u0103 270 x 120 x 70 mm<\/p>","protected":false},"excerpt":{"rendered":"<p>Borset\u0103 cu elemente reflectorizante care sporesc vizibilitatea \u00een medii cu lumin\u0103 slab\u0103 \u0219i un buzunar care poate \u021bine o sticl\u0103.<\/p>","protected":false},"featured_media":270389,"comment_status":"open","ping_status":"closed","template":"","meta":[],"product_brand":[],"product_cat":[169],"product_tag":[],"class_list":{"0":"post-270394","1":"product","2":"type-product","3":"status-publish","4":"has-post-thumbnail","6":"product_cat-ghiozdane","8":"first","9":"instock","10":"shipping-taxable","11":"purchasable","12":"product-type-simple"},"yoast_head":"<!-- This site is optimized with the Yoast SEO plugin v27.4 - https:\/\/yoast.com\/product\/yoast-seo-wordpress\/ -->\n<title>DELFOS POUCH. Geant\u0103 de talie 300D cu poliester reciclat \u0219i 600D cupoliester reciclat cu elemente reflectorizante - Promis.ro<\/title>\n<meta name=\"description\" content=\"Borset\u0103 cu elemente reflectorizante care sporesc vizibilitatea \u00een medii cu lumin\u0103 slab\u0103 \u0219i un buzunar care poate \u021bine o sticl\u0103. Ideal\u0103 pentru drume\u021bii sau\" \/>\n<meta name=\"robots\" content=\"index, follow, max-snippet:-1, max-image-preview:large, max-video-preview:-1\" \/>\n<link rel=\"canonical\" href=\"https:\/\/promis.ro\/ro\/produs\/delfos-pouch-geanta-de-talie-300d-cu-poliester-reciclat-si-600d-cupoliester-reciclat-cu-elemente-reflectorizante\/\" \/>\n<meta property=\"og:locale\" content=\"ro_RO\" \/>\n<meta property=\"og:type\" content=\"article\" \/>\n<meta property=\"og:title\" content=\"DELFOS POUCH. Geant\u0103 de talie 300D cu poliester reciclat \u0219i 600D cupoliester reciclat cu elemente reflectorizante - Promis.ro\" \/>\n<meta property=\"og:description\" content=\"Borset\u0103 cu elemente reflectorizante care sporesc vizibilitatea \u00een medii cu lumin\u0103 slab\u0103 \u0219i un buzunar care poate \u021bine o sticl\u0103. Ideal\u0103 pentru drume\u021bii sau\" \/>\n<meta property=\"og:url\" content=\"https:\/\/promis.ro\/ro\/produs\/delfos-pouch-geanta-de-talie-300d-cu-poliester-reciclat-si-600d-cupoliester-reciclat-cu-elemente-reflectorizante\/\" \/>\n<meta property=\"og:site_name\" content=\"Promis.ro\" \/>\n<meta property=\"article:modified_time\" content=\"2026-01-29T12:33:25+00:00\" \/>\n<meta property=\"og:image\" content=\"https:\/\/promis.ro\/wp-content\/uploads\/2026\/01\/92091_set.jpg\" \/>\n\t<meta property=\"og:image:width\" content=\"1000\" \/>\n\t<meta property=\"og:image:height\" content=\"1000\" \/>\n\t<meta property=\"og:image:type\" content=\"image\/jpeg\" \/>\n<meta name=\"twitter:card\" content=\"summary_large_image\" \/>\n<script type=\"application\/ld+json\" class=\"yoast-schema-graph\">{\"@context\":\"https:\\\/\\\/schema.org\",\"@graph\":[{\"@type\":\"WebPage\",\"@id\":\"https:\\\/\\\/promis.ro\\\/product\\\/delfos-pouch-geanta-de-talie-300d-cu-poliester-reciclat-si-600d-cupoliester-reciclat-cu-elemente-reflectorizante\\\/\",\"url\":\"https:\\\/\\\/promis.ro\\\/product\\\/delfos-pouch-geanta-de-talie-300d-cu-poliester-reciclat-si-600d-cupoliester-reciclat-cu-elemente-reflectorizante\\\/\",\"name\":\"DELFOS POUCH. Geant\u0103 de talie 300D cu poliester reciclat \u0219i 600D cupoliester reciclat cu elemente reflectorizante - Promis.ro\",\"isPartOf\":{\"@id\":\"https:\\\/\\\/promis.ro\\\/#website\"},\"primaryImageOfPage\":{\"@id\":\"https:\\\/\\\/promis.ro\\\/product\\\/delfos-pouch-geanta-de-talie-300d-cu-poliester-reciclat-si-600d-cupoliester-reciclat-cu-elemente-reflectorizante\\\/#primaryimage\"},\"image\":{\"@id\":\"https:\\\/\\\/promis.ro\\\/product\\\/delfos-pouch-geanta-de-talie-300d-cu-poliester-reciclat-si-600d-cupoliester-reciclat-cu-elemente-reflectorizante\\\/#primaryimage\"},\"thumbnailUrl\":\"https:\\\/\\\/promis.ro\\\/wp-content\\\/uploads\\\/2026\\\/01\\\/92091_set.jpg\",\"datePublished\":\"2026-01-29T10:48:21+00:00\",\"dateModified\":\"2026-01-29T12:33:25+00:00\",\"description\":\"Borset\u0103 cu elemente reflectorizante care sporesc vizibilitatea \u00een medii cu lumin\u0103 slab\u0103 \u0219i un buzunar care poate \u021bine o sticl\u0103. Ideal\u0103 pentru drume\u021bii sau\",\"breadcrumb\":{\"@id\":\"https:\\\/\\\/promis.ro\\\/product\\\/delfos-pouch-geanta-de-talie-300d-cu-poliester-reciclat-si-600d-cupoliester-reciclat-cu-elemente-reflectorizante\\\/#breadcrumb\"},\"inLanguage\":\"ro-RO\",\"potentialAction\":[{\"@type\":\"ReadAction\",\"target\":[\"https:\\\/\\\/promis.ro\\\/product\\\/delfos-pouch-geanta-de-talie-300d-cu-poliester-reciclat-si-600d-cupoliester-reciclat-cu-elemente-reflectorizante\\\/\"]}]},{\"@type\":\"ImageObject\",\"inLanguage\":\"ro-RO\",\"@id\":\"https:\\\/\\\/promis.ro\\\/product\\\/delfos-pouch-geanta-de-talie-300d-cu-poliester-reciclat-si-600d-cupoliester-reciclat-cu-elemente-reflectorizante\\\/#primaryimage\",\"url\":\"https:\\\/\\\/promis.ro\\\/wp-content\\\/uploads\\\/2026\\\/01\\\/92091_set.jpg\",\"contentUrl\":\"https:\\\/\\\/promis.ro\\\/wp-content\\\/uploads\\\/2026\\\/01\\\/92091_set.jpg\",\"width\":1000,\"height\":1000},{\"@type\":\"BreadcrumbList\",\"@id\":\"https:\\\/\\\/promis.ro\\\/product\\\/delfos-pouch-geanta-de-talie-300d-cu-poliester-reciclat-si-600d-cupoliester-reciclat-cu-elemente-reflectorizante\\\/#breadcrumb\",\"itemListElement\":[{\"@type\":\"ListItem\",\"position\":1,\"name\":\"Home\",\"item\":\"https:\\\/\\\/promis.ro\\\/\"},{\"@type\":\"ListItem\",\"position\":2,\"name\":\"Magazin\",\"item\":\"https:\\\/\\\/promis.ro\\\/magazin\\\/\"},{\"@type\":\"ListItem\",\"position\":3,\"name\":\"DELFOS POUCH. Geant\u0103 de talie 300D cu poliester reciclat \u0219i 600D cupoliester reciclat cu elemente reflectorizante\"}]},{\"@type\":\"WebSite\",\"@id\":\"https:\\\/\\\/promis.ro\\\/#website\",\"url\":\"https:\\\/\\\/promis.ro\\\/\",\"name\":\"Promis.ro\",\"description\":\"\",\"potentialAction\":[{\"@type\":\"SearchAction\",\"target\":{\"@type\":\"EntryPoint\",\"urlTemplate\":\"https:\\\/\\\/promis.ro\\\/?s={search_term_string}\"},\"query-input\":{\"@type\":\"PropertyValueSpecification\",\"valueRequired\":true,\"valueName\":\"search_term_string\"}}],\"inLanguage\":\"ro-RO\"}]}<\/script>\n<!-- \/ Yoast SEO plugin. -->","yoast_head_json":{"title":"DELFOS POUCH. Geant\u0103 de talie 300D cu poliester reciclat \u0219i 600D cupoliester reciclat cu elemente reflectorizante - Promis.ro","description":"Borset\u0103 cu elemente reflectorizante care sporesc vizibilitatea \u00een medii cu lumin\u0103 slab\u0103 \u0219i un buzunar care poate \u021bine o sticl\u0103. Ideal\u0103 pentru drume\u021bii sau","robots":{"index":"index","follow":"follow","max-snippet":"max-snippet:-1","max-image-preview":"max-image-preview:large","max-video-preview":"max-video-preview:-1"},"canonical":"https:\/\/promis.ro\/ro\/produs\/delfos-pouch-geanta-de-talie-300d-cu-poliester-reciclat-si-600d-cupoliester-reciclat-cu-elemente-reflectorizante\/","og_locale":"ro_RO","og_type":"article","og_title":"DELFOS POUCH. Geant\u0103 de talie 300D cu poliester reciclat \u0219i 600D cupoliester reciclat cu elemente reflectorizante - Promis.ro","og_description":"Borset\u0103 cu elemente reflectorizante care sporesc vizibilitatea \u00een medii cu lumin\u0103 slab\u0103 \u0219i un buzunar care poate \u021bine o sticl\u0103. Ideal\u0103 pentru drume\u021bii sau","og_url":"https:\/\/promis.ro\/ro\/produs\/delfos-pouch-geanta-de-talie-300d-cu-poliester-reciclat-si-600d-cupoliester-reciclat-cu-elemente-reflectorizante\/","og_site_name":"Promis.ro","article_modified_time":"2026-01-29T12:33:25+00:00","og_image":[{"width":1000,"height":1000,"url":"https:\/\/promis.ro\/wp-content\/uploads\/2026\/01\/92091_set.jpg","type":"image\/jpeg"}],"twitter_card":"summary_large_image","schema":{"@context":"https:\/\/schema.org","@graph":[{"@type":"WebPage","@id":"https:\/\/promis.ro\/product\/delfos-pouch-geanta-de-talie-300d-cu-poliester-reciclat-si-600d-cupoliester-reciclat-cu-elemente-reflectorizante\/","url":"https:\/\/promis.ro\/product\/delfos-pouch-geanta-de-talie-300d-cu-poliester-reciclat-si-600d-cupoliester-reciclat-cu-elemente-reflectorizante\/","name":"DELFOS POUCH. Geant\u0103 de talie 300D cu poliester reciclat \u0219i 600D cupoliester reciclat cu elemente reflectorizante - Promis.ro","isPartOf":{"@id":"https:\/\/promis.ro\/#website"},"primaryImageOfPage":{"@id":"https:\/\/promis.ro\/product\/delfos-pouch-geanta-de-talie-300d-cu-poliester-reciclat-si-600d-cupoliester-reciclat-cu-elemente-reflectorizante\/#primaryimage"},"image":{"@id":"https:\/\/promis.ro\/product\/delfos-pouch-geanta-de-talie-300d-cu-poliester-reciclat-si-600d-cupoliester-reciclat-cu-elemente-reflectorizante\/#primaryimage"},"thumbnailUrl":"https:\/\/promis.ro\/wp-content\/uploads\/2026\/01\/92091_set.jpg","datePublished":"2026-01-29T10:48:21+00:00","dateModified":"2026-01-29T12:33:25+00:00","description":"Borset\u0103 cu elemente reflectorizante care sporesc vizibilitatea \u00een medii cu lumin\u0103 slab\u0103 \u0219i un buzunar care poate \u021bine o sticl\u0103. Ideal\u0103 pentru drume\u021bii sau","breadcrumb":{"@id":"https:\/\/promis.ro\/product\/delfos-pouch-geanta-de-talie-300d-cu-poliester-reciclat-si-600d-cupoliester-reciclat-cu-elemente-reflectorizante\/#breadcrumb"},"inLanguage":"ro-RO","potentialAction":[{"@type":"ReadAction","target":["https:\/\/promis.ro\/product\/delfos-pouch-geanta-de-talie-300d-cu-poliester-reciclat-si-600d-cupoliester-reciclat-cu-elemente-reflectorizante\/"]}]},{"@type":"ImageObject","inLanguage":"ro-RO","@id":"https:\/\/promis.ro\/product\/delfos-pouch-geanta-de-talie-300d-cu-poliester-reciclat-si-600d-cupoliester-reciclat-cu-elemente-reflectorizante\/#primaryimage","url":"https:\/\/promis.ro\/wp-content\/uploads\/2026\/01\/92091_set.jpg","contentUrl":"https:\/\/promis.ro\/wp-content\/uploads\/2026\/01\/92091_set.jpg","width":1000,"height":1000},{"@type":"BreadcrumbList","@id":"https:\/\/promis.ro\/product\/delfos-pouch-geanta-de-talie-300d-cu-poliester-reciclat-si-600d-cupoliester-reciclat-cu-elemente-reflectorizante\/#breadcrumb","itemListElement":[{"@type":"ListItem","position":1,"name":"Home","item":"https:\/\/promis.ro\/"},{"@type":"ListItem","position":2,"name":"Magazin","item":"https:\/\/promis.ro\/magazin\/"},{"@type":"ListItem","position":3,"name":"DELFOS POUCH. Geant\u0103 de talie 300D cu poliester reciclat \u0219i 600D cupoliester reciclat cu elemente reflectorizante"}]},{"@type":"WebSite","@id":"https:\/\/promis.ro\/#website","url":"https:\/\/promis.ro\/","name":"Promis.ro","description":"","potentialAction":[{"@type":"SearchAction","target":{"@type":"EntryPoint","urlTemplate":"https:\/\/promis.ro\/?s={search_term_string}"},"query-input":{"@type":"PropertyValueSpecification","valueRequired":true,"valueName":"search_term_string"}}],"inLanguage":"ro-RO"}]}},"_links":{"self":[{"href":"https:\/\/promis.ro\/ro\/wp-json\/wp\/v2\/product\/270394","targetHints":{"allow":["GET"]}}],"collection":[{"href":"https:\/\/promis.ro\/ro\/wp-json\/wp\/v2\/product"}],"about":[{"href":"https:\/\/promis.ro\/ro\/wp-json\/wp\/v2\/types\/product"}],"replies":[{"embeddable":true,"href":"https:\/\/promis.ro\/ro\/wp-json\/wp\/v2\/comments?post=270394"}],"version-history":[{"count":0,"href":"https:\/\/promis.ro\/ro\/wp-json\/wp\/v2\/product\/270394\/revisions"}],"wp:featuredmedia":[{"embeddable":true,"href":"https:\/\/promis.ro\/ro\/wp-json\/wp\/v2\/media\/270389"}],"wp:attachment":[{"href":"https:\/\/promis.ro\/ro\/wp-json\/wp\/v2\/media?parent=270394"}],"wp:term":[{"taxonomy":"product_brand","embeddable":true,"href":"https:\/\/promis.ro\/ro\/wp-json\/wp\/v2\/product_brand?post=270394"},{"taxonomy":"product_cat","embeddable":true,"href":"https:\/\/promis.ro\/ro\/wp-json\/wp\/v2\/product_cat?post=270394"},{"taxonomy":"product_tag","embeddable":true,"href":"https:\/\/promis.ro\/ro\/wp-json\/wp\/v2\/product_tag?post=270394"}],"curies":[{"name":"wp","href":"https:\/\/api.w.org\/{rel}","templated":true}]}}