{"id":270396,"date":"2026-01-29T10:48:22","date_gmt":"2026-01-29T10:48:22","guid":{"rendered":"https:\/\/promis.ro\/product\/alasca-rucsac-pentru-drumetii-cu-protectie-impermeabila\/"},"modified":"2026-01-29T12:33:25","modified_gmt":"2026-01-29T12:33:25","slug":"alasca-rucsac-pentru-drumetii-cu-protectie-impermeabila","status":"publish","type":"product","link":"https:\/\/promis.ro\/ro\/produs\/alasca-rucsac-pentru-drumetii-cu-protectie-impermeabila\/","title":{"rendered":"ALASCA. Rucsac pentru drume\u021bii cu protec\u021bie impermeabil\u0103"},"content":{"rendered":"<p>Rucsac de drume\u021bie pentru utilizare zilnic\u0103 \u00een medii urbane, aventuri sau sporturi \u00een aer liber. Designul func\u021bional combinat cu calitatea \u0219i rezisten\u021ba materialelor fac din acest rucsac un produs unic. Finisajul s\u0103u \u00eei confer\u0103 o textur\u0103 moale, f\u0103c\u00e2ndu-l mai confortabil de utilizat.Material exterior: poliester reciclat 600D cu strat rezistent la ap\u0103Material interior: poliester reciclat 210DBuzunar pentru laptop: 14&#8243;Capacitate (L): 18Compartimente: 2 compartimente principale, cel din spate complet c\u0103ptu\u0219it pentru laptopBuzunare exterioare: 1 buzunar superior cu fermoar \u0219i 2 buzunare laterale din plas\u0103 elastic\u0103Caracteristici suplimentare: bucle multifunc\u021bionale, curele de control al greut\u0103\u021bii, curea de ajustare la piept 281 x 455 x 160 mm<\/p>","protected":false},"excerpt":{"rendered":"<p>Rucsac de drume\u021bie pentru utilizare zilnic\u0103 \u00een medii urbane, aventuri sau sporturi \u00een aer liber. Designul func\u021bional combinat cu calitatea<\/p>","protected":false},"featured_media":270395,"comment_status":"open","ping_status":"closed","template":"","meta":[],"product_brand":[],"product_cat":[169],"product_tag":[],"class_list":{"0":"post-270396","1":"product","2":"type-product","3":"status-publish","4":"has-post-thumbnail","6":"product_cat-ghiozdane","8":"first","9":"outofstock","10":"shipping-taxable","11":"purchasable","12":"product-type-variable"},"yoast_head":"<!-- This site is optimized with the Yoast SEO plugin v27.4 - https:\/\/yoast.com\/product\/yoast-seo-wordpress\/ -->\n<title>ALASCA. Rucsac pentru drume\u021bii cu protec\u021bie impermeabil\u0103 - Promis.ro<\/title>\n<meta name=\"description\" content=\"Rucsac de drume\u021bie pentru utilizare zilnic\u0103 \u00een medii urbane, aventuri sau sporturi \u00een aer liber. Designul func\u021bional combinat cu calitatea \u0219i rezisten\u021ba\" \/>\n<meta name=\"robots\" content=\"index, follow, max-snippet:-1, max-image-preview:large, max-video-preview:-1\" \/>\n<link rel=\"canonical\" href=\"https:\/\/promis.ro\/ro\/produs\/alasca-rucsac-pentru-drumetii-cu-protectie-impermeabila\/\" \/>\n<meta property=\"og:locale\" content=\"ro_RO\" \/>\n<meta property=\"og:type\" content=\"article\" \/>\n<meta property=\"og:title\" content=\"ALASCA. Rucsac pentru drume\u021bii cu protec\u021bie impermeabil\u0103 - Promis.ro\" \/>\n<meta property=\"og:description\" content=\"Rucsac de drume\u021bie pentru utilizare zilnic\u0103 \u00een medii urbane, aventuri sau sporturi \u00een aer liber. Designul func\u021bional combinat cu calitatea \u0219i rezisten\u021ba\" \/>\n<meta property=\"og:url\" content=\"https:\/\/promis.ro\/ro\/produs\/alasca-rucsac-pentru-drumetii-cu-protectie-impermeabila\/\" \/>\n<meta property=\"og:site_name\" content=\"Promis.ro\" \/>\n<meta property=\"article:modified_time\" content=\"2026-01-29T12:33:25+00:00\" \/>\n<meta property=\"og:image\" content=\"https:\/\/promis.ro\/wp-content\/uploads\/2026\/01\/92092_set.jpg\" \/>\n\t<meta property=\"og:image:width\" content=\"1000\" \/>\n\t<meta property=\"og:image:height\" content=\"1000\" \/>\n\t<meta property=\"og:image:type\" content=\"image\/jpeg\" \/>\n<meta name=\"twitter:card\" content=\"summary_large_image\" \/>\n<meta name=\"twitter:label1\" content=\"Timp estimat pentru citire\" \/>\n\t<meta name=\"twitter:data1\" content=\"1 minut\" \/>\n<script type=\"application\/ld+json\" class=\"yoast-schema-graph\">{\"@context\":\"https:\\\/\\\/schema.org\",\"@graph\":[{\"@type\":\"WebPage\",\"@id\":\"https:\\\/\\\/promis.ro\\\/product\\\/alasca-rucsac-pentru-drumetii-cu-protectie-impermeabila\\\/\",\"url\":\"https:\\\/\\\/promis.ro\\\/product\\\/alasca-rucsac-pentru-drumetii-cu-protectie-impermeabila\\\/\",\"name\":\"ALASCA. Rucsac pentru drume\u021bii cu protec\u021bie impermeabil\u0103 - Promis.ro\",\"isPartOf\":{\"@id\":\"https:\\\/\\\/promis.ro\\\/#website\"},\"primaryImageOfPage\":{\"@id\":\"https:\\\/\\\/promis.ro\\\/product\\\/alasca-rucsac-pentru-drumetii-cu-protectie-impermeabila\\\/#primaryimage\"},\"image\":{\"@id\":\"https:\\\/\\\/promis.ro\\\/product\\\/alasca-rucsac-pentru-drumetii-cu-protectie-impermeabila\\\/#primaryimage\"},\"thumbnailUrl\":\"https:\\\/\\\/promis.ro\\\/wp-content\\\/uploads\\\/2026\\\/01\\\/92092_set.jpg\",\"datePublished\":\"2026-01-29T10:48:22+00:00\",\"dateModified\":\"2026-01-29T12:33:25+00:00\",\"description\":\"Rucsac de drume\u021bie pentru utilizare zilnic\u0103 \u00een medii urbane, aventuri sau sporturi \u00een aer liber. Designul func\u021bional combinat cu calitatea \u0219i rezisten\u021ba\",\"breadcrumb\":{\"@id\":\"https:\\\/\\\/promis.ro\\\/product\\\/alasca-rucsac-pentru-drumetii-cu-protectie-impermeabila\\\/#breadcrumb\"},\"inLanguage\":\"ro-RO\",\"potentialAction\":[{\"@type\":\"ReadAction\",\"target\":[\"https:\\\/\\\/promis.ro\\\/product\\\/alasca-rucsac-pentru-drumetii-cu-protectie-impermeabila\\\/\"]}]},{\"@type\":\"ImageObject\",\"inLanguage\":\"ro-RO\",\"@id\":\"https:\\\/\\\/promis.ro\\\/product\\\/alasca-rucsac-pentru-drumetii-cu-protectie-impermeabila\\\/#primaryimage\",\"url\":\"https:\\\/\\\/promis.ro\\\/wp-content\\\/uploads\\\/2026\\\/01\\\/92092_set.jpg\",\"contentUrl\":\"https:\\\/\\\/promis.ro\\\/wp-content\\\/uploads\\\/2026\\\/01\\\/92092_set.jpg\",\"width\":1000,\"height\":1000},{\"@type\":\"BreadcrumbList\",\"@id\":\"https:\\\/\\\/promis.ro\\\/product\\\/alasca-rucsac-pentru-drumetii-cu-protectie-impermeabila\\\/#breadcrumb\",\"itemListElement\":[{\"@type\":\"ListItem\",\"position\":1,\"name\":\"Home\",\"item\":\"https:\\\/\\\/promis.ro\\\/\"},{\"@type\":\"ListItem\",\"position\":2,\"name\":\"Magazin\",\"item\":\"https:\\\/\\\/promis.ro\\\/magazin\\\/\"},{\"@type\":\"ListItem\",\"position\":3,\"name\":\"ALASCA. Rucsac pentru drume\u021bii cu protec\u021bie impermeabil\u0103\"}]},{\"@type\":\"WebSite\",\"@id\":\"https:\\\/\\\/promis.ro\\\/#website\",\"url\":\"https:\\\/\\\/promis.ro\\\/\",\"name\":\"Promis.ro\",\"description\":\"\",\"potentialAction\":[{\"@type\":\"SearchAction\",\"target\":{\"@type\":\"EntryPoint\",\"urlTemplate\":\"https:\\\/\\\/promis.ro\\\/?s={search_term_string}\"},\"query-input\":{\"@type\":\"PropertyValueSpecification\",\"valueRequired\":true,\"valueName\":\"search_term_string\"}}],\"inLanguage\":\"ro-RO\"}]}<\/script>\n<!-- \/ Yoast SEO plugin. -->","yoast_head_json":{"title":"ALASCA. Rucsac pentru drume\u021bii cu protec\u021bie impermeabil\u0103 - Promis.ro","description":"Rucsac de drume\u021bie pentru utilizare zilnic\u0103 \u00een medii urbane, aventuri sau sporturi \u00een aer liber. Designul func\u021bional combinat cu calitatea \u0219i rezisten\u021ba","robots":{"index":"index","follow":"follow","max-snippet":"max-snippet:-1","max-image-preview":"max-image-preview:large","max-video-preview":"max-video-preview:-1"},"canonical":"https:\/\/promis.ro\/ro\/produs\/alasca-rucsac-pentru-drumetii-cu-protectie-impermeabila\/","og_locale":"ro_RO","og_type":"article","og_title":"ALASCA. Rucsac pentru drume\u021bii cu protec\u021bie impermeabil\u0103 - Promis.ro","og_description":"Rucsac de drume\u021bie pentru utilizare zilnic\u0103 \u00een medii urbane, aventuri sau sporturi \u00een aer liber. Designul func\u021bional combinat cu calitatea \u0219i rezisten\u021ba","og_url":"https:\/\/promis.ro\/ro\/produs\/alasca-rucsac-pentru-drumetii-cu-protectie-impermeabila\/","og_site_name":"Promis.ro","article_modified_time":"2026-01-29T12:33:25+00:00","og_image":[{"width":1000,"height":1000,"url":"https:\/\/promis.ro\/wp-content\/uploads\/2026\/01\/92092_set.jpg","type":"image\/jpeg"}],"twitter_card":"summary_large_image","twitter_misc":{"Timp estimat pentru citire":"1 minut"},"schema":{"@context":"https:\/\/schema.org","@graph":[{"@type":"WebPage","@id":"https:\/\/promis.ro\/product\/alasca-rucsac-pentru-drumetii-cu-protectie-impermeabila\/","url":"https:\/\/promis.ro\/product\/alasca-rucsac-pentru-drumetii-cu-protectie-impermeabila\/","name":"ALASCA. Rucsac pentru drume\u021bii cu protec\u021bie impermeabil\u0103 - Promis.ro","isPartOf":{"@id":"https:\/\/promis.ro\/#website"},"primaryImageOfPage":{"@id":"https:\/\/promis.ro\/product\/alasca-rucsac-pentru-drumetii-cu-protectie-impermeabila\/#primaryimage"},"image":{"@id":"https:\/\/promis.ro\/product\/alasca-rucsac-pentru-drumetii-cu-protectie-impermeabila\/#primaryimage"},"thumbnailUrl":"https:\/\/promis.ro\/wp-content\/uploads\/2026\/01\/92092_set.jpg","datePublished":"2026-01-29T10:48:22+00:00","dateModified":"2026-01-29T12:33:25+00:00","description":"Rucsac de drume\u021bie pentru utilizare zilnic\u0103 \u00een medii urbane, aventuri sau sporturi \u00een aer liber. Designul func\u021bional combinat cu calitatea \u0219i rezisten\u021ba","breadcrumb":{"@id":"https:\/\/promis.ro\/product\/alasca-rucsac-pentru-drumetii-cu-protectie-impermeabila\/#breadcrumb"},"inLanguage":"ro-RO","potentialAction":[{"@type":"ReadAction","target":["https:\/\/promis.ro\/product\/alasca-rucsac-pentru-drumetii-cu-protectie-impermeabila\/"]}]},{"@type":"ImageObject","inLanguage":"ro-RO","@id":"https:\/\/promis.ro\/product\/alasca-rucsac-pentru-drumetii-cu-protectie-impermeabila\/#primaryimage","url":"https:\/\/promis.ro\/wp-content\/uploads\/2026\/01\/92092_set.jpg","contentUrl":"https:\/\/promis.ro\/wp-content\/uploads\/2026\/01\/92092_set.jpg","width":1000,"height":1000},{"@type":"BreadcrumbList","@id":"https:\/\/promis.ro\/product\/alasca-rucsac-pentru-drumetii-cu-protectie-impermeabila\/#breadcrumb","itemListElement":[{"@type":"ListItem","position":1,"name":"Home","item":"https:\/\/promis.ro\/"},{"@type":"ListItem","position":2,"name":"Magazin","item":"https:\/\/promis.ro\/magazin\/"},{"@type":"ListItem","position":3,"name":"ALASCA. Rucsac pentru drume\u021bii cu protec\u021bie impermeabil\u0103"}]},{"@type":"WebSite","@id":"https:\/\/promis.ro\/#website","url":"https:\/\/promis.ro\/","name":"Promis.ro","description":"","potentialAction":[{"@type":"SearchAction","target":{"@type":"EntryPoint","urlTemplate":"https:\/\/promis.ro\/?s={search_term_string}"},"query-input":{"@type":"PropertyValueSpecification","valueRequired":true,"valueName":"search_term_string"}}],"inLanguage":"ro-RO"}]}},"_links":{"self":[{"href":"https:\/\/promis.ro\/ro\/wp-json\/wp\/v2\/product\/270396","targetHints":{"allow":["GET"]}}],"collection":[{"href":"https:\/\/promis.ro\/ro\/wp-json\/wp\/v2\/product"}],"about":[{"href":"https:\/\/promis.ro\/ro\/wp-json\/wp\/v2\/types\/product"}],"replies":[{"embeddable":true,"href":"https:\/\/promis.ro\/ro\/wp-json\/wp\/v2\/comments?post=270396"}],"version-history":[{"count":1,"href":"https:\/\/promis.ro\/ro\/wp-json\/wp\/v2\/product\/270396\/revisions"}],"predecessor-version":[{"id":278081,"href":"https:\/\/promis.ro\/ro\/wp-json\/wp\/v2\/product\/270396\/revisions\/278081"}],"wp:featuredmedia":[{"embeddable":true,"href":"https:\/\/promis.ro\/ro\/wp-json\/wp\/v2\/media\/270395"}],"wp:attachment":[{"href":"https:\/\/promis.ro\/ro\/wp-json\/wp\/v2\/media?parent=270396"}],"wp:term":[{"taxonomy":"product_brand","embeddable":true,"href":"https:\/\/promis.ro\/ro\/wp-json\/wp\/v2\/product_brand?post=270396"},{"taxonomy":"product_cat","embeddable":true,"href":"https:\/\/promis.ro\/ro\/wp-json\/wp\/v2\/product_cat?post=270396"},{"taxonomy":"product_tag","embeddable":true,"href":"https:\/\/promis.ro\/ro\/wp-json\/wp\/v2\/product_tag?post=270396"}],"curies":[{"name":"wp","href":"https:\/\/api.w.org\/{rel}","templated":true}]}}