{"id":270408,"date":"2026-01-29T10:48:26","date_gmt":"2026-01-29T10:48:26","guid":{"rendered":"https:\/\/promis.ro\/product\/denim-bpack-rucsac-din-denim-300-g-m%c2%b2\/"},"modified":"2026-01-29T12:33:25","modified_gmt":"2026-01-29T12:33:25","slug":"denim-bpack-rucsac-din-denim-300-g-m%c2%b2","status":"publish","type":"product","link":"https:\/\/promis.ro\/ro\/produs\/denim-bpack-rucsac-din-denim-300-g-m%c2%b2\/","title":{"rendered":"DENIM BPACK. Rucsac din denim (300 g\/m\u00b2)"},"content":{"rendered":"<p>Rucsac casual cu cus\u0103turi interioare \u00eent\u0103rite, asigur\u00e2nd o rezisten\u021b\u0103 \u0219i durabilitate sporite pentru utilizarea zilnic\u0103.Material exterior: denim (300 g\/m\u00b2)Capacitate (L): 8Compartimente: 1 compartiment principalBuzunare exterioare: 2 buzunare laterale 290 x 400 x 130 mm<\/p>","protected":false},"excerpt":{"rendered":"<p>Rucsac casual cu cus\u0103turi interioare \u00eent\u0103rite, asigur\u00e2nd o rezisten\u021b\u0103 \u0219i durabilitate sporite pentru utilizarea zilnic\u0103.Material exterior: denim (300 g\/m\u00b2)Capacitate (L):<\/p>","protected":false},"featured_media":270403,"comment_status":"open","ping_status":"closed","template":"","meta":[],"product_brand":[],"product_cat":[169],"product_tag":[],"class_list":{"0":"post-270408","1":"product","2":"type-product","3":"status-publish","4":"has-post-thumbnail","6":"product_cat-ghiozdane","8":"first","9":"instock","10":"shipping-taxable","11":"purchasable","12":"product-type-simple"},"yoast_head":"<!-- This site is optimized with the Yoast SEO plugin v27.4 - https:\/\/yoast.com\/product\/yoast-seo-wordpress\/ -->\n<title>DENIM BPACK. Rucsac din denim (300 g\/m\u00b2) - Promis.ro<\/title>\n<meta name=\"description\" content=\"Rucsac casual cu cus\u0103turi interioare \u00eent\u0103rite, asigur\u00e2nd o rezisten\u021b\u0103 \u0219i durabilitate sporite pentru utilizarea zilnic\u0103.Material exterior: denim (300\" \/>\n<meta name=\"robots\" content=\"index, follow, max-snippet:-1, max-image-preview:large, max-video-preview:-1\" \/>\n<link rel=\"canonical\" href=\"https:\/\/promis.ro\/ro\/produs\/denim-bpack-rucsac-din-denim-300-g-m\u00b2\/\" \/>\n<meta property=\"og:locale\" content=\"ro_RO\" \/>\n<meta property=\"og:type\" content=\"article\" \/>\n<meta property=\"og:title\" content=\"DENIM BPACK. Rucsac din denim (300 g\/m\u00b2) - Promis.ro\" \/>\n<meta property=\"og:description\" content=\"Rucsac casual cu cus\u0103turi interioare \u00eent\u0103rite, asigur\u00e2nd o rezisten\u021b\u0103 \u0219i durabilitate sporite pentru utilizarea zilnic\u0103.Material exterior: denim (300\" \/>\n<meta property=\"og:url\" content=\"https:\/\/promis.ro\/ro\/produs\/denim-bpack-rucsac-din-denim-300-g-m\u00b2\/\" \/>\n<meta property=\"og:site_name\" content=\"Promis.ro\" \/>\n<meta property=\"article:modified_time\" content=\"2026-01-29T12:33:25+00:00\" \/>\n<meta property=\"og:image\" content=\"https:\/\/promis.ro\/wp-content\/uploads\/2026\/01\/92094_set.jpg\" \/>\n\t<meta property=\"og:image:width\" content=\"1000\" \/>\n\t<meta property=\"og:image:height\" content=\"1000\" \/>\n\t<meta property=\"og:image:type\" content=\"image\/jpeg\" \/>\n<meta name=\"twitter:card\" content=\"summary_large_image\" \/>\n<script type=\"application\/ld+json\" class=\"yoast-schema-graph\">{\"@context\":\"https:\\\/\\\/schema.org\",\"@graph\":[{\"@type\":\"WebPage\",\"@id\":\"https:\\\/\\\/promis.ro\\\/product\\\/denim-bpack-rucsac-din-denim-300-g-m%c2%b2\\\/\",\"url\":\"https:\\\/\\\/promis.ro\\\/product\\\/denim-bpack-rucsac-din-denim-300-g-m%c2%b2\\\/\",\"name\":\"DENIM BPACK. Rucsac din denim (300 g\\\/m\u00b2) - Promis.ro\",\"isPartOf\":{\"@id\":\"https:\\\/\\\/promis.ro\\\/#website\"},\"primaryImageOfPage\":{\"@id\":\"https:\\\/\\\/promis.ro\\\/product\\\/denim-bpack-rucsac-din-denim-300-g-m%c2%b2\\\/#primaryimage\"},\"image\":{\"@id\":\"https:\\\/\\\/promis.ro\\\/product\\\/denim-bpack-rucsac-din-denim-300-g-m%c2%b2\\\/#primaryimage\"},\"thumbnailUrl\":\"https:\\\/\\\/promis.ro\\\/wp-content\\\/uploads\\\/2026\\\/01\\\/92094_set.jpg\",\"datePublished\":\"2026-01-29T10:48:26+00:00\",\"dateModified\":\"2026-01-29T12:33:25+00:00\",\"description\":\"Rucsac casual cu cus\u0103turi interioare \u00eent\u0103rite, asigur\u00e2nd o rezisten\u021b\u0103 \u0219i durabilitate sporite pentru utilizarea zilnic\u0103.Material exterior: denim (300\",\"breadcrumb\":{\"@id\":\"https:\\\/\\\/promis.ro\\\/product\\\/denim-bpack-rucsac-din-denim-300-g-m%c2%b2\\\/#breadcrumb\"},\"inLanguage\":\"ro-RO\",\"potentialAction\":[{\"@type\":\"ReadAction\",\"target\":[\"https:\\\/\\\/promis.ro\\\/product\\\/denim-bpack-rucsac-din-denim-300-g-m%c2%b2\\\/\"]}]},{\"@type\":\"ImageObject\",\"inLanguage\":\"ro-RO\",\"@id\":\"https:\\\/\\\/promis.ro\\\/product\\\/denim-bpack-rucsac-din-denim-300-g-m%c2%b2\\\/#primaryimage\",\"url\":\"https:\\\/\\\/promis.ro\\\/wp-content\\\/uploads\\\/2026\\\/01\\\/92094_set.jpg\",\"contentUrl\":\"https:\\\/\\\/promis.ro\\\/wp-content\\\/uploads\\\/2026\\\/01\\\/92094_set.jpg\",\"width\":1000,\"height\":1000},{\"@type\":\"BreadcrumbList\",\"@id\":\"https:\\\/\\\/promis.ro\\\/product\\\/denim-bpack-rucsac-din-denim-300-g-m%c2%b2\\\/#breadcrumb\",\"itemListElement\":[{\"@type\":\"ListItem\",\"position\":1,\"name\":\"Home\",\"item\":\"https:\\\/\\\/promis.ro\\\/\"},{\"@type\":\"ListItem\",\"position\":2,\"name\":\"Magazin\",\"item\":\"https:\\\/\\\/promis.ro\\\/magazin\\\/\"},{\"@type\":\"ListItem\",\"position\":3,\"name\":\"DENIM BPACK. Rucsac din denim (300 g\\\/m\u00b2)\"}]},{\"@type\":\"WebSite\",\"@id\":\"https:\\\/\\\/promis.ro\\\/#website\",\"url\":\"https:\\\/\\\/promis.ro\\\/\",\"name\":\"Promis.ro\",\"description\":\"\",\"potentialAction\":[{\"@type\":\"SearchAction\",\"target\":{\"@type\":\"EntryPoint\",\"urlTemplate\":\"https:\\\/\\\/promis.ro\\\/?s={search_term_string}\"},\"query-input\":{\"@type\":\"PropertyValueSpecification\",\"valueRequired\":true,\"valueName\":\"search_term_string\"}}],\"inLanguage\":\"ro-RO\"}]}<\/script>\n<!-- \/ Yoast SEO plugin. -->","yoast_head_json":{"title":"DENIM BPACK. Rucsac din denim (300 g\/m\u00b2) - Promis.ro","description":"Rucsac casual cu cus\u0103turi interioare \u00eent\u0103rite, asigur\u00e2nd o rezisten\u021b\u0103 \u0219i durabilitate sporite pentru utilizarea zilnic\u0103.Material exterior: denim (300","robots":{"index":"index","follow":"follow","max-snippet":"max-snippet:-1","max-image-preview":"max-image-preview:large","max-video-preview":"max-video-preview:-1"},"canonical":"https:\/\/promis.ro\/ro\/produs\/denim-bpack-rucsac-din-denim-300-g-m\u00b2\/","og_locale":"ro_RO","og_type":"article","og_title":"DENIM BPACK. Rucsac din denim (300 g\/m\u00b2) - Promis.ro","og_description":"Rucsac casual cu cus\u0103turi interioare \u00eent\u0103rite, asigur\u00e2nd o rezisten\u021b\u0103 \u0219i durabilitate sporite pentru utilizarea zilnic\u0103.Material exterior: denim (300","og_url":"https:\/\/promis.ro\/ro\/produs\/denim-bpack-rucsac-din-denim-300-g-m\u00b2\/","og_site_name":"Promis.ro","article_modified_time":"2026-01-29T12:33:25+00:00","og_image":[{"width":1000,"height":1000,"url":"https:\/\/promis.ro\/wp-content\/uploads\/2026\/01\/92094_set.jpg","type":"image\/jpeg"}],"twitter_card":"summary_large_image","schema":{"@context":"https:\/\/schema.org","@graph":[{"@type":"WebPage","@id":"https:\/\/promis.ro\/product\/denim-bpack-rucsac-din-denim-300-g-m%c2%b2\/","url":"https:\/\/promis.ro\/product\/denim-bpack-rucsac-din-denim-300-g-m%c2%b2\/","name":"DENIM BPACK. Rucsac din denim (300 g\/m\u00b2) - Promis.ro","isPartOf":{"@id":"https:\/\/promis.ro\/#website"},"primaryImageOfPage":{"@id":"https:\/\/promis.ro\/product\/denim-bpack-rucsac-din-denim-300-g-m%c2%b2\/#primaryimage"},"image":{"@id":"https:\/\/promis.ro\/product\/denim-bpack-rucsac-din-denim-300-g-m%c2%b2\/#primaryimage"},"thumbnailUrl":"https:\/\/promis.ro\/wp-content\/uploads\/2026\/01\/92094_set.jpg","datePublished":"2026-01-29T10:48:26+00:00","dateModified":"2026-01-29T12:33:25+00:00","description":"Rucsac casual cu cus\u0103turi interioare \u00eent\u0103rite, asigur\u00e2nd o rezisten\u021b\u0103 \u0219i durabilitate sporite pentru utilizarea zilnic\u0103.Material exterior: denim (300","breadcrumb":{"@id":"https:\/\/promis.ro\/product\/denim-bpack-rucsac-din-denim-300-g-m%c2%b2\/#breadcrumb"},"inLanguage":"ro-RO","potentialAction":[{"@type":"ReadAction","target":["https:\/\/promis.ro\/product\/denim-bpack-rucsac-din-denim-300-g-m%c2%b2\/"]}]},{"@type":"ImageObject","inLanguage":"ro-RO","@id":"https:\/\/promis.ro\/product\/denim-bpack-rucsac-din-denim-300-g-m%c2%b2\/#primaryimage","url":"https:\/\/promis.ro\/wp-content\/uploads\/2026\/01\/92094_set.jpg","contentUrl":"https:\/\/promis.ro\/wp-content\/uploads\/2026\/01\/92094_set.jpg","width":1000,"height":1000},{"@type":"BreadcrumbList","@id":"https:\/\/promis.ro\/product\/denim-bpack-rucsac-din-denim-300-g-m%c2%b2\/#breadcrumb","itemListElement":[{"@type":"ListItem","position":1,"name":"Home","item":"https:\/\/promis.ro\/"},{"@type":"ListItem","position":2,"name":"Magazin","item":"https:\/\/promis.ro\/magazin\/"},{"@type":"ListItem","position":3,"name":"DENIM BPACK. Rucsac din denim (300 g\/m\u00b2)"}]},{"@type":"WebSite","@id":"https:\/\/promis.ro\/#website","url":"https:\/\/promis.ro\/","name":"Promis.ro","description":"","potentialAction":[{"@type":"SearchAction","target":{"@type":"EntryPoint","urlTemplate":"https:\/\/promis.ro\/?s={search_term_string}"},"query-input":{"@type":"PropertyValueSpecification","valueRequired":true,"valueName":"search_term_string"}}],"inLanguage":"ro-RO"}]}},"_links":{"self":[{"href":"https:\/\/promis.ro\/ro\/wp-json\/wp\/v2\/product\/270408","targetHints":{"allow":["GET"]}}],"collection":[{"href":"https:\/\/promis.ro\/ro\/wp-json\/wp\/v2\/product"}],"about":[{"href":"https:\/\/promis.ro\/ro\/wp-json\/wp\/v2\/types\/product"}],"replies":[{"embeddable":true,"href":"https:\/\/promis.ro\/ro\/wp-json\/wp\/v2\/comments?post=270408"}],"version-history":[{"count":0,"href":"https:\/\/promis.ro\/ro\/wp-json\/wp\/v2\/product\/270408\/revisions"}],"wp:featuredmedia":[{"embeddable":true,"href":"https:\/\/promis.ro\/ro\/wp-json\/wp\/v2\/media\/270403"}],"wp:attachment":[{"href":"https:\/\/promis.ro\/ro\/wp-json\/wp\/v2\/media?parent=270408"}],"wp:term":[{"taxonomy":"product_brand","embeddable":true,"href":"https:\/\/promis.ro\/ro\/wp-json\/wp\/v2\/product_brand?post=270408"},{"taxonomy":"product_cat","embeddable":true,"href":"https:\/\/promis.ro\/ro\/wp-json\/wp\/v2\/product_cat?post=270408"},{"taxonomy":"product_tag","embeddable":true,"href":"https:\/\/promis.ro\/ro\/wp-json\/wp\/v2\/product_tag?post=270408"}],"curies":[{"name":"wp","href":"https:\/\/api.w.org\/{rel}","templated":true}]}}