{"id":270428,"date":"2026-01-29T10:48:33","date_gmt":"2026-01-29T10:48:33","guid":{"rendered":"https:\/\/promis.ro\/product\/business-rucsac-pentru-laptop-din-poliester-reciclat-300d\/"},"modified":"2026-01-29T12:33:25","modified_gmt":"2026-01-29T12:33:25","slug":"business-rucsac-pentru-laptop-din-poliester-reciclat-300d","status":"publish","type":"product","link":"https:\/\/promis.ro\/ro\/produs\/business-rucsac-pentru-laptop-din-poliester-reciclat-300d\/","title":{"rendered":"BUSINESS. Rucsac pentru laptop din poliester reciclat 300D"},"content":{"rendered":"<p>Rucsac pentru laptop, perfect pentru rutina ta profesional\u0103 sau academic\u0103. Poart\u0103 tot ce ai nevoie pentru a fi productiv pe tot parcursul zilei.Material exterior: poliester reciclat 300D de \u00eenalt\u0103 densitateMaterial interior: poliester reciclat 210DBuzunar pentru laptop\/tablet\u0103: 15&#8217;6\u201c\/10&#8217;1\u201dCapacitate (L): 18Compartimente: 1 compartiment principalBuzunare exterioare: 2 buzunare frontale cu fermoar \u0219i 2 buzunare laterale cu plas\u0103 elastic\u0103Panou posterior: c\u0103ptu\u0219it cu curea pentru troler 301 x 450 x 140 mm<\/p>","protected":false},"excerpt":{"rendered":"<p>Rucsac pentru laptop, perfect pentru rutina ta profesional\u0103 sau academic\u0103. Poart\u0103 tot ce ai nevoie pentru a fi productiv pe<\/p>","protected":false},"featured_media":270427,"comment_status":"open","ping_status":"closed","template":"","meta":[],"product_brand":[],"product_cat":[169],"product_tag":[],"class_list":{"0":"post-270428","1":"product","2":"type-product","3":"status-publish","4":"has-post-thumbnail","6":"product_cat-ghiozdane","8":"first","9":"instock","10":"shipping-taxable","11":"purchasable","12":"product-type-variable"},"yoast_head":"<!-- This site is optimized with the Yoast SEO plugin v27.4 - https:\/\/yoast.com\/product\/yoast-seo-wordpress\/ -->\n<title>BUSINESS. Rucsac pentru laptop din poliester reciclat 300D - Promis.ro<\/title>\n<meta name=\"description\" content=\"Rucsac pentru laptop, perfect pentru rutina ta profesional\u0103 sau academic\u0103. Poart\u0103 tot ce ai nevoie pentru a fi productiv pe tot parcursul zilei.Material\" \/>\n<meta name=\"robots\" content=\"index, follow, max-snippet:-1, max-image-preview:large, max-video-preview:-1\" \/>\n<link rel=\"canonical\" href=\"https:\/\/promis.ro\/ro\/produs\/business-rucsac-pentru-laptop-din-poliester-reciclat-300d\/\" \/>\n<meta property=\"og:locale\" content=\"ro_RO\" \/>\n<meta property=\"og:type\" content=\"article\" \/>\n<meta property=\"og:title\" content=\"BUSINESS. Rucsac pentru laptop din poliester reciclat 300D - Promis.ro\" \/>\n<meta property=\"og:description\" content=\"Rucsac pentru laptop, perfect pentru rutina ta profesional\u0103 sau academic\u0103. Poart\u0103 tot ce ai nevoie pentru a fi productiv pe tot parcursul zilei.Material\" \/>\n<meta property=\"og:url\" content=\"https:\/\/promis.ro\/ro\/produs\/business-rucsac-pentru-laptop-din-poliester-reciclat-300d\/\" \/>\n<meta property=\"og:site_name\" content=\"Promis.ro\" \/>\n<meta property=\"article:modified_time\" content=\"2026-01-29T12:33:25+00:00\" \/>\n<meta property=\"og:image\" content=\"https:\/\/promis.ro\/wp-content\/uploads\/2026\/01\/92098_set.jpg\" \/>\n\t<meta property=\"og:image:width\" content=\"1000\" \/>\n\t<meta property=\"og:image:height\" content=\"1000\" \/>\n\t<meta property=\"og:image:type\" content=\"image\/jpeg\" \/>\n<meta name=\"twitter:card\" content=\"summary_large_image\" \/>\n<script type=\"application\/ld+json\" class=\"yoast-schema-graph\">{\"@context\":\"https:\\\/\\\/schema.org\",\"@graph\":[{\"@type\":\"WebPage\",\"@id\":\"https:\\\/\\\/promis.ro\\\/product\\\/business-rucsac-pentru-laptop-din-poliester-reciclat-300d\\\/\",\"url\":\"https:\\\/\\\/promis.ro\\\/product\\\/business-rucsac-pentru-laptop-din-poliester-reciclat-300d\\\/\",\"name\":\"BUSINESS. Rucsac pentru laptop din poliester reciclat 300D - Promis.ro\",\"isPartOf\":{\"@id\":\"https:\\\/\\\/promis.ro\\\/#website\"},\"primaryImageOfPage\":{\"@id\":\"https:\\\/\\\/promis.ro\\\/product\\\/business-rucsac-pentru-laptop-din-poliester-reciclat-300d\\\/#primaryimage\"},\"image\":{\"@id\":\"https:\\\/\\\/promis.ro\\\/product\\\/business-rucsac-pentru-laptop-din-poliester-reciclat-300d\\\/#primaryimage\"},\"thumbnailUrl\":\"https:\\\/\\\/promis.ro\\\/wp-content\\\/uploads\\\/2026\\\/01\\\/92098_set.jpg\",\"datePublished\":\"2026-01-29T10:48:33+00:00\",\"dateModified\":\"2026-01-29T12:33:25+00:00\",\"description\":\"Rucsac pentru laptop, perfect pentru rutina ta profesional\u0103 sau academic\u0103. Poart\u0103 tot ce ai nevoie pentru a fi productiv pe tot parcursul zilei.Material\",\"breadcrumb\":{\"@id\":\"https:\\\/\\\/promis.ro\\\/product\\\/business-rucsac-pentru-laptop-din-poliester-reciclat-300d\\\/#breadcrumb\"},\"inLanguage\":\"ro-RO\",\"potentialAction\":[{\"@type\":\"ReadAction\",\"target\":[\"https:\\\/\\\/promis.ro\\\/product\\\/business-rucsac-pentru-laptop-din-poliester-reciclat-300d\\\/\"]}]},{\"@type\":\"ImageObject\",\"inLanguage\":\"ro-RO\",\"@id\":\"https:\\\/\\\/promis.ro\\\/product\\\/business-rucsac-pentru-laptop-din-poliester-reciclat-300d\\\/#primaryimage\",\"url\":\"https:\\\/\\\/promis.ro\\\/wp-content\\\/uploads\\\/2026\\\/01\\\/92098_set.jpg\",\"contentUrl\":\"https:\\\/\\\/promis.ro\\\/wp-content\\\/uploads\\\/2026\\\/01\\\/92098_set.jpg\",\"width\":1000,\"height\":1000},{\"@type\":\"BreadcrumbList\",\"@id\":\"https:\\\/\\\/promis.ro\\\/product\\\/business-rucsac-pentru-laptop-din-poliester-reciclat-300d\\\/#breadcrumb\",\"itemListElement\":[{\"@type\":\"ListItem\",\"position\":1,\"name\":\"Home\",\"item\":\"https:\\\/\\\/promis.ro\\\/\"},{\"@type\":\"ListItem\",\"position\":2,\"name\":\"Magazin\",\"item\":\"https:\\\/\\\/promis.ro\\\/magazin\\\/\"},{\"@type\":\"ListItem\",\"position\":3,\"name\":\"BUSINESS. Rucsac pentru laptop din poliester reciclat 300D\"}]},{\"@type\":\"WebSite\",\"@id\":\"https:\\\/\\\/promis.ro\\\/#website\",\"url\":\"https:\\\/\\\/promis.ro\\\/\",\"name\":\"Promis.ro\",\"description\":\"\",\"potentialAction\":[{\"@type\":\"SearchAction\",\"target\":{\"@type\":\"EntryPoint\",\"urlTemplate\":\"https:\\\/\\\/promis.ro\\\/?s={search_term_string}\"},\"query-input\":{\"@type\":\"PropertyValueSpecification\",\"valueRequired\":true,\"valueName\":\"search_term_string\"}}],\"inLanguage\":\"ro-RO\"}]}<\/script>\n<!-- \/ Yoast SEO plugin. -->","yoast_head_json":{"title":"BUSINESS. Rucsac pentru laptop din poliester reciclat 300D - Promis.ro","description":"Rucsac pentru laptop, perfect pentru rutina ta profesional\u0103 sau academic\u0103. Poart\u0103 tot ce ai nevoie pentru a fi productiv pe tot parcursul zilei.Material","robots":{"index":"index","follow":"follow","max-snippet":"max-snippet:-1","max-image-preview":"max-image-preview:large","max-video-preview":"max-video-preview:-1"},"canonical":"https:\/\/promis.ro\/ro\/produs\/business-rucsac-pentru-laptop-din-poliester-reciclat-300d\/","og_locale":"ro_RO","og_type":"article","og_title":"BUSINESS. Rucsac pentru laptop din poliester reciclat 300D - Promis.ro","og_description":"Rucsac pentru laptop, perfect pentru rutina ta profesional\u0103 sau academic\u0103. Poart\u0103 tot ce ai nevoie pentru a fi productiv pe tot parcursul zilei.Material","og_url":"https:\/\/promis.ro\/ro\/produs\/business-rucsac-pentru-laptop-din-poliester-reciclat-300d\/","og_site_name":"Promis.ro","article_modified_time":"2026-01-29T12:33:25+00:00","og_image":[{"width":1000,"height":1000,"url":"https:\/\/promis.ro\/wp-content\/uploads\/2026\/01\/92098_set.jpg","type":"image\/jpeg"}],"twitter_card":"summary_large_image","schema":{"@context":"https:\/\/schema.org","@graph":[{"@type":"WebPage","@id":"https:\/\/promis.ro\/product\/business-rucsac-pentru-laptop-din-poliester-reciclat-300d\/","url":"https:\/\/promis.ro\/product\/business-rucsac-pentru-laptop-din-poliester-reciclat-300d\/","name":"BUSINESS. Rucsac pentru laptop din poliester reciclat 300D - Promis.ro","isPartOf":{"@id":"https:\/\/promis.ro\/#website"},"primaryImageOfPage":{"@id":"https:\/\/promis.ro\/product\/business-rucsac-pentru-laptop-din-poliester-reciclat-300d\/#primaryimage"},"image":{"@id":"https:\/\/promis.ro\/product\/business-rucsac-pentru-laptop-din-poliester-reciclat-300d\/#primaryimage"},"thumbnailUrl":"https:\/\/promis.ro\/wp-content\/uploads\/2026\/01\/92098_set.jpg","datePublished":"2026-01-29T10:48:33+00:00","dateModified":"2026-01-29T12:33:25+00:00","description":"Rucsac pentru laptop, perfect pentru rutina ta profesional\u0103 sau academic\u0103. Poart\u0103 tot ce ai nevoie pentru a fi productiv pe tot parcursul zilei.Material","breadcrumb":{"@id":"https:\/\/promis.ro\/product\/business-rucsac-pentru-laptop-din-poliester-reciclat-300d\/#breadcrumb"},"inLanguage":"ro-RO","potentialAction":[{"@type":"ReadAction","target":["https:\/\/promis.ro\/product\/business-rucsac-pentru-laptop-din-poliester-reciclat-300d\/"]}]},{"@type":"ImageObject","inLanguage":"ro-RO","@id":"https:\/\/promis.ro\/product\/business-rucsac-pentru-laptop-din-poliester-reciclat-300d\/#primaryimage","url":"https:\/\/promis.ro\/wp-content\/uploads\/2026\/01\/92098_set.jpg","contentUrl":"https:\/\/promis.ro\/wp-content\/uploads\/2026\/01\/92098_set.jpg","width":1000,"height":1000},{"@type":"BreadcrumbList","@id":"https:\/\/promis.ro\/product\/business-rucsac-pentru-laptop-din-poliester-reciclat-300d\/#breadcrumb","itemListElement":[{"@type":"ListItem","position":1,"name":"Home","item":"https:\/\/promis.ro\/"},{"@type":"ListItem","position":2,"name":"Magazin","item":"https:\/\/promis.ro\/magazin\/"},{"@type":"ListItem","position":3,"name":"BUSINESS. Rucsac pentru laptop din poliester reciclat 300D"}]},{"@type":"WebSite","@id":"https:\/\/promis.ro\/#website","url":"https:\/\/promis.ro\/","name":"Promis.ro","description":"","potentialAction":[{"@type":"SearchAction","target":{"@type":"EntryPoint","urlTemplate":"https:\/\/promis.ro\/?s={search_term_string}"},"query-input":{"@type":"PropertyValueSpecification","valueRequired":true,"valueName":"search_term_string"}}],"inLanguage":"ro-RO"}]}},"_links":{"self":[{"href":"https:\/\/promis.ro\/ro\/wp-json\/wp\/v2\/product\/270428","targetHints":{"allow":["GET"]}}],"collection":[{"href":"https:\/\/promis.ro\/ro\/wp-json\/wp\/v2\/product"}],"about":[{"href":"https:\/\/promis.ro\/ro\/wp-json\/wp\/v2\/types\/product"}],"replies":[{"embeddable":true,"href":"https:\/\/promis.ro\/ro\/wp-json\/wp\/v2\/comments?post=270428"}],"version-history":[{"count":1,"href":"https:\/\/promis.ro\/ro\/wp-json\/wp\/v2\/product\/270428\/revisions"}],"predecessor-version":[{"id":278082,"href":"https:\/\/promis.ro\/ro\/wp-json\/wp\/v2\/product\/270428\/revisions\/278082"}],"wp:featuredmedia":[{"embeddable":true,"href":"https:\/\/promis.ro\/ro\/wp-json\/wp\/v2\/media\/270427"}],"wp:attachment":[{"href":"https:\/\/promis.ro\/ro\/wp-json\/wp\/v2\/media?parent=270428"}],"wp:term":[{"taxonomy":"product_brand","embeddable":true,"href":"https:\/\/promis.ro\/ro\/wp-json\/wp\/v2\/product_brand?post=270428"},{"taxonomy":"product_cat","embeddable":true,"href":"https:\/\/promis.ro\/ro\/wp-json\/wp\/v2\/product_cat?post=270428"},{"taxonomy":"product_tag","embeddable":true,"href":"https:\/\/promis.ro\/ro\/wp-json\/wp\/v2\/product_tag?post=270428"}],"curies":[{"name":"wp","href":"https:\/\/api.w.org\/{rel}","templated":true}]}}