{"id":270578,"date":"2026-01-29T10:49:39","date_gmt":"2026-01-29T10:49:39","guid":{"rendered":"https:\/\/promis.ro\/product\/girona-sacosa-din-bumbac-50-bumbac-reciclat-30-si-poliester-20-rpet-220-g-mp\/"},"modified":"2026-01-29T12:33:44","modified_gmt":"2026-01-29T12:33:44","slug":"girona-sacosa-din-bumbac-50-bumbac-reciclat-30-si-poliester-20-rpet-220-g-mp","status":"publish","type":"product","link":"https:\/\/promis.ro\/ro\/produs\/girona-sacosa-din-bumbac-50-bumbac-reciclat-30-si-poliester-20-rpet-220-g-mp\/","title":{"rendered":"GIRONA. Saco\u0219\u0103 din bumbac (50%), bumbac reciclat (30%) \u0219i poliester (20% rPET) (220 g\/mp)"},"content":{"rendered":"<p>Pung\u0103 pliabil\u0103 din bumbac (50%), bumbac reciclat (30%) \u0219i poliester (20% rPET) (140 g\/m\u00b2) cu m\u00e2nere de 38 cm. Promo\u021bie cu reducere de p\u00e2n\u0103 la 15% valabil\u0103 \u00een perioada 03\/11\/2025 &#8211; 06\/01\/2026 \u0219i limitat\u0103 la stocul existent. Pentru mai multe informa\u021bii despre condi\u021biile acestei promo\u021bii, v\u0103 rug\u0103m s\u0103 contacta\u021bi managerul de cont. Deschis: 380 x 470 mm | Pliat: 135 x 205 mm<\/p>","protected":false},"excerpt":{"rendered":"<p>Pung\u0103 pliabil\u0103 din bumbac (50%), bumbac reciclat (30%) \u0219i poliester (20% rPET) (140 g\/m\u00b2) cu m\u00e2nere de 38 cm. Promo\u021bie<\/p>","protected":false},"featured_media":270573,"comment_status":"open","ping_status":"closed","template":"","meta":[],"product_brand":[],"product_cat":[174],"product_tag":[],"class_list":{"0":"post-270578","1":"product","2":"type-product","3":"status-publish","4":"has-post-thumbnail","6":"product_cat-pungi","8":"first","9":"instock","10":"shipping-taxable","11":"purchasable","12":"product-type-simple"},"_links":{"self":[{"href":"https:\/\/promis.ro\/ro\/wp-json\/wp\/v2\/product\/270578","targetHints":{"allow":["GET"]}}],"collection":[{"href":"https:\/\/promis.ro\/ro\/wp-json\/wp\/v2\/product"}],"about":[{"href":"https:\/\/promis.ro\/ro\/wp-json\/wp\/v2\/types\/product"}],"replies":[{"embeddable":true,"href":"https:\/\/promis.ro\/ro\/wp-json\/wp\/v2\/comments?post=270578"}],"version-history":[{"count":1,"href":"https:\/\/promis.ro\/ro\/wp-json\/wp\/v2\/product\/270578\/revisions"}],"predecessor-version":[{"id":278118,"href":"https:\/\/promis.ro\/ro\/wp-json\/wp\/v2\/product\/270578\/revisions\/278118"}],"wp:featuredmedia":[{"embeddable":true,"href":"https:\/\/promis.ro\/ro\/wp-json\/wp\/v2\/media\/270573"}],"wp:attachment":[{"href":"https:\/\/promis.ro\/ro\/wp-json\/wp\/v2\/media?parent=270578"}],"wp:term":[{"taxonomy":"product_brand","embeddable":true,"href":"https:\/\/promis.ro\/ro\/wp-json\/wp\/v2\/product_brand?post=270578"},{"taxonomy":"product_cat","embeddable":true,"href":"https:\/\/promis.ro\/ro\/wp-json\/wp\/v2\/product_cat?post=270578"},{"taxonomy":"product_tag","embeddable":true,"href":"https:\/\/promis.ro\/ro\/wp-json\/wp\/v2\/product_tag?post=270578"}],"curies":[{"name":"wp","href":"https:\/\/api.w.org\/{rel}","templated":true}]}}