{"id":271932,"date":"2026-01-29T10:55:08","date_gmt":"2026-01-29T10:55:08","guid":{"rendered":"https:\/\/promis.ro\/product\/bolzano-geanta-pliabila-din-plasa-si-poliester-reciclat-190t-100-rpet\/"},"modified":"2026-01-29T12:34:36","modified_gmt":"2026-01-29T12:34:36","slug":"bolzano-geanta-pliabila-din-plasa-si-poliester-reciclat-190t-100-rpet","status":"publish","type":"product","link":"https:\/\/promis.ro\/ro\/produs\/bolzano-geanta-pliabila-din-plasa-si-poliester-reciclat-190t-100-rpet\/","title":{"rendered":"BOLZANO. Geant\u0103 pliabil\u0103 din plas\u0103 \u0219i poliester reciclat 190T (100% rPET)"},"content":{"rendered":"<p>Geant\u0103 pliabil\u0103 din plas\u0103 \u0219i poliester reciclat 190T (100% rPET). Ideal pentru cumparaturi. 320 x 400 mm<\/p>","protected":false},"excerpt":{"rendered":"<p>Geant\u0103 pliabil\u0103 din plas\u0103 \u0219i poliester reciclat 190T (100% rPET). Ideal pentru cumparaturi. 320 x 400 mm<\/p>","protected":false},"featured_media":271927,"comment_status":"open","ping_status":"closed","template":"","meta":[],"product_brand":[],"product_cat":[174],"product_tag":[],"class_list":{"0":"post-271932","1":"product","2":"type-product","3":"status-publish","4":"has-post-thumbnail","6":"product_cat-pungi","8":"first","9":"instock","10":"shipping-taxable","11":"purchasable","12":"product-type-simple"},"_links":{"self":[{"href":"https:\/\/promis.ro\/ro\/wp-json\/wp\/v2\/product\/271932","targetHints":{"allow":["GET"]}}],"collection":[{"href":"https:\/\/promis.ro\/ro\/wp-json\/wp\/v2\/product"}],"about":[{"href":"https:\/\/promis.ro\/ro\/wp-json\/wp\/v2\/types\/product"}],"replies":[{"embeddable":true,"href":"https:\/\/promis.ro\/ro\/wp-json\/wp\/v2\/comments?post=271932"}],"version-history":[{"count":0,"href":"https:\/\/promis.ro\/ro\/wp-json\/wp\/v2\/product\/271932\/revisions"}],"wp:featuredmedia":[{"embeddable":true,"href":"https:\/\/promis.ro\/ro\/wp-json\/wp\/v2\/media\/271927"}],"wp:attachment":[{"href":"https:\/\/promis.ro\/ro\/wp-json\/wp\/v2\/media?parent=271932"}],"wp:term":[{"taxonomy":"product_brand","embeddable":true,"href":"https:\/\/promis.ro\/ro\/wp-json\/wp\/v2\/product_brand?post=271932"},{"taxonomy":"product_cat","embeddable":true,"href":"https:\/\/promis.ro\/ro\/wp-json\/wp\/v2\/product_cat?post=271932"},{"taxonomy":"product_tag","embeddable":true,"href":"https:\/\/promis.ro\/ro\/wp-json\/wp\/v2\/product_tag?post=271932"}],"curies":[{"name":"wp","href":"https:\/\/api.w.org\/{rel}","templated":true}]}}