{"id":271940,"date":"2026-01-29T10:55:15","date_gmt":"2026-01-29T10:55:15","guid":{"rendered":"https:\/\/promis.ro\/product\/rissani-punga-cu-cordon-din-bumbac-reciclat-70-si-poliester-30-rpet-140-g-m%c2%b2\/"},"modified":"2026-01-29T12:34:38","modified_gmt":"2026-01-29T12:34:38","slug":"rissani-punga-cu-cordon-din-bumbac-reciclat-70-si-poliester-30-rpet-140-g-m%c2%b2","status":"publish","type":"product","link":"https:\/\/promis.ro\/ro\/produs\/rissani-punga-cu-cordon-din-bumbac-reciclat-70-si-poliester-30-rpet-140-g-m%c2%b2\/","title":{"rendered":"RISSANI. Pung\u0103 cu cordon din bumbac reciclat (70%) \u0219i poliester (30% rPET) (140 g\/m\u00b2)"},"content":{"rendered":"<p>Pung\u0103 cu cordon din bumbac reciclat (70%) \u0219i poliester (30% rPET) (140 g\/m\u00b2), cu m\u00e2nere de 30 cm \u0219i cordoane de bumbac pentru \u00eenchidere. Bumbacul reciclat nu este vopsit. Materia prim\u0103 este utilizat\u0103 \u00een forma \u0219i culoarea sa original\u0103, f\u0103r\u0103 utilizarea de substan\u021be chimice de vopsire sau albire, contribuind la un impact mai redus. 370 x 410 mm<\/p>","protected":false},"excerpt":{"rendered":"<p>Pung\u0103 cu cordon din bumbac reciclat (70%) \u0219i poliester (30% rPET) (140 g\/m\u00b2), cu m\u00e2nere de 30 cm \u0219i cordoane<\/p>","protected":false},"featured_media":271939,"comment_status":"open","ping_status":"closed","template":"","meta":[],"product_brand":[],"product_cat":[174],"product_tag":[],"class_list":{"0":"post-271940","1":"product","2":"type-product","3":"status-publish","4":"has-post-thumbnail","6":"product_cat-pungi","8":"first","9":"instock","10":"shipping-taxable","11":"purchasable","12":"product-type-variable"},"_links":{"self":[{"href":"https:\/\/promis.ro\/ro\/wp-json\/wp\/v2\/product\/271940","targetHints":{"allow":["GET"]}}],"collection":[{"href":"https:\/\/promis.ro\/ro\/wp-json\/wp\/v2\/product"}],"about":[{"href":"https:\/\/promis.ro\/ro\/wp-json\/wp\/v2\/types\/product"}],"replies":[{"embeddable":true,"href":"https:\/\/promis.ro\/ro\/wp-json\/wp\/v2\/comments?post=271940"}],"version-history":[{"count":0,"href":"https:\/\/promis.ro\/ro\/wp-json\/wp\/v2\/product\/271940\/revisions"}],"wp:featuredmedia":[{"embeddable":true,"href":"https:\/\/promis.ro\/ro\/wp-json\/wp\/v2\/media\/271939"}],"wp:attachment":[{"href":"https:\/\/promis.ro\/ro\/wp-json\/wp\/v2\/media?parent=271940"}],"wp:term":[{"taxonomy":"product_brand","embeddable":true,"href":"https:\/\/promis.ro\/ro\/wp-json\/wp\/v2\/product_brand?post=271940"},{"taxonomy":"product_cat","embeddable":true,"href":"https:\/\/promis.ro\/ro\/wp-json\/wp\/v2\/product_cat?post=271940"},{"taxonomy":"product_tag","embeddable":true,"href":"https:\/\/promis.ro\/ro\/wp-json\/wp\/v2\/product_tag?post=271940"}],"curies":[{"name":"wp","href":"https:\/\/api.w.org\/{rel}","templated":true}]}}