{"id":271966,"date":"2026-01-29T10:55:24","date_gmt":"2026-01-29T10:55:24","guid":{"rendered":"https:\/\/promis.ro\/product\/bologna-rucsac-pentru-laptop-15-6\/"},"modified":"2026-01-29T12:34:38","modified_gmt":"2026-01-29T12:34:38","slug":"bologna-rucsac-pentru-laptop-15-6","status":"publish","type":"product","link":"https:\/\/promis.ro\/ro\/produs\/bologna-rucsac-pentru-laptop-15-6\/","title":{"rendered":"BOLOGNA. Rucsac pentru laptop 15.6&#8221;"},"content":{"rendered":"<p>Rucsac pentru laptop conceput pentru a simplifica rutina de lucru \u0219i de c\u0103l\u0103torie. Poate fi transportat \u00een spate sau folosind m\u00e2nerul unui troler, asigur\u00e2nd un confort sporit.Material exterior: poliester 300D de \u00eenalt\u0103 densitateMaterial interior: poliester 210DBuzunar pentru laptop\/tablet\u0103: 15&#8217;6\u201c\/10&#8217;5\u201dCapacitate (L): 14Compartimente: 1 compartiment principal c\u0103ptu\u0219itBuzunare exterioare: 1 buzunar frontal cu fermoar \u0219i 1 buzunar lateralPanou posterior: c\u0103ptu\u0219it cu curea pentru trolerCaracteristici suplimentare: m\u00e2ner \u00eent\u0103rit \u0219i c\u0103ptu\u0219it 320 x 410 x 120 mm<\/p>","protected":false},"excerpt":{"rendered":"<p>Rucsac pentru laptop conceput pentru a simplifica rutina de lucru \u0219i de c\u0103l\u0103torie. Poate fi transportat \u00een spate sau folosind<\/p>","protected":false},"featured_media":271961,"comment_status":"open","ping_status":"closed","template":"","meta":[],"product_brand":[],"product_cat":[169],"product_tag":[],"class_list":{"0":"post-271966","1":"product","2":"type-product","3":"status-publish","4":"has-post-thumbnail","6":"product_cat-ghiozdane","8":"first","9":"instock","10":"shipping-taxable","11":"purchasable","12":"product-type-simple"},"_links":{"self":[{"href":"https:\/\/promis.ro\/ro\/wp-json\/wp\/v2\/product\/271966","targetHints":{"allow":["GET"]}}],"collection":[{"href":"https:\/\/promis.ro\/ro\/wp-json\/wp\/v2\/product"}],"about":[{"href":"https:\/\/promis.ro\/ro\/wp-json\/wp\/v2\/types\/product"}],"replies":[{"embeddable":true,"href":"https:\/\/promis.ro\/ro\/wp-json\/wp\/v2\/comments?post=271966"}],"version-history":[{"count":1,"href":"https:\/\/promis.ro\/ro\/wp-json\/wp\/v2\/product\/271966\/revisions"}],"predecessor-version":[{"id":278231,"href":"https:\/\/promis.ro\/ro\/wp-json\/wp\/v2\/product\/271966\/revisions\/278231"}],"wp:featuredmedia":[{"embeddable":true,"href":"https:\/\/promis.ro\/ro\/wp-json\/wp\/v2\/media\/271961"}],"wp:attachment":[{"href":"https:\/\/promis.ro\/ro\/wp-json\/wp\/v2\/media?parent=271966"}],"wp:term":[{"taxonomy":"product_brand","embeddable":true,"href":"https:\/\/promis.ro\/ro\/wp-json\/wp\/v2\/product_brand?post=271966"},{"taxonomy":"product_cat","embeddable":true,"href":"https:\/\/promis.ro\/ro\/wp-json\/wp\/v2\/product_cat?post=271966"},{"taxonomy":"product_tag","embeddable":true,"href":"https:\/\/promis.ro\/ro\/wp-json\/wp\/v2\/product_tag?post=271966"}],"curies":[{"name":"wp","href":"https:\/\/api.w.org\/{rel}","templated":true}]}}