{"id":271968,"date":"2026-01-29T10:55:24","date_gmt":"2026-01-29T10:55:24","guid":{"rendered":"https:\/\/promis.ro\/product\/gripitch-breloc-din-metal-si-chingi\/"},"modified":"2026-01-29T12:34:39","modified_gmt":"2026-01-29T12:34:39","slug":"gripitch-breloc-din-metal-si-chingi","status":"publish","type":"product","link":"https:\/\/promis.ro\/ro\/produs\/gripitch-breloc-din-metal-si-chingi\/","title":{"rendered":"GRIPITCH. Breloc din metal \u0219i chingi"},"content":{"rendered":"<p>Breloc din metal \u0219i chingi. Disponibil \u00eentr-o gam\u0103 larg\u0103 de culori. Livrat \u00eentr-o cutie cadou din h\u00e2rtie kraft. Inel: \u00f8 35 mm | Produs: 60 x 28 x 6 mm | Total: 87 x 35 x 6 mm | Caseta: 85 x 45 x 13 mm<\/p>","protected":false},"excerpt":{"rendered":"<p>Breloc din metal \u0219i chingi. Disponibil \u00eentr-o gam\u0103 larg\u0103 de culori. Livrat \u00eentr-o cutie cadou din h\u00e2rtie kraft. Inel: \u00f8<\/p>","protected":false},"featured_media":271967,"comment_status":"open","ping_status":"closed","template":"","meta":[],"product_brand":[],"product_cat":[180],"product_tag":[],"class_list":{"0":"post-271968","1":"product","2":"type-product","3":"status-publish","4":"has-post-thumbnail","6":"product_cat-cadouri-si-prime","8":"first","9":"instock","10":"shipping-taxable","11":"purchasable","12":"product-type-variable"},"_links":{"self":[{"href":"https:\/\/promis.ro\/ro\/wp-json\/wp\/v2\/product\/271968","targetHints":{"allow":["GET"]}}],"collection":[{"href":"https:\/\/promis.ro\/ro\/wp-json\/wp\/v2\/product"}],"about":[{"href":"https:\/\/promis.ro\/ro\/wp-json\/wp\/v2\/types\/product"}],"replies":[{"embeddable":true,"href":"https:\/\/promis.ro\/ro\/wp-json\/wp\/v2\/comments?post=271968"}],"version-history":[{"count":0,"href":"https:\/\/promis.ro\/ro\/wp-json\/wp\/v2\/product\/271968\/revisions"}],"wp:featuredmedia":[{"embeddable":true,"href":"https:\/\/promis.ro\/ro\/wp-json\/wp\/v2\/media\/271967"}],"wp:attachment":[{"href":"https:\/\/promis.ro\/ro\/wp-json\/wp\/v2\/media?parent=271968"}],"wp:term":[{"taxonomy":"product_brand","embeddable":true,"href":"https:\/\/promis.ro\/ro\/wp-json\/wp\/v2\/product_brand?post=271968"},{"taxonomy":"product_cat","embeddable":true,"href":"https:\/\/promis.ro\/ro\/wp-json\/wp\/v2\/product_cat?post=271968"},{"taxonomy":"product_tag","embeddable":true,"href":"https:\/\/promis.ro\/ro\/wp-json\/wp\/v2\/product_tag?post=271968"}],"curies":[{"name":"wp","href":"https:\/\/api.w.org\/{rel}","templated":true}]}}