{"id":272012,"date":"2026-01-29T10:55:42","date_gmt":"2026-01-29T10:55:42","guid":{"rendered":"https:\/\/promis.ro\/product\/poppy-suport-card-cu-blocare-rfid\/"},"modified":"2026-01-29T12:34:44","modified_gmt":"2026-01-29T12:34:44","slug":"poppy-suport-card-cu-blocare-rfid","status":"publish","type":"product","link":"https:\/\/promis.ro\/ro\/produs\/poppy-suport-card-cu-blocare-rfid\/","title":{"rendered":"POPPY. Suport card cu blocare RFID"},"content":{"rendered":"<p>Breloc din metal \u0219i PU potrivit pentru personalizare prin doming. Livrat \u00eentr-o husa din h\u00e2rtie kraft. Inel: \u00f8 32 mm | Produs: 60 x 39 x 5 mm | Total: 85 x 39 x 5 mm | Geant\u0103: 100 x 55 mm<\/p>","protected":false},"excerpt":{"rendered":"<p>Breloc din metal \u0219i PU potrivit pentru personalizare prin doming. Livrat \u00eentr-o husa din h\u00e2rtie kraft. Inel: \u00f8 32 mm<\/p>","protected":false},"featured_media":272011,"comment_status":"open","ping_status":"closed","template":"","meta":[],"product_brand":[],"product_cat":[181],"product_tag":[],"class_list":{"0":"post-272012","1":"product","2":"type-product","3":"status-publish","4":"has-post-thumbnail","6":"product_cat-ingrijire-personala-si-farmaceutica","8":"first","9":"instock","10":"shipping-taxable","11":"purchasable","12":"product-type-variable"},"yoast_head":"<!-- This site is optimized with the Yoast SEO plugin v27.4 - https:\/\/yoast.com\/product\/yoast-seo-wordpress\/ -->\n<title>POPPY. Suport card cu blocare RFID - Promis.ro<\/title>\n<meta name=\"description\" content=\"Breloc din metal \u0219i PU potrivit pentru personalizare prin doming. Livrat \u00eentr-o husa din h\u00e2rtie kraft. Inel: \u00f8 32 mm | Produs: 60 x 39 x 5 mm | Total: 85\" \/>\n<meta name=\"robots\" content=\"index, follow, max-snippet:-1, max-image-preview:large, max-video-preview:-1\" \/>\n<link rel=\"canonical\" href=\"https:\/\/promis.ro\/ro\/produs\/poppy-suport-card-cu-blocare-rfid\/\" \/>\n<meta property=\"og:locale\" content=\"ro_RO\" \/>\n<meta property=\"og:type\" content=\"article\" \/>\n<meta property=\"og:title\" content=\"POPPY. Suport card cu blocare RFID - Promis.ro\" \/>\n<meta property=\"og:description\" content=\"Breloc din metal \u0219i PU potrivit pentru personalizare prin doming. Livrat \u00eentr-o husa din h\u00e2rtie kraft. Inel: \u00f8 32 mm | Produs: 60 x 39 x 5 mm | Total: 85\" \/>\n<meta property=\"og:url\" content=\"https:\/\/promis.ro\/ro\/produs\/poppy-suport-card-cu-blocare-rfid\/\" \/>\n<meta property=\"og:site_name\" content=\"Promis.ro\" \/>\n<meta property=\"article:modified_time\" content=\"2026-01-29T12:34:44+00:00\" \/>\n<meta property=\"og:image\" content=\"https:\/\/promis.ro\/wp-content\/uploads\/2026\/01\/93265_set.jpg\" \/>\n\t<meta property=\"og:image:width\" content=\"1000\" \/>\n\t<meta property=\"og:image:height\" content=\"1000\" \/>\n\t<meta property=\"og:image:type\" content=\"image\/jpeg\" \/>\n<meta name=\"twitter:card\" content=\"summary_large_image\" \/>\n<script type=\"application\/ld+json\" class=\"yoast-schema-graph\">{\"@context\":\"https:\\\/\\\/schema.org\",\"@graph\":[{\"@type\":\"WebPage\",\"@id\":\"https:\\\/\\\/promis.ro\\\/product\\\/poppy-suport-card-cu-blocare-rfid\\\/\",\"url\":\"https:\\\/\\\/promis.ro\\\/product\\\/poppy-suport-card-cu-blocare-rfid\\\/\",\"name\":\"POPPY. Suport card cu blocare RFID - Promis.ro\",\"isPartOf\":{\"@id\":\"https:\\\/\\\/promis.ro\\\/#website\"},\"primaryImageOfPage\":{\"@id\":\"https:\\\/\\\/promis.ro\\\/product\\\/poppy-suport-card-cu-blocare-rfid\\\/#primaryimage\"},\"image\":{\"@id\":\"https:\\\/\\\/promis.ro\\\/product\\\/poppy-suport-card-cu-blocare-rfid\\\/#primaryimage\"},\"thumbnailUrl\":\"https:\\\/\\\/promis.ro\\\/wp-content\\\/uploads\\\/2026\\\/01\\\/93265_set.jpg\",\"datePublished\":\"2026-01-29T10:55:42+00:00\",\"dateModified\":\"2026-01-29T12:34:44+00:00\",\"description\":\"Breloc din metal \u0219i PU potrivit pentru personalizare prin doming. Livrat \u00eentr-o husa din h\u00e2rtie kraft. Inel: \u00f8 32 mm | Produs: 60 x 39 x 5 mm | Total: 85\",\"breadcrumb\":{\"@id\":\"https:\\\/\\\/promis.ro\\\/product\\\/poppy-suport-card-cu-blocare-rfid\\\/#breadcrumb\"},\"inLanguage\":\"ro-RO\",\"potentialAction\":[{\"@type\":\"ReadAction\",\"target\":[\"https:\\\/\\\/promis.ro\\\/product\\\/poppy-suport-card-cu-blocare-rfid\\\/\"]}]},{\"@type\":\"ImageObject\",\"inLanguage\":\"ro-RO\",\"@id\":\"https:\\\/\\\/promis.ro\\\/product\\\/poppy-suport-card-cu-blocare-rfid\\\/#primaryimage\",\"url\":\"https:\\\/\\\/promis.ro\\\/wp-content\\\/uploads\\\/2026\\\/01\\\/93265_set.jpg\",\"contentUrl\":\"https:\\\/\\\/promis.ro\\\/wp-content\\\/uploads\\\/2026\\\/01\\\/93265_set.jpg\",\"width\":1000,\"height\":1000},{\"@type\":\"BreadcrumbList\",\"@id\":\"https:\\\/\\\/promis.ro\\\/product\\\/poppy-suport-card-cu-blocare-rfid\\\/#breadcrumb\",\"itemListElement\":[{\"@type\":\"ListItem\",\"position\":1,\"name\":\"Home\",\"item\":\"https:\\\/\\\/promis.ro\\\/\"},{\"@type\":\"ListItem\",\"position\":2,\"name\":\"Magazin\",\"item\":\"https:\\\/\\\/promis.ro\\\/magazin\\\/\"},{\"@type\":\"ListItem\",\"position\":3,\"name\":\"POPPY. Suport card cu blocare RFID\"}]},{\"@type\":\"WebSite\",\"@id\":\"https:\\\/\\\/promis.ro\\\/#website\",\"url\":\"https:\\\/\\\/promis.ro\\\/\",\"name\":\"Promis.ro\",\"description\":\"\",\"potentialAction\":[{\"@type\":\"SearchAction\",\"target\":{\"@type\":\"EntryPoint\",\"urlTemplate\":\"https:\\\/\\\/promis.ro\\\/?s={search_term_string}\"},\"query-input\":{\"@type\":\"PropertyValueSpecification\",\"valueRequired\":true,\"valueName\":\"search_term_string\"}}],\"inLanguage\":\"ro-RO\"}]}<\/script>\n<!-- \/ Yoast SEO plugin. -->","yoast_head_json":{"title":"POPPY. Suport card cu blocare RFID - Promis.ro","description":"Breloc din metal \u0219i PU potrivit pentru personalizare prin doming. Livrat \u00eentr-o husa din h\u00e2rtie kraft. Inel: \u00f8 32 mm | Produs: 60 x 39 x 5 mm | Total: 85","robots":{"index":"index","follow":"follow","max-snippet":"max-snippet:-1","max-image-preview":"max-image-preview:large","max-video-preview":"max-video-preview:-1"},"canonical":"https:\/\/promis.ro\/ro\/produs\/poppy-suport-card-cu-blocare-rfid\/","og_locale":"ro_RO","og_type":"article","og_title":"POPPY. Suport card cu blocare RFID - Promis.ro","og_description":"Breloc din metal \u0219i PU potrivit pentru personalizare prin doming. Livrat \u00eentr-o husa din h\u00e2rtie kraft. Inel: \u00f8 32 mm | Produs: 60 x 39 x 5 mm | Total: 85","og_url":"https:\/\/promis.ro\/ro\/produs\/poppy-suport-card-cu-blocare-rfid\/","og_site_name":"Promis.ro","article_modified_time":"2026-01-29T12:34:44+00:00","og_image":[{"width":1000,"height":1000,"url":"https:\/\/promis.ro\/wp-content\/uploads\/2026\/01\/93265_set.jpg","type":"image\/jpeg"}],"twitter_card":"summary_large_image","schema":{"@context":"https:\/\/schema.org","@graph":[{"@type":"WebPage","@id":"https:\/\/promis.ro\/product\/poppy-suport-card-cu-blocare-rfid\/","url":"https:\/\/promis.ro\/product\/poppy-suport-card-cu-blocare-rfid\/","name":"POPPY. Suport card cu blocare RFID - Promis.ro","isPartOf":{"@id":"https:\/\/promis.ro\/#website"},"primaryImageOfPage":{"@id":"https:\/\/promis.ro\/product\/poppy-suport-card-cu-blocare-rfid\/#primaryimage"},"image":{"@id":"https:\/\/promis.ro\/product\/poppy-suport-card-cu-blocare-rfid\/#primaryimage"},"thumbnailUrl":"https:\/\/promis.ro\/wp-content\/uploads\/2026\/01\/93265_set.jpg","datePublished":"2026-01-29T10:55:42+00:00","dateModified":"2026-01-29T12:34:44+00:00","description":"Breloc din metal \u0219i PU potrivit pentru personalizare prin doming. Livrat \u00eentr-o husa din h\u00e2rtie kraft. Inel: \u00f8 32 mm | Produs: 60 x 39 x 5 mm | Total: 85","breadcrumb":{"@id":"https:\/\/promis.ro\/product\/poppy-suport-card-cu-blocare-rfid\/#breadcrumb"},"inLanguage":"ro-RO","potentialAction":[{"@type":"ReadAction","target":["https:\/\/promis.ro\/product\/poppy-suport-card-cu-blocare-rfid\/"]}]},{"@type":"ImageObject","inLanguage":"ro-RO","@id":"https:\/\/promis.ro\/product\/poppy-suport-card-cu-blocare-rfid\/#primaryimage","url":"https:\/\/promis.ro\/wp-content\/uploads\/2026\/01\/93265_set.jpg","contentUrl":"https:\/\/promis.ro\/wp-content\/uploads\/2026\/01\/93265_set.jpg","width":1000,"height":1000},{"@type":"BreadcrumbList","@id":"https:\/\/promis.ro\/product\/poppy-suport-card-cu-blocare-rfid\/#breadcrumb","itemListElement":[{"@type":"ListItem","position":1,"name":"Home","item":"https:\/\/promis.ro\/"},{"@type":"ListItem","position":2,"name":"Magazin","item":"https:\/\/promis.ro\/magazin\/"},{"@type":"ListItem","position":3,"name":"POPPY. Suport card cu blocare RFID"}]},{"@type":"WebSite","@id":"https:\/\/promis.ro\/#website","url":"https:\/\/promis.ro\/","name":"Promis.ro","description":"","potentialAction":[{"@type":"SearchAction","target":{"@type":"EntryPoint","urlTemplate":"https:\/\/promis.ro\/?s={search_term_string}"},"query-input":{"@type":"PropertyValueSpecification","valueRequired":true,"valueName":"search_term_string"}}],"inLanguage":"ro-RO"}]}},"_links":{"self":[{"href":"https:\/\/promis.ro\/ro\/wp-json\/wp\/v2\/product\/272012","targetHints":{"allow":["GET"]}}],"collection":[{"href":"https:\/\/promis.ro\/ro\/wp-json\/wp\/v2\/product"}],"about":[{"href":"https:\/\/promis.ro\/ro\/wp-json\/wp\/v2\/types\/product"}],"replies":[{"embeddable":true,"href":"https:\/\/promis.ro\/ro\/wp-json\/wp\/v2\/comments?post=272012"}],"version-history":[{"count":1,"href":"https:\/\/promis.ro\/ro\/wp-json\/wp\/v2\/product\/272012\/revisions"}],"predecessor-version":[{"id":278237,"href":"https:\/\/promis.ro\/ro\/wp-json\/wp\/v2\/product\/272012\/revisions\/278237"}],"wp:featuredmedia":[{"embeddable":true,"href":"https:\/\/promis.ro\/ro\/wp-json\/wp\/v2\/media\/272011"}],"wp:attachment":[{"href":"https:\/\/promis.ro\/ro\/wp-json\/wp\/v2\/media?parent=272012"}],"wp:term":[{"taxonomy":"product_brand","embeddable":true,"href":"https:\/\/promis.ro\/ro\/wp-json\/wp\/v2\/product_brand?post=272012"},{"taxonomy":"product_cat","embeddable":true,"href":"https:\/\/promis.ro\/ro\/wp-json\/wp\/v2\/product_cat?post=272012"},{"taxonomy":"product_tag","embeddable":true,"href":"https:\/\/promis.ro\/ro\/wp-json\/wp\/v2\/product_tag?post=272012"}],"curies":[{"name":"wp","href":"https:\/\/api.w.org\/{rel}","templated":true}]}}