{"id":272126,"date":"2026-01-29T10:56:28","date_gmt":"2026-01-29T10:56:28","guid":{"rendered":"https:\/\/promis.ro\/product\/anne-blocnotes-a5-din-poliester-reciclat-100-rpet-cu-pagini-liniate\/"},"modified":"2026-01-29T12:34:54","modified_gmt":"2026-01-29T12:34:54","slug":"anne-blocnotes-a5-din-poliester-reciclat-100-rpet-cu-pagini-liniate","status":"publish","type":"product","link":"https:\/\/promis.ro\/ro\/produs\/anne-blocnotes-a5-din-poliester-reciclat-100-rpet-cu-pagini-liniate\/","title":{"rendered":"ANNE. Blocnotes A5 din poliester reciclat (100% rPET) cu pagini liniate"},"content":{"rendered":"<p>Blocnotes A5 cu copert\u0103 dur\u0103, realizat din de\u0219euri de frunze de ceai (65%) \u0219i de\u0219euri de bumbac (35%). H\u00e2rtia interioar\u0103 este fabricat\u0103 din de\u0219euri de bumbac (100%) \u0219i este foarte rezistent\u0103. Con\u021bine 120 de pagini liniate \u0219i band\u0103 de h\u00e2rtie cu ilustra\u021bii. Nu au fost generate de\u0219euri \u0219i nu au fost folosite substan\u021be chimice sau copaci \u00een procesul de fabricare a acestui caiet. Deoarece produsul este fabricat din materiale naturale, culoarea \u0219i precum \u0219i rezultatul printului pot varia de la un produs la altul. 140 x 200 mm<\/p>","protected":false},"excerpt":{"rendered":"<p>Blocnotes A5 cu copert\u0103 dur\u0103, realizat din de\u0219euri de frunze de ceai (65%) \u0219i de\u0219euri de bumbac (35%). H\u00e2rtia interioar\u0103<\/p>","protected":false},"featured_media":272125,"comment_status":"open","ping_status":"closed","template":"","meta":[],"product_brand":[],"product_cat":[171],"product_tag":[],"class_list":{"0":"post-272126","1":"product","2":"type-product","3":"status-publish","4":"has-post-thumbnail","6":"product_cat-birou-si-business","8":"first","9":"instock","10":"shipping-taxable","11":"purchasable","12":"product-type-variable"},"yoast_head":"<!-- This site is optimized with the Yoast SEO plugin v27.4 - https:\/\/yoast.com\/product\/yoast-seo-wordpress\/ -->\n<title>ANNE. Blocnotes A5 din poliester reciclat (100% rPET) cu pagini liniate - Promis.ro<\/title>\n<meta name=\"description\" content=\"Blocnotes A5 cu copert\u0103 dur\u0103, realizat din de\u0219euri de frunze de ceai (65%) \u0219i de\u0219euri de bumbac (35%). H\u00e2rtia interioar\u0103 este fabricat\u0103 din de\u0219euri de\" \/>\n<meta name=\"robots\" content=\"index, follow, max-snippet:-1, max-image-preview:large, max-video-preview:-1\" \/>\n<link rel=\"canonical\" href=\"https:\/\/promis.ro\/ro\/produs\/anne-blocnotes-a5-din-poliester-reciclat-100-rpet-cu-pagini-liniate\/\" \/>\n<meta property=\"og:locale\" content=\"ro_RO\" \/>\n<meta property=\"og:type\" content=\"article\" \/>\n<meta property=\"og:title\" content=\"ANNE. Blocnotes A5 din poliester reciclat (100% rPET) cu pagini liniate - Promis.ro\" \/>\n<meta property=\"og:description\" content=\"Blocnotes A5 cu copert\u0103 dur\u0103, realizat din de\u0219euri de frunze de ceai (65%) \u0219i de\u0219euri de bumbac (35%). H\u00e2rtia interioar\u0103 este fabricat\u0103 din de\u0219euri de\" \/>\n<meta property=\"og:url\" content=\"https:\/\/promis.ro\/ro\/produs\/anne-blocnotes-a5-din-poliester-reciclat-100-rpet-cu-pagini-liniate\/\" \/>\n<meta property=\"og:site_name\" content=\"Promis.ro\" \/>\n<meta property=\"article:modified_time\" content=\"2026-01-29T12:34:54+00:00\" \/>\n<meta property=\"og:image\" content=\"https:\/\/promis.ro\/wp-content\/uploads\/2026\/01\/93297_set.jpg\" \/>\n\t<meta property=\"og:image:width\" content=\"1000\" \/>\n\t<meta property=\"og:image:height\" content=\"1000\" \/>\n\t<meta property=\"og:image:type\" content=\"image\/jpeg\" \/>\n<meta name=\"twitter:card\" content=\"summary_large_image\" \/>\n<script type=\"application\/ld+json\" class=\"yoast-schema-graph\">{\"@context\":\"https:\\\/\\\/schema.org\",\"@graph\":[{\"@type\":\"WebPage\",\"@id\":\"https:\\\/\\\/promis.ro\\\/product\\\/anne-blocnotes-a5-din-poliester-reciclat-100-rpet-cu-pagini-liniate\\\/\",\"url\":\"https:\\\/\\\/promis.ro\\\/product\\\/anne-blocnotes-a5-din-poliester-reciclat-100-rpet-cu-pagini-liniate\\\/\",\"name\":\"ANNE. Blocnotes A5 din poliester reciclat (100% rPET) cu pagini liniate - Promis.ro\",\"isPartOf\":{\"@id\":\"https:\\\/\\\/promis.ro\\\/#website\"},\"primaryImageOfPage\":{\"@id\":\"https:\\\/\\\/promis.ro\\\/product\\\/anne-blocnotes-a5-din-poliester-reciclat-100-rpet-cu-pagini-liniate\\\/#primaryimage\"},\"image\":{\"@id\":\"https:\\\/\\\/promis.ro\\\/product\\\/anne-blocnotes-a5-din-poliester-reciclat-100-rpet-cu-pagini-liniate\\\/#primaryimage\"},\"thumbnailUrl\":\"https:\\\/\\\/promis.ro\\\/wp-content\\\/uploads\\\/2026\\\/01\\\/93297_set.jpg\",\"datePublished\":\"2026-01-29T10:56:28+00:00\",\"dateModified\":\"2026-01-29T12:34:54+00:00\",\"description\":\"Blocnotes A5 cu copert\u0103 dur\u0103, realizat din de\u0219euri de frunze de ceai (65%) \u0219i de\u0219euri de bumbac (35%). H\u00e2rtia interioar\u0103 este fabricat\u0103 din de\u0219euri de\",\"breadcrumb\":{\"@id\":\"https:\\\/\\\/promis.ro\\\/product\\\/anne-blocnotes-a5-din-poliester-reciclat-100-rpet-cu-pagini-liniate\\\/#breadcrumb\"},\"inLanguage\":\"ro-RO\",\"potentialAction\":[{\"@type\":\"ReadAction\",\"target\":[\"https:\\\/\\\/promis.ro\\\/product\\\/anne-blocnotes-a5-din-poliester-reciclat-100-rpet-cu-pagini-liniate\\\/\"]}]},{\"@type\":\"ImageObject\",\"inLanguage\":\"ro-RO\",\"@id\":\"https:\\\/\\\/promis.ro\\\/product\\\/anne-blocnotes-a5-din-poliester-reciclat-100-rpet-cu-pagini-liniate\\\/#primaryimage\",\"url\":\"https:\\\/\\\/promis.ro\\\/wp-content\\\/uploads\\\/2026\\\/01\\\/93297_set.jpg\",\"contentUrl\":\"https:\\\/\\\/promis.ro\\\/wp-content\\\/uploads\\\/2026\\\/01\\\/93297_set.jpg\",\"width\":1000,\"height\":1000},{\"@type\":\"BreadcrumbList\",\"@id\":\"https:\\\/\\\/promis.ro\\\/product\\\/anne-blocnotes-a5-din-poliester-reciclat-100-rpet-cu-pagini-liniate\\\/#breadcrumb\",\"itemListElement\":[{\"@type\":\"ListItem\",\"position\":1,\"name\":\"Home\",\"item\":\"https:\\\/\\\/promis.ro\\\/\"},{\"@type\":\"ListItem\",\"position\":2,\"name\":\"Magazin\",\"item\":\"https:\\\/\\\/promis.ro\\\/magazin\\\/\"},{\"@type\":\"ListItem\",\"position\":3,\"name\":\"ANNE. Blocnotes A5 din poliester reciclat (100% rPET) cu pagini liniate\"}]},{\"@type\":\"WebSite\",\"@id\":\"https:\\\/\\\/promis.ro\\\/#website\",\"url\":\"https:\\\/\\\/promis.ro\\\/\",\"name\":\"Promis.ro\",\"description\":\"\",\"potentialAction\":[{\"@type\":\"SearchAction\",\"target\":{\"@type\":\"EntryPoint\",\"urlTemplate\":\"https:\\\/\\\/promis.ro\\\/?s={search_term_string}\"},\"query-input\":{\"@type\":\"PropertyValueSpecification\",\"valueRequired\":true,\"valueName\":\"search_term_string\"}}],\"inLanguage\":\"ro-RO\"}]}<\/script>\n<!-- \/ Yoast SEO plugin. -->","yoast_head_json":{"title":"ANNE. Blocnotes A5 din poliester reciclat (100% rPET) cu pagini liniate - Promis.ro","description":"Blocnotes A5 cu copert\u0103 dur\u0103, realizat din de\u0219euri de frunze de ceai (65%) \u0219i de\u0219euri de bumbac (35%). H\u00e2rtia interioar\u0103 este fabricat\u0103 din de\u0219euri de","robots":{"index":"index","follow":"follow","max-snippet":"max-snippet:-1","max-image-preview":"max-image-preview:large","max-video-preview":"max-video-preview:-1"},"canonical":"https:\/\/promis.ro\/ro\/produs\/anne-blocnotes-a5-din-poliester-reciclat-100-rpet-cu-pagini-liniate\/","og_locale":"ro_RO","og_type":"article","og_title":"ANNE. Blocnotes A5 din poliester reciclat (100% rPET) cu pagini liniate - Promis.ro","og_description":"Blocnotes A5 cu copert\u0103 dur\u0103, realizat din de\u0219euri de frunze de ceai (65%) \u0219i de\u0219euri de bumbac (35%). H\u00e2rtia interioar\u0103 este fabricat\u0103 din de\u0219euri de","og_url":"https:\/\/promis.ro\/ro\/produs\/anne-blocnotes-a5-din-poliester-reciclat-100-rpet-cu-pagini-liniate\/","og_site_name":"Promis.ro","article_modified_time":"2026-01-29T12:34:54+00:00","og_image":[{"width":1000,"height":1000,"url":"https:\/\/promis.ro\/wp-content\/uploads\/2026\/01\/93297_set.jpg","type":"image\/jpeg"}],"twitter_card":"summary_large_image","schema":{"@context":"https:\/\/schema.org","@graph":[{"@type":"WebPage","@id":"https:\/\/promis.ro\/product\/anne-blocnotes-a5-din-poliester-reciclat-100-rpet-cu-pagini-liniate\/","url":"https:\/\/promis.ro\/product\/anne-blocnotes-a5-din-poliester-reciclat-100-rpet-cu-pagini-liniate\/","name":"ANNE. Blocnotes A5 din poliester reciclat (100% rPET) cu pagini liniate - Promis.ro","isPartOf":{"@id":"https:\/\/promis.ro\/#website"},"primaryImageOfPage":{"@id":"https:\/\/promis.ro\/product\/anne-blocnotes-a5-din-poliester-reciclat-100-rpet-cu-pagini-liniate\/#primaryimage"},"image":{"@id":"https:\/\/promis.ro\/product\/anne-blocnotes-a5-din-poliester-reciclat-100-rpet-cu-pagini-liniate\/#primaryimage"},"thumbnailUrl":"https:\/\/promis.ro\/wp-content\/uploads\/2026\/01\/93297_set.jpg","datePublished":"2026-01-29T10:56:28+00:00","dateModified":"2026-01-29T12:34:54+00:00","description":"Blocnotes A5 cu copert\u0103 dur\u0103, realizat din de\u0219euri de frunze de ceai (65%) \u0219i de\u0219euri de bumbac (35%). H\u00e2rtia interioar\u0103 este fabricat\u0103 din de\u0219euri de","breadcrumb":{"@id":"https:\/\/promis.ro\/product\/anne-blocnotes-a5-din-poliester-reciclat-100-rpet-cu-pagini-liniate\/#breadcrumb"},"inLanguage":"ro-RO","potentialAction":[{"@type":"ReadAction","target":["https:\/\/promis.ro\/product\/anne-blocnotes-a5-din-poliester-reciclat-100-rpet-cu-pagini-liniate\/"]}]},{"@type":"ImageObject","inLanguage":"ro-RO","@id":"https:\/\/promis.ro\/product\/anne-blocnotes-a5-din-poliester-reciclat-100-rpet-cu-pagini-liniate\/#primaryimage","url":"https:\/\/promis.ro\/wp-content\/uploads\/2026\/01\/93297_set.jpg","contentUrl":"https:\/\/promis.ro\/wp-content\/uploads\/2026\/01\/93297_set.jpg","width":1000,"height":1000},{"@type":"BreadcrumbList","@id":"https:\/\/promis.ro\/product\/anne-blocnotes-a5-din-poliester-reciclat-100-rpet-cu-pagini-liniate\/#breadcrumb","itemListElement":[{"@type":"ListItem","position":1,"name":"Home","item":"https:\/\/promis.ro\/"},{"@type":"ListItem","position":2,"name":"Magazin","item":"https:\/\/promis.ro\/magazin\/"},{"@type":"ListItem","position":3,"name":"ANNE. Blocnotes A5 din poliester reciclat (100% rPET) cu pagini liniate"}]},{"@type":"WebSite","@id":"https:\/\/promis.ro\/#website","url":"https:\/\/promis.ro\/","name":"Promis.ro","description":"","potentialAction":[{"@type":"SearchAction","target":{"@type":"EntryPoint","urlTemplate":"https:\/\/promis.ro\/?s={search_term_string}"},"query-input":{"@type":"PropertyValueSpecification","valueRequired":true,"valueName":"search_term_string"}}],"inLanguage":"ro-RO"}]}},"_links":{"self":[{"href":"https:\/\/promis.ro\/ro\/wp-json\/wp\/v2\/product\/272126","targetHints":{"allow":["GET"]}}],"collection":[{"href":"https:\/\/promis.ro\/ro\/wp-json\/wp\/v2\/product"}],"about":[{"href":"https:\/\/promis.ro\/ro\/wp-json\/wp\/v2\/types\/product"}],"replies":[{"embeddable":true,"href":"https:\/\/promis.ro\/ro\/wp-json\/wp\/v2\/comments?post=272126"}],"version-history":[{"count":1,"href":"https:\/\/promis.ro\/ro\/wp-json\/wp\/v2\/product\/272126\/revisions"}],"predecessor-version":[{"id":278259,"href":"https:\/\/promis.ro\/ro\/wp-json\/wp\/v2\/product\/272126\/revisions\/278259"}],"wp:featuredmedia":[{"embeddable":true,"href":"https:\/\/promis.ro\/ro\/wp-json\/wp\/v2\/media\/272125"}],"wp:attachment":[{"href":"https:\/\/promis.ro\/ro\/wp-json\/wp\/v2\/media?parent=272126"}],"wp:term":[{"taxonomy":"product_brand","embeddable":true,"href":"https:\/\/promis.ro\/ro\/wp-json\/wp\/v2\/product_brand?post=272126"},{"taxonomy":"product_cat","embeddable":true,"href":"https:\/\/promis.ro\/ro\/wp-json\/wp\/v2\/product_cat?post=272126"},{"taxonomy":"product_tag","embeddable":true,"href":"https:\/\/promis.ro\/ro\/wp-json\/wp\/v2\/product_tag?post=272126"}],"curies":[{"name":"wp","href":"https:\/\/api.w.org\/{rel}","templated":true}]}}