{"id":272725,"date":"2026-01-29T10:58:52","date_gmt":"2026-01-29T10:58:52","guid":{"rendered":"https:\/\/promis.ro\/product\/fielding-dosar-a5-din-pluta-si-poliester-reciclat-100-rpet-cu-blocnotes-detasabil\/"},"modified":"2026-01-29T12:35:13","modified_gmt":"2026-01-29T12:35:13","slug":"fielding-dosar-a5-din-pluta-si-poliester-reciclat-100-rpet-cu-blocnotes-detasabil","status":"publish","type":"product","link":"https:\/\/promis.ro\/ro\/produs\/fielding-dosar-a5-din-pluta-si-poliester-reciclat-100-rpet-cu-blocnotes-detasabil\/","title":{"rendered":"FIELDING. Dosar A5 din plut\u0103 \u0219i poliester reciclat (100% rPET) cu blocnotes deta\u0219abil"},"content":{"rendered":"<p>Dosar A5 cu blocnotes deta\u0219abil pentru o mai bun\u0103 organizare. Coperta este realizat\u0103 din plut\u0103 \u0219i poliester reciclat (100% rPET). Compus din: 1 buzunar din plut\u0103 \u0219i poliester reciclat, col\u021buri rotunjite, band\u0103 de \u00eenchidere magnetic\u0103 \u0219i suport pentru pix (pixul nu este inclus). Interiorul, din plut\u0103 \u0219i c\u0103ptu\u0219eal\u0103 din poliester, con\u021bine: 2 buzunar din plut\u0103, 4 suporturi pentru carduri \u0219i 1 blocnotes, fabricat din material certificat FSC\u2122 \u0219i alte materiale controlate, cu copert\u0103 flexibil\u0103 \u0219i 192 de pagini liniate de culoare ivoriu (70 g\/m\u00b2). Deoarece produsul este fabricat din materiale naturale, culoarea \u0219i precum \u0219i rezultatul printului pot varia de la un produs la altul. Coperta: 150 x 220 mm<\/p>","protected":false},"excerpt":{"rendered":"<p>Dosar A5 cu blocnotes deta\u0219abil pentru o mai bun\u0103 organizare. Coperta este realizat\u0103 din plut\u0103 \u0219i poliester reciclat (100% rPET).<\/p>","protected":false},"featured_media":272720,"comment_status":"open","ping_status":"closed","template":"","meta":[],"product_brand":[],"product_cat":[171],"product_tag":[],"class_list":{"0":"post-272725","1":"product","2":"type-product","3":"status-publish","4":"has-post-thumbnail","6":"product_cat-birou-si-business","8":"first","9":"instock","10":"shipping-taxable","11":"purchasable","12":"product-type-simple"},"_links":{"self":[{"href":"https:\/\/promis.ro\/ro\/wp-json\/wp\/v2\/product\/272725","targetHints":{"allow":["GET"]}}],"collection":[{"href":"https:\/\/promis.ro\/ro\/wp-json\/wp\/v2\/product"}],"about":[{"href":"https:\/\/promis.ro\/ro\/wp-json\/wp\/v2\/types\/product"}],"replies":[{"embeddable":true,"href":"https:\/\/promis.ro\/ro\/wp-json\/wp\/v2\/comments?post=272725"}],"version-history":[{"count":0,"href":"https:\/\/promis.ro\/ro\/wp-json\/wp\/v2\/product\/272725\/revisions"}],"wp:featuredmedia":[{"embeddable":true,"href":"https:\/\/promis.ro\/ro\/wp-json\/wp\/v2\/media\/272720"}],"wp:attachment":[{"href":"https:\/\/promis.ro\/ro\/wp-json\/wp\/v2\/media?parent=272725"}],"wp:term":[{"taxonomy":"product_brand","embeddable":true,"href":"https:\/\/promis.ro\/ro\/wp-json\/wp\/v2\/product_brand?post=272725"},{"taxonomy":"product_cat","embeddable":true,"href":"https:\/\/promis.ro\/ro\/wp-json\/wp\/v2\/product_cat?post=272725"},{"taxonomy":"product_tag","embeddable":true,"href":"https:\/\/promis.ro\/ro\/wp-json\/wp\/v2\/product_tag?post=272725"}],"curies":[{"name":"wp","href":"https:\/\/api.w.org\/{rel}","templated":true}]}}