{"id":272730,"date":"2026-01-29T10:58:54","date_gmt":"2026-01-29T10:58:54","guid":{"rendered":"https:\/\/promis.ro\/product\/wesley-15-rigla-din-lemn-de-pin-cu-scala-de-15-cm\/"},"modified":"2026-01-29T12:35:13","modified_gmt":"2026-01-29T12:35:13","slug":"wesley-15-rigla-din-lemn-de-pin-cu-scala-de-15-cm","status":"publish","type":"product","link":"https:\/\/promis.ro\/ro\/produs\/wesley-15-rigla-din-lemn-de-pin-cu-scala-de-15-cm\/","title":{"rendered":"WESLEY 15. Rigla din lemn de pin cu scal\u0103 de 15 cm"},"content":{"rendered":"<p>Rigla din lemn de pin cu scal\u0103 de 15 cm imprimat\u0103 \u00een negru. Deoarece produsul este fabricat din materiale naturale, culoarea \u0219i precum \u0219i rezultatul printului pot varia de la un produs la altul. 158 x 25 mm<\/p>","protected":false},"excerpt":{"rendered":"<p>Rigla din lemn de pin cu scal\u0103 de 15 cm imprimat\u0103 \u00een negru. Deoarece produsul este fabricat din materiale naturale,<\/p>","protected":false},"featured_media":272726,"comment_status":"open","ping_status":"closed","template":"","meta":[],"product_brand":[],"product_cat":[175],"product_tag":[],"class_list":{"0":"post-272730","1":"product","2":"type-product","3":"status-publish","4":"has-post-thumbnail","6":"product_cat-scris","8":"first","9":"outofstock","10":"shipping-taxable","11":"purchasable","12":"product-type-simple"},"_links":{"self":[{"href":"https:\/\/promis.ro\/ro\/wp-json\/wp\/v2\/product\/272730","targetHints":{"allow":["GET"]}}],"collection":[{"href":"https:\/\/promis.ro\/ro\/wp-json\/wp\/v2\/product"}],"about":[{"href":"https:\/\/promis.ro\/ro\/wp-json\/wp\/v2\/types\/product"}],"replies":[{"embeddable":true,"href":"https:\/\/promis.ro\/ro\/wp-json\/wp\/v2\/comments?post=272730"}],"version-history":[{"count":0,"href":"https:\/\/promis.ro\/ro\/wp-json\/wp\/v2\/product\/272730\/revisions"}],"wp:featuredmedia":[{"embeddable":true,"href":"https:\/\/promis.ro\/ro\/wp-json\/wp\/v2\/media\/272726"}],"wp:attachment":[{"href":"https:\/\/promis.ro\/ro\/wp-json\/wp\/v2\/media?parent=272730"}],"wp:term":[{"taxonomy":"product_brand","embeddable":true,"href":"https:\/\/promis.ro\/ro\/wp-json\/wp\/v2\/product_brand?post=272730"},{"taxonomy":"product_cat","embeddable":true,"href":"https:\/\/promis.ro\/ro\/wp-json\/wp\/v2\/product_cat?post=272730"},{"taxonomy":"product_tag","embeddable":true,"href":"https:\/\/promis.ro\/ro\/wp-json\/wp\/v2\/product_tag?post=272730"}],"curies":[{"name":"wp","href":"https:\/\/api.w.org\/{rel}","templated":true}]}}