{"id":272745,"date":"2026-01-29T10:58:58","date_gmt":"2026-01-29T10:58:58","guid":{"rendered":"https:\/\/promis.ro\/product\/sawyer-set-de-birou-3-in-1-fabricat-din-hartie-100-reciclata-cu-varf-rotund-si-print-negru-pe-toata-suprafata\/"},"modified":"2026-01-29T12:35:13","modified_gmt":"2026-01-29T12:35:13","slug":"sawyer-set-de-birou-3-in-1-fabricat-din-hartie-100-reciclata-cu-varf-rotund-si-print-negru-pe-toata-suprafata","status":"publish","type":"product","link":"https:\/\/promis.ro\/ro\/produs\/sawyer-set-de-birou-3-in-1-fabricat-din-hartie-100-reciclata-cu-varf-rotund-si-print-negru-pe-toata-suprafata\/","title":{"rendered":"SAWYER. Set de birou 3 \u00een 1, fabricat din h\u00e2rtie 100% reciclat\u0103, cu v\u00e2rf rotund \u0219i print negru pe toat\u0103 suprafa\u021ba"},"content":{"rendered":"<p>Set de birou 3 \u00een 1 fabricat din h\u00e2rtie 100% reciclat\u0103, cu partea superioar\u0103 rotunjit\u0103 \u0219i print negru pe margini. Include un bloc de noti\u021be adezive cu 15 foi de h\u00e2rtie 100% reciclat\u0103 de culoare galben\u0103 \u0219i cinci blocuri mici de noti\u021be adezive (60 g\/m\u00b2) cu c\u00e2te 15 foi fiecare, fabricate din h\u00e2rtie 100% reciclat\u0103 \u00een diverse culori: portocaliu, galben, roz, verde deschis \u0219i albastru. Dou\u0103 rigle sunt amplasate \u00een margini: cea din st\u00e2nga are o scal\u0103 \u00een centimetri (cm), iar cea din dreapta are o scal\u0103 \u00een inci. Versatilitatea sa permite utilizarea ca semn de carte sau ca agraf\u0103 atunci c\u00e2nd este ata\u0219at\u0103 la un set de foi. 215 x 60 mm<\/p>","protected":false},"excerpt":{"rendered":"<p>Set de birou 3 \u00een 1 fabricat din h\u00e2rtie 100% reciclat\u0103, cu partea superioar\u0103 rotunjit\u0103 \u0219i print negru pe margini.<\/p>","protected":false},"featured_media":272741,"comment_status":"open","ping_status":"closed","template":"","meta":[],"product_brand":[],"product_cat":[171],"product_tag":[],"class_list":{"0":"post-272745","1":"product","2":"type-product","3":"status-publish","4":"has-post-thumbnail","6":"product_cat-birou-si-business","8":"first","9":"outofstock","10":"shipping-taxable","11":"purchasable","12":"product-type-simple"},"_links":{"self":[{"href":"https:\/\/promis.ro\/ro\/wp-json\/wp\/v2\/product\/272745","targetHints":{"allow":["GET"]}}],"collection":[{"href":"https:\/\/promis.ro\/ro\/wp-json\/wp\/v2\/product"}],"about":[{"href":"https:\/\/promis.ro\/ro\/wp-json\/wp\/v2\/types\/product"}],"replies":[{"embeddable":true,"href":"https:\/\/promis.ro\/ro\/wp-json\/wp\/v2\/comments?post=272745"}],"version-history":[{"count":0,"href":"https:\/\/promis.ro\/ro\/wp-json\/wp\/v2\/product\/272745\/revisions"}],"wp:featuredmedia":[{"embeddable":true,"href":"https:\/\/promis.ro\/ro\/wp-json\/wp\/v2\/media\/272741"}],"wp:attachment":[{"href":"https:\/\/promis.ro\/ro\/wp-json\/wp\/v2\/media?parent=272745"}],"wp:term":[{"taxonomy":"product_brand","embeddable":true,"href":"https:\/\/promis.ro\/ro\/wp-json\/wp\/v2\/product_brand?post=272745"},{"taxonomy":"product_cat","embeddable":true,"href":"https:\/\/promis.ro\/ro\/wp-json\/wp\/v2\/product_cat?post=272745"},{"taxonomy":"product_tag","embeddable":true,"href":"https:\/\/promis.ro\/ro\/wp-json\/wp\/v2\/product_tag?post=272745"}],"curies":[{"name":"wp","href":"https:\/\/api.w.org\/{rel}","templated":true}]}}