{"id":272751,"date":"2026-01-29T10:59:00","date_gmt":"2026-01-29T10:59:00","guid":{"rendered":"https:\/\/promis.ro\/product\/ainsley-set-de-birou-2-in-1-fabricat-din-hartie-100-reciclata-cu-6-blocuri-de-notite-adezive\/"},"modified":"2026-01-29T12:35:13","modified_gmt":"2026-01-29T12:35:13","slug":"ainsley-set-de-birou-2-in-1-fabricat-din-hartie-100-reciclata-cu-6-blocuri-de-notite-adezive","status":"publish","type":"product","link":"https:\/\/promis.ro\/ro\/produs\/ainsley-set-de-birou-2-in-1-fabricat-din-hartie-100-reciclata-cu-6-blocuri-de-notite-adezive\/","title":{"rendered":"AINSLEY. Set de birou 2 \u00een 1, fabricat din h\u00e2rtie 100% reciclat\u0103, cu 6 blocuri de noti\u021be adezive"},"content":{"rendered":"<p>Set de birou fabricat din h\u00e2rtie 100% reciclat\u0103, cu 6 blocuri de noti\u021be adezive. Cuprinde 1 bloc de noti\u021be adezive cu 20 de foi de h\u00e2rtie galben\u0103 100% reciclat\u0103 \u0219i 5 blocuri mici de noti\u021be adezive (60 g\/m\u00b2) cu c\u00e2te 20 de foi fiecare, din h\u00e2rtie 100% reciclat\u0103, \u00een diverse culori: portocaliu, verde deschis, roz, galben \u0219i albastru. Deschis: 205 x 85 mm | \u00cenchis: 85 x 85 mm<\/p>","protected":false},"excerpt":{"rendered":"<p>Set de birou fabricat din h\u00e2rtie 100% reciclat\u0103, cu 6 blocuri de noti\u021be adezive. Cuprinde 1 bloc de noti\u021be adezive<\/p>","protected":false},"featured_media":272746,"comment_status":"open","ping_status":"closed","template":"","meta":[],"product_brand":[],"product_cat":[171],"product_tag":[],"class_list":{"0":"post-272751","1":"product","2":"type-product","3":"status-publish","4":"has-post-thumbnail","6":"product_cat-birou-si-business","8":"first","9":"outofstock","10":"shipping-taxable","11":"purchasable","12":"product-type-simple"},"_links":{"self":[{"href":"https:\/\/promis.ro\/ro\/wp-json\/wp\/v2\/product\/272751","targetHints":{"allow":["GET"]}}],"collection":[{"href":"https:\/\/promis.ro\/ro\/wp-json\/wp\/v2\/product"}],"about":[{"href":"https:\/\/promis.ro\/ro\/wp-json\/wp\/v2\/types\/product"}],"replies":[{"embeddable":true,"href":"https:\/\/promis.ro\/ro\/wp-json\/wp\/v2\/comments?post=272751"}],"version-history":[{"count":0,"href":"https:\/\/promis.ro\/ro\/wp-json\/wp\/v2\/product\/272751\/revisions"}],"wp:featuredmedia":[{"embeddable":true,"href":"https:\/\/promis.ro\/ro\/wp-json\/wp\/v2\/media\/272746"}],"wp:attachment":[{"href":"https:\/\/promis.ro\/ro\/wp-json\/wp\/v2\/media?parent=272751"}],"wp:term":[{"taxonomy":"product_brand","embeddable":true,"href":"https:\/\/promis.ro\/ro\/wp-json\/wp\/v2\/product_brand?post=272751"},{"taxonomy":"product_cat","embeddable":true,"href":"https:\/\/promis.ro\/ro\/wp-json\/wp\/v2\/product_cat?post=272751"},{"taxonomy":"product_tag","embeddable":true,"href":"https:\/\/promis.ro\/ro\/wp-json\/wp\/v2\/product_tag?post=272751"}],"curies":[{"name":"wp","href":"https:\/\/api.w.org\/{rel}","templated":true}]}}