{"id":272757,"date":"2026-01-29T10:59:02","date_gmt":"2026-01-29T10:59:02","guid":{"rendered":"https:\/\/promis.ro\/product\/kairon-set-de-birou-2-in-1-fabricat-din-hartie-100-reciclata-cu-6-blocuri-de-notite-adezive\/"},"modified":"2026-01-29T12:35:13","modified_gmt":"2026-01-29T12:35:13","slug":"kairon-set-de-birou-2-in-1-fabricat-din-hartie-100-reciclata-cu-6-blocuri-de-notite-adezive","status":"publish","type":"product","link":"https:\/\/promis.ro\/ro\/produs\/kairon-set-de-birou-2-in-1-fabricat-din-hartie-100-reciclata-cu-6-blocuri-de-notite-adezive\/","title":{"rendered":"KAIRON. Set de birou 2 \u00een 1, fabricat din h\u00e2rtie 100% reciclat\u0103, cu 6 blocuri de noti\u021be adezive"},"content":{"rendered":"<p>Acest set de birou 2 \u00een 1, fabricat din h\u00e2rtie 100% reciclat\u0103, este ideal pentru a-\u021bi nota toate informa\u021biile necesare pe parcursul zilei de lucru. Este format dintr-un bloc cu 150 de foi de h\u00e2rtie alb\u0103 100% reciclat\u0103 \u0219i cinci blocuri de noti\u021be adezive mici (60 g\/m\u00b2), fiecare cu 15 foi de h\u00e2rtie 100% reciclat\u0103 \u00een diferite culori: albastru, verde deschis, portocaliu, roz \u0219i galben. Deschis: 170 x 80 mm | \u00cenchis: 80 x 80 mm<\/p>","protected":false},"excerpt":{"rendered":"<p>Acest set de birou 2 \u00een 1, fabricat din h\u00e2rtie 100% reciclat\u0103, este ideal pentru a-\u021bi nota toate informa\u021biile necesare<\/p>","protected":false},"featured_media":272752,"comment_status":"open","ping_status":"closed","template":"","meta":[],"product_brand":[],"product_cat":[171],"product_tag":[],"class_list":{"0":"post-272757","1":"product","2":"type-product","3":"status-publish","4":"has-post-thumbnail","6":"product_cat-birou-si-business","8":"first","9":"outofstock","10":"shipping-taxable","11":"purchasable","12":"product-type-simple"},"_links":{"self":[{"href":"https:\/\/promis.ro\/ro\/wp-json\/wp\/v2\/product\/272757","targetHints":{"allow":["GET"]}}],"collection":[{"href":"https:\/\/promis.ro\/ro\/wp-json\/wp\/v2\/product"}],"about":[{"href":"https:\/\/promis.ro\/ro\/wp-json\/wp\/v2\/types\/product"}],"replies":[{"embeddable":true,"href":"https:\/\/promis.ro\/ro\/wp-json\/wp\/v2\/comments?post=272757"}],"version-history":[{"count":0,"href":"https:\/\/promis.ro\/ro\/wp-json\/wp\/v2\/product\/272757\/revisions"}],"wp:featuredmedia":[{"embeddable":true,"href":"https:\/\/promis.ro\/ro\/wp-json\/wp\/v2\/media\/272752"}],"wp:attachment":[{"href":"https:\/\/promis.ro\/ro\/wp-json\/wp\/v2\/media?parent=272757"}],"wp:term":[{"taxonomy":"product_brand","embeddable":true,"href":"https:\/\/promis.ro\/ro\/wp-json\/wp\/v2\/product_brand?post=272757"},{"taxonomy":"product_cat","embeddable":true,"href":"https:\/\/promis.ro\/ro\/wp-json\/wp\/v2\/product_cat?post=272757"},{"taxonomy":"product_tag","embeddable":true,"href":"https:\/\/promis.ro\/ro\/wp-json\/wp\/v2\/product_tag?post=272757"}],"curies":[{"name":"wp","href":"https:\/\/api.w.org\/{rel}","templated":true}]}}