{"id":272759,"date":"2026-01-29T10:59:03","date_gmt":"2026-01-29T10:59:03","guid":{"rendered":"https:\/\/promis.ro\/product\/schiller-blocnotes-a5-cu-coperta-flexibila-fabricat-din-hartie-100-reciclata\/"},"modified":"2026-01-29T12:35:16","modified_gmt":"2026-01-29T12:35:16","slug":"schiller-blocnotes-a5-cu-coperta-flexibila-fabricat-din-hartie-100-reciclata","status":"publish","type":"product","link":"https:\/\/promis.ro\/ro\/produs\/schiller-blocnotes-a5-cu-coperta-flexibila-fabricat-din-hartie-100-reciclata\/","title":{"rendered":"SCHILLER. Blocnotes A5 cu copert\u0103 flexibil\u0103, fabricat din h\u00e2rtie 100% reciclat\u0103"},"content":{"rendered":"<p>Caiet A5 cu copert\u0103 flexibil\u0103, fabricat din h\u00e2rtie 100% reciclat\u0103 (280 g\/m\u00b2), cu col\u021buri p\u0103trate. Inelele flexibile din PE confer\u0103 caietului un aspect distinctiv, f\u0103c\u00e2ndu-l maleabil \u0219i moale. Con\u021bine 160 de pagini liniate din h\u00e2rtie 100% reciclat\u0103 (70 g\/m\u00b2). 140 x 210 mm<\/p>","protected":false},"excerpt":{"rendered":"<p>Caiet A5 cu copert\u0103 flexibil\u0103, fabricat din h\u00e2rtie 100% reciclat\u0103 (280 g\/m\u00b2), cu col\u021buri p\u0103trate. Inelele flexibile din PE confer\u0103<\/p>","protected":false},"featured_media":272758,"comment_status":"open","ping_status":"closed","template":"","meta":[],"product_brand":[],"product_cat":[171],"product_tag":[],"class_list":{"0":"post-272759","1":"product","2":"type-product","3":"status-publish","4":"has-post-thumbnail","6":"product_cat-birou-si-business","8":"first","9":"outofstock","10":"shipping-taxable","11":"purchasable","12":"product-type-variable"},"_links":{"self":[{"href":"https:\/\/promis.ro\/ro\/wp-json\/wp\/v2\/product\/272759","targetHints":{"allow":["GET"]}}],"collection":[{"href":"https:\/\/promis.ro\/ro\/wp-json\/wp\/v2\/product"}],"about":[{"href":"https:\/\/promis.ro\/ro\/wp-json\/wp\/v2\/types\/product"}],"replies":[{"embeddable":true,"href":"https:\/\/promis.ro\/ro\/wp-json\/wp\/v2\/comments?post=272759"}],"version-history":[{"count":0,"href":"https:\/\/promis.ro\/ro\/wp-json\/wp\/v2\/product\/272759\/revisions"}],"wp:featuredmedia":[{"embeddable":true,"href":"https:\/\/promis.ro\/ro\/wp-json\/wp\/v2\/media\/272758"}],"wp:attachment":[{"href":"https:\/\/promis.ro\/ro\/wp-json\/wp\/v2\/media?parent=272759"}],"wp:term":[{"taxonomy":"product_brand","embeddable":true,"href":"https:\/\/promis.ro\/ro\/wp-json\/wp\/v2\/product_brand?post=272759"},{"taxonomy":"product_cat","embeddable":true,"href":"https:\/\/promis.ro\/ro\/wp-json\/wp\/v2\/product_cat?post=272759"},{"taxonomy":"product_tag","embeddable":true,"href":"https:\/\/promis.ro\/ro\/wp-json\/wp\/v2\/product_tag?post=272759"}],"curies":[{"name":"wp","href":"https:\/\/api.w.org\/{rel}","templated":true}]}}