{"id":272830,"date":"2026-01-29T10:59:29","date_gmt":"2026-01-29T10:59:29","guid":{"rendered":"https:\/\/promis.ro\/product\/pisani-coaster-pluta\/"},"modified":"2026-01-29T12:35:19","modified_gmt":"2026-01-29T12:35:19","slug":"pisani-coaster-pluta","status":"publish","type":"product","link":"https:\/\/promis.ro\/ro\/produs\/pisani-coaster-pluta\/","title":{"rendered":"PISANI. Coaster pluta"},"content":{"rendered":"<p>Baz\u0103 rotund\u0103 din plut\u0103. Ideal\u0103 pentru a\u0219ezarea paharelor pe mas\u0103. Deoarece produsul este fabricat din materiale naturale, culoarea \u0219i precum \u0219i rezultatul printului pot varia de la un produs la altul. \u00f8100 x 5 mm<\/p>","protected":false},"excerpt":{"rendered":"<p>Baz\u0103 rotund\u0103 din plut\u0103. Ideal\u0103 pentru a\u0219ezarea paharelor pe mas\u0103. Deoarece produsul este fabricat din materiale naturale, culoarea \u0219i precum<\/p>","protected":false},"featured_media":272826,"comment_status":"open","ping_status":"closed","template":"","meta":[],"product_brand":[],"product_cat":[179],"product_tag":[],"class_list":{"0":"post-272830","1":"product","2":"type-product","3":"status-publish","4":"has-post-thumbnail","6":"product_cat-casa-si-decoratiuni","8":"first","9":"instock","10":"shipping-taxable","11":"purchasable","12":"product-type-simple"},"_links":{"self":[{"href":"https:\/\/promis.ro\/ro\/wp-json\/wp\/v2\/product\/272830","targetHints":{"allow":["GET"]}}],"collection":[{"href":"https:\/\/promis.ro\/ro\/wp-json\/wp\/v2\/product"}],"about":[{"href":"https:\/\/promis.ro\/ro\/wp-json\/wp\/v2\/types\/product"}],"replies":[{"embeddable":true,"href":"https:\/\/promis.ro\/ro\/wp-json\/wp\/v2\/comments?post=272830"}],"version-history":[{"count":0,"href":"https:\/\/promis.ro\/ro\/wp-json\/wp\/v2\/product\/272830\/revisions"}],"wp:featuredmedia":[{"embeddable":true,"href":"https:\/\/promis.ro\/ro\/wp-json\/wp\/v2\/media\/272826"}],"wp:attachment":[{"href":"https:\/\/promis.ro\/ro\/wp-json\/wp\/v2\/media?parent=272830"}],"wp:term":[{"taxonomy":"product_brand","embeddable":true,"href":"https:\/\/promis.ro\/ro\/wp-json\/wp\/v2\/product_brand?post=272830"},{"taxonomy":"product_cat","embeddable":true,"href":"https:\/\/promis.ro\/ro\/wp-json\/wp\/v2\/product_cat?post=272830"},{"taxonomy":"product_tag","embeddable":true,"href":"https:\/\/promis.ro\/ro\/wp-json\/wp\/v2\/product_tag?post=272830"}],"curies":[{"name":"wp","href":"https:\/\/api.w.org\/{rel}","templated":true}]}}