{"id":272944,"date":"2026-01-29T11:00:16","date_gmt":"2026-01-29T11:00:16","guid":{"rendered":"https:\/\/promis.ro\/product\/buchanio-agitator-de-cocktail-uri\/"},"modified":"2026-01-29T12:35:28","modified_gmt":"2026-01-29T12:35:28","slug":"buchanio-agitator-de-cocktail-uri","status":"publish","type":"product","link":"https:\/\/promis.ro\/ro\/produs\/buchanio-agitator-de-cocktail-uri\/","title":{"rendered":"BUCHANIO. Agitator de cocktail-uri"},"content":{"rendered":"<p>Mixer de cocktailuri \u00een PS. Disponibil \u00eentr-o gam\u0103 larg\u0103 de culori. Fabricat \u00een Europa. 35 x 180 mm<\/p>","protected":false},"excerpt":{"rendered":"<p>Mixer de cocktailuri \u00een PS. Disponibil \u00eentr-o gam\u0103 larg\u0103 de culori. Fabricat \u00een Europa. 35 x 180 mm<\/p>","protected":false},"featured_media":272942,"comment_status":"open","ping_status":"closed","template":"","meta":[],"product_brand":[],"product_cat":[179],"product_tag":[],"class_list":{"0":"post-272944","1":"product","2":"type-product","3":"status-publish","4":"has-post-thumbnail","6":"product_cat-casa-si-decoratiuni","8":"first","9":"instock","10":"shipping-taxable","11":"purchasable","12":"product-type-simple"},"_links":{"self":[{"href":"https:\/\/promis.ro\/ro\/wp-json\/wp\/v2\/product\/272944","targetHints":{"allow":["GET"]}}],"collection":[{"href":"https:\/\/promis.ro\/ro\/wp-json\/wp\/v2\/product"}],"about":[{"href":"https:\/\/promis.ro\/ro\/wp-json\/wp\/v2\/types\/product"}],"replies":[{"embeddable":true,"href":"https:\/\/promis.ro\/ro\/wp-json\/wp\/v2\/comments?post=272944"}],"version-history":[{"count":0,"href":"https:\/\/promis.ro\/ro\/wp-json\/wp\/v2\/product\/272944\/revisions"}],"wp:featuredmedia":[{"embeddable":true,"href":"https:\/\/promis.ro\/ro\/wp-json\/wp\/v2\/media\/272942"}],"wp:attachment":[{"href":"https:\/\/promis.ro\/ro\/wp-json\/wp\/v2\/media?parent=272944"}],"wp:term":[{"taxonomy":"product_brand","embeddable":true,"href":"https:\/\/promis.ro\/ro\/wp-json\/wp\/v2\/product_brand?post=272944"},{"taxonomy":"product_cat","embeddable":true,"href":"https:\/\/promis.ro\/ro\/wp-json\/wp\/v2\/product_cat?post=272944"},{"taxonomy":"product_tag","embeddable":true,"href":"https:\/\/promis.ro\/ro\/wp-json\/wp\/v2\/product_tag?post=272944"}],"curies":[{"name":"wp","href":"https:\/\/api.w.org\/{rel}","templated":true}]}}