{"id":272954,"date":"2026-01-29T11:00:23","date_gmt":"2026-01-29T11:00:23","guid":{"rendered":"https:\/\/promis.ro\/product\/aniseed-cana-ceramica-ideala-pentru-sublimare-350-ml\/"},"modified":"2026-01-29T12:35:30","modified_gmt":"2026-01-29T12:35:30","slug":"aniseed-cana-ceramica-ideala-pentru-sublimare-350-ml","status":"publish","type":"product","link":"https:\/\/promis.ro\/ro\/produs\/aniseed-cana-ceramica-ideala-pentru-sublimare-350-ml\/","title":{"rendered":"ANISEED. Cana ceramica ideala pentru sublimare 350 mL"},"content":{"rendered":"<p>Cana ceramica ideala pentru sublimare cu capacitate pana la 350 mL. Se livreaz\u0103 \u00eentr-o cutie de cadou. Cana poate fi sp\u0103lat\u0103 \u00een ma\u0219ina de sp\u0103lat vase \u0219i rezist\u0103 la cel pu\u021bin 250 de cicluri de sp\u0103lare (include imprimarea prin sublimare), \u00een conformitate cu EN12875-1. \u00f883 x 98 mm | Cutie: 100 x 118 x 86 mm<\/p>","protected":false},"excerpt":{"rendered":"<p>Cana ceramica ideala pentru sublimare cu capacitate pana la 350 mL. Se livreaz\u0103 \u00eentr-o cutie de cadou. Cana poate fi<\/p>","protected":false},"featured_media":272951,"comment_status":"open","ping_status":"closed","template":"","meta":[],"product_brand":[],"product_cat":[172],"product_tag":[],"class_list":{"0":"post-272954","1":"product","2":"type-product","3":"status-publish","4":"has-post-thumbnail","6":"product_cat-cani-borcane-si-thermosuri","8":"first","9":"outofstock","10":"shipping-taxable","11":"purchasable","12":"product-type-simple"},"_links":{"self":[{"href":"https:\/\/promis.ro\/ro\/wp-json\/wp\/v2\/product\/272954","targetHints":{"allow":["GET"]}}],"collection":[{"href":"https:\/\/promis.ro\/ro\/wp-json\/wp\/v2\/product"}],"about":[{"href":"https:\/\/promis.ro\/ro\/wp-json\/wp\/v2\/types\/product"}],"replies":[{"embeddable":true,"href":"https:\/\/promis.ro\/ro\/wp-json\/wp\/v2\/comments?post=272954"}],"version-history":[{"count":0,"href":"https:\/\/promis.ro\/ro\/wp-json\/wp\/v2\/product\/272954\/revisions"}],"wp:featuredmedia":[{"embeddable":true,"href":"https:\/\/promis.ro\/ro\/wp-json\/wp\/v2\/media\/272951"}],"wp:attachment":[{"href":"https:\/\/promis.ro\/ro\/wp-json\/wp\/v2\/media?parent=272954"}],"wp:term":[{"taxonomy":"product_brand","embeddable":true,"href":"https:\/\/promis.ro\/ro\/wp-json\/wp\/v2\/product_brand?post=272954"},{"taxonomy":"product_cat","embeddable":true,"href":"https:\/\/promis.ro\/ro\/wp-json\/wp\/v2\/product_cat?post=272954"},{"taxonomy":"product_tag","embeddable":true,"href":"https:\/\/promis.ro\/ro\/wp-json\/wp\/v2\/product_tag?post=272954"}],"curies":[{"name":"wp","href":"https:\/\/api.w.org\/{rel}","templated":true}]}}