{"id":272972,"date":"2026-01-29T11:00:30","date_gmt":"2026-01-29T11:00:30","guid":{"rendered":"https:\/\/promis.ro\/product\/toolpen-set-de-surubelnite-in-forma-de-pix\/"},"modified":"2026-01-29T12:35:30","modified_gmt":"2026-01-29T12:35:30","slug":"toolpen-set-de-surubelnite-in-forma-de-pix","status":"publish","type":"product","link":"https:\/\/promis.ro\/ro\/produs\/toolpen-set-de-surubelnite-in-forma-de-pix\/","title":{"rendered":"TOOLPEN. Set de \u0219urubelni\u021be \u00een form\u0103 de pix"},"content":{"rendered":"<p>Set de \u0219urubelni\u021be \u00een form\u0103 de pix cu 8 v\u00e2rfuri detasabile diferite. Instrument practic cu clip \u0219i op\u021biunea de a pastra toate componentele in partea superioar\u0103 a corpului (are capac). Se livreaz\u0103 \u00eentr-o cutie. \u00f816 x 109 mm<\/p>","protected":false},"excerpt":{"rendered":"<p>Set de \u0219urubelni\u021be \u00een form\u0103 de pix cu 8 v\u00e2rfuri detasabile diferite. Instrument practic cu clip \u0219i op\u021biunea de a<\/p>","protected":false},"featured_media":272971,"comment_status":"open","ping_status":"closed","template":"","meta":[],"product_brand":[],"product_cat":[176],"product_tag":[],"class_list":{"0":"post-272972","1":"product","2":"type-product","3":"status-publish","4":"has-post-thumbnail","6":"product_cat-sport-si-aventura","8":"first","9":"instock","10":"shipping-taxable","11":"purchasable","12":"product-type-variable"},"_links":{"self":[{"href":"https:\/\/promis.ro\/ro\/wp-json\/wp\/v2\/product\/272972","targetHints":{"allow":["GET"]}}],"collection":[{"href":"https:\/\/promis.ro\/ro\/wp-json\/wp\/v2\/product"}],"about":[{"href":"https:\/\/promis.ro\/ro\/wp-json\/wp\/v2\/types\/product"}],"replies":[{"embeddable":true,"href":"https:\/\/promis.ro\/ro\/wp-json\/wp\/v2\/comments?post=272972"}],"version-history":[{"count":0,"href":"https:\/\/promis.ro\/ro\/wp-json\/wp\/v2\/product\/272972\/revisions"}],"wp:featuredmedia":[{"embeddable":true,"href":"https:\/\/promis.ro\/ro\/wp-json\/wp\/v2\/media\/272971"}],"wp:attachment":[{"href":"https:\/\/promis.ro\/ro\/wp-json\/wp\/v2\/media?parent=272972"}],"wp:term":[{"taxonomy":"product_brand","embeddable":true,"href":"https:\/\/promis.ro\/ro\/wp-json\/wp\/v2\/product_brand?post=272972"},{"taxonomy":"product_cat","embeddable":true,"href":"https:\/\/promis.ro\/ro\/wp-json\/wp\/v2\/product_cat?post=272972"},{"taxonomy":"product_tag","embeddable":true,"href":"https:\/\/promis.ro\/ro\/wp-json\/wp\/v2\/product_tag?post=272972"}],"curies":[{"name":"wp","href":"https:\/\/api.w.org\/{rel}","templated":true}]}}