{"id":273733,"date":"2026-01-29T11:04:21","date_gmt":"2026-01-29T11:04:21","guid":{"rendered":"https:\/\/promis.ro\/product\/ranger-aparat-de-barbierit-cu-lama-din-otel-inoxidabil-si-maner-din-bambus\/"},"modified":"2026-01-29T12:36:04","modified_gmt":"2026-01-29T12:36:04","slug":"ranger-aparat-de-barbierit-cu-lama-din-otel-inoxidabil-si-maner-din-bambus","status":"publish","type":"product","link":"https:\/\/promis.ro\/ro\/produs\/ranger-aparat-de-barbierit-cu-lama-din-otel-inoxidabil-si-maner-din-bambus\/","title":{"rendered":"RANGER. Aparat de b\u0103rbierit cu lam\u0103 din o\u021bel inoxidabil \u0219i m\u00e2ner din bambus"},"content":{"rendered":"<p>Cu\u021bit de buzunar din bambus, lam\u0103 din o\u021bel inoxidabil cu blocare de siguran\u021b\u0103 \u0219i fr\u00e2nghie din PU, pentru transport \u0219i depozitare u\u0219oar\u0103. Livrat \u00eentr-o cutie cadou din h\u00e2rtie kraft. Deoarece produsul este fabricat din materiale naturale, culoarea \u0219i precum \u0219i rezultatul printului pot varia de la un produs la altul. 98 x 21 x 13 mm | Cutie: 33 x 15 x 110 mm<\/p>","protected":false},"excerpt":{"rendered":"<p>Cu\u021bit de buzunar din bambus, lam\u0103 din o\u021bel inoxidabil cu blocare de siguran\u021b\u0103 \u0219i fr\u00e2nghie din PU, pentru transport \u0219i<\/p>","protected":false},"featured_media":273728,"comment_status":"open","ping_status":"closed","template":"","meta":[],"product_brand":[],"product_cat":[176],"product_tag":[],"class_list":{"0":"post-273733","1":"product","2":"type-product","3":"status-publish","4":"has-post-thumbnail","6":"product_cat-sport-si-aventura","8":"first","9":"instock","10":"shipping-taxable","11":"purchasable","12":"product-type-simple"},"_links":{"self":[{"href":"https:\/\/promis.ro\/ro\/wp-json\/wp\/v2\/product\/273733","targetHints":{"allow":["GET"]}}],"collection":[{"href":"https:\/\/promis.ro\/ro\/wp-json\/wp\/v2\/product"}],"about":[{"href":"https:\/\/promis.ro\/ro\/wp-json\/wp\/v2\/types\/product"}],"replies":[{"embeddable":true,"href":"https:\/\/promis.ro\/ro\/wp-json\/wp\/v2\/comments?post=273733"}],"version-history":[{"count":0,"href":"https:\/\/promis.ro\/ro\/wp-json\/wp\/v2\/product\/273733\/revisions"}],"wp:featuredmedia":[{"embeddable":true,"href":"https:\/\/promis.ro\/ro\/wp-json\/wp\/v2\/media\/273728"}],"wp:attachment":[{"href":"https:\/\/promis.ro\/ro\/wp-json\/wp\/v2\/media?parent=273733"}],"wp:term":[{"taxonomy":"product_brand","embeddable":true,"href":"https:\/\/promis.ro\/ro\/wp-json\/wp\/v2\/product_brand?post=273733"},{"taxonomy":"product_cat","embeddable":true,"href":"https:\/\/promis.ro\/ro\/wp-json\/wp\/v2\/product_cat?post=273733"},{"taxonomy":"product_tag","embeddable":true,"href":"https:\/\/promis.ro\/ro\/wp-json\/wp\/v2\/product_tag?post=273733"}],"curies":[{"name":"wp","href":"https:\/\/api.w.org\/{rel}","templated":true}]}}