{"id":273739,"date":"2026-01-29T11:04:23","date_gmt":"2026-01-29T11:04:23","guid":{"rendered":"https:\/\/promis.ro\/product\/plycork-suport-din-placaj-cu-6-coastere-de-pluta\/"},"modified":"2026-01-29T12:36:04","modified_gmt":"2026-01-29T12:36:04","slug":"plycork-suport-din-placaj-cu-6-coastere-de-pluta","status":"publish","type":"product","link":"https:\/\/promis.ro\/ro\/produs\/plycork-suport-din-placaj-cu-6-coastere-de-pluta\/","title":{"rendered":"PLYCORK. Suport din placaj cu 6 coastere de plut\u0103"},"content":{"rendered":"<p>Suport din placaj cu 6 coastere din plut\u0103. Savureaz\u0103-\u021bi b\u0103utura evit\u00e2nd eventualele urme pe mas\u0103. Livrat \u00eentr-o cutie de cadou neagr\u0103. Deoarece produsul este fabricat din materiale naturale, culoarea \u0219i precum \u0219i rezultatul printului pot varia de la un produs la altul. 140 x 92 x 78 mm<\/p>","protected":false},"excerpt":{"rendered":"<p>Suport din placaj cu 6 coastere din plut\u0103. Savureaz\u0103-\u021bi b\u0103utura evit\u00e2nd eventualele urme pe mas\u0103. Livrat \u00eentr-o cutie de cadou<\/p>","protected":false},"featured_media":273734,"comment_status":"open","ping_status":"closed","template":"","meta":[],"product_brand":[],"product_cat":[179],"product_tag":[],"class_list":{"0":"post-273739","1":"product","2":"type-product","3":"status-publish","4":"has-post-thumbnail","6":"product_cat-casa-si-decoratiuni","8":"first","9":"instock","10":"shipping-taxable","11":"purchasable","12":"product-type-simple"},"_links":{"self":[{"href":"https:\/\/promis.ro\/ro\/wp-json\/wp\/v2\/product\/273739","targetHints":{"allow":["GET"]}}],"collection":[{"href":"https:\/\/promis.ro\/ro\/wp-json\/wp\/v2\/product"}],"about":[{"href":"https:\/\/promis.ro\/ro\/wp-json\/wp\/v2\/types\/product"}],"replies":[{"embeddable":true,"href":"https:\/\/promis.ro\/ro\/wp-json\/wp\/v2\/comments?post=273739"}],"version-history":[{"count":0,"href":"https:\/\/promis.ro\/ro\/wp-json\/wp\/v2\/product\/273739\/revisions"}],"wp:featuredmedia":[{"embeddable":true,"href":"https:\/\/promis.ro\/ro\/wp-json\/wp\/v2\/media\/273734"}],"wp:attachment":[{"href":"https:\/\/promis.ro\/ro\/wp-json\/wp\/v2\/media?parent=273739"}],"wp:term":[{"taxonomy":"product_brand","embeddable":true,"href":"https:\/\/promis.ro\/ro\/wp-json\/wp\/v2\/product_brand?post=273739"},{"taxonomy":"product_cat","embeddable":true,"href":"https:\/\/promis.ro\/ro\/wp-json\/wp\/v2\/product_cat?post=273739"},{"taxonomy":"product_tag","embeddable":true,"href":"https:\/\/promis.ro\/ro\/wp-json\/wp\/v2\/product_tag?post=273739"}],"curies":[{"name":"wp","href":"https:\/\/api.w.org\/{rel}","templated":true}]}}