{"id":273744,"date":"2026-01-29T11:04:24","date_gmt":"2026-01-29T11:04:24","guid":{"rendered":"https:\/\/promis.ro\/product\/amorti-xl-sticla-sport-sublimata-din-otel-inoxidabil-1l\/"},"modified":"2026-01-29T12:36:04","modified_gmt":"2026-01-29T12:36:04","slug":"amorti-xl-sticla-sport-sublimata-din-otel-inoxidabil-1l","status":"publish","type":"product","link":"https:\/\/promis.ro\/ro\/produs\/amorti-xl-sticla-sport-sublimata-din-otel-inoxidabil-1l\/","title":{"rendered":"AMORTI XL. Sticl\u0103 sport sublimat\u0103 din o\u021bel inoxidabil 1L"},"content":{"rendered":"<p>Sticl\u0103 sport din o\u021bel inoxidabil cu perete dublu, izolat\u0103 \u00een vid, pentru sublimare. Capacitate de p\u00e2n\u0103 la 1000 ml. Furnizat\u0103 \u00eentr-o cutie de cadou. \u00f880 x 350 mm<\/p>","protected":false},"excerpt":{"rendered":"<p>Sticl\u0103 sport din o\u021bel inoxidabil cu perete dublu, izolat\u0103 \u00een vid, pentru sublimare. Capacitate de p\u00e2n\u0103 la 1000 ml. Furnizat\u0103<\/p>","protected":false},"featured_media":273740,"comment_status":"open","ping_status":"closed","template":"","meta":[],"product_brand":[],"product_cat":[172],"product_tag":[],"class_list":{"0":"post-273744","1":"product","2":"type-product","3":"status-publish","4":"has-post-thumbnail","6":"product_cat-cani-borcane-si-thermosuri","8":"first","9":"instock","10":"shipping-taxable","11":"purchasable","12":"product-type-simple"},"_links":{"self":[{"href":"https:\/\/promis.ro\/ro\/wp-json\/wp\/v2\/product\/273744","targetHints":{"allow":["GET"]}}],"collection":[{"href":"https:\/\/promis.ro\/ro\/wp-json\/wp\/v2\/product"}],"about":[{"href":"https:\/\/promis.ro\/ro\/wp-json\/wp\/v2\/types\/product"}],"replies":[{"embeddable":true,"href":"https:\/\/promis.ro\/ro\/wp-json\/wp\/v2\/comments?post=273744"}],"version-history":[{"count":0,"href":"https:\/\/promis.ro\/ro\/wp-json\/wp\/v2\/product\/273744\/revisions"}],"wp:featuredmedia":[{"embeddable":true,"href":"https:\/\/promis.ro\/ro\/wp-json\/wp\/v2\/media\/273740"}],"wp:attachment":[{"href":"https:\/\/promis.ro\/ro\/wp-json\/wp\/v2\/media?parent=273744"}],"wp:term":[{"taxonomy":"product_brand","embeddable":true,"href":"https:\/\/promis.ro\/ro\/wp-json\/wp\/v2\/product_brand?post=273744"},{"taxonomy":"product_cat","embeddable":true,"href":"https:\/\/promis.ro\/ro\/wp-json\/wp\/v2\/product_cat?post=273744"},{"taxonomy":"product_tag","embeddable":true,"href":"https:\/\/promis.ro\/ro\/wp-json\/wp\/v2\/product_tag?post=273744"}],"curies":[{"name":"wp","href":"https:\/\/api.w.org\/{rel}","templated":true}]}}