{"id":275032,"date":"2026-01-29T11:09:12","date_gmt":"2026-01-29T11:09:12","guid":{"rendered":"https:\/\/promis.ro\/product\/zena-set-manichiura\/"},"modified":"2026-01-29T12:36:38","modified_gmt":"2026-01-29T12:36:38","slug":"zena-set-manichiura","status":"publish","type":"product","link":"https:\/\/promis.ro\/ro\/produs\/zena-set-manichiura\/","title":{"rendered":"ZENA. Set manichiur\u0103"},"content":{"rendered":"<p>Set de manichiur\u0103 din plut\u0103 cu 5 piese din o\u021bel inoxidabil: pil\u0103 de unghii, foarfece, t\u0103ietoare de unghii, pensete \u0219i chiureta de cuticule cu cap\u0103t dublu. Livrat \u00een pung\u0103 din h\u00e2rtie natural\u0103. Deoarece produsul este fabricat din materiale naturale, culoarea \u0219i precum \u0219i rezultatul printului pot varia de la un produs la altul. 104 x 61 x 17 mm<\/p>","protected":false},"excerpt":{"rendered":"<p>Set de manichiur\u0103 din plut\u0103 cu 5 piese din o\u021bel inoxidabil: pil\u0103 de unghii, foarfece, t\u0103ietoare de unghii, pensete \u0219i<\/p>","protected":false},"featured_media":275027,"comment_status":"open","ping_status":"closed","template":"","meta":[],"product_brand":[],"product_cat":[181],"product_tag":[],"class_list":{"0":"post-275032","1":"product","2":"type-product","3":"status-publish","4":"has-post-thumbnail","6":"product_cat-ingrijire-personala-si-farmaceutica","8":"first","9":"outofstock","10":"shipping-taxable","11":"purchasable","12":"product-type-simple"},"yoast_head":"<!-- This site is optimized with the Yoast SEO plugin v27.4 - https:\/\/yoast.com\/product\/yoast-seo-wordpress\/ -->\n<title>ZENA. Set manichiur\u0103 - Promis.ro<\/title>\n<meta name=\"description\" content=\"Set de manichiur\u0103 din plut\u0103 cu 5 piese din o\u021bel inoxidabil: pil\u0103 de unghii, foarfece, t\u0103ietoare de unghii, pensete \u0219i chiureta de cuticule cu cap\u0103t dublu.\" \/>\n<meta name=\"robots\" content=\"index, follow, max-snippet:-1, max-image-preview:large, max-video-preview:-1\" \/>\n<link rel=\"canonical\" href=\"https:\/\/promis.ro\/ro\/produs\/zena-set-manichiura\/\" \/>\n<meta property=\"og:locale\" content=\"ro_RO\" \/>\n<meta property=\"og:type\" content=\"article\" \/>\n<meta property=\"og:title\" content=\"ZENA. Set manichiur\u0103 - Promis.ro\" \/>\n<meta property=\"og:description\" content=\"Set de manichiur\u0103 din plut\u0103 cu 5 piese din o\u021bel inoxidabil: pil\u0103 de unghii, foarfece, t\u0103ietoare de unghii, pensete \u0219i chiureta de cuticule cu cap\u0103t dublu.\" \/>\n<meta property=\"og:url\" content=\"https:\/\/promis.ro\/ro\/produs\/zena-set-manichiura\/\" \/>\n<meta property=\"og:site_name\" content=\"Promis.ro\" \/>\n<meta property=\"article:modified_time\" content=\"2026-01-29T12:36:38+00:00\" \/>\n<meta property=\"og:image\" content=\"https:\/\/promis.ro\/wp-content\/uploads\/2026\/01\/94897_set.jpg\" \/>\n\t<meta property=\"og:image:width\" content=\"1000\" \/>\n\t<meta property=\"og:image:height\" content=\"1000\" \/>\n\t<meta property=\"og:image:type\" content=\"image\/jpeg\" \/>\n<meta name=\"twitter:card\" content=\"summary_large_image\" \/>\n<script type=\"application\/ld+json\" class=\"yoast-schema-graph\">{\"@context\":\"https:\\\/\\\/schema.org\",\"@graph\":[{\"@type\":\"WebPage\",\"@id\":\"https:\\\/\\\/promis.ro\\\/product\\\/zena-set-manichiura\\\/\",\"url\":\"https:\\\/\\\/promis.ro\\\/product\\\/zena-set-manichiura\\\/\",\"name\":\"ZENA. Set manichiur\u0103 - Promis.ro\",\"isPartOf\":{\"@id\":\"https:\\\/\\\/promis.ro\\\/#website\"},\"primaryImageOfPage\":{\"@id\":\"https:\\\/\\\/promis.ro\\\/product\\\/zena-set-manichiura\\\/#primaryimage\"},\"image\":{\"@id\":\"https:\\\/\\\/promis.ro\\\/product\\\/zena-set-manichiura\\\/#primaryimage\"},\"thumbnailUrl\":\"https:\\\/\\\/promis.ro\\\/wp-content\\\/uploads\\\/2026\\\/01\\\/94897_set.jpg\",\"datePublished\":\"2026-01-29T11:09:12+00:00\",\"dateModified\":\"2026-01-29T12:36:38+00:00\",\"description\":\"Set de manichiur\u0103 din plut\u0103 cu 5 piese din o\u021bel inoxidabil: pil\u0103 de unghii, foarfece, t\u0103ietoare de unghii, pensete \u0219i chiureta de cuticule cu cap\u0103t dublu.\",\"breadcrumb\":{\"@id\":\"https:\\\/\\\/promis.ro\\\/product\\\/zena-set-manichiura\\\/#breadcrumb\"},\"inLanguage\":\"ro-RO\",\"potentialAction\":[{\"@type\":\"ReadAction\",\"target\":[\"https:\\\/\\\/promis.ro\\\/product\\\/zena-set-manichiura\\\/\"]}]},{\"@type\":\"ImageObject\",\"inLanguage\":\"ro-RO\",\"@id\":\"https:\\\/\\\/promis.ro\\\/product\\\/zena-set-manichiura\\\/#primaryimage\",\"url\":\"https:\\\/\\\/promis.ro\\\/wp-content\\\/uploads\\\/2026\\\/01\\\/94897_set.jpg\",\"contentUrl\":\"https:\\\/\\\/promis.ro\\\/wp-content\\\/uploads\\\/2026\\\/01\\\/94897_set.jpg\",\"width\":1000,\"height\":1000},{\"@type\":\"BreadcrumbList\",\"@id\":\"https:\\\/\\\/promis.ro\\\/product\\\/zena-set-manichiura\\\/#breadcrumb\",\"itemListElement\":[{\"@type\":\"ListItem\",\"position\":1,\"name\":\"Home\",\"item\":\"https:\\\/\\\/promis.ro\\\/\"},{\"@type\":\"ListItem\",\"position\":2,\"name\":\"Magazin\",\"item\":\"https:\\\/\\\/promis.ro\\\/magazin\\\/\"},{\"@type\":\"ListItem\",\"position\":3,\"name\":\"ZENA. Set manichiur\u0103\"}]},{\"@type\":\"WebSite\",\"@id\":\"https:\\\/\\\/promis.ro\\\/#website\",\"url\":\"https:\\\/\\\/promis.ro\\\/\",\"name\":\"Promis.ro\",\"description\":\"\",\"potentialAction\":[{\"@type\":\"SearchAction\",\"target\":{\"@type\":\"EntryPoint\",\"urlTemplate\":\"https:\\\/\\\/promis.ro\\\/?s={search_term_string}\"},\"query-input\":{\"@type\":\"PropertyValueSpecification\",\"valueRequired\":true,\"valueName\":\"search_term_string\"}}],\"inLanguage\":\"ro-RO\"}]}<\/script>\n<!-- \/ Yoast SEO plugin. -->","yoast_head_json":{"title":"ZENA. Set manichiur\u0103 - Promis.ro","description":"Set de manichiur\u0103 din plut\u0103 cu 5 piese din o\u021bel inoxidabil: pil\u0103 de unghii, foarfece, t\u0103ietoare de unghii, pensete \u0219i chiureta de cuticule cu cap\u0103t dublu.","robots":{"index":"index","follow":"follow","max-snippet":"max-snippet:-1","max-image-preview":"max-image-preview:large","max-video-preview":"max-video-preview:-1"},"canonical":"https:\/\/promis.ro\/ro\/produs\/zena-set-manichiura\/","og_locale":"ro_RO","og_type":"article","og_title":"ZENA. Set manichiur\u0103 - Promis.ro","og_description":"Set de manichiur\u0103 din plut\u0103 cu 5 piese din o\u021bel inoxidabil: pil\u0103 de unghii, foarfece, t\u0103ietoare de unghii, pensete \u0219i chiureta de cuticule cu cap\u0103t dublu.","og_url":"https:\/\/promis.ro\/ro\/produs\/zena-set-manichiura\/","og_site_name":"Promis.ro","article_modified_time":"2026-01-29T12:36:38+00:00","og_image":[{"width":1000,"height":1000,"url":"https:\/\/promis.ro\/wp-content\/uploads\/2026\/01\/94897_set.jpg","type":"image\/jpeg"}],"twitter_card":"summary_large_image","schema":{"@context":"https:\/\/schema.org","@graph":[{"@type":"WebPage","@id":"https:\/\/promis.ro\/product\/zena-set-manichiura\/","url":"https:\/\/promis.ro\/product\/zena-set-manichiura\/","name":"ZENA. Set manichiur\u0103 - Promis.ro","isPartOf":{"@id":"https:\/\/promis.ro\/#website"},"primaryImageOfPage":{"@id":"https:\/\/promis.ro\/product\/zena-set-manichiura\/#primaryimage"},"image":{"@id":"https:\/\/promis.ro\/product\/zena-set-manichiura\/#primaryimage"},"thumbnailUrl":"https:\/\/promis.ro\/wp-content\/uploads\/2026\/01\/94897_set.jpg","datePublished":"2026-01-29T11:09:12+00:00","dateModified":"2026-01-29T12:36:38+00:00","description":"Set de manichiur\u0103 din plut\u0103 cu 5 piese din o\u021bel inoxidabil: pil\u0103 de unghii, foarfece, t\u0103ietoare de unghii, pensete \u0219i chiureta de cuticule cu cap\u0103t dublu.","breadcrumb":{"@id":"https:\/\/promis.ro\/product\/zena-set-manichiura\/#breadcrumb"},"inLanguage":"ro-RO","potentialAction":[{"@type":"ReadAction","target":["https:\/\/promis.ro\/product\/zena-set-manichiura\/"]}]},{"@type":"ImageObject","inLanguage":"ro-RO","@id":"https:\/\/promis.ro\/product\/zena-set-manichiura\/#primaryimage","url":"https:\/\/promis.ro\/wp-content\/uploads\/2026\/01\/94897_set.jpg","contentUrl":"https:\/\/promis.ro\/wp-content\/uploads\/2026\/01\/94897_set.jpg","width":1000,"height":1000},{"@type":"BreadcrumbList","@id":"https:\/\/promis.ro\/product\/zena-set-manichiura\/#breadcrumb","itemListElement":[{"@type":"ListItem","position":1,"name":"Home","item":"https:\/\/promis.ro\/"},{"@type":"ListItem","position":2,"name":"Magazin","item":"https:\/\/promis.ro\/magazin\/"},{"@type":"ListItem","position":3,"name":"ZENA. Set manichiur\u0103"}]},{"@type":"WebSite","@id":"https:\/\/promis.ro\/#website","url":"https:\/\/promis.ro\/","name":"Promis.ro","description":"","potentialAction":[{"@type":"SearchAction","target":{"@type":"EntryPoint","urlTemplate":"https:\/\/promis.ro\/?s={search_term_string}"},"query-input":{"@type":"PropertyValueSpecification","valueRequired":true,"valueName":"search_term_string"}}],"inLanguage":"ro-RO"}]}},"_links":{"self":[{"href":"https:\/\/promis.ro\/ro\/wp-json\/wp\/v2\/product\/275032","targetHints":{"allow":["GET"]}}],"collection":[{"href":"https:\/\/promis.ro\/ro\/wp-json\/wp\/v2\/product"}],"about":[{"href":"https:\/\/promis.ro\/ro\/wp-json\/wp\/v2\/types\/product"}],"replies":[{"embeddable":true,"href":"https:\/\/promis.ro\/ro\/wp-json\/wp\/v2\/comments?post=275032"}],"version-history":[{"count":0,"href":"https:\/\/promis.ro\/ro\/wp-json\/wp\/v2\/product\/275032\/revisions"}],"wp:featuredmedia":[{"embeddable":true,"href":"https:\/\/promis.ro\/ro\/wp-json\/wp\/v2\/media\/275027"}],"wp:attachment":[{"href":"https:\/\/promis.ro\/ro\/wp-json\/wp\/v2\/media?parent=275032"}],"wp:term":[{"taxonomy":"product_brand","embeddable":true,"href":"https:\/\/promis.ro\/ro\/wp-json\/wp\/v2\/product_brand?post=275032"},{"taxonomy":"product_cat","embeddable":true,"href":"https:\/\/promis.ro\/ro\/wp-json\/wp\/v2\/product_cat?post=275032"},{"taxonomy":"product_tag","embeddable":true,"href":"https:\/\/promis.ro\/ro\/wp-json\/wp\/v2\/product_tag?post=275032"}],"curies":[{"name":"wp","href":"https:\/\/api.w.org\/{rel}","templated":true}]}}