{"id":275157,"date":"2026-01-29T11:10:00","date_gmt":"2026-01-29T11:10:00","guid":{"rendered":"https:\/\/promis.ro\/product\/yeun-batoane-de-difuzie-in-sticle-din-sticla\/"},"modified":"2026-01-29T12:36:46","modified_gmt":"2026-01-29T12:36:46","slug":"yeun-batoane-de-difuzie-in-sticle-din-sticla","status":"publish","type":"product","link":"https:\/\/promis.ro\/ro\/produs\/yeun-batoane-de-difuzie-in-sticle-din-sticla\/","title":{"rendered":"YEUN. Batoane de difuzie \u00een sticle din sticl\u0103"},"content":{"rendered":"<p>Difuzor de parfum \u00eentr-o sticl\u0103 din sticl\u0103 cu capac. Tijele difuzorului sunt realizate din rattan &#8211; o fibr\u0103 natural\u0103 perfect\u0103 pentru difuzarea parfumurilor. Cantitate de p\u00e2n\u0103 la 100 ml. Fabricat \u00een Europa. Livrat \u00eentr-o cutie de cadou individual\u0103. Deoarece produsul este fabricat din materiale naturale, culoarea \u0219i precum \u0219i rezultatul printului pot varia de la un produs la altul.Culoarea 104 &#8211; Parfum de fructe de p\u0103dure rosiiCuloarea 106 &#8211; mosc alb 55 x 55 x 90 mm | Cutie: 60 x 63 x 197 mm<\/p>","protected":false},"excerpt":{"rendered":"<p>Difuzor de parfum \u00eentr-o sticl\u0103 din sticl\u0103 cu capac. Tijele difuzorului sunt realizate din rattan &#8211; o fibr\u0103 natural\u0103 perfect\u0103<\/p>","protected":false},"featured_media":275156,"comment_status":"open","ping_status":"closed","template":"","meta":[],"product_brand":[],"product_cat":[179],"product_tag":[],"class_list":{"0":"post-275157","1":"product","2":"type-product","3":"status-publish","4":"has-post-thumbnail","6":"product_cat-casa-si-decoratiuni","8":"first","9":"instock","10":"shipping-taxable","11":"purchasable","12":"product-type-variable"},"_links":{"self":[{"href":"https:\/\/promis.ro\/ro\/wp-json\/wp\/v2\/product\/275157","targetHints":{"allow":["GET"]}}],"collection":[{"href":"https:\/\/promis.ro\/ro\/wp-json\/wp\/v2\/product"}],"about":[{"href":"https:\/\/promis.ro\/ro\/wp-json\/wp\/v2\/types\/product"}],"replies":[{"embeddable":true,"href":"https:\/\/promis.ro\/ro\/wp-json\/wp\/v2\/comments?post=275157"}],"version-history":[{"count":0,"href":"https:\/\/promis.ro\/ro\/wp-json\/wp\/v2\/product\/275157\/revisions"}],"wp:featuredmedia":[{"embeddable":true,"href":"https:\/\/promis.ro\/ro\/wp-json\/wp\/v2\/media\/275156"}],"wp:attachment":[{"href":"https:\/\/promis.ro\/ro\/wp-json\/wp\/v2\/media?parent=275157"}],"wp:term":[{"taxonomy":"product_brand","embeddable":true,"href":"https:\/\/promis.ro\/ro\/wp-json\/wp\/v2\/product_brand?post=275157"},{"taxonomy":"product_cat","embeddable":true,"href":"https:\/\/promis.ro\/ro\/wp-json\/wp\/v2\/product_cat?post=275157"},{"taxonomy":"product_tag","embeddable":true,"href":"https:\/\/promis.ro\/ro\/wp-json\/wp\/v2\/product_tag?post=275157"}],"curies":[{"name":"wp","href":"https:\/\/api.w.org\/{rel}","templated":true}]}}