{"id":275173,"date":"2026-01-29T11:10:06","date_gmt":"2026-01-29T11:10:06","guid":{"rendered":"https:\/\/promis.ro\/product\/zen-80-lumanare-aromatica-intr-un-pahar-de-sticla-cu-capac-de-pluta-80-g\/"},"modified":"2026-01-29T12:36:47","modified_gmt":"2026-01-29T12:36:47","slug":"zen-80-lumanare-aromatica-intr-un-pahar-de-sticla-cu-capac-de-pluta-80-g","status":"publish","type":"product","link":"https:\/\/promis.ro\/ro\/produs\/zen-80-lumanare-aromatica-intr-un-pahar-de-sticla-cu-capac-de-pluta-80-g\/","title":{"rendered":"ZEN 80. Lum\u00e2nare aromatic\u0103 \u00eentr-un pahar de sticl\u0103 cu capac de plut\u0103 80 g"},"content":{"rendered":"<p>Lum\u00e2nare aromatic\u0103 \u00eentr-un pahar de sticl\u0103 cu capac de plut\u0103. Parfumul ajut\u0103 la transformarea casei tale \u00eentr-un mediu mai relaxant. Cantitate de p\u00e2n\u0103 la 80 g. Fabricat\u0103 \u00een Europa. Furnizat\u0103 \u00eentr-o cutie de cadou individual\u0103. Deoarece produsul este fabricat din materiale naturale, culoarea \u0219i precum \u0219i rezultatul printului pot varia de la un produs la altul.Culoare 110 &#8211; Not\u0103 de vanilie \u00f857 x 73 mm | Cutie: 59 x 59 x 75 mm<\/p>","protected":false},"excerpt":{"rendered":"<p>Lum\u00e2nare aromatic\u0103 \u00eentr-un pahar de sticl\u0103 cu capac de plut\u0103. Parfumul ajut\u0103 la transformarea casei tale \u00eentr-un mediu mai relaxant.<\/p>","protected":false},"featured_media":275168,"comment_status":"open","ping_status":"closed","template":"","meta":[],"product_brand":[],"product_cat":[179],"product_tag":[],"class_list":{"0":"post-275173","1":"product","2":"type-product","3":"status-publish","4":"has-post-thumbnail","6":"product_cat-casa-si-decoratiuni","8":"first","9":"instock","10":"shipping-taxable","11":"purchasable","12":"product-type-simple"},"_links":{"self":[{"href":"https:\/\/promis.ro\/ro\/wp-json\/wp\/v2\/product\/275173","targetHints":{"allow":["GET"]}}],"collection":[{"href":"https:\/\/promis.ro\/ro\/wp-json\/wp\/v2\/product"}],"about":[{"href":"https:\/\/promis.ro\/ro\/wp-json\/wp\/v2\/types\/product"}],"replies":[{"embeddable":true,"href":"https:\/\/promis.ro\/ro\/wp-json\/wp\/v2\/comments?post=275173"}],"version-history":[{"count":0,"href":"https:\/\/promis.ro\/ro\/wp-json\/wp\/v2\/product\/275173\/revisions"}],"wp:featuredmedia":[{"embeddable":true,"href":"https:\/\/promis.ro\/ro\/wp-json\/wp\/v2\/media\/275168"}],"wp:attachment":[{"href":"https:\/\/promis.ro\/ro\/wp-json\/wp\/v2\/media?parent=275173"}],"wp:term":[{"taxonomy":"product_brand","embeddable":true,"href":"https:\/\/promis.ro\/ro\/wp-json\/wp\/v2\/product_brand?post=275173"},{"taxonomy":"product_cat","embeddable":true,"href":"https:\/\/promis.ro\/ro\/wp-json\/wp\/v2\/product_cat?post=275173"},{"taxonomy":"product_tag","embeddable":true,"href":"https:\/\/promis.ro\/ro\/wp-json\/wp\/v2\/product_tag?post=275173"}],"curies":[{"name":"wp","href":"https:\/\/api.w.org\/{rel}","templated":true}]}}