{"id":275179,"date":"2026-01-29T11:10:08","date_gmt":"2026-01-29T11:10:08","guid":{"rendered":"https:\/\/promis.ro\/product\/zen-180-lumanare-aromatica-intr-un-pahar-de-sticla-cu-capac-de-pluta-180-g\/"},"modified":"2026-01-29T12:36:47","modified_gmt":"2026-01-29T12:36:47","slug":"zen-180-lumanare-aromatica-intr-un-pahar-de-sticla-cu-capac-de-pluta-180-g","status":"publish","type":"product","link":"https:\/\/promis.ro\/ro\/produs\/zen-180-lumanare-aromatica-intr-un-pahar-de-sticla-cu-capac-de-pluta-180-g\/","title":{"rendered":"ZEN 180. Lum\u00e2nare aromatic\u0103 \u00eentr-un pahar de sticl\u0103 cu capac de plut\u0103 180 g"},"content":{"rendered":"<p>Lum\u00e2nare aromatic\u0103 \u00eentr-un pahar de sticl\u0103 cu capac de plut\u0103. Parfumul ajut\u0103 la transformarea casei tale \u00eentr-un mediu mai relaxant. Cantitate de p\u00e2n\u0103 la 180 g. Fabricat\u0103 \u00een Europa. Furnizat\u0103 \u00eentr-o cutie de cadou individual\u0103. Deoarece produsul este fabricat din materiale naturale, culoarea \u0219i precum \u0219i rezultatul printului pot varia de la un produs la altul.Culoare 110 &#8211; Not\u0103 de vanilie \u00f875 x 95 mm | Cutie: 78 x 78 x 100 mm<\/p>","protected":false},"excerpt":{"rendered":"<p>Lum\u00e2nare aromatic\u0103 \u00eentr-un pahar de sticl\u0103 cu capac de plut\u0103. Parfumul ajut\u0103 la transformarea casei tale \u00eentr-un mediu mai relaxant.<\/p>","protected":false},"featured_media":275174,"comment_status":"open","ping_status":"closed","template":"","meta":[],"product_brand":[],"product_cat":[179],"product_tag":[],"class_list":{"0":"post-275179","1":"product","2":"type-product","3":"status-publish","4":"has-post-thumbnail","6":"product_cat-casa-si-decoratiuni","8":"first","9":"instock","10":"shipping-taxable","11":"purchasable","12":"product-type-simple"},"_links":{"self":[{"href":"https:\/\/promis.ro\/ro\/wp-json\/wp\/v2\/product\/275179","targetHints":{"allow":["GET"]}}],"collection":[{"href":"https:\/\/promis.ro\/ro\/wp-json\/wp\/v2\/product"}],"about":[{"href":"https:\/\/promis.ro\/ro\/wp-json\/wp\/v2\/types\/product"}],"replies":[{"embeddable":true,"href":"https:\/\/promis.ro\/ro\/wp-json\/wp\/v2\/comments?post=275179"}],"version-history":[{"count":0,"href":"https:\/\/promis.ro\/ro\/wp-json\/wp\/v2\/product\/275179\/revisions"}],"wp:featuredmedia":[{"embeddable":true,"href":"https:\/\/promis.ro\/ro\/wp-json\/wp\/v2\/media\/275174"}],"wp:attachment":[{"href":"https:\/\/promis.ro\/ro\/wp-json\/wp\/v2\/media?parent=275179"}],"wp:term":[{"taxonomy":"product_brand","embeddable":true,"href":"https:\/\/promis.ro\/ro\/wp-json\/wp\/v2\/product_brand?post=275179"},{"taxonomy":"product_cat","embeddable":true,"href":"https:\/\/promis.ro\/ro\/wp-json\/wp\/v2\/product_cat?post=275179"},{"taxonomy":"product_tag","embeddable":true,"href":"https:\/\/promis.ro\/ro\/wp-json\/wp\/v2\/product_tag?post=275179"}],"curies":[{"name":"wp","href":"https:\/\/api.w.org\/{rel}","templated":true}]}}