{"id":275233,"date":"2026-01-29T11:10:31","date_gmt":"2026-01-29T11:10:31","guid":{"rendered":"https:\/\/promis.ro\/product\/raven-breloc-de-forma-dreptunghiulara-realizat-din-metal-si-pet-reciclat-30-reciclat\/"},"modified":"2026-01-29T12:36:52","modified_gmt":"2026-01-29T12:36:52","slug":"raven-breloc-de-forma-dreptunghiulara-realizat-din-metal-si-pet-reciclat-30-reciclat","status":"publish","type":"product","link":"https:\/\/promis.ro\/ro\/produs\/raven-breloc-de-forma-dreptunghiulara-realizat-din-metal-si-pet-reciclat-30-reciclat\/","title":{"rendered":"RAVEN. Breloc de form\u0103 dreptunghiular\u0103 realizat din metal \u0219i pet reciclat (30% reciclat)"},"content":{"rendered":"<p>Breloc dreptunghiular realizat din metal \u0219i PET (30% reciclat). Are un inel pentru a facilita plasarea cheilor \u0219i a obiectelor mici. Livrat \u00eentr-o husa din h\u00e2rtie kraft. Inel: \u00f8 32 mm | Produs: 87 x 25 x 7 mm | Total: 115 x 32 x 7 mm | Geant\u0103: 135 x 55 mm<\/p>","protected":false},"excerpt":{"rendered":"<p>Breloc dreptunghiular realizat din metal \u0219i PET (30% reciclat). Are un inel pentru a facilita plasarea cheilor \u0219i a obiectelor<\/p>","protected":false},"featured_media":275228,"comment_status":"open","ping_status":"closed","template":"","meta":[],"product_brand":[],"product_cat":[180],"product_tag":[],"class_list":{"0":"post-275233","1":"product","2":"type-product","3":"status-publish","4":"has-post-thumbnail","6":"product_cat-cadouri-si-prime","8":"first","9":"instock","10":"shipping-taxable","11":"purchasable","12":"product-type-simple"},"_links":{"self":[{"href":"https:\/\/promis.ro\/ro\/wp-json\/wp\/v2\/product\/275233","targetHints":{"allow":["GET"]}}],"collection":[{"href":"https:\/\/promis.ro\/ro\/wp-json\/wp\/v2\/product"}],"about":[{"href":"https:\/\/promis.ro\/ro\/wp-json\/wp\/v2\/types\/product"}],"replies":[{"embeddable":true,"href":"https:\/\/promis.ro\/ro\/wp-json\/wp\/v2\/comments?post=275233"}],"version-history":[{"count":0,"href":"https:\/\/promis.ro\/ro\/wp-json\/wp\/v2\/product\/275233\/revisions"}],"wp:featuredmedia":[{"embeddable":true,"href":"https:\/\/promis.ro\/ro\/wp-json\/wp\/v2\/media\/275228"}],"wp:attachment":[{"href":"https:\/\/promis.ro\/ro\/wp-json\/wp\/v2\/media?parent=275233"}],"wp:term":[{"taxonomy":"product_brand","embeddable":true,"href":"https:\/\/promis.ro\/ro\/wp-json\/wp\/v2\/product_brand?post=275233"},{"taxonomy":"product_cat","embeddable":true,"href":"https:\/\/promis.ro\/ro\/wp-json\/wp\/v2\/product_cat?post=275233"},{"taxonomy":"product_tag","embeddable":true,"href":"https:\/\/promis.ro\/ro\/wp-json\/wp\/v2\/product_tag?post=275233"}],"curies":[{"name":"wp","href":"https:\/\/api.w.org\/{rel}","templated":true}]}}