{"id":275239,"date":"2026-01-29T11:10:33","date_gmt":"2026-01-29T11:10:33","guid":{"rendered":"https:\/\/promis.ro\/product\/gosling-set-format-dintr-un-suport-pentru-carduri-si-un-suport-pentru-chei-ambele-din-metal-si-pluta\/"},"modified":"2026-01-29T12:36:52","modified_gmt":"2026-01-29T12:36:52","slug":"gosling-set-format-dintr-un-suport-pentru-carduri-si-un-suport-pentru-chei-ambele-din-metal-si-pluta","status":"publish","type":"product","link":"https:\/\/promis.ro\/ro\/produs\/gosling-set-format-dintr-un-suport-pentru-carduri-si-un-suport-pentru-chei-ambele-din-metal-si-pluta\/","title":{"rendered":"GOSLING. Set format dintr-un suport pentru carduri \u0219i un suport pentru chei, ambele din metal \u0219i plut\u0103"},"content":{"rendered":"<p>Set format dintr-un suport pentru carduri \u0219i un suport pentru chei, ambele din metal \u0219i plut\u0103. Suportul pentru carduri poate con\u021bine p\u00e2n\u0103 la 7 carduri. Livrat \u00eentr-o cutie cadou din h\u00e2rtie kraft de calitate superioar\u0103. Deoarece produsul este fabricat din materiale naturale, culoarea \u0219i precum \u0219i rezultatul printului pot varia de la un produs la altul. Inel: \u00f8 32 mm | Produs: 60 x 17 x 6 mm | Total: 85 x 32 x 6 mm | Suport card: 94 x 63 x 13 mm | Geant\u0103: 125 x 135 x 18 mm<\/p>","protected":false},"excerpt":{"rendered":"<p>Set format dintr-un suport pentru carduri \u0219i un suport pentru chei, ambele din metal \u0219i plut\u0103. Suportul pentru carduri poate<\/p>","protected":false},"featured_media":275234,"comment_status":"open","ping_status":"closed","template":"","meta":[],"product_brand":[],"product_cat":[181],"product_tag":[],"class_list":{"0":"post-275239","1":"product","2":"type-product","3":"status-publish","4":"has-post-thumbnail","6":"product_cat-ingrijire-personala-si-farmaceutica","8":"first","9":"instock","10":"shipping-taxable","11":"purchasable","12":"product-type-simple"},"_links":{"self":[{"href":"https:\/\/promis.ro\/ro\/wp-json\/wp\/v2\/product\/275239","targetHints":{"allow":["GET"]}}],"collection":[{"href":"https:\/\/promis.ro\/ro\/wp-json\/wp\/v2\/product"}],"about":[{"href":"https:\/\/promis.ro\/ro\/wp-json\/wp\/v2\/types\/product"}],"replies":[{"embeddable":true,"href":"https:\/\/promis.ro\/ro\/wp-json\/wp\/v2\/comments?post=275239"}],"version-history":[{"count":0,"href":"https:\/\/promis.ro\/ro\/wp-json\/wp\/v2\/product\/275239\/revisions"}],"wp:featuredmedia":[{"embeddable":true,"href":"https:\/\/promis.ro\/ro\/wp-json\/wp\/v2\/media\/275234"}],"wp:attachment":[{"href":"https:\/\/promis.ro\/ro\/wp-json\/wp\/v2\/media?parent=275239"}],"wp:term":[{"taxonomy":"product_brand","embeddable":true,"href":"https:\/\/promis.ro\/ro\/wp-json\/wp\/v2\/product_brand?post=275239"},{"taxonomy":"product_cat","embeddable":true,"href":"https:\/\/promis.ro\/ro\/wp-json\/wp\/v2\/product_cat?post=275239"},{"taxonomy":"product_tag","embeddable":true,"href":"https:\/\/promis.ro\/ro\/wp-json\/wp\/v2\/product_tag?post=275239"}],"curies":[{"name":"wp","href":"https:\/\/api.w.org\/{rel}","templated":true}]}}