{"id":275245,"date":"2026-01-29T11:10:35","date_gmt":"2026-01-29T11:10:35","guid":{"rendered":"https:\/\/promis.ro\/product\/vaughn-set-format-dintr-un-suport-pentru-carduri-si-un-suport-pentru-chei-ambele-realizate-din-metal-si-poliester-reciclat-30-rpet\/"},"modified":"2026-01-29T12:36:52","modified_gmt":"2026-01-29T12:36:52","slug":"vaughn-set-format-dintr-un-suport-pentru-carduri-si-un-suport-pentru-chei-ambele-realizate-din-metal-si-poliester-reciclat-30-rpet","status":"publish","type":"product","link":"https:\/\/promis.ro\/ro\/produs\/vaughn-set-format-dintr-un-suport-pentru-carduri-si-un-suport-pentru-chei-ambele-realizate-din-metal-si-poliester-reciclat-30-rpet\/","title":{"rendered":"VAUGHN. Set format dintr-un suport pentru carduri \u0219i un suport pentru chei, ambele realizate din metal \u0219i poliester reciclat (30% rPET)"},"content":{"rendered":"<p>Set format dintr-1 suport pentru carduri \u0219i 1 suport pentru chei, ambele realizate din metal \u0219i poliester (30% reciclat). Suportul pentru carduri poate con\u021bine p\u00e2n\u0103 la 7 carduri. Livrat \u00eentr-o cutie cadou din h\u00e2rtie kraft. Inel: \u00f8 32 mm | Produs: 87 x 25 x 7 mm | Total: 114 x 32 x 7 mm | Suport card: 95 x 65 x 13 mm | Geant\u0103: 125 x 135 x 17 mm<\/p>","protected":false},"excerpt":{"rendered":"<p>Set format dintr-1 suport pentru carduri \u0219i 1 suport pentru chei, ambele realizate din metal \u0219i poliester (30% reciclat). Suportul<\/p>","protected":false},"featured_media":275240,"comment_status":"open","ping_status":"closed","template":"","meta":[],"product_brand":[],"product_cat":[181],"product_tag":[],"class_list":{"0":"post-275245","1":"product","2":"type-product","3":"status-publish","4":"has-post-thumbnail","6":"product_cat-ingrijire-personala-si-farmaceutica","8":"first","9":"instock","10":"shipping-taxable","11":"purchasable","12":"product-type-simple"},"_links":{"self":[{"href":"https:\/\/promis.ro\/ro\/wp-json\/wp\/v2\/product\/275245","targetHints":{"allow":["GET"]}}],"collection":[{"href":"https:\/\/promis.ro\/ro\/wp-json\/wp\/v2\/product"}],"about":[{"href":"https:\/\/promis.ro\/ro\/wp-json\/wp\/v2\/types\/product"}],"replies":[{"embeddable":true,"href":"https:\/\/promis.ro\/ro\/wp-json\/wp\/v2\/comments?post=275245"}],"version-history":[{"count":0,"href":"https:\/\/promis.ro\/ro\/wp-json\/wp\/v2\/product\/275245\/revisions"}],"wp:featuredmedia":[{"embeddable":true,"href":"https:\/\/promis.ro\/ro\/wp-json\/wp\/v2\/media\/275240"}],"wp:attachment":[{"href":"https:\/\/promis.ro\/ro\/wp-json\/wp\/v2\/media?parent=275245"}],"wp:term":[{"taxonomy":"product_brand","embeddable":true,"href":"https:\/\/promis.ro\/ro\/wp-json\/wp\/v2\/product_brand?post=275245"},{"taxonomy":"product_cat","embeddable":true,"href":"https:\/\/promis.ro\/ro\/wp-json\/wp\/v2\/product_cat?post=275245"},{"taxonomy":"product_tag","embeddable":true,"href":"https:\/\/promis.ro\/ro\/wp-json\/wp\/v2\/product_tag?post=275245"}],"curies":[{"name":"wp","href":"https:\/\/api.w.org\/{rel}","templated":true}]}}