{"id":275247,"date":"2026-01-29T11:10:36","date_gmt":"2026-01-29T11:10:36","guid":{"rendered":"https:\/\/promis.ro\/product\/trotte-distribuitor-de-pungi-sanitare\/"},"modified":"2026-01-29T12:36:52","modified_gmt":"2026-01-29T12:36:52","slug":"trotte-distribuitor-de-pungi-sanitare","status":"publish","type":"product","link":"https:\/\/promis.ro\/ro\/produs\/trotte-distribuitor-de-pungi-sanitare\/","title":{"rendered":"TROTTE. Distribuitor de pungi sanitare"},"content":{"rendered":"<p>Distribuitor de pungi pentru c\u00e2ini PP \u00een form\u0103 de os, include 20 de saci igienici PE. 111 x 21 x 15 mm<\/p>","protected":false},"excerpt":{"rendered":"<p>Distribuitor de pungi pentru c\u00e2ini PP \u00een form\u0103 de os, include 20 de saci igienici PE. 111 x 21 x<\/p>","protected":false},"featured_media":275246,"comment_status":"open","ping_status":"closed","template":"","meta":[],"product_brand":[],"product_cat":[176],"product_tag":[],"class_list":{"0":"post-275247","1":"product","2":"type-product","3":"status-publish","4":"has-post-thumbnail","6":"product_cat-sport-si-aventura","8":"first","9":"instock","10":"shipping-taxable","11":"purchasable","12":"product-type-variable"},"_links":{"self":[{"href":"https:\/\/promis.ro\/ro\/wp-json\/wp\/v2\/product\/275247","targetHints":{"allow":["GET"]}}],"collection":[{"href":"https:\/\/promis.ro\/ro\/wp-json\/wp\/v2\/product"}],"about":[{"href":"https:\/\/promis.ro\/ro\/wp-json\/wp\/v2\/types\/product"}],"replies":[{"embeddable":true,"href":"https:\/\/promis.ro\/ro\/wp-json\/wp\/v2\/comments?post=275247"}],"version-history":[{"count":0,"href":"https:\/\/promis.ro\/ro\/wp-json\/wp\/v2\/product\/275247\/revisions"}],"wp:featuredmedia":[{"embeddable":true,"href":"https:\/\/promis.ro\/ro\/wp-json\/wp\/v2\/media\/275246"}],"wp:attachment":[{"href":"https:\/\/promis.ro\/ro\/wp-json\/wp\/v2\/media?parent=275247"}],"wp:term":[{"taxonomy":"product_brand","embeddable":true,"href":"https:\/\/promis.ro\/ro\/wp-json\/wp\/v2\/product_brand?post=275247"},{"taxonomy":"product_cat","embeddable":true,"href":"https:\/\/promis.ro\/ro\/wp-json\/wp\/v2\/product_cat?post=275247"},{"taxonomy":"product_tag","embeddable":true,"href":"https:\/\/promis.ro\/ro\/wp-json\/wp\/v2\/product_tag?post=275247"}],"curies":[{"name":"wp","href":"https:\/\/api.w.org\/{rel}","templated":true}]}}