{"id":275253,"date":"2026-01-29T11:10:38","date_gmt":"2026-01-29T11:10:38","guid":{"rendered":"https:\/\/promis.ro\/product\/evans-set-format-dintr-un-pix-si-un-breloc-ambele-din-metal-si-pluta\/"},"modified":"2026-01-29T12:36:52","modified_gmt":"2026-01-29T12:36:52","slug":"evans-set-format-dintr-un-pix-si-un-breloc-ambele-din-metal-si-pluta","status":"publish","type":"product","link":"https:\/\/promis.ro\/ro\/produs\/evans-set-format-dintr-un-pix-si-un-breloc-ambele-din-metal-si-pluta\/","title":{"rendered":"EVANS. Set format dintr-un pix \u0219i un breloc, ambele din metal \u0219i plut\u0103"},"content":{"rendered":"<p>Set format dintr-un pix \u0219i un breloc, ambele din metal \u0219i plut\u0103. Pixul are un clip metalic, mecanism de r\u0103sucire \u0219i cerneal\u0103 albastr\u0103. Livrat \u00eentr-o cutie cadou din h\u00e2rtie kraft. Deoarece produsul este fabricat din materiale naturale, culoarea \u0219i precum \u0219i rezultatul printului pot varia de la un produs la altul. Inel: \u00f8 32 mm | Produs: 112 x 18 x 7 mm Total: 140 x 32 x 7 mm | Pix: \u00f811 x 137 mm | Carcas\u0103: 81 x 157 x 18mm<\/p>","protected":false},"excerpt":{"rendered":"<p>Set format dintr-un pix \u0219i un breloc, ambele din metal \u0219i plut\u0103. Pixul are un clip metalic, mecanism de r\u0103sucire<\/p>","protected":false},"featured_media":275248,"comment_status":"open","ping_status":"closed","template":"","meta":[],"product_brand":[],"product_cat":[175],"product_tag":[],"class_list":{"0":"post-275253","1":"product","2":"type-product","3":"status-publish","4":"has-post-thumbnail","6":"product_cat-scris","8":"first","9":"instock","10":"shipping-taxable","11":"purchasable","12":"product-type-simple"},"_links":{"self":[{"href":"https:\/\/promis.ro\/ro\/wp-json\/wp\/v2\/product\/275253","targetHints":{"allow":["GET"]}}],"collection":[{"href":"https:\/\/promis.ro\/ro\/wp-json\/wp\/v2\/product"}],"about":[{"href":"https:\/\/promis.ro\/ro\/wp-json\/wp\/v2\/types\/product"}],"replies":[{"embeddable":true,"href":"https:\/\/promis.ro\/ro\/wp-json\/wp\/v2\/comments?post=275253"}],"version-history":[{"count":0,"href":"https:\/\/promis.ro\/ro\/wp-json\/wp\/v2\/product\/275253\/revisions"}],"wp:featuredmedia":[{"embeddable":true,"href":"https:\/\/promis.ro\/ro\/wp-json\/wp\/v2\/media\/275248"}],"wp:attachment":[{"href":"https:\/\/promis.ro\/ro\/wp-json\/wp\/v2\/media?parent=275253"}],"wp:term":[{"taxonomy":"product_brand","embeddable":true,"href":"https:\/\/promis.ro\/ro\/wp-json\/wp\/v2\/product_brand?post=275253"},{"taxonomy":"product_cat","embeddable":true,"href":"https:\/\/promis.ro\/ro\/wp-json\/wp\/v2\/product_cat?post=275253"},{"taxonomy":"product_tag","embeddable":true,"href":"https:\/\/promis.ro\/ro\/wp-json\/wp\/v2\/product_tag?post=275253"}],"curies":[{"name":"wp","href":"https:\/\/api.w.org\/{rel}","templated":true}]}}