{"id":275259,"date":"2026-01-29T11:10:40","date_gmt":"2026-01-29T11:10:40","guid":{"rendered":"https:\/\/promis.ro\/product\/rachel-breloc-din-bambus-si-abs-cu-lanterna-led\/"},"modified":"2026-01-29T12:36:52","modified_gmt":"2026-01-29T12:36:52","slug":"rachel-breloc-din-bambus-si-abs-cu-lanterna-led","status":"publish","type":"product","link":"https:\/\/promis.ro\/ro\/produs\/rachel-breloc-din-bambus-si-abs-cu-lanterna-led\/","title":{"rendered":"RACHEL. Breloc din bambus \u0219i ABS cu lantern\u0103 LED"},"content":{"rendered":"<p>Breloc din bambus \u0219i ABS cu lantern\u0103 LED. Include 3 baterii LR41. Livrat \u00eentr-o cutie cadou din h\u00e2rtie kraft. Deoarece produsul este fabricat din materiale naturale, culoarea \u0219i precum \u0219i rezultatul printului pot varia de la un produs la altul. Inel: \u00f8 25 mm | Produs: \u00f8 15 x 75 mm | Lan\u021b: 40 x 9 mm | Total: 130 x 25 x 15 mm | Caseta: 79 x 27 x 19 mm<\/p>","protected":false},"excerpt":{"rendered":"<p>Breloc din bambus \u0219i ABS cu lantern\u0103 LED. Include 3 baterii LR41. Livrat \u00eentr-o cutie cadou din h\u00e2rtie kraft. Deoarece<\/p>","protected":false},"featured_media":275254,"comment_status":"open","ping_status":"closed","template":"","meta":[],"product_brand":[],"product_cat":[180],"product_tag":[],"class_list":{"0":"post-275259","1":"product","2":"type-product","3":"status-publish","4":"has-post-thumbnail","6":"product_cat-cadouri-si-prime","8":"first","9":"instock","10":"shipping-taxable","11":"purchasable","12":"product-type-simple"},"_links":{"self":[{"href":"https:\/\/promis.ro\/ro\/wp-json\/wp\/v2\/product\/275259","targetHints":{"allow":["GET"]}}],"collection":[{"href":"https:\/\/promis.ro\/ro\/wp-json\/wp\/v2\/product"}],"about":[{"href":"https:\/\/promis.ro\/ro\/wp-json\/wp\/v2\/types\/product"}],"replies":[{"embeddable":true,"href":"https:\/\/promis.ro\/ro\/wp-json\/wp\/v2\/comments?post=275259"}],"version-history":[{"count":0,"href":"https:\/\/promis.ro\/ro\/wp-json\/wp\/v2\/product\/275259\/revisions"}],"wp:featuredmedia":[{"embeddable":true,"href":"https:\/\/promis.ro\/ro\/wp-json\/wp\/v2\/media\/275254"}],"wp:attachment":[{"href":"https:\/\/promis.ro\/ro\/wp-json\/wp\/v2\/media?parent=275259"}],"wp:term":[{"taxonomy":"product_brand","embeddable":true,"href":"https:\/\/promis.ro\/ro\/wp-json\/wp\/v2\/product_brand?post=275259"},{"taxonomy":"product_cat","embeddable":true,"href":"https:\/\/promis.ro\/ro\/wp-json\/wp\/v2\/product_cat?post=275259"},{"taxonomy":"product_tag","embeddable":true,"href":"https:\/\/promis.ro\/ro\/wp-json\/wp\/v2\/product_tag?post=275259"}],"curies":[{"name":"wp","href":"https:\/\/api.w.org\/{rel}","templated":true}]}}