{"id":275261,"date":"2026-01-29T11:10:41","date_gmt":"2026-01-29T11:10:41","guid":{"rendered":"https:\/\/promis.ro\/product\/linden-pulverizator-de-parfum-reincarcabil-din-aluminiu-conceput-pentru-reumplere-usoara\/"},"modified":"2026-01-29T12:36:52","modified_gmt":"2026-01-29T12:36:52","slug":"linden-pulverizator-de-parfum-reincarcabil-din-aluminiu-conceput-pentru-reumplere-usoara","status":"publish","type":"product","link":"https:\/\/promis.ro\/ro\/produs\/linden-pulverizator-de-parfum-reincarcabil-din-aluminiu-conceput-pentru-reumplere-usoara\/","title":{"rendered":"LINDEN. Pulverizator de parfum re\u00eenc\u0103rcabil din aluminiu, conceput pentru reumplere u\u0219oar\u0103"},"content":{"rendered":"<p>Pulverizator de parfum re\u00eenc\u0103rcabil din aluminiu, conceput pentru reumplere u\u0219oar\u0103: pur \u0219i simplu scoate\u021bi capacul \u0219i pulverizatorul din sticla de parfum, introduce\u021bi tija \u00een supapa de la baz\u0103 \u0219i pompa\u021bi pentru a umple. Atomizorul are o fereastr\u0103 transparent\u0103 pentru monitorizarea u\u0219oar\u0103 a nivelului de parfum. Elegant, compact \u0219i u\u0219or de transportat. Capacitate de 5 ml. Livrat \u00eentr-o cutie cadou. \u00f815 x 77 mm | Cutie: 20 x 20 x 84 mm<\/p>","protected":false},"excerpt":{"rendered":"<p>Pulverizator de parfum re\u00eenc\u0103rcabil din aluminiu, conceput pentru reumplere u\u0219oar\u0103: pur \u0219i simplu scoate\u021bi capacul \u0219i pulverizatorul din sticla de<\/p>","protected":false},"featured_media":275260,"comment_status":"open","ping_status":"closed","template":"","meta":[],"product_brand":[],"product_cat":[181],"product_tag":[],"class_list":{"0":"post-275261","1":"product","2":"type-product","3":"status-publish","4":"has-post-thumbnail","6":"product_cat-ingrijire-personala-si-farmaceutica","8":"first","9":"outofstock","10":"shipping-taxable","11":"purchasable","12":"product-type-variable"},"_links":{"self":[{"href":"https:\/\/promis.ro\/ro\/wp-json\/wp\/v2\/product\/275261","targetHints":{"allow":["GET"]}}],"collection":[{"href":"https:\/\/promis.ro\/ro\/wp-json\/wp\/v2\/product"}],"about":[{"href":"https:\/\/promis.ro\/ro\/wp-json\/wp\/v2\/types\/product"}],"replies":[{"embeddable":true,"href":"https:\/\/promis.ro\/ro\/wp-json\/wp\/v2\/comments?post=275261"}],"version-history":[{"count":0,"href":"https:\/\/promis.ro\/ro\/wp-json\/wp\/v2\/product\/275261\/revisions"}],"wp:featuredmedia":[{"embeddable":true,"href":"https:\/\/promis.ro\/ro\/wp-json\/wp\/v2\/media\/275260"}],"wp:attachment":[{"href":"https:\/\/promis.ro\/ro\/wp-json\/wp\/v2\/media?parent=275261"}],"wp:term":[{"taxonomy":"product_brand","embeddable":true,"href":"https:\/\/promis.ro\/ro\/wp-json\/wp\/v2\/product_brand?post=275261"},{"taxonomy":"product_cat","embeddable":true,"href":"https:\/\/promis.ro\/ro\/wp-json\/wp\/v2\/product_cat?post=275261"},{"taxonomy":"product_tag","embeddable":true,"href":"https:\/\/promis.ro\/ro\/wp-json\/wp\/v2\/product_tag?post=275261"}],"curies":[{"name":"wp","href":"https:\/\/api.w.org\/{rel}","templated":true}]}}