{"id":275263,"date":"2026-01-29T11:10:42","date_gmt":"2026-01-29T11:10:42","guid":{"rendered":"https:\/\/promis.ro\/product\/freya-oglinda-rotunda-cu-doua-fete-cu-exterior-din-pu-mat\/"},"modified":"2026-01-29T12:36:52","modified_gmt":"2026-01-29T12:36:52","slug":"freya-oglinda-rotunda-cu-doua-fete-cu-exterior-din-pu-mat","status":"publish","type":"product","link":"https:\/\/promis.ro\/ro\/produs\/freya-oglinda-rotunda-cu-doua-fete-cu-exterior-din-pu-mat\/","title":{"rendered":"FREYA. Oglind\u0103 rotund\u0103 cu dou\u0103 fe\u021be, cu exterior din PU mat"},"content":{"rendered":"<p>Oglind\u0103 rotund\u0103 cu dou\u0103 fe\u021be, cu exterior din PU mat \u0219i cadru metalic \u00een interior. O parte a oglinzii este normal\u0103, cealalt\u0103 este m\u0103rit\u0103. Livrat\u0103 \u00eentr-o cutie cadou. \u00f870 mm | Box: 80 x 80 x 15 mm<\/p>","protected":false},"excerpt":{"rendered":"<p>Oglind\u0103 rotund\u0103 cu dou\u0103 fe\u021be, cu exterior din PU mat \u0219i cadru metalic \u00een interior. O parte a oglinzii este<\/p>","protected":false},"featured_media":275262,"comment_status":"open","ping_status":"closed","template":"","meta":[],"product_brand":[],"product_cat":[181],"product_tag":[],"class_list":{"0":"post-275263","1":"product","2":"type-product","3":"status-publish","4":"has-post-thumbnail","6":"product_cat-ingrijire-personala-si-farmaceutica","8":"first","9":"outofstock","10":"shipping-taxable","11":"purchasable","12":"product-type-variable"},"_links":{"self":[{"href":"https:\/\/promis.ro\/ro\/wp-json\/wp\/v2\/product\/275263","targetHints":{"allow":["GET"]}}],"collection":[{"href":"https:\/\/promis.ro\/ro\/wp-json\/wp\/v2\/product"}],"about":[{"href":"https:\/\/promis.ro\/ro\/wp-json\/wp\/v2\/types\/product"}],"replies":[{"embeddable":true,"href":"https:\/\/promis.ro\/ro\/wp-json\/wp\/v2\/comments?post=275263"}],"version-history":[{"count":0,"href":"https:\/\/promis.ro\/ro\/wp-json\/wp\/v2\/product\/275263\/revisions"}],"wp:featuredmedia":[{"embeddable":true,"href":"https:\/\/promis.ro\/ro\/wp-json\/wp\/v2\/media\/275262"}],"wp:attachment":[{"href":"https:\/\/promis.ro\/ro\/wp-json\/wp\/v2\/media?parent=275263"}],"wp:term":[{"taxonomy":"product_brand","embeddable":true,"href":"https:\/\/promis.ro\/ro\/wp-json\/wp\/v2\/product_brand?post=275263"},{"taxonomy":"product_cat","embeddable":true,"href":"https:\/\/promis.ro\/ro\/wp-json\/wp\/v2\/product_cat?post=275263"},{"taxonomy":"product_tag","embeddable":true,"href":"https:\/\/promis.ro\/ro\/wp-json\/wp\/v2\/product_tag?post=275263"}],"curies":[{"name":"wp","href":"https:\/\/api.w.org\/{rel}","templated":true}]}}