{"id":275269,"date":"2026-01-29T11:10:47","date_gmt":"2026-01-29T11:10:47","guid":{"rendered":"https:\/\/promis.ro\/product\/elise-set-de-3-discuri-demachiante-lavabile-si-reutilizabile\/"},"modified":"2026-01-29T12:36:55","modified_gmt":"2026-01-29T12:36:55","slug":"elise-set-de-3-discuri-demachiante-lavabile-si-reutilizabile","status":"publish","type":"product","link":"https:\/\/promis.ro\/ro\/produs\/elise-set-de-3-discuri-demachiante-lavabile-si-reutilizabile\/","title":{"rendered":"ELISE. Set de 3 discuri demachiante lavabile \u0219i reutilizabile"},"content":{"rendered":"<p>Set de 3 tampoane demachiante lavabile \u0219i reutilizabile, fabricate dintr-un amestec luxos de fibr\u0103 de bambus (40%), poliester (10%), bumbac (47.5%) \u0219i elastan (2.5%). Ambalate \u00eentr-o pung\u0103 moale din bumbac natural, care poate fi folosit\u0103 \u0219i pentru sp\u0103lare. O alegere practic\u0103 \u0219i durabil\u0103 pentru rutina ta de \u00eengrijire a pielii. 120 x 150 mm<\/p>","protected":false},"excerpt":{"rendered":"<p>Set de 3 tampoane demachiante lavabile \u0219i reutilizabile, fabricate dintr-un amestec luxos de fibr\u0103 de bambus (40%), poliester (10%), bumbac<\/p>","protected":false},"featured_media":275264,"comment_status":"open","ping_status":"closed","template":"","meta":[],"product_brand":[],"product_cat":[181],"product_tag":[],"class_list":{"0":"post-275269","1":"product","2":"type-product","3":"status-publish","4":"has-post-thumbnail","6":"product_cat-ingrijire-personala-si-farmaceutica","8":"first","9":"outofstock","10":"shipping-taxable","11":"purchasable","12":"product-type-simple"},"_links":{"self":[{"href":"https:\/\/promis.ro\/ro\/wp-json\/wp\/v2\/product\/275269","targetHints":{"allow":["GET"]}}],"collection":[{"href":"https:\/\/promis.ro\/ro\/wp-json\/wp\/v2\/product"}],"about":[{"href":"https:\/\/promis.ro\/ro\/wp-json\/wp\/v2\/types\/product"}],"replies":[{"embeddable":true,"href":"https:\/\/promis.ro\/ro\/wp-json\/wp\/v2\/comments?post=275269"}],"version-history":[{"count":0,"href":"https:\/\/promis.ro\/ro\/wp-json\/wp\/v2\/product\/275269\/revisions"}],"wp:featuredmedia":[{"embeddable":true,"href":"https:\/\/promis.ro\/ro\/wp-json\/wp\/v2\/media\/275264"}],"wp:attachment":[{"href":"https:\/\/promis.ro\/ro\/wp-json\/wp\/v2\/media?parent=275269"}],"wp:term":[{"taxonomy":"product_brand","embeddable":true,"href":"https:\/\/promis.ro\/ro\/wp-json\/wp\/v2\/product_brand?post=275269"},{"taxonomy":"product_cat","embeddable":true,"href":"https:\/\/promis.ro\/ro\/wp-json\/wp\/v2\/product_cat?post=275269"},{"taxonomy":"product_tag","embeddable":true,"href":"https:\/\/promis.ro\/ro\/wp-json\/wp\/v2\/product_tag?post=275269"}],"curies":[{"name":"wp","href":"https:\/\/api.w.org\/{rel}","templated":true}]}}